{"id":5613,"date":"2026-03-07T12:34:02","date_gmt":"2026-03-07T10:34:02","guid":{"rendered":"https:\/\/artistartas.com\/?post_type=product&#038;p=5613"},"modified":"2026-03-17T17:07:22","modified_gmt":"2026-03-17T15:07:22","slug":"steampunk-skulptura-astuonkojis","status":"publish","type":"product","link":"https:\/\/artistartas.com\/lt\/produktas\/steampunk-skulptura-astuonkojis\/","title":{"rendered":"Laivo kapitonas"},"content":{"rendered":"<p data-start=\"189\" data-end=\"443\"><strong data-start=\"189\" data-end=\"200\">Steampunk skulpt\u016bra a\u0161tuonkojis<\/strong>, sukurta i\u0161 \u012fvairi\u0173 rast\u0173 ir perdirbt\u0173 metalini\u0173 objekt\u0173. Pagrindin\u0117 detal\u0117, nul\u0117musi \u0161io k\u016brinio tem\u0105, buvo bronzinis sraigtas, kur\u012f radau sendaik\u010di\u0173 turguje. B\u016btent nuo jo prasid\u0117jo visos skulpt\u016bros id\u0117ja.<\/p>\n<p data-start=\"445\" data-end=\"680\">V\u0117liau prad\u0117jau ie\u0161koti kit\u0173 detali\u0173, kurios leist\u0173 sukurti a\u0161tuonkojo form\u0105. Skulpt\u016broje panaudotas \u0161viestuvo gaubtas, bronzin\u0117 vaza ir lankst\u016bs metaliniai vamzdeliai su magnetiniais antgaliais, naudojami automobili\u0173 remonto darbuose.<\/p>\n<p data-start=\"682\" data-end=\"872\">Kadangi skulpt\u016bra sukomponuota i\u0161 skirting\u0173 metal\u0173, reik\u0117jo suteikti jai bendr\u0105 atspalv\u012f. Pavir\u0161iui naudojau pur\u0161kiamus da\u017eus, akril\u0105 ir lak\u0105, taip sukurdamas subtil\u0173 \u017ealsvos patinos efekt\u0105.<\/p>\n<p data-start=\"874\" data-end=\"1007\">\u0160i skulpt\u016bra vaizduoja seniai nuskendusio laivo liekanas, kurias saugo a\u0161tuonkojis. Tai jo namai \u2013 dabar jis yra \u0161io laivo kapitonas. Steampunk skulpt\u016bra <strong>A\u0161tuonkojis<\/strong>&#8211; puikus interjero akcentas.<\/p>\n<p data-start=\"874\" data-end=\"1007\">Med\u017eiagos: Bronzinis laivo sraigtas, dulki\u0173 siurblio korpusas, tekinimo stakli\u0173 ranken\u0117l\u0117 (rankratis), \u0161viestuvo ir sietyno detal\u0117s, lankst\u016bs magnetiniai pa\u0117mimo \u012frankiai, Swarovski kristalai<\/p>\n<p data-start=\"1221\" data-end=\"1240\">Matmenys:<\/p>\n<p data-start=\"1263\" data-end=\"1273\">48 \u00d7 36 cm<\/p>\n<p data-start=\"1275\" data-end=\"1295\">Svoris: 7.3 kg<\/p>\n<p data-start=\"1297\" data-end=\"1314\">Metai: 2023<\/p>\n<p data-start=\"1316\" data-end=\"1333\">Kaina: 1000 \u20ac<\/p>\n<p data-start=\"1316\" data-end=\"1333\"><a href=\"http:\/\/artistartas.com\/wp-content\/uploads\/2026\/03\/Laivo-kapitonas-steampunk-skulptura-scaled.jpg\"><img decoding=\"async\" loading=\"lazy\" class=\"alignnone wp-image-5614 size-large\" src=\"http:\/\/artistartas.com\/wp-content\/uploads\/2026\/03\/Laivo-kapitonas-steampunk-skulptura-836x1024.jpg\" alt=\"Steampunk skulpt\u016bra \u201eA\u0161tuonkojis\u201c \u2013 meno k\u016brinys, sukurtas Art\u016bro\" width=\"836\" height=\"1024\" srcset=\"https:\/\/artistartas.com\/wp-content\/uploads\/2026\/03\/Laivo-kapitonas-steampunk-skulptura-836x1024.jpg 836w, https:\/\/artistartas.com\/wp-content\/uploads\/2026\/03\/Laivo-kapitonas-steampunk-skulptura-245x300.jpg 245w, https:\/\/artistartas.com\/wp-content\/uploads\/2026\/03\/Laivo-kapitonas-steampunk-skulptura-768x941.jpg 768w, https:\/\/artistartas.com\/wp-content\/uploads\/2026\/03\/Laivo-kapitonas-steampunk-skulptura-1254x1536.jpg 1254w, https:\/\/artistartas.com\/wp-content\/uploads\/2026\/03\/Laivo-kapitonas-steampunk-skulptura-1672x2048.jpg 1672w, https:\/\/artistartas.com\/wp-content\/uploads\/2026\/03\/Laivo-kapitonas-steampunk-skulptura-600x735.jpg 600w, https:\/\/artistartas.com\/wp-content\/uploads\/2026\/03\/Laivo-kapitonas-steampunk-skulptura-scaled.jpg 2090w\" sizes=\"(max-width: 836px) 100vw, 836px\" \/><\/a><\/p>\n<p data-start=\"1316\" data-end=\"1333\"><a href=\"http:\/\/artistartas.com\/wp-content\/uploads\/2026\/03\/Laivo-kapitonas-skulptura-is-metalo-scaled.jpg\"><img decoding=\"async\" loading=\"lazy\" class=\"alignnone wp-image-5616\" src=\"http:\/\/artistartas.com\/wp-content\/uploads\/2026\/03\/Laivo-kapitonas-skulptura-is-metalo-865x1024.jpg\" alt=\"Unikali metalo skulpt\u016bra \u201eA\u0161tuonkojis\u201c su \u017ealsvos patinos efektu\" width=\"838\" height=\"992\" srcset=\"https:\/\/artistartas.com\/wp-content\/uploads\/2026\/03\/Laivo-kapitonas-skulptura-is-metalo-865x1024.jpg 865w, https:\/\/artistartas.com\/wp-content\/uploads\/2026\/03\/Laivo-kapitonas-skulptura-is-metalo-253x300.jpg 253w, https:\/\/artistartas.com\/wp-content\/uploads\/2026\/03\/Laivo-kapitonas-skulptura-is-metalo-768x909.jpg 768w, https:\/\/artistartas.com\/wp-content\/uploads\/2026\/03\/Laivo-kapitonas-skulptura-is-metalo-1298x1536.jpg 1298w, https:\/\/artistartas.com\/wp-content\/uploads\/2026\/03\/Laivo-kapitonas-skulptura-is-metalo-1730x2048.jpg 1730w, https:\/\/artistartas.com\/wp-content\/uploads\/2026\/03\/Laivo-kapitonas-skulptura-is-metalo-600x710.jpg 600w, https:\/\/artistartas.com\/wp-content\/uploads\/2026\/03\/Laivo-kapitonas-skulptura-is-metalo-scaled.jpg 2163w\" sizes=\"(max-width: 838px) 100vw, 838px\" \/><\/a><\/p>\n<p data-start=\"1316\" data-end=\"1333\"><a href=\"http:\/\/artistartas.com\/wp-content\/uploads\/2026\/03\/Astuonkojis-ranku-darbo-skulptura-scaled.jpg\"><img decoding=\"async\" loading=\"lazy\" class=\"alignnone wp-image-5618\" src=\"http:\/\/artistartas.com\/wp-content\/uploads\/2026\/03\/Astuonkojis-ranku-darbo-skulptura-927x1024.jpg\" alt=\"Steampunk meno objektas \u201eA\u0161tuonkojis\u201c i\u0161 bronzos ir metalo detali\u0173\" width=\"840\" height=\"928\" srcset=\"https:\/\/artistartas.com\/wp-content\/uploads\/2026\/03\/Astuonkojis-ranku-darbo-skulptura-927x1024.jpg 927w, https:\/\/artistartas.com\/wp-content\/uploads\/2026\/03\/Astuonkojis-ranku-darbo-skulptura-272x300.jpg 272w, https:\/\/artistartas.com\/wp-content\/uploads\/2026\/03\/Astuonkojis-ranku-darbo-skulptura-768x848.jpg 768w, https:\/\/artistartas.com\/wp-content\/uploads\/2026\/03\/Astuonkojis-ranku-darbo-skulptura-1391x1536.jpg 1391w, https:\/\/artistartas.com\/wp-content\/uploads\/2026\/03\/Astuonkojis-ranku-darbo-skulptura-1855x2048.jpg 1855w, https:\/\/artistartas.com\/wp-content\/uploads\/2026\/03\/Astuonkojis-ranku-darbo-skulptura-600x663.jpg 600w, https:\/\/artistartas.com\/wp-content\/uploads\/2026\/03\/Astuonkojis-ranku-darbo-skulptura-scaled.jpg 2318w\" sizes=\"(max-width: 840px) 100vw, 840px\" \/><\/a><\/p>\n<p data-start=\"1316\" data-end=\"1333\"><a href=\"http:\/\/artistartas.com\/wp-content\/uploads\/2026\/03\/Skulpturos-astuonkojis-detale-scaled.jpg\"><img decoding=\"async\" loading=\"lazy\" class=\"alignnone wp-image-5620\" src=\"http:\/\/artistartas.com\/wp-content\/uploads\/2026\/03\/Skulpturos-astuonkojis-detale-735x1024.jpg\" alt=\"Rank\u0173 darbo a\u0161tuonkojo skulpt\u016bros detal\u0117\" width=\"840\" height=\"1170\" srcset=\"https:\/\/artistartas.com\/wp-content\/uploads\/2026\/03\/Skulpturos-astuonkojis-detale-735x1024.jpg 735w, https:\/\/artistartas.com\/wp-content\/uploads\/2026\/03\/Skulpturos-astuonkojis-detale-215x300.jpg 215w, https:\/\/artistartas.com\/wp-content\/uploads\/2026\/03\/Skulpturos-astuonkojis-detale-768x1071.jpg 768w, https:\/\/artistartas.com\/wp-content\/uploads\/2026\/03\/Skulpturos-astuonkojis-detale-1102x1536.jpg 1102w, https:\/\/artistartas.com\/wp-content\/uploads\/2026\/03\/Skulpturos-astuonkojis-detale-1469x2048.jpg 1469w, https:\/\/artistartas.com\/wp-content\/uploads\/2026\/03\/Skulpturos-astuonkojis-detale-600x836.jpg 600w, https:\/\/artistartas.com\/wp-content\/uploads\/2026\/03\/Skulpturos-astuonkojis-detale-scaled.jpg 1836w\" sizes=\"(max-width: 840px) 100vw, 840px\" \/><\/a><\/p>\n<p>&nbsp;<\/p>\n","protected":false},"excerpt":{"rendered":"<p>Steampunk skulpt\u016bra a\u0161tuonkojis, sukurta i\u0161 \u012fvairi\u0173 rast\u0173 ir perdirbt\u0173 metalini\u0173 objekt\u0173. Pagrindin\u0117 detal\u0117, nul\u0117musi \u0161io k\u016brinio tem\u0105, buvo bronzinis sraigtas, kur\u012f radau sendaik\u010di\u0173 turguje. B\u016btent nuo jo prasid\u0117jo visos skulpt\u016bros id\u0117ja. V\u0117liau prad\u0117jau ie\u0161koti kit\u0173 detali\u0173, kurios leist\u0173 sukurti a\u0161tuonkojo form\u0105. Skulpt\u016broje panaudotas \u0161viestuvo gaubtas, bronzin\u0117 vaza ir lankst\u016bs metaliniai vamzdeliai su magnetiniais antgaliais, naudojami [&hellip;]<\/p>\n","protected":false},"featured_media":5614,"template":"","meta":{"om_disable_all_campaigns":false,"_exactmetrics_skip_tracking":false,"_exactmetrics_sitenote_active":false,"_exactmetrics_sitenote_note":"","_exactmetrics_sitenote_category":0,"_mi_skip_tracking":false,"_monsterinsights_sitenote_active":false,"_monsterinsights_sitenote_note":"","_monsterinsights_sitenote_category":0,"_uf_show_specific_survey":0,"_uf_disable_surveys":false},"product_cat":[134],"product_tag":[728,664,729,721,663,668,727,726,722],"aioseo_notices":[],"yoast_head":"<!-- This site is optimized with the Yoast SEO plugin v21.4 - https:\/\/yoast.com\/wordpress\/plugins\/seo\/ -->\n<title>Steampunk skulpt\u016bra A\u0161tuonkojis \u2013 rank\u0173 darbo meno k\u016brinys<\/title>\n<meta name=\"description\" content=\"Steampunk skulpt\u016bra a\u0161tuonkojis, sukurta i\u0161 bronzinio sraigto ir \u012fvairi\u0173 rast\u0173 metalo detali\u0173. Unikalus rank\u0173 darbo metalo meno k\u016brinys.\" \/>\n<meta name=\"robots\" content=\"index, follow, max-snippet:-1, max-image-preview:large, max-video-preview:-1\" \/>\n<link rel=\"canonical\" href=\"https:\/\/artistartas.com\/lt\/produktas\/steampunk-skulptura-astuonkojis\/\" \/>\n<meta property=\"og:locale\" content=\"lt_LT\" \/>\n<meta property=\"og:type\" content=\"article\" \/>\n<meta property=\"og:title\" content=\"Steampunk skulpt\u016bra A\u0161tuonkojis \u2013 rank\u0173 darbo meno k\u016brinys\" \/>\n<meta property=\"og:description\" content=\"Steampunk skulpt\u016bra a\u0161tuonkojis, sukurta i\u0161 bronzinio sraigto ir \u012fvairi\u0173 rast\u0173 metalo detali\u0173. Unikalus rank\u0173 darbo metalo meno k\u016brinys.\" \/>\n<meta property=\"og:url\" content=\"https:\/\/artistartas.com\/lt\/produktas\/steampunk-skulptura-astuonkojis\/\" \/>\n<meta property=\"og:site_name\" content=\"Art\u016bras Tama\u0161auskas\" \/>\n<meta property=\"article:modified_time\" content=\"2026-03-17T15:07:22+00:00\" \/>\n<meta property=\"og:image\" content=\"http:\/\/artistartas.com\/wp-content\/uploads\/2026\/03\/Laivo-kapitonas-steampunk-skulptura-scaled.jpg\" \/>\n\t<meta property=\"og:image:width\" content=\"2090\" \/>\n\t<meta property=\"og:image:height\" content=\"2560\" \/>\n\t<meta property=\"og:image:type\" content=\"image\/jpeg\" \/>\n<meta name=\"twitter:card\" content=\"summary_large_image\" \/>\n<meta name=\"twitter:label1\" content=\"Est. reading time\" \/>\n\t<meta name=\"twitter:data1\" content=\"2 minut\u0117s\" \/>\n<script type=\"application\/ld+json\" class=\"yoast-schema-graph\">{\"@context\":\"https:\/\/schema.org\",\"@graph\":[{\"@type\":\"WebPage\",\"@id\":\"https:\/\/artistartas.com\/lt\/produktas\/steampunk-skulptura-astuonkojis\/\",\"url\":\"https:\/\/artistartas.com\/lt\/produktas\/steampunk-skulptura-astuonkojis\/\",\"name\":\"Steampunk skulpt\u016bra A\u0161tuonkojis \u2013 rank\u0173 darbo meno k\u016brinys\",\"isPartOf\":{\"@id\":\"https:\/\/artistartas.com\/#website\"},\"datePublished\":\"2026-03-07T10:34:02+00:00\",\"dateModified\":\"2026-03-17T15:07:22+00:00\",\"description\":\"Steampunk skulpt\u016bra a\u0161tuonkojis, sukurta i\u0161 bronzinio sraigto ir \u012fvairi\u0173 rast\u0173 metalo detali\u0173. Unikalus rank\u0173 darbo metalo meno k\u016brinys.\",\"breadcrumb\":{\"@id\":\"https:\/\/artistartas.com\/lt\/produktas\/steampunk-skulptura-astuonkojis\/#breadcrumb\"},\"inLanguage\":\"lt-LT\",\"potentialAction\":[{\"@type\":\"ReadAction\",\"target\":[\"https:\/\/artistartas.com\/lt\/produktas\/steampunk-skulptura-astuonkojis\/\"]}]},{\"@type\":\"BreadcrumbList\",\"@id\":\"https:\/\/artistartas.com\/lt\/produktas\/steampunk-skulptura-astuonkojis\/#breadcrumb\",\"itemListElement\":[{\"@type\":\"ListItem\",\"position\":1,\"name\":\"Home\",\"item\":\"https:\/\/artistartas.com\/lt\/\"},{\"@type\":\"ListItem\",\"position\":2,\"name\":\"Steampunk stiliaus darbai\",\"item\":\"https:\/\/artistartas.com\/lt\/\"},{\"@type\":\"ListItem\",\"position\":3,\"name\":\"Laivo kapitonas\"}]},{\"@type\":\"WebSite\",\"@id\":\"https:\/\/artistartas.com\/#website\",\"url\":\"https:\/\/artistartas.com\/\",\"name\":\"Art\u016bras Tama\u0161auskas\",\"description\":\"Kol kas tik dar vienas WordPress tinklalapis\",\"publisher\":{\"@id\":\"https:\/\/artistartas.com\/#\/schema\/person\/8c3fb50aefa8758c1dcb9858b0cb9ad8\"},\"potentialAction\":[{\"@type\":\"SearchAction\",\"target\":{\"@type\":\"EntryPoint\",\"urlTemplate\":\"https:\/\/artistartas.com\/?s={search_term_string}\"},\"query-input\":\"required name=search_term_string\"}],\"inLanguage\":\"lt-LT\"},{\"@type\":[\"Person\",\"Organization\"],\"@id\":\"https:\/\/artistartas.com\/#\/schema\/person\/8c3fb50aefa8758c1dcb9858b0cb9ad8\",\"name\":\"Art\u016bras Tama\u0161auskas\",\"image\":{\"@type\":\"ImageObject\",\"inLanguage\":\"lt-LT\",\"@id\":\"https:\/\/artistartas.com\/#\/schema\/person\/image\/\",\"url\":\"https:\/\/secure.gravatar.com\/avatar\/dd558d298c85a97bbea60bbd1872a1e4?s=96&d=mm&r=g\",\"contentUrl\":\"https:\/\/secure.gravatar.com\/avatar\/dd558d298c85a97bbea60bbd1872a1e4?s=96&d=mm&r=g\",\"caption\":\"Art\u016bras Tama\u0161auskas\"},\"logo\":{\"@id\":\"https:\/\/artistartas.com\/#\/schema\/person\/image\/\"}}]}<\/script>\n<!-- \/ Yoast SEO plugin. -->","yoast_head_json":{"title":"Steampunk skulpt\u016bra A\u0161tuonkojis \u2013 rank\u0173 darbo meno k\u016brinys","description":"Steampunk skulpt\u016bra a\u0161tuonkojis, sukurta i\u0161 bronzinio sraigto ir \u012fvairi\u0173 rast\u0173 metalo detali\u0173. Unikalus rank\u0173 darbo metalo meno k\u016brinys.","robots":{"index":"index","follow":"follow","max-snippet":"max-snippet:-1","max-image-preview":"max-image-preview:large","max-video-preview":"max-video-preview:-1"},"canonical":"https:\/\/artistartas.com\/lt\/produktas\/steampunk-skulptura-astuonkojis\/","og_locale":"lt_LT","og_type":"article","og_title":"Steampunk skulpt\u016bra A\u0161tuonkojis \u2013 rank\u0173 darbo meno k\u016brinys","og_description":"Steampunk skulpt\u016bra a\u0161tuonkojis, sukurta i\u0161 bronzinio sraigto ir \u012fvairi\u0173 rast\u0173 metalo detali\u0173. Unikalus rank\u0173 darbo metalo meno k\u016brinys.","og_url":"https:\/\/artistartas.com\/lt\/produktas\/steampunk-skulptura-astuonkojis\/","og_site_name":"Art\u016bras Tama\u0161auskas","article_modified_time":"2026-03-17T15:07:22+00:00","og_image":[{"width":2090,"height":2560,"url":"http:\/\/artistartas.com\/wp-content\/uploads\/2026\/03\/Laivo-kapitonas-steampunk-skulptura-scaled.jpg","type":"image\/jpeg"}],"twitter_card":"summary_large_image","twitter_misc":{"Est. reading time":"2 minut\u0117s"},"schema":{"@context":"https:\/\/schema.org","@graph":[{"@type":"WebPage","@id":"https:\/\/artistartas.com\/lt\/produktas\/steampunk-skulptura-astuonkojis\/","url":"https:\/\/artistartas.com\/lt\/produktas\/steampunk-skulptura-astuonkojis\/","name":"Steampunk skulpt\u016bra A\u0161tuonkojis \u2013 rank\u0173 darbo meno k\u016brinys","isPartOf":{"@id":"https:\/\/artistartas.com\/#website"},"datePublished":"2026-03-07T10:34:02+00:00","dateModified":"2026-03-17T15:07:22+00:00","description":"Steampunk skulpt\u016bra a\u0161tuonkojis, sukurta i\u0161 bronzinio sraigto ir \u012fvairi\u0173 rast\u0173 metalo detali\u0173. Unikalus rank\u0173 darbo metalo meno k\u016brinys.","breadcrumb":{"@id":"https:\/\/artistartas.com\/lt\/produktas\/steampunk-skulptura-astuonkojis\/#breadcrumb"},"inLanguage":"lt-LT","potentialAction":[{"@type":"ReadAction","target":["https:\/\/artistartas.com\/lt\/produktas\/steampunk-skulptura-astuonkojis\/"]}]},{"@type":"BreadcrumbList","@id":"https:\/\/artistartas.com\/lt\/produktas\/steampunk-skulptura-astuonkojis\/#breadcrumb","itemListElement":[{"@type":"ListItem","position":1,"name":"Home","item":"https:\/\/artistartas.com\/lt\/"},{"@type":"ListItem","position":2,"name":"Steampunk stiliaus darbai","item":"https:\/\/artistartas.com\/lt\/"},{"@type":"ListItem","position":3,"name":"Laivo kapitonas"}]},{"@type":"WebSite","@id":"https:\/\/artistartas.com\/#website","url":"https:\/\/artistartas.com\/","name":"Art\u016bras Tama\u0161auskas","description":"Kol kas tik dar vienas WordPress tinklalapis","publisher":{"@id":"https:\/\/artistartas.com\/#\/schema\/person\/8c3fb50aefa8758c1dcb9858b0cb9ad8"},"potentialAction":[{"@type":"SearchAction","target":{"@type":"EntryPoint","urlTemplate":"https:\/\/artistartas.com\/?s={search_term_string}"},"query-input":"required name=search_term_string"}],"inLanguage":"lt-LT"},{"@type":["Person","Organization"],"@id":"https:\/\/artistartas.com\/#\/schema\/person\/8c3fb50aefa8758c1dcb9858b0cb9ad8","name":"Art\u016bras Tama\u0161auskas","image":{"@type":"ImageObject","inLanguage":"lt-LT","@id":"https:\/\/artistartas.com\/#\/schema\/person\/image\/","url":"https:\/\/secure.gravatar.com\/avatar\/dd558d298c85a97bbea60bbd1872a1e4?s=96&d=mm&r=g","contentUrl":"https:\/\/secure.gravatar.com\/avatar\/dd558d298c85a97bbea60bbd1872a1e4?s=96&d=mm&r=g","caption":"Art\u016bras Tama\u0161auskas"},"logo":{"@id":"https:\/\/artistartas.com\/#\/schema\/person\/image\/"}}]}},"_links":{"self":[{"href":"https:\/\/artistartas.com\/lt\/wp-json\/wp\/v2\/product\/5613"}],"collection":[{"href":"https:\/\/artistartas.com\/lt\/wp-json\/wp\/v2\/product"}],"about":[{"href":"https:\/\/artistartas.com\/lt\/wp-json\/wp\/v2\/types\/product"}],"wp:featuredmedia":[{"embeddable":true,"href":"https:\/\/artistartas.com\/lt\/wp-json\/wp\/v2\/media\/5614"}],"wp:attachment":[{"href":"https:\/\/artistartas.com\/lt\/wp-json\/wp\/v2\/media?parent=5613"}],"wp:term":[{"taxonomy":"product_cat","embeddable":true,"href":"https:\/\/artistartas.com\/lt\/wp-json\/wp\/v2\/product_cat?post=5613"},{"taxonomy":"product_tag","embeddable":true,"href":"https:\/\/artistartas.com\/lt\/wp-json\/wp\/v2\/product_tag?post=5613"}],"curies":[{"name":"wp","href":"https:\/\/api.w.org\/{rel}","templated":true}]}}