{"id":5525,"date":"2025-12-07T21:46:06","date_gmt":"2025-12-07T19:46:06","guid":{"rendered":"https:\/\/artistartas.com\/?post_type=product&#038;p=5525"},"modified":"2026-03-17T17:17:38","modified_gmt":"2026-03-17T15:17:38","slug":"karys","status":"publish","type":"product","link":"https:\/\/artistartas.com\/lt\/produktas\/karys\/","title":{"rendered":"Karys"},"content":{"rendered":"<p><strong>\u201eKarys\u201c<\/strong> \u2013 tai steampunk stiliaus metalo skulpt\u016bra, sukurta i\u0161 motociklo, automobilio ir kit\u0173 rast\u0173 metalini\u0173 detali\u0173. \u0160iam darbui gyvyb\u0119 suteikiau jungdamas skirtingas med\u017eiagas nenaudodamas suvirinimo \u2013 visas dalis sukomponavau mechani\u0161kai, kad skulpt\u016bra i\u0161laikyt\u0173 \u0161vari\u0105 industrin\u0119 estetik\u0105. \u201eKarys\u201c primena \u017emog\u0173, kuris i\u0161liko kovose, surinktas i\u0161 \u012fvairi\u0173 pra\u0117jusio laiko fragment\u0173 \u2013 tarsi istorija, kurioje kiekviena detal\u0117 turi savo praeit\u012f.<\/p>\n<p>Tai vienetinis rank\u0173 darbo k\u016brinys, tinkantis moderniam interjerui, industrinio stiliaus erdv\u0117ms ar kolekcionieriams, ie\u0161kantiems i\u0161skirtini\u0173 metalo skulpt\u016br\u0173.<\/p>\n<p>Med\u017eiagos:<\/p>\n<p>Motociklo variklio dangtelis, sunkve\u017eimio MAN detal\u0117, \u012fvairios pavaros, motociklo amortizatori\u0173 spyruokl\u0117s, \u017ei\u016bron\u0173 dalis, fotoaparato objektyvas, motociklo pos\u016bkio \u017eibintas, \u017ealvarinis vandens \u010diaupas, laikrod\u017eio mechanizmas ir kita&#8230;<\/p>\n<p data-start=\"834\" data-end=\"1028\">Matmenys: 52x45cm<\/p>\n<p data-start=\"834\" data-end=\"1028\">Svoris: 13kg<\/p>\n<p data-start=\"834\" data-end=\"1028\">Metai: 2024<\/p>\n<p data-start=\"834\" data-end=\"1028\">Kaina: 900Eur<\/p>\n<p><a href=\"http:\/\/artistartas.com\/wp-content\/uploads\/2024\/07\/DSC_0238-scaled.jpg\"><img decoding=\"async\" loading=\"lazy\" class=\"alignnone wp-image-5288 size-large\" src=\"http:\/\/artistartas.com\/wp-content\/uploads\/2024\/07\/DSC_0238-1024x955.jpg\" alt=\"steampunk karys i\u0161 motociklo ir automobilio detali\u0173\" width=\"1000\" height=\"933\" srcset=\"https:\/\/artistartas.com\/wp-content\/uploads\/2024\/07\/DSC_0238-1024x955.jpg 1024w, https:\/\/artistartas.com\/wp-content\/uploads\/2024\/07\/DSC_0238-300x280.jpg 300w, https:\/\/artistartas.com\/wp-content\/uploads\/2024\/07\/DSC_0238-768x716.jpg 768w, https:\/\/artistartas.com\/wp-content\/uploads\/2024\/07\/DSC_0238-1536x1433.jpg 1536w, https:\/\/artistartas.com\/wp-content\/uploads\/2024\/07\/DSC_0238-2048x1910.jpg 2048w, https:\/\/artistartas.com\/wp-content\/uploads\/2024\/07\/DSC_0238-600x560.jpg 600w, https:\/\/artistartas.com\/wp-content\/uploads\/2024\/07\/DSC_0238-scaled.jpg 2560w\" sizes=\"(max-width: 1000px) 100vw, 1000px\" \/><\/a><\/p>\n<p><a href=\"http:\/\/artistartas.com\/wp-content\/uploads\/2024\/07\/DSC_0230-scaled.jpg\"><img decoding=\"async\" loading=\"lazy\" class=\"alignnone wp-image-5284\" src=\"http:\/\/artistartas.com\/wp-content\/uploads\/2024\/07\/DSC_0230-926x1024.jpg\" alt=\"karys steampunk skulpt\u016bra i\u0161 metalo\" width=\"997\" height=\"1103\" srcset=\"https:\/\/artistartas.com\/wp-content\/uploads\/2024\/07\/DSC_0230-926x1024.jpg 926w, https:\/\/artistartas.com\/wp-content\/uploads\/2024\/07\/DSC_0230-271x300.jpg 271w, https:\/\/artistartas.com\/wp-content\/uploads\/2024\/07\/DSC_0230-768x849.jpg 768w, https:\/\/artistartas.com\/wp-content\/uploads\/2024\/07\/DSC_0230-1389x1536.jpg 1389w, https:\/\/artistartas.com\/wp-content\/uploads\/2024\/07\/DSC_0230-1852x2048.jpg 1852w, https:\/\/artistartas.com\/wp-content\/uploads\/2024\/07\/DSC_0230-600x664.jpg 600w, https:\/\/artistartas.com\/wp-content\/uploads\/2024\/07\/DSC_0230-scaled.jpg 2315w\" sizes=\"(max-width: 997px) 100vw, 997px\" \/><\/a><\/p>\n<p><a href=\"http:\/\/artistartas.com\/wp-content\/uploads\/2024\/07\/DSC_0237-scaled.jpg\"><img decoding=\"async\" loading=\"lazy\" class=\"alignnone wp-image-5286 size-large\" src=\"http:\/\/artistartas.com\/wp-content\/uploads\/2024\/07\/DSC_0237-1024x993.jpg\" alt=\"rank\u0173 darbo metalo skulpt\u016bra karys\" width=\"1000\" height=\"970\" srcset=\"https:\/\/artistartas.com\/wp-content\/uploads\/2024\/07\/DSC_0237-1024x993.jpg 1024w, https:\/\/artistartas.com\/wp-content\/uploads\/2024\/07\/DSC_0237-300x291.jpg 300w, https:\/\/artistartas.com\/wp-content\/uploads\/2024\/07\/DSC_0237-768x744.jpg 768w, https:\/\/artistartas.com\/wp-content\/uploads\/2024\/07\/DSC_0237-1536x1489.jpg 1536w, https:\/\/artistartas.com\/wp-content\/uploads\/2024\/07\/DSC_0237-2048x1985.jpg 2048w, https:\/\/artistartas.com\/wp-content\/uploads\/2024\/07\/DSC_0237-600x582.jpg 600w, https:\/\/artistartas.com\/wp-content\/uploads\/2024\/07\/DSC_0237-scaled.jpg 2560w\" sizes=\"(max-width: 1000px) 100vw, 1000px\" \/><\/a><\/p>\n<p><a href=\"http:\/\/artistartas.com\/wp-content\/uploads\/2024\/07\/DSC_0247-scaled.jpg\"><img decoding=\"async\" loading=\"lazy\" class=\"alignnone wp-image-5292 size-large\" src=\"http:\/\/artistartas.com\/wp-content\/uploads\/2024\/07\/DSC_0247-1024x680.jpg\" alt=\"menas i\u0161 rast\u0173 objekt\u0173 i\u0161 metalo\" width=\"1000\" height=\"664\" srcset=\"https:\/\/artistartas.com\/wp-content\/uploads\/2024\/07\/DSC_0247-1024x680.jpg 1024w, https:\/\/artistartas.com\/wp-content\/uploads\/2024\/07\/DSC_0247-300x199.jpg 300w, https:\/\/artistartas.com\/wp-content\/uploads\/2024\/07\/DSC_0247-768x510.jpg 768w, https:\/\/artistartas.com\/wp-content\/uploads\/2024\/07\/DSC_0247-1536x1020.jpg 1536w, https:\/\/artistartas.com\/wp-content\/uploads\/2024\/07\/DSC_0247-2048x1360.jpg 2048w, https:\/\/artistartas.com\/wp-content\/uploads\/2024\/07\/DSC_0247-600x399.jpg 600w, https:\/\/artistartas.com\/wp-content\/uploads\/2024\/07\/DSC_0247-scaled.jpg 2560w\" sizes=\"(max-width: 1000px) 100vw, 1000px\" \/><\/a><\/p>\n<p><a href=\"http:\/\/artistartas.com\/wp-content\/uploads\/2024\/07\/DSC_0272-scaled.jpg\"><img decoding=\"async\" loading=\"lazy\" class=\"alignnone wp-image-5294 size-large\" src=\"http:\/\/artistartas.com\/wp-content\/uploads\/2024\/07\/DSC_0272-1024x680.jpg\" alt=\"skulpt\u016bra i\u0161 metalo lau\u017eo\" width=\"1000\" height=\"664\" srcset=\"https:\/\/artistartas.com\/wp-content\/uploads\/2024\/07\/DSC_0272-1024x680.jpg 1024w, https:\/\/artistartas.com\/wp-content\/uploads\/2024\/07\/DSC_0272-300x199.jpg 300w, https:\/\/artistartas.com\/wp-content\/uploads\/2024\/07\/DSC_0272-768x510.jpg 768w, https:\/\/artistartas.com\/wp-content\/uploads\/2024\/07\/DSC_0272-1536x1020.jpg 1536w, https:\/\/artistartas.com\/wp-content\/uploads\/2024\/07\/DSC_0272-2048x1360.jpg 2048w, https:\/\/artistartas.com\/wp-content\/uploads\/2024\/07\/DSC_0272-600x399.jpg 600w, https:\/\/artistartas.com\/wp-content\/uploads\/2024\/07\/DSC_0272-scaled.jpg 2560w\" sizes=\"(max-width: 1000px) 100vw, 1000px\" \/><\/a><\/p>\n<p><a href=\"http:\/\/artistartas.com\/wp-content\/uploads\/2024\/07\/DSC_0252-scaled.jpg\"><img decoding=\"async\" loading=\"lazy\" class=\"alignnone wp-image-5290 size-large\" src=\"http:\/\/artistartas.com\/wp-content\/uploads\/2024\/07\/DSC_0252-1024x994.jpg\" alt=\"metalo meno k\u016brinys karys\" width=\"1000\" height=\"971\" srcset=\"https:\/\/artistartas.com\/wp-content\/uploads\/2024\/07\/DSC_0252-1024x994.jpg 1024w, https:\/\/artistartas.com\/wp-content\/uploads\/2024\/07\/DSC_0252-300x291.jpg 300w, https:\/\/artistartas.com\/wp-content\/uploads\/2024\/07\/DSC_0252-768x746.jpg 768w, https:\/\/artistartas.com\/wp-content\/uploads\/2024\/07\/DSC_0252-1536x1491.jpg 1536w, https:\/\/artistartas.com\/wp-content\/uploads\/2024\/07\/DSC_0252-2048x1989.jpg 2048w, https:\/\/artistartas.com\/wp-content\/uploads\/2024\/07\/DSC_0252-600x583.jpg 600w, https:\/\/artistartas.com\/wp-content\/uploads\/2024\/07\/DSC_0252-scaled.jpg 2560w\" sizes=\"(max-width: 1000px) 100vw, 1000px\" \/><\/a><\/p>\n","protected":false},"excerpt":{"rendered":"<p>\u201eKarys\u201c \u2013 tai steampunk stiliaus metalo skulpt\u016bra, sukurta i\u0161 motociklo, automobilio ir kit\u0173 rast\u0173 metalini\u0173 detali\u0173. \u0160iam darbui gyvyb\u0119 suteikiau jungdamas skirtingas med\u017eiagas nenaudodamas suvirinimo \u2013 visas dalis sukomponavau mechani\u0161kai, kad skulpt\u016bra i\u0161laikyt\u0173 \u0161vari\u0105 industrin\u0119 estetik\u0105. \u201eKarys\u201c primena \u017emog\u0173, kuris i\u0161liko kovose, surinktas i\u0161 \u012fvairi\u0173 pra\u0117jusio laiko fragment\u0173 \u2013 tarsi istorija, kurioje kiekviena detal\u0117 turi [&hellip;]<\/p>\n","protected":false},"featured_media":5284,"template":"","meta":{"om_disable_all_campaigns":false,"_exactmetrics_skip_tracking":false,"_exactmetrics_sitenote_active":false,"_exactmetrics_sitenote_note":"","_exactmetrics_sitenote_category":0,"_mi_skip_tracking":false,"_monsterinsights_sitenote_active":false,"_monsterinsights_sitenote_note":"","_monsterinsights_sitenote_category":0,"_uf_show_specific_survey":0,"_uf_disable_surveys":false},"product_cat":[134],"product_tag":[686,664,711,668,709,138,110],"aioseo_notices":[],"yoast_head":"<!-- This site is optimized with the Yoast SEO plugin v21.4 - https:\/\/yoast.com\/wordpress\/plugins\/seo\/ -->\n<title>Karys \u2013 Steampunk metalo skulpt\u016bra i\u0161 rast\u0173 objekt\u0173 | Artist Artas<\/title>\n<meta name=\"description\" content=\"\u201eKarys\u201csteampunk skulpt\u016bra , sukurta i\u0161 motociklo, automobilio ir kit\u0173 detali\u0173 i\u0161 metalo, be suvirinimo. Unikalus rank\u0173 darbo k\u016brinys.\" \/>\n<meta name=\"robots\" content=\"index, follow, max-snippet:-1, max-image-preview:large, max-video-preview:-1\" \/>\n<link rel=\"canonical\" href=\"https:\/\/artistartas.com\/lt\/produktas\/karys\/\" \/>\n<meta property=\"og:locale\" content=\"lt_LT\" \/>\n<meta property=\"og:type\" content=\"article\" \/>\n<meta property=\"og:title\" content=\"Karys \u2013 Steampunk metalo skulpt\u016bra i\u0161 rast\u0173 objekt\u0173 | Artist Artas\" \/>\n<meta property=\"og:description\" content=\"\u201eKarys\u201csteampunk skulpt\u016bra , sukurta i\u0161 motociklo, automobilio ir kit\u0173 detali\u0173 i\u0161 metalo, be suvirinimo. Unikalus rank\u0173 darbo k\u016brinys.\" \/>\n<meta property=\"og:url\" content=\"https:\/\/artistartas.com\/lt\/produktas\/karys\/\" \/>\n<meta property=\"og:site_name\" content=\"Art\u016bras Tama\u0161auskas\" \/>\n<meta property=\"article:modified_time\" content=\"2026-03-17T15:17:38+00:00\" \/>\n<meta property=\"og:image\" content=\"http:\/\/artistartas.com\/wp-content\/uploads\/2024\/07\/DSC_0230-scaled.jpg\" \/>\n\t<meta property=\"og:image:width\" content=\"2315\" \/>\n\t<meta property=\"og:image:height\" content=\"2560\" \/>\n\t<meta property=\"og:image:type\" content=\"image\/jpeg\" \/>\n<meta name=\"twitter:card\" content=\"summary_large_image\" \/>\n<meta name=\"twitter:label1\" content=\"Est. reading time\" \/>\n\t<meta name=\"twitter:data1\" content=\"2 minut\u0117s\" \/>\n<script type=\"application\/ld+json\" class=\"yoast-schema-graph\">{\"@context\":\"https:\/\/schema.org\",\"@graph\":[{\"@type\":\"WebPage\",\"@id\":\"https:\/\/artistartas.com\/lt\/produktas\/karys\/\",\"url\":\"https:\/\/artistartas.com\/lt\/produktas\/karys\/\",\"name\":\"Karys \u2013 Steampunk metalo skulpt\u016bra i\u0161 rast\u0173 objekt\u0173 | Artist Artas\",\"isPartOf\":{\"@id\":\"https:\/\/artistartas.com\/#website\"},\"datePublished\":\"2025-12-07T19:46:06+00:00\",\"dateModified\":\"2026-03-17T15:17:38+00:00\",\"description\":\"\u201eKarys\u201csteampunk skulpt\u016bra , sukurta i\u0161 motociklo, automobilio ir kit\u0173 detali\u0173 i\u0161 metalo, be suvirinimo. Unikalus rank\u0173 darbo k\u016brinys.\",\"breadcrumb\":{\"@id\":\"https:\/\/artistartas.com\/lt\/produktas\/karys\/#breadcrumb\"},\"inLanguage\":\"lt-LT\",\"potentialAction\":[{\"@type\":\"ReadAction\",\"target\":[\"https:\/\/artistartas.com\/lt\/produktas\/karys\/\"]}]},{\"@type\":\"BreadcrumbList\",\"@id\":\"https:\/\/artistartas.com\/lt\/produktas\/karys\/#breadcrumb\",\"itemListElement\":[{\"@type\":\"ListItem\",\"position\":1,\"name\":\"Home\",\"item\":\"https:\/\/artistartas.com\/lt\/\"},{\"@type\":\"ListItem\",\"position\":2,\"name\":\"Steampunk stiliaus darbai\",\"item\":\"https:\/\/artistartas.com\/lt\/\"},{\"@type\":\"ListItem\",\"position\":3,\"name\":\"Karys\"}]},{\"@type\":\"WebSite\",\"@id\":\"https:\/\/artistartas.com\/#website\",\"url\":\"https:\/\/artistartas.com\/\",\"name\":\"Art\u016bras Tama\u0161auskas\",\"description\":\"Kol kas tik dar vienas WordPress tinklalapis\",\"publisher\":{\"@id\":\"https:\/\/artistartas.com\/#\/schema\/person\/8c3fb50aefa8758c1dcb9858b0cb9ad8\"},\"potentialAction\":[{\"@type\":\"SearchAction\",\"target\":{\"@type\":\"EntryPoint\",\"urlTemplate\":\"https:\/\/artistartas.com\/?s={search_term_string}\"},\"query-input\":\"required name=search_term_string\"}],\"inLanguage\":\"lt-LT\"},{\"@type\":[\"Person\",\"Organization\"],\"@id\":\"https:\/\/artistartas.com\/#\/schema\/person\/8c3fb50aefa8758c1dcb9858b0cb9ad8\",\"name\":\"Art\u016bras Tama\u0161auskas\",\"image\":{\"@type\":\"ImageObject\",\"inLanguage\":\"lt-LT\",\"@id\":\"https:\/\/artistartas.com\/#\/schema\/person\/image\/\",\"url\":\"https:\/\/secure.gravatar.com\/avatar\/dd558d298c85a97bbea60bbd1872a1e4?s=96&d=mm&r=g\",\"contentUrl\":\"https:\/\/secure.gravatar.com\/avatar\/dd558d298c85a97bbea60bbd1872a1e4?s=96&d=mm&r=g\",\"caption\":\"Art\u016bras Tama\u0161auskas\"},\"logo\":{\"@id\":\"https:\/\/artistartas.com\/#\/schema\/person\/image\/\"}}]}<\/script>\n<!-- \/ Yoast SEO plugin. -->","yoast_head_json":{"title":"Karys \u2013 Steampunk metalo skulpt\u016bra i\u0161 rast\u0173 objekt\u0173 | Artist Artas","description":"\u201eKarys\u201csteampunk skulpt\u016bra , sukurta i\u0161 motociklo, automobilio ir kit\u0173 detali\u0173 i\u0161 metalo, be suvirinimo. Unikalus rank\u0173 darbo k\u016brinys.","robots":{"index":"index","follow":"follow","max-snippet":"max-snippet:-1","max-image-preview":"max-image-preview:large","max-video-preview":"max-video-preview:-1"},"canonical":"https:\/\/artistartas.com\/lt\/produktas\/karys\/","og_locale":"lt_LT","og_type":"article","og_title":"Karys \u2013 Steampunk metalo skulpt\u016bra i\u0161 rast\u0173 objekt\u0173 | Artist Artas","og_description":"\u201eKarys\u201csteampunk skulpt\u016bra , sukurta i\u0161 motociklo, automobilio ir kit\u0173 detali\u0173 i\u0161 metalo, be suvirinimo. Unikalus rank\u0173 darbo k\u016brinys.","og_url":"https:\/\/artistartas.com\/lt\/produktas\/karys\/","og_site_name":"Art\u016bras Tama\u0161auskas","article_modified_time":"2026-03-17T15:17:38+00:00","og_image":[{"width":2315,"height":2560,"url":"http:\/\/artistartas.com\/wp-content\/uploads\/2024\/07\/DSC_0230-scaled.jpg","type":"image\/jpeg"}],"twitter_card":"summary_large_image","twitter_misc":{"Est. reading time":"2 minut\u0117s"},"schema":{"@context":"https:\/\/schema.org","@graph":[{"@type":"WebPage","@id":"https:\/\/artistartas.com\/lt\/produktas\/karys\/","url":"https:\/\/artistartas.com\/lt\/produktas\/karys\/","name":"Karys \u2013 Steampunk metalo skulpt\u016bra i\u0161 rast\u0173 objekt\u0173 | Artist Artas","isPartOf":{"@id":"https:\/\/artistartas.com\/#website"},"datePublished":"2025-12-07T19:46:06+00:00","dateModified":"2026-03-17T15:17:38+00:00","description":"\u201eKarys\u201csteampunk skulpt\u016bra , sukurta i\u0161 motociklo, automobilio ir kit\u0173 detali\u0173 i\u0161 metalo, be suvirinimo. Unikalus rank\u0173 darbo k\u016brinys.","breadcrumb":{"@id":"https:\/\/artistartas.com\/lt\/produktas\/karys\/#breadcrumb"},"inLanguage":"lt-LT","potentialAction":[{"@type":"ReadAction","target":["https:\/\/artistartas.com\/lt\/produktas\/karys\/"]}]},{"@type":"BreadcrumbList","@id":"https:\/\/artistartas.com\/lt\/produktas\/karys\/#breadcrumb","itemListElement":[{"@type":"ListItem","position":1,"name":"Home","item":"https:\/\/artistartas.com\/lt\/"},{"@type":"ListItem","position":2,"name":"Steampunk stiliaus darbai","item":"https:\/\/artistartas.com\/lt\/"},{"@type":"ListItem","position":3,"name":"Karys"}]},{"@type":"WebSite","@id":"https:\/\/artistartas.com\/#website","url":"https:\/\/artistartas.com\/","name":"Art\u016bras Tama\u0161auskas","description":"Kol kas tik dar vienas WordPress tinklalapis","publisher":{"@id":"https:\/\/artistartas.com\/#\/schema\/person\/8c3fb50aefa8758c1dcb9858b0cb9ad8"},"potentialAction":[{"@type":"SearchAction","target":{"@type":"EntryPoint","urlTemplate":"https:\/\/artistartas.com\/?s={search_term_string}"},"query-input":"required name=search_term_string"}],"inLanguage":"lt-LT"},{"@type":["Person","Organization"],"@id":"https:\/\/artistartas.com\/#\/schema\/person\/8c3fb50aefa8758c1dcb9858b0cb9ad8","name":"Art\u016bras Tama\u0161auskas","image":{"@type":"ImageObject","inLanguage":"lt-LT","@id":"https:\/\/artistartas.com\/#\/schema\/person\/image\/","url":"https:\/\/secure.gravatar.com\/avatar\/dd558d298c85a97bbea60bbd1872a1e4?s=96&d=mm&r=g","contentUrl":"https:\/\/secure.gravatar.com\/avatar\/dd558d298c85a97bbea60bbd1872a1e4?s=96&d=mm&r=g","caption":"Art\u016bras Tama\u0161auskas"},"logo":{"@id":"https:\/\/artistartas.com\/#\/schema\/person\/image\/"}}]}},"_links":{"self":[{"href":"https:\/\/artistartas.com\/lt\/wp-json\/wp\/v2\/product\/5525"}],"collection":[{"href":"https:\/\/artistartas.com\/lt\/wp-json\/wp\/v2\/product"}],"about":[{"href":"https:\/\/artistartas.com\/lt\/wp-json\/wp\/v2\/types\/product"}],"wp:featuredmedia":[{"embeddable":true,"href":"https:\/\/artistartas.com\/lt\/wp-json\/wp\/v2\/media\/5284"}],"wp:attachment":[{"href":"https:\/\/artistartas.com\/lt\/wp-json\/wp\/v2\/media?parent=5525"}],"wp:term":[{"taxonomy":"product_cat","embeddable":true,"href":"https:\/\/artistartas.com\/lt\/wp-json\/wp\/v2\/product_cat?post=5525"},{"taxonomy":"product_tag","embeddable":true,"href":"https:\/\/artistartas.com\/lt\/wp-json\/wp\/v2\/product_tag?post=5525"}],"curies":[{"name":"wp","href":"https:\/\/api.w.org\/{rel}","templated":true}]}}