{"id":5426,"date":"2025-11-02T20:47:51","date_gmt":"2025-11-02T18:47:51","guid":{"rendered":"https:\/\/artistartas.com\/?post_type=product&#038;p=5426"},"modified":"2025-11-26T18:32:28","modified_gmt":"2025-11-26T16:32:28","slug":"varle-skulptura","status":"publish","type":"product","link":"https:\/\/artistartas.com\/lt\/produktas\/varle-skulptura\/","title":{"rendered":"Varl\u0117"},"content":{"rendered":"<p data-start=\"208\" data-end=\"613\"><strong data-start=\"208\" data-end=\"258\">Varl\u0117 \u2013 unikalus meno ir funkcionalumo derinys<\/strong><br data-start=\"258\" data-end=\"261\" \/>\u0160i i\u0161rai\u0161kinga varl\u0117s skulpt\u016bra \u012frodo k\u016brybi\u0161kumo ir meistri\u0161kumo sintez\u0119. Naudodamas perdirbtas med\u017eiagas ir sud\u0117ting\u0105 dizain\u0105, k\u016brinys derina menin\u0119 i\u0161rai\u0161k\u0105 su industrinio stiliaus elegancija. Nesvarbu, ar esate kolekcionierius, meno entuziastas, ar tiesiog ie\u0161kote i\u0161skirtin\u0117s interjero detal\u0117s varl\u0117 skulpt\u016bra tikrai patrauks ak\u012f.<br data-start=\"595\" data-end=\"598\" \/><strong data-start=\"598\" data-end=\"611\">Ypatyb\u0117s:<\/strong><\/p>\n<p data-start=\"616\" data-end=\"732\">I\u0161skirtinis dizainas: skulpt\u016bra sukurta pagal varl\u0117s form\u0105, sujungiant mechaninius elementus ir organines linijas.<\/p>\n<p data-start=\"735\" data-end=\"853\">Tvari k\u016bryba: pagaminta i\u0161 rast\u0173 ir pakartotinai panaudot\u0173 detali\u0173 \u2013 k\u016brinys, skatinantis aplinkosaugos s\u0105moningum\u0105.<\/p>\n<p data-start=\"856\" data-end=\"1302\">Universalus dekoras: puikiai tinka moderniems, industrinio ar minimalistinio stiliaus interjerams \u2013 suteikia erdvei i\u0161skirtinumo ir charakterio.<\/p>\n<p data-start=\"856\" data-end=\"1302\"><br data-start=\"1000\" data-end=\"1003\" \/><strong data-start=\"1003\" data-end=\"1026\">Med\u017eiagos:<\/strong> senas dvira\u010dio degal\u0173 bakas, dvira\u010dio pavar\u0173 perjungimo mechanizmai, stabd\u017ei\u0173 ranken\u0117l\u0117s, keli\u0173 dvira\u010dio vairo dalys, drabu\u017ei\u0173 pakabos, trimitas, lemp\u0173 komponentai.<br data-start=\"1207\" data-end=\"1210\" \/>Matmenys: 28x32x30 cm<br data-start=\"1239\" data-end=\"1242\" \/>Svoris: 1,6 kg<br data-start=\"1260\" data-end=\"1263\" \/>Metai: 2020<br data-start=\"1278\" data-end=\"1281\" \/>Kaina: Parduota<\/p>\n<p data-start=\"856\" data-end=\"1302\"><a href=\"http:\/\/artistartas.com\/wp-content\/uploads\/2020\/12\/20200619_125505.jpg\"><img decoding=\"async\" loading=\"lazy\" class=\"alignnone wp-image-4173\" src=\"http:\/\/artistartas.com\/wp-content\/uploads\/2020\/12\/20200619_125505.jpg\" alt=\"Steampunk skulpt\u016bra \u201eVarl\u0117\u201c i\u0161 rast\u0173 metalo detali\u0173\" width=\"628\" height=\"616\" srcset=\"https:\/\/artistartas.com\/wp-content\/uploads\/2020\/12\/20200619_125505.jpg 542w, https:\/\/artistartas.com\/wp-content\/uploads\/2020\/12\/20200619_125505-300x294.jpg 300w\" sizes=\"(max-width: 628px) 100vw, 628px\" \/><\/a><\/p>\n<p data-start=\"856\" data-end=\"1302\"><a href=\"http:\/\/artistartas.com\/wp-content\/uploads\/2020\/12\/20200619_124857.jpg\"><img decoding=\"async\" loading=\"lazy\" class=\"alignnone wp-image-4174\" src=\"http:\/\/artistartas.com\/wp-content\/uploads\/2020\/12\/20200619_124857.jpg\" alt=\"Rank\u0173 darbo metalo varl\u0117s skulpt\u016bra\" width=\"627\" height=\"621\" srcset=\"https:\/\/artistartas.com\/wp-content\/uploads\/2020\/12\/20200619_124857.jpg 537w, https:\/\/artistartas.com\/wp-content\/uploads\/2020\/12\/20200619_124857-100x100.jpg 100w, https:\/\/artistartas.com\/wp-content\/uploads\/2020\/12\/20200619_124857-150x150.jpg 150w, https:\/\/artistartas.com\/wp-content\/uploads\/2020\/12\/20200619_124857-300x297.jpg 300w\" sizes=\"(max-width: 627px) 100vw, 627px\" \/><\/a><\/p>\n<p data-start=\"856\" data-end=\"1302\"><a href=\"http:\/\/artistartas.com\/wp-content\/uploads\/2020\/12\/20200619_125842-1.jpg\"><img decoding=\"async\" loading=\"lazy\" class=\"alignnone wp-image-4176\" src=\"http:\/\/artistartas.com\/wp-content\/uploads\/2020\/12\/20200619_125842-1.jpg\" alt=\"Unikali metalo skulpt\u016bra \u201eVarl\u0117\u201c \u2013 industrinio meno k\u016brinys\" width=\"626\" height=\"623\" srcset=\"https:\/\/artistartas.com\/wp-content\/uploads\/2020\/12\/20200619_125842-1.jpg 535w, https:\/\/artistartas.com\/wp-content\/uploads\/2020\/12\/20200619_125842-1-300x300.jpg 300w, https:\/\/artistartas.com\/wp-content\/uploads\/2020\/12\/20200619_125842-1-100x100.jpg 100w, https:\/\/artistartas.com\/wp-content\/uploads\/2020\/12\/20200619_125842-1-150x150.jpg 150w\" sizes=\"(max-width: 626px) 100vw, 626px\" \/><\/a><\/p>\n<p data-start=\"856\" data-end=\"1302\"><a href=\"http:\/\/artistartas.com\/wp-content\/uploads\/2020\/12\/20200619_130415.jpg\"><img decoding=\"async\" loading=\"lazy\" class=\"alignnone wp-image-4177\" src=\"http:\/\/artistartas.com\/wp-content\/uploads\/2020\/12\/20200619_130415.jpg\" alt=\"Varl\u0117s skulpt\u016bra sukurta i\u0161 dvira\u010dio,motorolerio ir kit\u0173 metalo element\u0173\" width=\"625\" height=\"662\" srcset=\"https:\/\/artistartas.com\/wp-content\/uploads\/2020\/12\/20200619_130415.jpg 532w, https:\/\/artistartas.com\/wp-content\/uploads\/2020\/12\/20200619_130415-283x300.jpg 283w\" sizes=\"(max-width: 625px) 100vw, 625px\" \/><\/a><\/p>\n<p data-start=\"856\" data-end=\"1302\"><a href=\"http:\/\/artistartas.com\/wp-content\/uploads\/2020\/12\/20200619_130028.jpg\"><img decoding=\"async\" loading=\"lazy\" class=\"alignnone wp-image-4178\" src=\"http:\/\/artistartas.com\/wp-content\/uploads\/2020\/12\/20200619_130028.jpg\" alt=\"menas i\u0161 rast\u0173 objekt\u0173\" width=\"625\" height=\"787\" srcset=\"https:\/\/artistartas.com\/wp-content\/uploads\/2020\/12\/20200619_130028.jpg 532w, https:\/\/artistartas.com\/wp-content\/uploads\/2020\/12\/20200619_130028-238x300.jpg 238w\" sizes=\"(max-width: 625px) 100vw, 625px\" \/><\/a><\/p>\n","protected":false},"excerpt":{"rendered":"<p>Varl\u0117 \u2013 unikalus meno ir funkcionalumo derinys\u0160i i\u0161rai\u0161kinga varl\u0117s skulpt\u016bra \u012frodo k\u016brybi\u0161kumo ir meistri\u0161kumo sintez\u0119. Naudodamas perdirbtas med\u017eiagas ir sud\u0117ting\u0105 dizain\u0105, k\u016brinys derina menin\u0119 i\u0161rai\u0161k\u0105 su industrinio stiliaus elegancija. Nesvarbu, ar esate kolekcionierius, meno entuziastas, ar tiesiog ie\u0161kote i\u0161skirtin\u0117s interjero detal\u0117s varl\u0117 skulpt\u016bra tikrai patrauks ak\u012f.Ypatyb\u0117s: I\u0161skirtinis dizainas: skulpt\u016bra sukurta pagal varl\u0117s form\u0105, sujungiant mechaninius [&hellip;]<\/p>\n","protected":false},"featured_media":4528,"template":"","meta":{"om_disable_all_campaigns":false,"_exactmetrics_skip_tracking":false,"_exactmetrics_sitenote_active":false,"_exactmetrics_sitenote_note":"","_exactmetrics_sitenote_category":0,"_mi_skip_tracking":false,"_monsterinsights_sitenote_active":false,"_monsterinsights_sitenote_note":"","_monsterinsights_sitenote_category":0,"_uf_show_specific_survey":0,"_uf_disable_surveys":false},"product_cat":[134,539],"product_tag":[436,664,672,668,690,676,689],"aioseo_notices":[],"yoast_head":"<!-- This site is optimized with the Yoast SEO plugin v21.4 - https:\/\/yoast.com\/wordpress\/plugins\/seo\/ -->\n<title>Varl\u0117 skulpt\u016bra steampunk stiliaus menas i\u0161 rast\u0173 objekt\u0173<\/title>\n<meta name=\"description\" content=\"Varl\u0117 skulpt\u016bra \u2013 steampunk stiliaus meno k\u016brinys i\u0161 rast\u0173 metalini\u0173 detali\u0173. I\u0161skirtinis interjero akcentas kiekvienam meno myl\u0117tojui.\" \/>\n<meta name=\"robots\" content=\"index, follow, max-snippet:-1, max-image-preview:large, max-video-preview:-1\" \/>\n<link rel=\"canonical\" href=\"https:\/\/artistartas.com\/lt\/produktas\/varle-skulptura\/\" \/>\n<meta property=\"og:locale\" content=\"lt_LT\" \/>\n<meta property=\"og:type\" content=\"article\" \/>\n<meta property=\"og:title\" content=\"Varl\u0117 skulpt\u016bra steampunk stiliaus menas i\u0161 rast\u0173 objekt\u0173\" \/>\n<meta property=\"og:description\" content=\"Varl\u0117 skulpt\u016bra \u2013 steampunk stiliaus meno k\u016brinys i\u0161 rast\u0173 metalini\u0173 detali\u0173. I\u0161skirtinis interjero akcentas kiekvienam meno myl\u0117tojui.\" \/>\n<meta property=\"og:url\" content=\"https:\/\/artistartas.com\/lt\/produktas\/varle-skulptura\/\" \/>\n<meta property=\"og:site_name\" content=\"Art\u016bras Tama\u0161auskas\" \/>\n<meta property=\"article:modified_time\" content=\"2025-11-26T16:32:28+00:00\" \/>\n<meta property=\"og:image\" content=\"http:\/\/artistartas.com\/wp-content\/uploads\/2020\/12\/20200619_125505.jpg\" \/>\n\t<meta property=\"og:image:width\" content=\"542\" \/>\n\t<meta property=\"og:image:height\" content=\"532\" \/>\n\t<meta property=\"og:image:type\" content=\"image\/jpeg\" \/>\n<meta name=\"twitter:card\" content=\"summary_large_image\" \/>\n<meta name=\"twitter:label1\" content=\"Est. reading time\" \/>\n\t<meta name=\"twitter:data1\" content=\"2 minut\u0117s\" \/>\n<script type=\"application\/ld+json\" class=\"yoast-schema-graph\">{\"@context\":\"https:\/\/schema.org\",\"@graph\":[{\"@type\":\"WebPage\",\"@id\":\"https:\/\/artistartas.com\/lt\/produktas\/varle-skulptura\/\",\"url\":\"https:\/\/artistartas.com\/lt\/produktas\/varle-skulptura\/\",\"name\":\"Varl\u0117 skulpt\u016bra steampunk stiliaus menas i\u0161 rast\u0173 objekt\u0173\",\"isPartOf\":{\"@id\":\"https:\/\/artistartas.com\/#website\"},\"datePublished\":\"2025-11-02T18:47:51+00:00\",\"dateModified\":\"2025-11-26T16:32:28+00:00\",\"description\":\"Varl\u0117 skulpt\u016bra \u2013 steampunk stiliaus meno k\u016brinys i\u0161 rast\u0173 metalini\u0173 detali\u0173. I\u0161skirtinis interjero akcentas kiekvienam meno myl\u0117tojui.\",\"breadcrumb\":{\"@id\":\"https:\/\/artistartas.com\/lt\/produktas\/varle-skulptura\/#breadcrumb\"},\"inLanguage\":\"lt-LT\",\"potentialAction\":[{\"@type\":\"ReadAction\",\"target\":[\"https:\/\/artistartas.com\/lt\/produktas\/varle-skulptura\/\"]}]},{\"@type\":\"BreadcrumbList\",\"@id\":\"https:\/\/artistartas.com\/lt\/produktas\/varle-skulptura\/#breadcrumb\",\"itemListElement\":[{\"@type\":\"ListItem\",\"position\":1,\"name\":\"Home\",\"item\":\"https:\/\/artistartas.com\/lt\/\"},{\"@type\":\"ListItem\",\"position\":2,\"name\":\"Steampunk stiliaus darbai\",\"item\":\"https:\/\/artistartas.com\/lt\/\"},{\"@type\":\"ListItem\",\"position\":3,\"name\":\"Varl\u0117\"}]},{\"@type\":\"WebSite\",\"@id\":\"https:\/\/artistartas.com\/#website\",\"url\":\"https:\/\/artistartas.com\/\",\"name\":\"Art\u016bras Tama\u0161auskas\",\"description\":\"Kol kas tik dar vienas WordPress tinklalapis\",\"publisher\":{\"@id\":\"https:\/\/artistartas.com\/#\/schema\/person\/8c3fb50aefa8758c1dcb9858b0cb9ad8\"},\"potentialAction\":[{\"@type\":\"SearchAction\",\"target\":{\"@type\":\"EntryPoint\",\"urlTemplate\":\"https:\/\/artistartas.com\/?s={search_term_string}\"},\"query-input\":\"required name=search_term_string\"}],\"inLanguage\":\"lt-LT\"},{\"@type\":[\"Person\",\"Organization\"],\"@id\":\"https:\/\/artistartas.com\/#\/schema\/person\/8c3fb50aefa8758c1dcb9858b0cb9ad8\",\"name\":\"Art\u016bras Tama\u0161auskas\",\"image\":{\"@type\":\"ImageObject\",\"inLanguage\":\"lt-LT\",\"@id\":\"https:\/\/artistartas.com\/#\/schema\/person\/image\/\",\"url\":\"https:\/\/secure.gravatar.com\/avatar\/dd558d298c85a97bbea60bbd1872a1e4?s=96&d=mm&r=g\",\"contentUrl\":\"https:\/\/secure.gravatar.com\/avatar\/dd558d298c85a97bbea60bbd1872a1e4?s=96&d=mm&r=g\",\"caption\":\"Art\u016bras Tama\u0161auskas\"},\"logo\":{\"@id\":\"https:\/\/artistartas.com\/#\/schema\/person\/image\/\"}}]}<\/script>\n<!-- \/ Yoast SEO plugin. -->","yoast_head_json":{"title":"Varl\u0117 skulpt\u016bra steampunk stiliaus menas i\u0161 rast\u0173 objekt\u0173","description":"Varl\u0117 skulpt\u016bra \u2013 steampunk stiliaus meno k\u016brinys i\u0161 rast\u0173 metalini\u0173 detali\u0173. I\u0161skirtinis interjero akcentas kiekvienam meno myl\u0117tojui.","robots":{"index":"index","follow":"follow","max-snippet":"max-snippet:-1","max-image-preview":"max-image-preview:large","max-video-preview":"max-video-preview:-1"},"canonical":"https:\/\/artistartas.com\/lt\/produktas\/varle-skulptura\/","og_locale":"lt_LT","og_type":"article","og_title":"Varl\u0117 skulpt\u016bra steampunk stiliaus menas i\u0161 rast\u0173 objekt\u0173","og_description":"Varl\u0117 skulpt\u016bra \u2013 steampunk stiliaus meno k\u016brinys i\u0161 rast\u0173 metalini\u0173 detali\u0173. I\u0161skirtinis interjero akcentas kiekvienam meno myl\u0117tojui.","og_url":"https:\/\/artistartas.com\/lt\/produktas\/varle-skulptura\/","og_site_name":"Art\u016bras Tama\u0161auskas","article_modified_time":"2025-11-26T16:32:28+00:00","og_image":[{"width":542,"height":532,"url":"http:\/\/artistartas.com\/wp-content\/uploads\/2020\/12\/20200619_125505.jpg","type":"image\/jpeg"}],"twitter_card":"summary_large_image","twitter_misc":{"Est. reading time":"2 minut\u0117s"},"schema":{"@context":"https:\/\/schema.org","@graph":[{"@type":"WebPage","@id":"https:\/\/artistartas.com\/lt\/produktas\/varle-skulptura\/","url":"https:\/\/artistartas.com\/lt\/produktas\/varle-skulptura\/","name":"Varl\u0117 skulpt\u016bra steampunk stiliaus menas i\u0161 rast\u0173 objekt\u0173","isPartOf":{"@id":"https:\/\/artistartas.com\/#website"},"datePublished":"2025-11-02T18:47:51+00:00","dateModified":"2025-11-26T16:32:28+00:00","description":"Varl\u0117 skulpt\u016bra \u2013 steampunk stiliaus meno k\u016brinys i\u0161 rast\u0173 metalini\u0173 detali\u0173. I\u0161skirtinis interjero akcentas kiekvienam meno myl\u0117tojui.","breadcrumb":{"@id":"https:\/\/artistartas.com\/lt\/produktas\/varle-skulptura\/#breadcrumb"},"inLanguage":"lt-LT","potentialAction":[{"@type":"ReadAction","target":["https:\/\/artistartas.com\/lt\/produktas\/varle-skulptura\/"]}]},{"@type":"BreadcrumbList","@id":"https:\/\/artistartas.com\/lt\/produktas\/varle-skulptura\/#breadcrumb","itemListElement":[{"@type":"ListItem","position":1,"name":"Home","item":"https:\/\/artistartas.com\/lt\/"},{"@type":"ListItem","position":2,"name":"Steampunk stiliaus darbai","item":"https:\/\/artistartas.com\/lt\/"},{"@type":"ListItem","position":3,"name":"Varl\u0117"}]},{"@type":"WebSite","@id":"https:\/\/artistartas.com\/#website","url":"https:\/\/artistartas.com\/","name":"Art\u016bras Tama\u0161auskas","description":"Kol kas tik dar vienas WordPress tinklalapis","publisher":{"@id":"https:\/\/artistartas.com\/#\/schema\/person\/8c3fb50aefa8758c1dcb9858b0cb9ad8"},"potentialAction":[{"@type":"SearchAction","target":{"@type":"EntryPoint","urlTemplate":"https:\/\/artistartas.com\/?s={search_term_string}"},"query-input":"required name=search_term_string"}],"inLanguage":"lt-LT"},{"@type":["Person","Organization"],"@id":"https:\/\/artistartas.com\/#\/schema\/person\/8c3fb50aefa8758c1dcb9858b0cb9ad8","name":"Art\u016bras Tama\u0161auskas","image":{"@type":"ImageObject","inLanguage":"lt-LT","@id":"https:\/\/artistartas.com\/#\/schema\/person\/image\/","url":"https:\/\/secure.gravatar.com\/avatar\/dd558d298c85a97bbea60bbd1872a1e4?s=96&d=mm&r=g","contentUrl":"https:\/\/secure.gravatar.com\/avatar\/dd558d298c85a97bbea60bbd1872a1e4?s=96&d=mm&r=g","caption":"Art\u016bras Tama\u0161auskas"},"logo":{"@id":"https:\/\/artistartas.com\/#\/schema\/person\/image\/"}}]}},"_links":{"self":[{"href":"https:\/\/artistartas.com\/lt\/wp-json\/wp\/v2\/product\/5426"}],"collection":[{"href":"https:\/\/artistartas.com\/lt\/wp-json\/wp\/v2\/product"}],"about":[{"href":"https:\/\/artistartas.com\/lt\/wp-json\/wp\/v2\/types\/product"}],"wp:featuredmedia":[{"embeddable":true,"href":"https:\/\/artistartas.com\/lt\/wp-json\/wp\/v2\/media\/4528"}],"wp:attachment":[{"href":"https:\/\/artistartas.com\/lt\/wp-json\/wp\/v2\/media?parent=5426"}],"wp:term":[{"taxonomy":"product_cat","embeddable":true,"href":"https:\/\/artistartas.com\/lt\/wp-json\/wp\/v2\/product_cat?post=5426"},{"taxonomy":"product_tag","embeddable":true,"href":"https:\/\/artistartas.com\/lt\/wp-json\/wp\/v2\/product_tag?post=5426"}],"curies":[{"name":"wp","href":"https:\/\/api.w.org\/{rel}","templated":true}]}}