{"id":5390,"date":"2025-10-26T21:58:53","date_gmt":"2025-10-26T19:58:53","guid":{"rendered":"https:\/\/artistartas.com\/?post_type=product&#038;p=5390"},"modified":"2026-03-17T17:31:59","modified_gmt":"2026-03-17T15:31:59","slug":"uodo-skulptura","status":"publish","type":"product","link":"https:\/\/artistartas.com\/lt\/produktas\/uodo-skulptura\/","title":{"rendered":"Uodas"},"content":{"rendered":"<h4 data-start=\"164\" data-end=\"218\"><strong data-start=\"168\" data-end=\"218\">Uodas \u2013 unikalus meno ir funkcionalumo derinys<\/strong><\/h4>\n<p data-start=\"220\" data-end=\"562\">\u0160i i\u0161rai\u0161kinga \u201eUodo\u201c skulpt\u016bra yra tikras k\u016brybi\u0161kumo ir meistri\u0161kumo \u012frodymas. Ji sujungia perdirbtas med\u017eiagas ir sud\u0117ting\u0105 dizain\u0105, tobulai subalansuodama menin\u0119 i\u0161rai\u0161k\u0105 su pramoninio stiliaus elegancija. Nesvarbu, ar esate kolekcionierius, meno entuziastas, ar ie\u0161kote i\u0161skirtin\u0117s interjero detal\u0117s \u2013 \u0161i skulpt\u016bra tikrai patrauks ak\u012f.<\/p>\n<h4 data-start=\"564\" data-end=\"596\"><strong>Uodo skulpt\u016bros ypatyb\u0117s<\/strong><\/h4>\n<p data-start=\"598\" data-end=\"770\">I\u0161skirtinis dizainas: Skulpt\u016bra sukurta pagal uodo form\u0105, sujungiant mechaninius elementus ir organines formas. Tai \u012fsp\u016bdingas gamtos atvaizdas per industrin\u0119 prizm\u0119.<\/p>\n<p data-start=\"772\" data-end=\"913\">Tvari k\u016bryba: Skulpt\u016bra pagaminta i\u0161 rast\u0173 ir pakartotinai panaudot\u0173 detali\u0173 \u2013 tai meno k\u016brinys, skatinantis aplinkosaugos s\u0105moningum\u0105.<\/p>\n<p>Universalus dekoras: Puikiai tinka moderniems, industrinio ar minimalistinio stiliaus interjerams \u2013 suteikia erdvei i\u0161skirtinumo ir charakterio.<\/p>\n<p data-start=\"1067\" data-end=\"1118\">Puiki dovana: Idealiai tinka meno m\u0117g\u0117jams, kolekcionieriams ar tiems, kurie vertina original\u0173 dizain\u0105.<\/p>\n<h4 data-start=\"1349\" data-end=\"1376\"><strong data-start=\"1353\" data-end=\"1376\">Panaudotos detal\u0117s:<\/strong><\/h4>\n<p data-start=\"1379\" data-end=\"1401\">\u00a0Dvira\u010dio dalys<\/p>\n<p data-start=\"1404\" data-end=\"1444\">Pramonin\u0117s detal\u0117s i\u0161 antrini\u0173 \u017ealiav\u0173<\/p>\n<p data-start=\"1447\" data-end=\"1484\">Rankomis poliruoto metalo pavir\u0161iai<\/p>\n<p data-start=\"1487\" data-end=\"1526\">Menin\u0117s detal\u0117s, suteikian\u010dios gyvumo<\/p>\n<p data-start=\"1528\" data-end=\"1631\">\ud83c\udfa5 <strong data-start=\"1531\" data-end=\"1568\">Vaizdo \u012fra\u0161\u0105 galite pamatyti \u010dia:<\/strong><br data-start=\"1568\" data-end=\"1571\" \/><a class=\"decorated-link\" href=\"https:\/\/youtu.be\/kYl29NYnsvU\" target=\"_new\" rel=\"noopener\" data-start=\"1571\" data-end=\"1631\">https:\/\/youtu.be\/kYl29NYnsvU<\/a><\/p>\n<p data-start=\"1633\" data-end=\"1721\">Matmenys: 54 \u00d7 112 cm<br data-start=\"1658\" data-end=\"1661\" \/>Svoris: 3,5 kg<br data-start=\"1679\" data-end=\"1682\" \/>Metai: 2024<br data-start=\"1697\" data-end=\"1700\" \/>Kaina: 1800 Eur<\/p>\n<hr data-start=\"1344\" data-end=\"1347\" \/>\n<p data-start=\"1633\" data-end=\"1721\"><a href=\"http:\/\/artistartas.com\/wp-content\/uploads\/2024\/07\/DSC_0161-scaled.jpg\"><img decoding=\"async\" loading=\"lazy\" class=\"alignnone wp-image-5298 size-large\" src=\"http:\/\/artistartas.com\/wp-content\/uploads\/2024\/07\/DSC_0161-849x1024.jpg\" alt=\"Steampunk skulpt\u016bra \u201eUodas\u201c i\u0161 rast\u0173 objekt\u0173 ir metalini\u0173 detali\u0173\" width=\"849\" height=\"1024\" srcset=\"https:\/\/artistartas.com\/wp-content\/uploads\/2024\/07\/DSC_0161-849x1024.jpg 849w, https:\/\/artistartas.com\/wp-content\/uploads\/2024\/07\/DSC_0161-249x300.jpg 249w, https:\/\/artistartas.com\/wp-content\/uploads\/2024\/07\/DSC_0161-768x927.jpg 768w, https:\/\/artistartas.com\/wp-content\/uploads\/2024\/07\/DSC_0161-1273x1536.jpg 1273w, https:\/\/artistartas.com\/wp-content\/uploads\/2024\/07\/DSC_0161-1697x2048.jpg 1697w, https:\/\/artistartas.com\/wp-content\/uploads\/2024\/07\/DSC_0161-600x724.jpg 600w, https:\/\/artistartas.com\/wp-content\/uploads\/2024\/07\/DSC_0161-scaled.jpg 2121w\" sizes=\"(max-width: 849px) 100vw, 849px\" \/><\/a><\/p>\n<p data-start=\"1633\" data-end=\"1721\"><a href=\"http:\/\/artistartas.com\/wp-content\/uploads\/2024\/07\/DSC_0172-scaled.jpg\"><img decoding=\"async\" loading=\"lazy\" class=\"alignnone wp-image-5300 size-large\" src=\"http:\/\/artistartas.com\/wp-content\/uploads\/2024\/07\/DSC_0172-776x1024.jpg\" alt=\"Uodo skulpt\u016bra sukurta i\u0161 auto,moto ir pramonini\u0173 dali\u0173\" width=\"776\" height=\"1024\" srcset=\"https:\/\/artistartas.com\/wp-content\/uploads\/2024\/07\/DSC_0172-776x1024.jpg 776w, https:\/\/artistartas.com\/wp-content\/uploads\/2024\/07\/DSC_0172-227x300.jpg 227w, https:\/\/artistartas.com\/wp-content\/uploads\/2024\/07\/DSC_0172-768x1014.jpg 768w, https:\/\/artistartas.com\/wp-content\/uploads\/2024\/07\/DSC_0172-1164x1536.jpg 1164w, https:\/\/artistartas.com\/wp-content\/uploads\/2024\/07\/DSC_0172-1552x2048.jpg 1552w, https:\/\/artistartas.com\/wp-content\/uploads\/2024\/07\/DSC_0172-600x792.jpg 600w, https:\/\/artistartas.com\/wp-content\/uploads\/2024\/07\/DSC_0172-scaled.jpg 1940w\" sizes=\"(max-width: 776px) 100vw, 776px\" \/><\/a><\/p>\n<p data-start=\"1633\" data-end=\"1721\"><a href=\"http:\/\/artistartas.com\/wp-content\/uploads\/2024\/07\/20231204_224148-scaled.jpg\"><img decoding=\"async\" loading=\"lazy\" class=\"alignnone wp-image-5304 size-large\" src=\"http:\/\/artistartas.com\/wp-content\/uploads\/2024\/07\/20231204_224148-768x1024.jpg\" alt=\"Unikali metalo skulpt\u016bra \u201eUodas\u201c \u2013 industrinio meno k\u016brinys\" width=\"768\" height=\"1024\" srcset=\"https:\/\/artistartas.com\/wp-content\/uploads\/2024\/07\/20231204_224148-768x1024.jpg 768w, https:\/\/artistartas.com\/wp-content\/uploads\/2024\/07\/20231204_224148-225x300.jpg 225w, https:\/\/artistartas.com\/wp-content\/uploads\/2024\/07\/20231204_224148-1152x1536.jpg 1152w, https:\/\/artistartas.com\/wp-content\/uploads\/2024\/07\/20231204_224148-1536x2048.jpg 1536w, https:\/\/artistartas.com\/wp-content\/uploads\/2024\/07\/20231204_224148-600x800.jpg 600w, https:\/\/artistartas.com\/wp-content\/uploads\/2024\/07\/20231204_224148-scaled.jpg 1920w\" sizes=\"(max-width: 768px) 100vw, 768px\" \/><\/a><\/p>\n<p data-start=\"1633\" data-end=\"1721\"><a href=\"http:\/\/artistartas.com\/wp-content\/uploads\/2024\/07\/20240705_180224-scaled.jpg\"><img decoding=\"async\" loading=\"lazy\" class=\"alignnone wp-image-5302 size-large\" src=\"http:\/\/artistartas.com\/wp-content\/uploads\/2024\/07\/20240705_180224-768x1024.jpg\" alt=\"Moderni interjero dekoracija \u2013 uodo skulpt\u016bra\" width=\"768\" height=\"1024\" srcset=\"https:\/\/artistartas.com\/wp-content\/uploads\/2024\/07\/20240705_180224-768x1024.jpg 768w, https:\/\/artistartas.com\/wp-content\/uploads\/2024\/07\/20240705_180224-225x300.jpg 225w, https:\/\/artistartas.com\/wp-content\/uploads\/2024\/07\/20240705_180224-1152x1536.jpg 1152w, https:\/\/artistartas.com\/wp-content\/uploads\/2024\/07\/20240705_180224-1536x2048.jpg 1536w, https:\/\/artistartas.com\/wp-content\/uploads\/2024\/07\/20240705_180224-600x800.jpg 600w, https:\/\/artistartas.com\/wp-content\/uploads\/2024\/07\/20240705_180224-scaled.jpg 1920w\" sizes=\"(max-width: 768px) 100vw, 768px\" \/><\/a><\/p>\n<hr data-start=\"1723\" data-end=\"1726\" \/>\n<h2 data-start=\"1728\" data-end=\"1753\"><\/h2>\n","protected":false},"excerpt":{"rendered":"<p>Uodas \u2013 unikalus meno ir funkcionalumo derinys \u0160i i\u0161rai\u0161kinga \u201eUodo\u201c skulpt\u016bra yra tikras k\u016brybi\u0161kumo ir meistri\u0161kumo \u012frodymas. Ji sujungia perdirbtas med\u017eiagas ir sud\u0117ting\u0105 dizain\u0105, tobulai subalansuodama menin\u0119 i\u0161rai\u0161k\u0105 su pramoninio stiliaus elegancija. Nesvarbu, ar esate kolekcionierius, meno entuziastas, ar ie\u0161kote i\u0161skirtin\u0117s interjero detal\u0117s \u2013 \u0161i skulpt\u016bra tikrai patrauks ak\u012f. Uodo skulpt\u016bros ypatyb\u0117s I\u0161skirtinis dizainas: Skulpt\u016bra [&hellip;]<\/p>\n","protected":false},"featured_media":5298,"template":"","meta":{"om_disable_all_campaigns":false,"_exactmetrics_skip_tracking":false,"_exactmetrics_sitenote_active":false,"_exactmetrics_sitenote_note":"","_exactmetrics_sitenote_category":0,"_mi_skip_tracking":false,"_monsterinsights_sitenote_active":false,"_monsterinsights_sitenote_note":"","_monsterinsights_sitenote_category":0,"_uf_show_specific_survey":0,"_uf_disable_surveys":false},"product_cat":[134],"product_tag":[436,679,661,677,678,663,676,395,674,675],"aioseo_notices":[],"yoast_head":"<!-- This site is optimized with the Yoast SEO plugin v21.4 - https:\/\/yoast.com\/wordpress\/plugins\/seo\/ -->\n<title>Uodo skulpt\u016bra \u2013 Steampunk stiliaus k\u016brinys i\u0161 rast\u0173 objekt\u0173<\/title>\n<meta name=\"description\" content=\"\u201eUodo\u201c skulpt\u016bra \u2013 steampunk stiliaus meno k\u016brinys i\u0161 rast\u0173 detali\u0173. Rank\u0173 darbo metalin\u0117 skulpt\u016bra, kuri sujungia pramonin\u012f dizain\u0105 su gamtos formomis.\" \/>\n<meta name=\"robots\" content=\"index, follow, max-snippet:-1, max-image-preview:large, max-video-preview:-1\" \/>\n<link rel=\"canonical\" href=\"https:\/\/artistartas.com\/lt\/produktas\/uodo-skulptura\/\" \/>\n<meta property=\"og:locale\" content=\"lt_LT\" \/>\n<meta property=\"og:type\" content=\"article\" \/>\n<meta property=\"og:title\" content=\"Uodo skulpt\u016bra \u2013 Steampunk stiliaus k\u016brinys i\u0161 rast\u0173 objekt\u0173\" \/>\n<meta property=\"og:description\" content=\"\u201eUodo\u201c skulpt\u016bra \u2013 steampunk stiliaus meno k\u016brinys i\u0161 rast\u0173 detali\u0173. Rank\u0173 darbo metalin\u0117 skulpt\u016bra, kuri sujungia pramonin\u012f dizain\u0105 su gamtos formomis.\" \/>\n<meta property=\"og:url\" content=\"https:\/\/artistartas.com\/lt\/produktas\/uodo-skulptura\/\" \/>\n<meta property=\"og:site_name\" content=\"Art\u016bras Tama\u0161auskas\" \/>\n<meta property=\"article:modified_time\" content=\"2026-03-17T15:31:59+00:00\" \/>\n<meta property=\"og:image\" content=\"http:\/\/artistartas.com\/wp-content\/uploads\/2024\/07\/DSC_0161-scaled.jpg\" \/>\n\t<meta property=\"og:image:width\" content=\"2121\" \/>\n\t<meta property=\"og:image:height\" content=\"2560\" \/>\n\t<meta property=\"og:image:type\" content=\"image\/jpeg\" \/>\n<meta name=\"twitter:card\" content=\"summary_large_image\" \/>\n<meta name=\"twitter:label1\" content=\"Est. reading time\" \/>\n\t<meta name=\"twitter:data1\" content=\"2 minut\u0117s\" \/>\n<script type=\"application\/ld+json\" class=\"yoast-schema-graph\">{\"@context\":\"https:\/\/schema.org\",\"@graph\":[{\"@type\":\"WebPage\",\"@id\":\"https:\/\/artistartas.com\/lt\/produktas\/uodo-skulptura\/\",\"url\":\"https:\/\/artistartas.com\/lt\/produktas\/uodo-skulptura\/\",\"name\":\"Uodo skulpt\u016bra \u2013 Steampunk stiliaus k\u016brinys i\u0161 rast\u0173 objekt\u0173\",\"isPartOf\":{\"@id\":\"https:\/\/artistartas.com\/#website\"},\"datePublished\":\"2025-10-26T19:58:53+00:00\",\"dateModified\":\"2026-03-17T15:31:59+00:00\",\"description\":\"\u201eUodo\u201c skulpt\u016bra \u2013 steampunk stiliaus meno k\u016brinys i\u0161 rast\u0173 detali\u0173. Rank\u0173 darbo metalin\u0117 skulpt\u016bra, kuri sujungia pramonin\u012f dizain\u0105 su gamtos formomis.\",\"breadcrumb\":{\"@id\":\"https:\/\/artistartas.com\/lt\/produktas\/uodo-skulptura\/#breadcrumb\"},\"inLanguage\":\"lt-LT\",\"potentialAction\":[{\"@type\":\"ReadAction\",\"target\":[\"https:\/\/artistartas.com\/lt\/produktas\/uodo-skulptura\/\"]}]},{\"@type\":\"BreadcrumbList\",\"@id\":\"https:\/\/artistartas.com\/lt\/produktas\/uodo-skulptura\/#breadcrumb\",\"itemListElement\":[{\"@type\":\"ListItem\",\"position\":1,\"name\":\"Home\",\"item\":\"https:\/\/artistartas.com\/lt\/\"},{\"@type\":\"ListItem\",\"position\":2,\"name\":\"Steampunk stiliaus darbai\",\"item\":\"https:\/\/artistartas.com\/lt\/\"},{\"@type\":\"ListItem\",\"position\":3,\"name\":\"Uodas\"}]},{\"@type\":\"WebSite\",\"@id\":\"https:\/\/artistartas.com\/#website\",\"url\":\"https:\/\/artistartas.com\/\",\"name\":\"Art\u016bras Tama\u0161auskas\",\"description\":\"Kol kas tik dar vienas WordPress tinklalapis\",\"publisher\":{\"@id\":\"https:\/\/artistartas.com\/#\/schema\/person\/8c3fb50aefa8758c1dcb9858b0cb9ad8\"},\"potentialAction\":[{\"@type\":\"SearchAction\",\"target\":{\"@type\":\"EntryPoint\",\"urlTemplate\":\"https:\/\/artistartas.com\/?s={search_term_string}\"},\"query-input\":\"required name=search_term_string\"}],\"inLanguage\":\"lt-LT\"},{\"@type\":[\"Person\",\"Organization\"],\"@id\":\"https:\/\/artistartas.com\/#\/schema\/person\/8c3fb50aefa8758c1dcb9858b0cb9ad8\",\"name\":\"Art\u016bras Tama\u0161auskas\",\"image\":{\"@type\":\"ImageObject\",\"inLanguage\":\"lt-LT\",\"@id\":\"https:\/\/artistartas.com\/#\/schema\/person\/image\/\",\"url\":\"https:\/\/secure.gravatar.com\/avatar\/dd558d298c85a97bbea60bbd1872a1e4?s=96&d=mm&r=g\",\"contentUrl\":\"https:\/\/secure.gravatar.com\/avatar\/dd558d298c85a97bbea60bbd1872a1e4?s=96&d=mm&r=g\",\"caption\":\"Art\u016bras Tama\u0161auskas\"},\"logo\":{\"@id\":\"https:\/\/artistartas.com\/#\/schema\/person\/image\/\"}}]}<\/script>\n<!-- \/ Yoast SEO plugin. -->","yoast_head_json":{"title":"Uodo skulpt\u016bra \u2013 Steampunk stiliaus k\u016brinys i\u0161 rast\u0173 objekt\u0173","description":"\u201eUodo\u201c skulpt\u016bra \u2013 steampunk stiliaus meno k\u016brinys i\u0161 rast\u0173 detali\u0173. Rank\u0173 darbo metalin\u0117 skulpt\u016bra, kuri sujungia pramonin\u012f dizain\u0105 su gamtos formomis.","robots":{"index":"index","follow":"follow","max-snippet":"max-snippet:-1","max-image-preview":"max-image-preview:large","max-video-preview":"max-video-preview:-1"},"canonical":"https:\/\/artistartas.com\/lt\/produktas\/uodo-skulptura\/","og_locale":"lt_LT","og_type":"article","og_title":"Uodo skulpt\u016bra \u2013 Steampunk stiliaus k\u016brinys i\u0161 rast\u0173 objekt\u0173","og_description":"\u201eUodo\u201c skulpt\u016bra \u2013 steampunk stiliaus meno k\u016brinys i\u0161 rast\u0173 detali\u0173. Rank\u0173 darbo metalin\u0117 skulpt\u016bra, kuri sujungia pramonin\u012f dizain\u0105 su gamtos formomis.","og_url":"https:\/\/artistartas.com\/lt\/produktas\/uodo-skulptura\/","og_site_name":"Art\u016bras Tama\u0161auskas","article_modified_time":"2026-03-17T15:31:59+00:00","og_image":[{"width":2121,"height":2560,"url":"http:\/\/artistartas.com\/wp-content\/uploads\/2024\/07\/DSC_0161-scaled.jpg","type":"image\/jpeg"}],"twitter_card":"summary_large_image","twitter_misc":{"Est. reading time":"2 minut\u0117s"},"schema":{"@context":"https:\/\/schema.org","@graph":[{"@type":"WebPage","@id":"https:\/\/artistartas.com\/lt\/produktas\/uodo-skulptura\/","url":"https:\/\/artistartas.com\/lt\/produktas\/uodo-skulptura\/","name":"Uodo skulpt\u016bra \u2013 Steampunk stiliaus k\u016brinys i\u0161 rast\u0173 objekt\u0173","isPartOf":{"@id":"https:\/\/artistartas.com\/#website"},"datePublished":"2025-10-26T19:58:53+00:00","dateModified":"2026-03-17T15:31:59+00:00","description":"\u201eUodo\u201c skulpt\u016bra \u2013 steampunk stiliaus meno k\u016brinys i\u0161 rast\u0173 detali\u0173. Rank\u0173 darbo metalin\u0117 skulpt\u016bra, kuri sujungia pramonin\u012f dizain\u0105 su gamtos formomis.","breadcrumb":{"@id":"https:\/\/artistartas.com\/lt\/produktas\/uodo-skulptura\/#breadcrumb"},"inLanguage":"lt-LT","potentialAction":[{"@type":"ReadAction","target":["https:\/\/artistartas.com\/lt\/produktas\/uodo-skulptura\/"]}]},{"@type":"BreadcrumbList","@id":"https:\/\/artistartas.com\/lt\/produktas\/uodo-skulptura\/#breadcrumb","itemListElement":[{"@type":"ListItem","position":1,"name":"Home","item":"https:\/\/artistartas.com\/lt\/"},{"@type":"ListItem","position":2,"name":"Steampunk stiliaus darbai","item":"https:\/\/artistartas.com\/lt\/"},{"@type":"ListItem","position":3,"name":"Uodas"}]},{"@type":"WebSite","@id":"https:\/\/artistartas.com\/#website","url":"https:\/\/artistartas.com\/","name":"Art\u016bras Tama\u0161auskas","description":"Kol kas tik dar vienas WordPress tinklalapis","publisher":{"@id":"https:\/\/artistartas.com\/#\/schema\/person\/8c3fb50aefa8758c1dcb9858b0cb9ad8"},"potentialAction":[{"@type":"SearchAction","target":{"@type":"EntryPoint","urlTemplate":"https:\/\/artistartas.com\/?s={search_term_string}"},"query-input":"required name=search_term_string"}],"inLanguage":"lt-LT"},{"@type":["Person","Organization"],"@id":"https:\/\/artistartas.com\/#\/schema\/person\/8c3fb50aefa8758c1dcb9858b0cb9ad8","name":"Art\u016bras Tama\u0161auskas","image":{"@type":"ImageObject","inLanguage":"lt-LT","@id":"https:\/\/artistartas.com\/#\/schema\/person\/image\/","url":"https:\/\/secure.gravatar.com\/avatar\/dd558d298c85a97bbea60bbd1872a1e4?s=96&d=mm&r=g","contentUrl":"https:\/\/secure.gravatar.com\/avatar\/dd558d298c85a97bbea60bbd1872a1e4?s=96&d=mm&r=g","caption":"Art\u016bras Tama\u0161auskas"},"logo":{"@id":"https:\/\/artistartas.com\/#\/schema\/person\/image\/"}}]}},"_links":{"self":[{"href":"https:\/\/artistartas.com\/lt\/wp-json\/wp\/v2\/product\/5390"}],"collection":[{"href":"https:\/\/artistartas.com\/lt\/wp-json\/wp\/v2\/product"}],"about":[{"href":"https:\/\/artistartas.com\/lt\/wp-json\/wp\/v2\/types\/product"}],"wp:featuredmedia":[{"embeddable":true,"href":"https:\/\/artistartas.com\/lt\/wp-json\/wp\/v2\/media\/5298"}],"wp:attachment":[{"href":"https:\/\/artistartas.com\/lt\/wp-json\/wp\/v2\/media?parent=5390"}],"wp:term":[{"taxonomy":"product_cat","embeddable":true,"href":"https:\/\/artistartas.com\/lt\/wp-json\/wp\/v2\/product_cat?post=5390"},{"taxonomy":"product_tag","embeddable":true,"href":"https:\/\/artistartas.com\/lt\/wp-json\/wp\/v2\/product_tag?post=5390"}],"curies":[{"name":"wp","href":"https:\/\/api.w.org\/{rel}","templated":true}]}}