{"id":5373,"date":"2025-10-26T17:48:06","date_gmt":"2025-10-26T15:48:06","guid":{"rendered":"https:\/\/artistartas.com\/?post_type=product&#038;p=5373"},"modified":"2026-03-17T17:33:02","modified_gmt":"2026-03-17T15:33:02","slug":"laumzirgis-skulptura","status":"publish","type":"product","link":"https:\/\/artistartas.com\/lt\/produktas\/laumzirgis-skulptura\/","title":{"rendered":"Laum\u017eirgis"},"content":{"rendered":"<p><strong>\u201eLaum\u017eirgis\u201c<\/strong> \u2013 steampunk stiliaus skulpt\u016bra, sukurta i\u0161 rast\u0173 metalo detali\u0173. \u0160is k\u016brinys sujungia technikos precizi\u0161kum\u0105 ir gamtos grak\u0161tum\u0105 \u2013 metalin\u0117s konstrukcijos \u010dia virsta lengvu vabzd\u017eiu. Skulpt\u016bra primena tiek tikr\u0105 laum\u017eirg\u012f, tiek mechanin\u012f sraigtasparn\u012f, suteikdama \u017ei\u016brovui netik\u0117t\u0105 \u017eaismingumo ir humoro doz\u0119. \u0160is darbas i\u0161ry\u0161kina mano k\u016brybos esm\u0119 \u2013 suteikti nauj\u0105 gyvenim\u0105 pamir\u0161tiems objektams, prikelti juos \u012ftikinamai ir poeti\u0161kai. Jei patinka steampunk laum\u017eirgio skulpt\u016bra, galite pa\u017evelgti \u012f kitus mano sukurtus darbus, pvz. <a href=\"https:\/\/artistartas.com\/lt\/produktas\/helikopteris\/\">Helikopterio skulpt\u016br\u0105<\/a>.<\/p>\n<p>Med\u017eiagos: \u0160auk\u0161tai, piltuv\u0117lis, \u0161ovini\u0173 gilz\u0117s, \u017ealvarinis tinklelis, plienin\u0117 viela, dvira\u010dio \u017eibinto metalinis korpusas, motociklo Harley Davidson stabd\u017ei\u0173 diskas, automobilio alk\u016bninio veleno dalis.<\/p>\n<p>Matmenys: 72x40cm<br data-start=\"1066\" data-end=\"1069\" \/>Svoris: 6.6kg<br data-start=\"1088\" data-end=\"1091\" \/>Metai: 2025<br data-start=\"1106\" data-end=\"1109\" \/>Kaina: 750 Eur<\/p>\n<p><a href=\"http:\/\/artistartas.com\/wp-content\/uploads\/2025\/10\/dragonfly-scaled.jpg\"><img decoding=\"async\" loading=\"lazy\" class=\"alignnone wp-image-5375 size-large\" src=\"http:\/\/artistartas.com\/wp-content\/uploads\/2025\/10\/dragonfly-680x1024.jpg\" alt=\"Steampunk stiliaus laum\u017eirgis i\u0161 metalo\" width=\"680\" height=\"1024\" srcset=\"https:\/\/artistartas.com\/wp-content\/uploads\/2025\/10\/dragonfly-680x1024.jpg 680w, https:\/\/artistartas.com\/wp-content\/uploads\/2025\/10\/dragonfly-199x300.jpg 199w, https:\/\/artistartas.com\/wp-content\/uploads\/2025\/10\/dragonfly-768x1156.jpg 768w, https:\/\/artistartas.com\/wp-content\/uploads\/2025\/10\/dragonfly-1020x1536.jpg 1020w, https:\/\/artistartas.com\/wp-content\/uploads\/2025\/10\/dragonfly-1360x2048.jpg 1360w, https:\/\/artistartas.com\/wp-content\/uploads\/2025\/10\/dragonfly-600x903.jpg 600w, https:\/\/artistartas.com\/wp-content\/uploads\/2025\/10\/dragonfly-scaled.jpg 1700w\" sizes=\"(max-width: 680px) 100vw, 680px\" \/><\/a><\/p>\n<p><a href=\"http:\/\/artistartas.com\/wp-content\/uploads\/2025\/10\/dragonfly.png\"><img decoding=\"async\" loading=\"lazy\" class=\"alignnone wp-image-5377 size-large\" src=\"http:\/\/artistartas.com\/wp-content\/uploads\/2025\/10\/dragonfly-682x1024.png\" alt=\"Metalinis laum\u017eirgis su industrin\u0117mis detal\u0117mis\" width=\"682\" height=\"1024\" srcset=\"https:\/\/artistartas.com\/wp-content\/uploads\/2025\/10\/dragonfly-682x1024.png 682w, https:\/\/artistartas.com\/wp-content\/uploads\/2025\/10\/dragonfly-200x300.png 200w, https:\/\/artistartas.com\/wp-content\/uploads\/2025\/10\/dragonfly-768x1154.png 768w, https:\/\/artistartas.com\/wp-content\/uploads\/2025\/10\/dragonfly-1022x1536.png 1022w, https:\/\/artistartas.com\/wp-content\/uploads\/2025\/10\/dragonfly-1363x2048.png 1363w, https:\/\/artistartas.com\/wp-content\/uploads\/2025\/10\/dragonfly-600x901.png 600w, https:\/\/artistartas.com\/wp-content\/uploads\/2025\/10\/dragonfly.png 2008w\" sizes=\"(max-width: 682px) 100vw, 682px\" \/><\/a><\/p>\n<p><a href=\"http:\/\/artistartas.com\/wp-content\/uploads\/2025\/10\/dragonfly.png.png\"><img decoding=\"async\" loading=\"lazy\" class=\"alignnone wp-image-5379 size-large\" src=\"http:\/\/artistartas.com\/wp-content\/uploads\/2025\/10\/dragonfly.png-681x1024.png\" alt=\"Rank\u0173 darbo steampunk vabzd\u017eio \u2013 laum\u017eirgio \u2013 skulpt\u016bra\" width=\"681\" height=\"1024\" srcset=\"https:\/\/artistartas.com\/wp-content\/uploads\/2025\/10\/dragonfly.png-681x1024.png 681w, https:\/\/artistartas.com\/wp-content\/uploads\/2025\/10\/dragonfly.png-200x300.png 200w, https:\/\/artistartas.com\/wp-content\/uploads\/2025\/10\/dragonfly.png-768x1154.png 768w, https:\/\/artistartas.com\/wp-content\/uploads\/2025\/10\/dragonfly.png-1022x1536.png 1022w, https:\/\/artistartas.com\/wp-content\/uploads\/2025\/10\/dragonfly.png-600x902.png 600w, https:\/\/artistartas.com\/wp-content\/uploads\/2025\/10\/dragonfly.png.png 1024w\" sizes=\"(max-width: 681px) 100vw, 681px\" \/><\/a><\/p>\n<p><a href=\"http:\/\/artistartas.com\/wp-content\/uploads\/2025\/10\/dragonfly5-scaled.jpg\"><img decoding=\"async\" loading=\"lazy\" class=\"alignnone wp-image-5381\" src=\"http:\/\/artistartas.com\/wp-content\/uploads\/2025\/10\/dragonfly5-661x1024.jpg\" alt=\"Unikali metalo skulpt\u016bra \u2013 laum\u017eirgis\" width=\"679\" height=\"1052\" srcset=\"https:\/\/artistartas.com\/wp-content\/uploads\/2025\/10\/dragonfly5-661x1024.jpg 661w, https:\/\/artistartas.com\/wp-content\/uploads\/2025\/10\/dragonfly5-194x300.jpg 194w, https:\/\/artistartas.com\/wp-content\/uploads\/2025\/10\/dragonfly5-768x1190.jpg 768w, https:\/\/artistartas.com\/wp-content\/uploads\/2025\/10\/dragonfly5-991x1536.jpg 991w, https:\/\/artistartas.com\/wp-content\/uploads\/2025\/10\/dragonfly5-1321x2048.jpg 1321w, https:\/\/artistartas.com\/wp-content\/uploads\/2025\/10\/dragonfly5-600x930.jpg 600w, https:\/\/artistartas.com\/wp-content\/uploads\/2025\/10\/dragonfly5-scaled.jpg 1652w\" sizes=\"(max-width: 679px) 100vw, 679px\" \/><\/a><\/p>\n<p><a href=\"http:\/\/artistartas.com\/wp-content\/uploads\/2025\/10\/dragonfly3-scaled.jpg\"><img decoding=\"async\" loading=\"lazy\" class=\"alignnone wp-image-5383 size-large\" src=\"http:\/\/artistartas.com\/wp-content\/uploads\/2025\/10\/dragonfly3-681x1024.jpg\" alt=\"Laum\u017eirgio skulpt\u016bra interjerui, sukurta i\u0161 rast\u0173 objekt\u0173\" width=\"681\" height=\"1024\" srcset=\"https:\/\/artistartas.com\/wp-content\/uploads\/2025\/10\/dragonfly3-681x1024.jpg 681w, https:\/\/artistartas.com\/wp-content\/uploads\/2025\/10\/dragonfly3-200x300.jpg 200w, https:\/\/artistartas.com\/wp-content\/uploads\/2025\/10\/dragonfly3-768x1154.jpg 768w, https:\/\/artistartas.com\/wp-content\/uploads\/2025\/10\/dragonfly3-1022x1536.jpg 1022w, https:\/\/artistartas.com\/wp-content\/uploads\/2025\/10\/dragonfly3-1363x2048.jpg 1363w, https:\/\/artistartas.com\/wp-content\/uploads\/2025\/10\/dragonfly3-600x902.jpg 600w, https:\/\/artistartas.com\/wp-content\/uploads\/2025\/10\/dragonfly3-scaled.jpg 1703w\" sizes=\"(max-width: 681px) 100vw, 681px\" \/><\/a><\/p>\n<p><a href=\"http:\/\/artistartas.com\/wp-content\/uploads\/2025\/10\/dragonfly8-scaled.jpg\"><img decoding=\"async\" loading=\"lazy\" class=\"alignnone wp-image-5385 size-large\" src=\"http:\/\/artistartas.com\/wp-content\/uploads\/2025\/10\/dragonfly8-681x1024.jpg\" alt=\"laum\u017eirgis i\u0161 rast\u0173 objekt\u0173\" width=\"681\" height=\"1024\" srcset=\"https:\/\/artistartas.com\/wp-content\/uploads\/2025\/10\/dragonfly8-681x1024.jpg 681w, https:\/\/artistartas.com\/wp-content\/uploads\/2025\/10\/dragonfly8-200x300.jpg 200w, https:\/\/artistartas.com\/wp-content\/uploads\/2025\/10\/dragonfly8-768x1154.jpg 768w, https:\/\/artistartas.com\/wp-content\/uploads\/2025\/10\/dragonfly8-1022x1536.jpg 1022w, https:\/\/artistartas.com\/wp-content\/uploads\/2025\/10\/dragonfly8-1363x2048.jpg 1363w, https:\/\/artistartas.com\/wp-content\/uploads\/2025\/10\/dragonfly8-600x902.jpg 600w, https:\/\/artistartas.com\/wp-content\/uploads\/2025\/10\/dragonfly8-scaled.jpg 1703w\" sizes=\"(max-width: 681px) 100vw, 681px\" \/><\/a><\/p>\n","protected":false},"excerpt":{"rendered":"<p>\u201eLaum\u017eirgis\u201c \u2013 steampunk stiliaus skulpt\u016bra, sukurta i\u0161 rast\u0173 metalo detali\u0173. \u0160is k\u016brinys sujungia technikos precizi\u0161kum\u0105 ir gamtos grak\u0161tum\u0105 \u2013 metalin\u0117s konstrukcijos \u010dia virsta lengvu vabzd\u017eiu. Skulpt\u016bra primena tiek tikr\u0105 laum\u017eirg\u012f, tiek mechanin\u012f sraigtasparn\u012f, suteikdama \u017ei\u016brovui netik\u0117t\u0105 \u017eaismingumo ir humoro doz\u0119. \u0160is darbas i\u0161ry\u0161kina mano k\u016brybos esm\u0119 \u2013 suteikti nauj\u0105 gyvenim\u0105 pamir\u0161tiems objektams, prikelti juos \u012ftikinamai [&hellip;]<\/p>\n","protected":false},"featured_media":5377,"template":"","meta":{"om_disable_all_campaigns":false,"_exactmetrics_skip_tracking":false,"_exactmetrics_sitenote_active":false,"_exactmetrics_sitenote_note":"","_exactmetrics_sitenote_category":0,"_mi_skip_tracking":false,"_monsterinsights_sitenote_active":false,"_monsterinsights_sitenote_note":"","_monsterinsights_sitenote_category":0,"_uf_show_specific_survey":0,"_uf_disable_surveys":false},"product_cat":[537,134],"product_tag":[673,661,664,669,670,672,668,110,671],"aioseo_notices":[],"yoast_head":"<!-- This site is optimized with the Yoast SEO plugin v21.4 - https:\/\/yoast.com\/wordpress\/plugins\/seo\/ -->\n<title>Laum\u017eirgis- steampuk stiliaus skulpt\u016bra i\u0161 metalo<\/title>\n<meta name=\"description\" content=\"laum\u017eirgis-steampunk stiliaus skulpt\u016bra, sukurta i\u0161 rast\u0173 metalo detali\u0173. Unikali gamtos ir mechanikos derm\u0117 \u2013 i\u0161skirtinis kolekcinis k\u016brinys.\" \/>\n<meta name=\"robots\" content=\"index, follow, max-snippet:-1, max-image-preview:large, max-video-preview:-1\" \/>\n<link rel=\"canonical\" href=\"https:\/\/artistartas.com\/lt\/produktas\/laumzirgis-skulptura\/\" \/>\n<meta property=\"og:locale\" content=\"lt_LT\" \/>\n<meta property=\"og:type\" content=\"article\" \/>\n<meta property=\"og:title\" content=\"Laum\u017eirgis- steampuk stiliaus skulpt\u016bra i\u0161 metalo\" \/>\n<meta property=\"og:description\" content=\"laum\u017eirgis-steampunk stiliaus skulpt\u016bra, sukurta i\u0161 rast\u0173 metalo detali\u0173. Unikali gamtos ir mechanikos derm\u0117 \u2013 i\u0161skirtinis kolekcinis k\u016brinys.\" \/>\n<meta property=\"og:url\" content=\"https:\/\/artistartas.com\/lt\/produktas\/laumzirgis-skulptura\/\" \/>\n<meta property=\"og:site_name\" content=\"Art\u016bras Tama\u0161auskas\" \/>\n<meta property=\"article:modified_time\" content=\"2026-03-17T15:33:02+00:00\" \/>\n<meta property=\"og:image\" content=\"http:\/\/artistartas.com\/wp-content\/uploads\/2025\/10\/dragonfly-682x1024.png\" \/>\n\t<meta property=\"og:image:width\" content=\"682\" \/>\n\t<meta property=\"og:image:height\" content=\"1024\" \/>\n\t<meta property=\"og:image:type\" content=\"image\/png\" \/>\n<meta name=\"twitter:card\" content=\"summary_large_image\" \/>\n<meta name=\"twitter:label1\" content=\"Est. reading time\" \/>\n\t<meta name=\"twitter:data1\" content=\"2 minut\u0117s\" \/>\n<script type=\"application\/ld+json\" class=\"yoast-schema-graph\">{\"@context\":\"https:\/\/schema.org\",\"@graph\":[{\"@type\":\"WebPage\",\"@id\":\"https:\/\/artistartas.com\/lt\/produktas\/laumzirgis-skulptura\/\",\"url\":\"https:\/\/artistartas.com\/lt\/produktas\/laumzirgis-skulptura\/\",\"name\":\"Laum\u017eirgis- steampuk stiliaus skulpt\u016bra i\u0161 metalo\",\"isPartOf\":{\"@id\":\"https:\/\/artistartas.com\/#website\"},\"datePublished\":\"2025-10-26T15:48:06+00:00\",\"dateModified\":\"2026-03-17T15:33:02+00:00\",\"description\":\"laum\u017eirgis-steampunk stiliaus skulpt\u016bra, sukurta i\u0161 rast\u0173 metalo detali\u0173. Unikali gamtos ir mechanikos derm\u0117 \u2013 i\u0161skirtinis kolekcinis k\u016brinys.\",\"breadcrumb\":{\"@id\":\"https:\/\/artistartas.com\/lt\/produktas\/laumzirgis-skulptura\/#breadcrumb\"},\"inLanguage\":\"lt-LT\",\"potentialAction\":[{\"@type\":\"ReadAction\",\"target\":[\"https:\/\/artistartas.com\/lt\/produktas\/laumzirgis-skulptura\/\"]}]},{\"@type\":\"BreadcrumbList\",\"@id\":\"https:\/\/artistartas.com\/lt\/produktas\/laumzirgis-skulptura\/#breadcrumb\",\"itemListElement\":[{\"@type\":\"ListItem\",\"position\":1,\"name\":\"Home\",\"item\":\"https:\/\/artistartas.com\/lt\/\"},{\"@type\":\"ListItem\",\"position\":2,\"name\":\"Steampunk stiliaus darbai\",\"item\":\"https:\/\/artistartas.com\/lt\/\"},{\"@type\":\"ListItem\",\"position\":3,\"name\":\"Laum\u017eirgis\"}]},{\"@type\":\"WebSite\",\"@id\":\"https:\/\/artistartas.com\/#website\",\"url\":\"https:\/\/artistartas.com\/\",\"name\":\"Art\u016bras Tama\u0161auskas\",\"description\":\"Kol kas tik dar vienas WordPress tinklalapis\",\"publisher\":{\"@id\":\"https:\/\/artistartas.com\/#\/schema\/person\/8c3fb50aefa8758c1dcb9858b0cb9ad8\"},\"potentialAction\":[{\"@type\":\"SearchAction\",\"target\":{\"@type\":\"EntryPoint\",\"urlTemplate\":\"https:\/\/artistartas.com\/?s={search_term_string}\"},\"query-input\":\"required name=search_term_string\"}],\"inLanguage\":\"lt-LT\"},{\"@type\":[\"Person\",\"Organization\"],\"@id\":\"https:\/\/artistartas.com\/#\/schema\/person\/8c3fb50aefa8758c1dcb9858b0cb9ad8\",\"name\":\"Art\u016bras Tama\u0161auskas\",\"image\":{\"@type\":\"ImageObject\",\"inLanguage\":\"lt-LT\",\"@id\":\"https:\/\/artistartas.com\/#\/schema\/person\/image\/\",\"url\":\"https:\/\/secure.gravatar.com\/avatar\/dd558d298c85a97bbea60bbd1872a1e4?s=96&d=mm&r=g\",\"contentUrl\":\"https:\/\/secure.gravatar.com\/avatar\/dd558d298c85a97bbea60bbd1872a1e4?s=96&d=mm&r=g\",\"caption\":\"Art\u016bras Tama\u0161auskas\"},\"logo\":{\"@id\":\"https:\/\/artistartas.com\/#\/schema\/person\/image\/\"}}]}<\/script>\n<!-- \/ Yoast SEO plugin. -->","yoast_head_json":{"title":"Laum\u017eirgis- steampuk stiliaus skulpt\u016bra i\u0161 metalo","description":"laum\u017eirgis-steampunk stiliaus skulpt\u016bra, sukurta i\u0161 rast\u0173 metalo detali\u0173. Unikali gamtos ir mechanikos derm\u0117 \u2013 i\u0161skirtinis kolekcinis k\u016brinys.","robots":{"index":"index","follow":"follow","max-snippet":"max-snippet:-1","max-image-preview":"max-image-preview:large","max-video-preview":"max-video-preview:-1"},"canonical":"https:\/\/artistartas.com\/lt\/produktas\/laumzirgis-skulptura\/","og_locale":"lt_LT","og_type":"article","og_title":"Laum\u017eirgis- steampuk stiliaus skulpt\u016bra i\u0161 metalo","og_description":"laum\u017eirgis-steampunk stiliaus skulpt\u016bra, sukurta i\u0161 rast\u0173 metalo detali\u0173. Unikali gamtos ir mechanikos derm\u0117 \u2013 i\u0161skirtinis kolekcinis k\u016brinys.","og_url":"https:\/\/artistartas.com\/lt\/produktas\/laumzirgis-skulptura\/","og_site_name":"Art\u016bras Tama\u0161auskas","article_modified_time":"2026-03-17T15:33:02+00:00","og_image":[{"width":682,"height":1024,"url":"http:\/\/artistartas.com\/wp-content\/uploads\/2025\/10\/dragonfly-682x1024.png","type":"image\/png"}],"twitter_card":"summary_large_image","twitter_misc":{"Est. reading time":"2 minut\u0117s"},"schema":{"@context":"https:\/\/schema.org","@graph":[{"@type":"WebPage","@id":"https:\/\/artistartas.com\/lt\/produktas\/laumzirgis-skulptura\/","url":"https:\/\/artistartas.com\/lt\/produktas\/laumzirgis-skulptura\/","name":"Laum\u017eirgis- steampuk stiliaus skulpt\u016bra i\u0161 metalo","isPartOf":{"@id":"https:\/\/artistartas.com\/#website"},"datePublished":"2025-10-26T15:48:06+00:00","dateModified":"2026-03-17T15:33:02+00:00","description":"laum\u017eirgis-steampunk stiliaus skulpt\u016bra, sukurta i\u0161 rast\u0173 metalo detali\u0173. Unikali gamtos ir mechanikos derm\u0117 \u2013 i\u0161skirtinis kolekcinis k\u016brinys.","breadcrumb":{"@id":"https:\/\/artistartas.com\/lt\/produktas\/laumzirgis-skulptura\/#breadcrumb"},"inLanguage":"lt-LT","potentialAction":[{"@type":"ReadAction","target":["https:\/\/artistartas.com\/lt\/produktas\/laumzirgis-skulptura\/"]}]},{"@type":"BreadcrumbList","@id":"https:\/\/artistartas.com\/lt\/produktas\/laumzirgis-skulptura\/#breadcrumb","itemListElement":[{"@type":"ListItem","position":1,"name":"Home","item":"https:\/\/artistartas.com\/lt\/"},{"@type":"ListItem","position":2,"name":"Steampunk stiliaus darbai","item":"https:\/\/artistartas.com\/lt\/"},{"@type":"ListItem","position":3,"name":"Laum\u017eirgis"}]},{"@type":"WebSite","@id":"https:\/\/artistartas.com\/#website","url":"https:\/\/artistartas.com\/","name":"Art\u016bras Tama\u0161auskas","description":"Kol kas tik dar vienas WordPress tinklalapis","publisher":{"@id":"https:\/\/artistartas.com\/#\/schema\/person\/8c3fb50aefa8758c1dcb9858b0cb9ad8"},"potentialAction":[{"@type":"SearchAction","target":{"@type":"EntryPoint","urlTemplate":"https:\/\/artistartas.com\/?s={search_term_string}"},"query-input":"required name=search_term_string"}],"inLanguage":"lt-LT"},{"@type":["Person","Organization"],"@id":"https:\/\/artistartas.com\/#\/schema\/person\/8c3fb50aefa8758c1dcb9858b0cb9ad8","name":"Art\u016bras Tama\u0161auskas","image":{"@type":"ImageObject","inLanguage":"lt-LT","@id":"https:\/\/artistartas.com\/#\/schema\/person\/image\/","url":"https:\/\/secure.gravatar.com\/avatar\/dd558d298c85a97bbea60bbd1872a1e4?s=96&d=mm&r=g","contentUrl":"https:\/\/secure.gravatar.com\/avatar\/dd558d298c85a97bbea60bbd1872a1e4?s=96&d=mm&r=g","caption":"Art\u016bras Tama\u0161auskas"},"logo":{"@id":"https:\/\/artistartas.com\/#\/schema\/person\/image\/"}}]}},"_links":{"self":[{"href":"https:\/\/artistartas.com\/lt\/wp-json\/wp\/v2\/product\/5373"}],"collection":[{"href":"https:\/\/artistartas.com\/lt\/wp-json\/wp\/v2\/product"}],"about":[{"href":"https:\/\/artistartas.com\/lt\/wp-json\/wp\/v2\/types\/product"}],"wp:featuredmedia":[{"embeddable":true,"href":"https:\/\/artistartas.com\/lt\/wp-json\/wp\/v2\/media\/5377"}],"wp:attachment":[{"href":"https:\/\/artistartas.com\/lt\/wp-json\/wp\/v2\/media?parent=5373"}],"wp:term":[{"taxonomy":"product_cat","embeddable":true,"href":"https:\/\/artistartas.com\/lt\/wp-json\/wp\/v2\/product_cat?post=5373"},{"taxonomy":"product_tag","embeddable":true,"href":"https:\/\/artistartas.com\/lt\/wp-json\/wp\/v2\/product_tag?post=5373"}],"curies":[{"name":"wp","href":"https:\/\/api.w.org\/{rel}","templated":true}]}}