{"id":5372,"date":"2025-10-26T16:49:02","date_gmt":"2025-10-26T14:49:02","guid":{"rendered":"https:\/\/artistartas.com\/?post_type=product&#038;p=5372"},"modified":"2026-03-17T17:34:25","modified_gmt":"2026-03-17T15:34:25","slug":"sirdis-steampunk-skulptura","status":"publish","type":"product","link":"https:\/\/artistartas.com\/lt\/produktas\/sirdis-steampunk-skulptura\/","title":{"rendered":"\u0160irdis(Mutacija)"},"content":{"rendered":"<p data-start=\"179\" data-end=\"521\"><strong data-start=\"179\" data-end=\"215\">\u0160irdis \u2013 ateities vizija metale.<\/strong><br data-start=\"215\" data-end=\"218\" \/>\u0160i\u0105 skulpt\u016br\u0105 suk\u016briau i\u0161 motocikl\u0173, automobilio ir kit\u0173 rast\u0173 detali\u0173. Id\u0117ja gim\u0117 intuityviai \u2013 \u017evelgdamas \u012f motociklo variklio dal\u012f pasteb\u0117jau, kad jos forma primena \u0161ird\u012f. Mintis apie tai, kad visatoje nesame vieni, mane visada domino. A\u0161 tikiu \u0161ia id\u0117ja, ir ji nat\u016braliai atsispindi mano k\u016bryboje.<\/p>\n<p data-start=\"523\" data-end=\"798\">Mane \u017eavi mechanizmai ir robotai, o \u0161i aistra persipina ir \u0161ioje skulpt\u016broje. \u201e\u0160irdis\u201c primena ka\u017ek\u0105 i\u0161 ateities \u2013 tarsi mutavusi ma\u0161inos \u0161irdis, atgimusi robot\u0173 karuose. \u0160is k\u016brinys kvie\u010dia pasinerti \u012f fantazijos pasaul\u012f, kuriame i\u0161nyksta ribos tarp \u017emogaus ir mechanikos.<\/p>\n<p data-start=\"800\" data-end=\"886\">Tai mano ateities vizija \u2013 to, kas laukia, kai susidurs technologijos ir ne\u017einomyb\u0117.<\/p>\n<hr data-start=\"888\" data-end=\"891\" \/>\n<h3 data-start=\"893\" data-end=\"911\"><strong data-start=\"897\" data-end=\"911\">Med\u017eiagos:<\/strong><\/h3>\n<p data-start=\"912\" data-end=\"1042\">Motociklo cilindrai, \u201eVolkswagen Golf\u201c alk\u016bninio veleno detal\u0117, santechnikos dalys, vandens \u010diaupo ranken\u0117l\u0117s ir kiti elementai.<\/p>\n<p data-start=\"1044\" data-end=\"1130\"><strong data-start=\"1044\" data-end=\"1057\">Matmenys:<\/strong> 65&#215;22 cm<br data-start=\"1066\" data-end=\"1069\" \/><strong data-start=\"1069\" data-end=\"1080\">Svoris:<\/strong> 11,7 kg<br data-start=\"1088\" data-end=\"1091\" \/><strong data-start=\"1091\" data-end=\"1101\">Metai:<\/strong> 2023<br data-start=\"1106\" data-end=\"1109\" \/><strong data-start=\"1109\" data-end=\"1119\">Kaina:<\/strong> 1100 Eur<\/p>\n<p data-start=\"1044\" data-end=\"1130\"><a href=\"http:\/\/artistartas.com\/wp-content\/uploads\/2024\/07\/heart1-scaled.jpg\"><img decoding=\"async\" loading=\"lazy\" class=\"alignnone wp-image-5243 size-large\" src=\"http:\/\/artistartas.com\/wp-content\/uploads\/2024\/07\/heart1-743x1024.jpg\" alt=\"Steampunk skulpt\u016bra \u201e\u0160irdis\u201c i\u0161 motocikl\u0173 ir automobilio detali\u0173\" width=\"743\" height=\"1024\" srcset=\"https:\/\/artistartas.com\/wp-content\/uploads\/2024\/07\/heart1-743x1024.jpg 743w, https:\/\/artistartas.com\/wp-content\/uploads\/2024\/07\/heart1-218x300.jpg 218w, https:\/\/artistartas.com\/wp-content\/uploads\/2024\/07\/heart1-768x1058.jpg 768w, https:\/\/artistartas.com\/wp-content\/uploads\/2024\/07\/heart1-1115x1536.jpg 1115w, https:\/\/artistartas.com\/wp-content\/uploads\/2024\/07\/heart1-1486x2048.jpg 1486w, https:\/\/artistartas.com\/wp-content\/uploads\/2024\/07\/heart1-600x827.jpg 600w, https:\/\/artistartas.com\/wp-content\/uploads\/2024\/07\/heart1-scaled.jpg 1858w\" sizes=\"(max-width: 743px) 100vw, 743px\" \/><\/a><\/p>\n<p data-start=\"1044\" data-end=\"1130\"><a href=\"http:\/\/artistartas.com\/wp-content\/uploads\/2024\/07\/heart-scaled.jpg\"><img decoding=\"async\" loading=\"lazy\" class=\"alignnone wp-image-5241 size-large\" src=\"http:\/\/artistartas.com\/wp-content\/uploads\/2024\/07\/heart-724x1024.jpg\" alt=\"Rank\u0173 darbo metalo skulpt\u016bra \u201e\u0160irdis \u2013 Mutacija\u201c\" width=\"724\" height=\"1024\" srcset=\"https:\/\/artistartas.com\/wp-content\/uploads\/2024\/07\/heart-724x1024.jpg 724w, https:\/\/artistartas.com\/wp-content\/uploads\/2024\/07\/heart-212x300.jpg 212w, https:\/\/artistartas.com\/wp-content\/uploads\/2024\/07\/heart-768x1085.jpg 768w, https:\/\/artistartas.com\/wp-content\/uploads\/2024\/07\/heart-1087x1536.jpg 1087w, https:\/\/artistartas.com\/wp-content\/uploads\/2024\/07\/heart-1449x2048.jpg 1449w, https:\/\/artistartas.com\/wp-content\/uploads\/2024\/07\/heart-600x848.jpg 600w, https:\/\/artistartas.com\/wp-content\/uploads\/2024\/07\/heart-scaled.jpg 1811w\" sizes=\"(max-width: 724px) 100vw, 724px\" \/><\/a><\/p>\n<p data-start=\"1044\" data-end=\"1130\"><a href=\"http:\/\/artistartas.com\/wp-content\/uploads\/2024\/07\/heart2-scaled.jpg\"><img decoding=\"async\" loading=\"lazy\" class=\"alignnone wp-image-5245 size-large\" src=\"http:\/\/artistartas.com\/wp-content\/uploads\/2024\/07\/heart2-681x1024.jpg\" alt=\"Metalin\u0117 \u0161irdies skulpt\u016bra \u2013 ateities vizija steampunk stiliumi\" width=\"681\" height=\"1024\" srcset=\"https:\/\/artistartas.com\/wp-content\/uploads\/2024\/07\/heart2-681x1024.jpg 681w, https:\/\/artistartas.com\/wp-content\/uploads\/2024\/07\/heart2-200x300.jpg 200w, https:\/\/artistartas.com\/wp-content\/uploads\/2024\/07\/heart2-768x1155.jpg 768w, https:\/\/artistartas.com\/wp-content\/uploads\/2024\/07\/heart2-1021x1536.jpg 1021w, https:\/\/artistartas.com\/wp-content\/uploads\/2024\/07\/heart2-1362x2048.jpg 1362w, https:\/\/artistartas.com\/wp-content\/uploads\/2024\/07\/heart2-600x902.jpg 600w, https:\/\/artistartas.com\/wp-content\/uploads\/2024\/07\/heart2-scaled.jpg 1702w\" sizes=\"(max-width: 681px) 100vw, 681px\" \/><\/a><\/p>\n<p data-start=\"1044\" data-end=\"1130\"><a href=\"http:\/\/artistartas.com\/wp-content\/uploads\/2024\/07\/heart5-scaled.jpg\"><img decoding=\"async\" loading=\"lazy\" class=\"alignnone wp-image-5249 size-large\" src=\"http:\/\/artistartas.com\/wp-content\/uploads\/2024\/07\/heart5-768x1024.jpg\" alt=\"Mechanin\u0117 \u0161irdis i\u0161 rast\u0173 detali\u0173 \u2013 steampunk menas\" width=\"768\" height=\"1024\" srcset=\"https:\/\/artistartas.com\/wp-content\/uploads\/2024\/07\/heart5-768x1024.jpg 768w, https:\/\/artistartas.com\/wp-content\/uploads\/2024\/07\/heart5-225x300.jpg 225w, https:\/\/artistartas.com\/wp-content\/uploads\/2024\/07\/heart5-1152x1536.jpg 1152w, https:\/\/artistartas.com\/wp-content\/uploads\/2024\/07\/heart5-1536x2048.jpg 1536w, https:\/\/artistartas.com\/wp-content\/uploads\/2024\/07\/heart5-600x800.jpg 600w, https:\/\/artistartas.com\/wp-content\/uploads\/2024\/07\/heart5-scaled.jpg 1920w\" sizes=\"(max-width: 768px) 100vw, 768px\" \/><\/a><\/p>\n<p data-start=\"1044\" data-end=\"1130\"><a href=\"http:\/\/artistartas.com\/wp-content\/uploads\/2024\/07\/heart4-scaled.jpg\"><img decoding=\"async\" loading=\"lazy\" class=\"alignnone wp-image-5247\" src=\"http:\/\/artistartas.com\/wp-content\/uploads\/2024\/07\/heart4-697x1024.jpg\" alt=\"Unikali steampunk skulpt\u016bra i\u0161 variklio ir santechnikos detali\u0173\" width=\"769\" height=\"1129\" srcset=\"https:\/\/artistartas.com\/wp-content\/uploads\/2024\/07\/heart4-697x1024.jpg 697w, https:\/\/artistartas.com\/wp-content\/uploads\/2024\/07\/heart4-204x300.jpg 204w, https:\/\/artistartas.com\/wp-content\/uploads\/2024\/07\/heart4-768x1129.jpg 768w, https:\/\/artistartas.com\/wp-content\/uploads\/2024\/07\/heart4-1045x1536.jpg 1045w, https:\/\/artistartas.com\/wp-content\/uploads\/2024\/07\/heart4-1394x2048.jpg 1394w, https:\/\/artistartas.com\/wp-content\/uploads\/2024\/07\/heart4-600x882.jpg 600w, https:\/\/artistartas.com\/wp-content\/uploads\/2024\/07\/heart4-scaled.jpg 1742w\" sizes=\"(max-width: 769px) 100vw, 769px\" \/><\/a><\/p>\n","protected":false},"excerpt":{"rendered":"<p>\u0160irdis \u2013 ateities vizija metale.\u0160i\u0105 skulpt\u016br\u0105 suk\u016briau i\u0161 motocikl\u0173, automobilio ir kit\u0173 rast\u0173 detali\u0173. Id\u0117ja gim\u0117 intuityviai \u2013 \u017evelgdamas \u012f motociklo variklio dal\u012f pasteb\u0117jau, kad jos forma primena \u0161ird\u012f. Mintis apie tai, kad visatoje nesame vieni, mane visada domino. A\u0161 tikiu \u0161ia id\u0117ja, ir ji nat\u016braliai atsispindi mano k\u016bryboje. Mane \u017eavi mechanizmai ir robotai, o [&hellip;]<\/p>\n","protected":false},"featured_media":5243,"template":"","meta":{"om_disable_all_campaigns":false,"_exactmetrics_skip_tracking":false,"_exactmetrics_sitenote_active":false,"_exactmetrics_sitenote_note":"","_exactmetrics_sitenote_category":0,"_mi_skip_tracking":false,"_monsterinsights_sitenote_active":false,"_monsterinsights_sitenote_note":"","_monsterinsights_sitenote_category":0,"_uf_show_specific_survey":0,"_uf_disable_surveys":false},"product_cat":[134],"product_tag":[661,669,667,663,668,665,666],"aioseo_notices":[],"yoast_head":"<!-- This site is optimized with the Yoast SEO plugin v21.4 - https:\/\/yoast.com\/wordpress\/plugins\/seo\/ -->\n<title>\u0160irdis \u2013 steampunk stiliaus metalo skulpt\u016bra<\/title>\n<meta name=\"description\" content=\"Rank\u0173 darbo steampunk skulpt\u016bra \u201e\u0160irdis\u201c, sukurta i\u0161 motocikl\u0173 ir automobilio detali\u0173. Ateities vizija metale \u2013 \u017emogaus ir technologij\u0173 susiliejimas.\" \/>\n<meta name=\"robots\" content=\"index, follow, max-snippet:-1, max-image-preview:large, max-video-preview:-1\" \/>\n<link rel=\"canonical\" href=\"https:\/\/artistartas.com\/lt\/produktas\/sirdis-steampunk-skulptura\/\" \/>\n<meta property=\"og:locale\" content=\"lt_LT\" \/>\n<meta property=\"og:type\" content=\"article\" \/>\n<meta property=\"og:title\" content=\"\u0160irdis \u2013 steampunk stiliaus metalo skulpt\u016bra\" \/>\n<meta property=\"og:description\" content=\"Rank\u0173 darbo steampunk skulpt\u016bra \u201e\u0160irdis\u201c, sukurta i\u0161 motocikl\u0173 ir automobilio detali\u0173. Ateities vizija metale \u2013 \u017emogaus ir technologij\u0173 susiliejimas.\" \/>\n<meta property=\"og:url\" content=\"https:\/\/artistartas.com\/lt\/produktas\/sirdis-steampunk-skulptura\/\" \/>\n<meta property=\"og:site_name\" content=\"Art\u016bras Tama\u0161auskas\" \/>\n<meta property=\"article:modified_time\" content=\"2026-03-17T15:34:25+00:00\" \/>\n<meta property=\"og:image\" content=\"http:\/\/artistartas.com\/wp-content\/uploads\/2024\/07\/heart1-scaled.jpg\" \/>\n\t<meta property=\"og:image:width\" content=\"1858\" \/>\n\t<meta property=\"og:image:height\" content=\"2560\" \/>\n\t<meta property=\"og:image:type\" content=\"image\/jpeg\" \/>\n<meta name=\"twitter:card\" content=\"summary_large_image\" \/>\n<meta name=\"twitter:label1\" content=\"Est. reading time\" \/>\n\t<meta name=\"twitter:data1\" content=\"2 minut\u0117s\" \/>\n<script type=\"application\/ld+json\" class=\"yoast-schema-graph\">{\"@context\":\"https:\/\/schema.org\",\"@graph\":[{\"@type\":\"WebPage\",\"@id\":\"https:\/\/artistartas.com\/lt\/produktas\/sirdis-steampunk-skulptura\/\",\"url\":\"https:\/\/artistartas.com\/lt\/produktas\/sirdis-steampunk-skulptura\/\",\"name\":\"\u0160irdis \u2013 steampunk stiliaus metalo skulpt\u016bra\",\"isPartOf\":{\"@id\":\"https:\/\/artistartas.com\/#website\"},\"datePublished\":\"2025-10-26T14:49:02+00:00\",\"dateModified\":\"2026-03-17T15:34:25+00:00\",\"description\":\"Rank\u0173 darbo steampunk skulpt\u016bra \u201e\u0160irdis\u201c, sukurta i\u0161 motocikl\u0173 ir automobilio detali\u0173. Ateities vizija metale \u2013 \u017emogaus ir technologij\u0173 susiliejimas.\",\"breadcrumb\":{\"@id\":\"https:\/\/artistartas.com\/lt\/produktas\/sirdis-steampunk-skulptura\/#breadcrumb\"},\"inLanguage\":\"lt-LT\",\"potentialAction\":[{\"@type\":\"ReadAction\",\"target\":[\"https:\/\/artistartas.com\/lt\/produktas\/sirdis-steampunk-skulptura\/\"]}]},{\"@type\":\"BreadcrumbList\",\"@id\":\"https:\/\/artistartas.com\/lt\/produktas\/sirdis-steampunk-skulptura\/#breadcrumb\",\"itemListElement\":[{\"@type\":\"ListItem\",\"position\":1,\"name\":\"Home\",\"item\":\"https:\/\/artistartas.com\/lt\/\"},{\"@type\":\"ListItem\",\"position\":2,\"name\":\"Steampunk stiliaus darbai\",\"item\":\"https:\/\/artistartas.com\/lt\/\"},{\"@type\":\"ListItem\",\"position\":3,\"name\":\"\u0160irdis(Mutacija)\"}]},{\"@type\":\"WebSite\",\"@id\":\"https:\/\/artistartas.com\/#website\",\"url\":\"https:\/\/artistartas.com\/\",\"name\":\"Art\u016bras Tama\u0161auskas\",\"description\":\"Kol kas tik dar vienas WordPress tinklalapis\",\"publisher\":{\"@id\":\"https:\/\/artistartas.com\/#\/schema\/person\/8c3fb50aefa8758c1dcb9858b0cb9ad8\"},\"potentialAction\":[{\"@type\":\"SearchAction\",\"target\":{\"@type\":\"EntryPoint\",\"urlTemplate\":\"https:\/\/artistartas.com\/?s={search_term_string}\"},\"query-input\":\"required name=search_term_string\"}],\"inLanguage\":\"lt-LT\"},{\"@type\":[\"Person\",\"Organization\"],\"@id\":\"https:\/\/artistartas.com\/#\/schema\/person\/8c3fb50aefa8758c1dcb9858b0cb9ad8\",\"name\":\"Art\u016bras Tama\u0161auskas\",\"image\":{\"@type\":\"ImageObject\",\"inLanguage\":\"lt-LT\",\"@id\":\"https:\/\/artistartas.com\/#\/schema\/person\/image\/\",\"url\":\"https:\/\/secure.gravatar.com\/avatar\/dd558d298c85a97bbea60bbd1872a1e4?s=96&d=mm&r=g\",\"contentUrl\":\"https:\/\/secure.gravatar.com\/avatar\/dd558d298c85a97bbea60bbd1872a1e4?s=96&d=mm&r=g\",\"caption\":\"Art\u016bras Tama\u0161auskas\"},\"logo\":{\"@id\":\"https:\/\/artistartas.com\/#\/schema\/person\/image\/\"}}]}<\/script>\n<!-- \/ Yoast SEO plugin. -->","yoast_head_json":{"title":"\u0160irdis \u2013 steampunk stiliaus metalo skulpt\u016bra","description":"Rank\u0173 darbo steampunk skulpt\u016bra \u201e\u0160irdis\u201c, sukurta i\u0161 motocikl\u0173 ir automobilio detali\u0173. Ateities vizija metale \u2013 \u017emogaus ir technologij\u0173 susiliejimas.","robots":{"index":"index","follow":"follow","max-snippet":"max-snippet:-1","max-image-preview":"max-image-preview:large","max-video-preview":"max-video-preview:-1"},"canonical":"https:\/\/artistartas.com\/lt\/produktas\/sirdis-steampunk-skulptura\/","og_locale":"lt_LT","og_type":"article","og_title":"\u0160irdis \u2013 steampunk stiliaus metalo skulpt\u016bra","og_description":"Rank\u0173 darbo steampunk skulpt\u016bra \u201e\u0160irdis\u201c, sukurta i\u0161 motocikl\u0173 ir automobilio detali\u0173. Ateities vizija metale \u2013 \u017emogaus ir technologij\u0173 susiliejimas.","og_url":"https:\/\/artistartas.com\/lt\/produktas\/sirdis-steampunk-skulptura\/","og_site_name":"Art\u016bras Tama\u0161auskas","article_modified_time":"2026-03-17T15:34:25+00:00","og_image":[{"width":1858,"height":2560,"url":"http:\/\/artistartas.com\/wp-content\/uploads\/2024\/07\/heart1-scaled.jpg","type":"image\/jpeg"}],"twitter_card":"summary_large_image","twitter_misc":{"Est. reading time":"2 minut\u0117s"},"schema":{"@context":"https:\/\/schema.org","@graph":[{"@type":"WebPage","@id":"https:\/\/artistartas.com\/lt\/produktas\/sirdis-steampunk-skulptura\/","url":"https:\/\/artistartas.com\/lt\/produktas\/sirdis-steampunk-skulptura\/","name":"\u0160irdis \u2013 steampunk stiliaus metalo skulpt\u016bra","isPartOf":{"@id":"https:\/\/artistartas.com\/#website"},"datePublished":"2025-10-26T14:49:02+00:00","dateModified":"2026-03-17T15:34:25+00:00","description":"Rank\u0173 darbo steampunk skulpt\u016bra \u201e\u0160irdis\u201c, sukurta i\u0161 motocikl\u0173 ir automobilio detali\u0173. Ateities vizija metale \u2013 \u017emogaus ir technologij\u0173 susiliejimas.","breadcrumb":{"@id":"https:\/\/artistartas.com\/lt\/produktas\/sirdis-steampunk-skulptura\/#breadcrumb"},"inLanguage":"lt-LT","potentialAction":[{"@type":"ReadAction","target":["https:\/\/artistartas.com\/lt\/produktas\/sirdis-steampunk-skulptura\/"]}]},{"@type":"BreadcrumbList","@id":"https:\/\/artistartas.com\/lt\/produktas\/sirdis-steampunk-skulptura\/#breadcrumb","itemListElement":[{"@type":"ListItem","position":1,"name":"Home","item":"https:\/\/artistartas.com\/lt\/"},{"@type":"ListItem","position":2,"name":"Steampunk stiliaus darbai","item":"https:\/\/artistartas.com\/lt\/"},{"@type":"ListItem","position":3,"name":"\u0160irdis(Mutacija)"}]},{"@type":"WebSite","@id":"https:\/\/artistartas.com\/#website","url":"https:\/\/artistartas.com\/","name":"Art\u016bras Tama\u0161auskas","description":"Kol kas tik dar vienas WordPress tinklalapis","publisher":{"@id":"https:\/\/artistartas.com\/#\/schema\/person\/8c3fb50aefa8758c1dcb9858b0cb9ad8"},"potentialAction":[{"@type":"SearchAction","target":{"@type":"EntryPoint","urlTemplate":"https:\/\/artistartas.com\/?s={search_term_string}"},"query-input":"required name=search_term_string"}],"inLanguage":"lt-LT"},{"@type":["Person","Organization"],"@id":"https:\/\/artistartas.com\/#\/schema\/person\/8c3fb50aefa8758c1dcb9858b0cb9ad8","name":"Art\u016bras Tama\u0161auskas","image":{"@type":"ImageObject","inLanguage":"lt-LT","@id":"https:\/\/artistartas.com\/#\/schema\/person\/image\/","url":"https:\/\/secure.gravatar.com\/avatar\/dd558d298c85a97bbea60bbd1872a1e4?s=96&d=mm&r=g","contentUrl":"https:\/\/secure.gravatar.com\/avatar\/dd558d298c85a97bbea60bbd1872a1e4?s=96&d=mm&r=g","caption":"Art\u016bras Tama\u0161auskas"},"logo":{"@id":"https:\/\/artistartas.com\/#\/schema\/person\/image\/"}}]}},"_links":{"self":[{"href":"https:\/\/artistartas.com\/lt\/wp-json\/wp\/v2\/product\/5372"}],"collection":[{"href":"https:\/\/artistartas.com\/lt\/wp-json\/wp\/v2\/product"}],"about":[{"href":"https:\/\/artistartas.com\/lt\/wp-json\/wp\/v2\/types\/product"}],"wp:featuredmedia":[{"embeddable":true,"href":"https:\/\/artistartas.com\/lt\/wp-json\/wp\/v2\/media\/5243"}],"wp:attachment":[{"href":"https:\/\/artistartas.com\/lt\/wp-json\/wp\/v2\/media?parent=5372"}],"wp:term":[{"taxonomy":"product_cat","embeddable":true,"href":"https:\/\/artistartas.com\/lt\/wp-json\/wp\/v2\/product_cat?post=5372"},{"taxonomy":"product_tag","embeddable":true,"href":"https:\/\/artistartas.com\/lt\/wp-json\/wp\/v2\/product_tag?post=5372"}],"curies":[{"name":"wp","href":"https:\/\/api.w.org\/{rel}","templated":true}]}}