{"id":5314,"date":"2024-09-13T09:49:03","date_gmt":"2024-09-13T07:49:03","guid":{"rendered":"https:\/\/artistartas.com\/?post_type=product&#038;p=5314"},"modified":"2026-04-09T11:35:20","modified_gmt":"2026-04-09T09:35:20","slug":"paukstis","status":"publish","type":"product","link":"https:\/\/artistartas.com\/lt\/produktas\/paukstis\/","title":{"rendered":"Pauk\u0161tis"},"content":{"rendered":"<p>Pauk\u0161\u010dio forma sukurta pasitelkiant sujungtas metalines detales i\u0161 lauko padarg\u0173 ir \u012franki\u0173, kurios tampa organi\u0161ka visuma. \u0160is meno k\u016brinys pabr\u0117\u017eia gamtos ir \u017emogaus k\u016brybingumo s\u0105jung\u0105, atkreipdamas d\u0117mes\u012f \u012f perdirbimo ir tvarumo svarb\u0105. Stilinga ir charizmati\u0161ka, \u0161i skulpt\u016bra puikiai papildys modern\u0173 ar industrin\u012f interjer\u0105, suteikdama jam individualumo.<\/p>\n<p><strong>Simbolika:<\/strong><br \/>\nSkulpt\u016bra \u201eSkrydis\u201c kvie\u010dia susim\u0105styti apie laisv\u0117s prasm\u0119 ir \u017emogaus geb\u0117jim\u0105 atgauti harmonij\u0105 su gamta, panaudojant senas med\u017eiagas naujiems tikslams.<\/p>\n<p><strong>Pritaikymas:<\/strong><\/p>\n<ul>\n<li>Puikiai tinka kaip interjero akcentas namuose, biure ar meno galerijoje.<\/li>\n<li>Gali tapti prasminga dovana, simbolizuojan\u010dia laisv\u0119, k\u016brybi\u0161kum\u0105 ir naujas galimybes.<\/li>\n<\/ul>\n<p>\u012esigij\u0119 \u0161\u012f meno k\u016brin\u012f, j\u016bs ne tik prisid\u0117site prie tvarios k\u016brybos skatinimo, bet ir papuo\u0161ite savo erdv\u0119 i\u0161skirtiniu meno akcentu.<\/p>\n<p><strong>Matmenys<\/strong>: 41x66x23 cm<\/p>\n<p><strong>Svoris: <\/strong>17.7kg<\/p>\n<p><strong>Metai: <\/strong>2024<\/p>\n<p><strong>Kaina:<\/strong> 900 Eur<\/p>\n<p>&nbsp;<\/p>\n<p><a href=\"http:\/\/artistartas.com\/wp-content\/uploads\/2024\/09\/Skrydis-A.Tamasauskas-scaled.jpg\"><img decoding=\"async\" loading=\"lazy\" class=\"alignnone wp-image-5315\" src=\"http:\/\/artistartas.com\/wp-content\/uploads\/2024\/09\/Skrydis-A.Tamasauskas-1024x856.jpg\" alt=\"pauk\u0161tis skulpt\u016bra\" width=\"949\" height=\"793\" srcset=\"https:\/\/artistartas.com\/wp-content\/uploads\/2024\/09\/Skrydis-A.Tamasauskas-1024x856.jpg 1024w, https:\/\/artistartas.com\/wp-content\/uploads\/2024\/09\/Skrydis-A.Tamasauskas-300x251.jpg 300w, https:\/\/artistartas.com\/wp-content\/uploads\/2024\/09\/Skrydis-A.Tamasauskas-768x642.jpg 768w, https:\/\/artistartas.com\/wp-content\/uploads\/2024\/09\/Skrydis-A.Tamasauskas-1536x1284.jpg 1536w, https:\/\/artistartas.com\/wp-content\/uploads\/2024\/09\/Skrydis-A.Tamasauskas-2048x1712.jpg 2048w, https:\/\/artistartas.com\/wp-content\/uploads\/2024\/09\/Skrydis-A.Tamasauskas-600x502.jpg 600w, https:\/\/artistartas.com\/wp-content\/uploads\/2024\/09\/Skrydis-A.Tamasauskas-scaled.jpg 2560w\" sizes=\"(max-width: 949px) 100vw, 949px\" \/><\/a><\/p>\n<p><a href=\"http:\/\/artistartas.com\/wp-content\/uploads\/2024\/07\/Skrydis1-A.Tamasauskas-scaled.jpg\"><img decoding=\"async\" loading=\"lazy\" class=\"alignnone wp-image-5267\" src=\"http:\/\/artistartas.com\/wp-content\/uploads\/2024\/07\/Skrydis1-A.Tamasauskas-1024x989.jpg\" alt=\"pauk\u0161tis i\u0161 lauko padarg\u0173\" width=\"985\" height=\"951\" srcset=\"https:\/\/artistartas.com\/wp-content\/uploads\/2024\/07\/Skrydis1-A.Tamasauskas-1024x989.jpg 1024w, https:\/\/artistartas.com\/wp-content\/uploads\/2024\/07\/Skrydis1-A.Tamasauskas-300x290.jpg 300w, https:\/\/artistartas.com\/wp-content\/uploads\/2024\/07\/Skrydis1-A.Tamasauskas-768x742.jpg 768w, https:\/\/artistartas.com\/wp-content\/uploads\/2024\/07\/Skrydis1-A.Tamasauskas-1536x1484.jpg 1536w, https:\/\/artistartas.com\/wp-content\/uploads\/2024\/07\/Skrydis1-A.Tamasauskas-2048x1979.jpg 2048w, https:\/\/artistartas.com\/wp-content\/uploads\/2024\/07\/Skrydis1-A.Tamasauskas-600x580.jpg 600w, https:\/\/artistartas.com\/wp-content\/uploads\/2024\/07\/Skrydis1-A.Tamasauskas-scaled.jpg 2560w\" sizes=\"(max-width: 985px) 100vw, 985px\" \/><\/a><\/p>\n<p>&nbsp;<\/p>\n","protected":false},"excerpt":{"rendered":"<p>Pauk\u0161\u010dio forma sukurta pasitelkiant sujungtas metalines detales i\u0161 lauko padarg\u0173 ir \u012franki\u0173, kurios tampa organi\u0161ka visuma. \u0160is meno k\u016brinys pabr\u0117\u017eia gamtos ir \u017emogaus k\u016brybingumo s\u0105jung\u0105, atkreipdamas d\u0117mes\u012f \u012f perdirbimo ir tvarumo svarb\u0105. Stilinga ir charizmati\u0161ka, \u0161i skulpt\u016bra puikiai papildys modern\u0173 ar industrin\u012f interjer\u0105, suteikdama jam individualumo. Simbolika: Skulpt\u016bra \u201eSkrydis\u201c kvie\u010dia susim\u0105styti apie laisv\u0117s prasm\u0119 ir [&hellip;]<\/p>\n","protected":false},"featured_media":5315,"template":"","meta":{"om_disable_all_campaigns":false,"_exactmetrics_skip_tracking":false,"_exactmetrics_sitenote_active":false,"_exactmetrics_sitenote_note":"","_exactmetrics_sitenote_category":0,"_mi_skip_tracking":false,"_monsterinsights_sitenote_active":false,"_monsterinsights_sitenote_note":"","_monsterinsights_sitenote_category":0,"_uf_show_specific_survey":0,"_uf_disable_surveys":false},"product_cat":[134],"product_tag":[386,118,138,472,395],"aioseo_notices":[],"yoast_head":"<!-- This site is optimized with the Yoast SEO plugin v21.4 - https:\/\/yoast.com\/wordpress\/plugins\/seo\/ -->\n<title>Pauk\u0161tis. Skulpt\u016bra I\u0161 Lauko Padarg\u0173. Menas i\u0161 Metalo Lau\u017eo...<\/title>\n<meta name=\"description\" content=\"\u0160\u012f kart\u0105 pasirinkau man netradicin\u012f med\u017eiagos pasirinkim\u0105. I\u0161 lauko padarg\u0173 ir \u012franki\u0173 gim\u0117 pauk\u0161tis. Dalis sujungiau pusiau automatiniu MIG suvirinimu...\" \/>\n<meta name=\"robots\" content=\"index, follow, max-snippet:-1, max-image-preview:large, max-video-preview:-1\" \/>\n<link rel=\"canonical\" href=\"https:\/\/artistartas.com\/lt\/produktas\/paukstis\/\" \/>\n<meta property=\"og:locale\" content=\"lt_LT\" \/>\n<meta property=\"og:type\" content=\"article\" \/>\n<meta property=\"og:title\" content=\"Pauk\u0161tis. Skulpt\u016bra I\u0161 Lauko Padarg\u0173. Menas i\u0161 Metalo Lau\u017eo...\" \/>\n<meta property=\"og:description\" content=\"\u0160\u012f kart\u0105 pasirinkau man netradicin\u012f med\u017eiagos pasirinkim\u0105. I\u0161 lauko padarg\u0173 ir \u012franki\u0173 gim\u0117 pauk\u0161tis. Dalis sujungiau pusiau automatiniu MIG suvirinimu...\" \/>\n<meta property=\"og:url\" content=\"https:\/\/artistartas.com\/lt\/produktas\/paukstis\/\" \/>\n<meta property=\"og:site_name\" content=\"Art\u016bras Tama\u0161auskas\" \/>\n<meta property=\"article:modified_time\" content=\"2026-04-09T09:35:20+00:00\" \/>\n<meta property=\"og:image\" content=\"http:\/\/artistartas.com\/wp-content\/uploads\/2024\/09\/Skrydis-A.Tamasauskas-scaled.jpg\" \/>\n\t<meta property=\"og:image:width\" content=\"2560\" \/>\n\t<meta property=\"og:image:height\" content=\"2140\" \/>\n\t<meta property=\"og:image:type\" content=\"image\/jpeg\" \/>\n<meta name=\"twitter:card\" content=\"summary_large_image\" \/>\n<meta name=\"twitter:label1\" content=\"Est. reading time\" \/>\n\t<meta name=\"twitter:data1\" content=\"2 minut\u0117s\" \/>\n<script type=\"application\/ld+json\" class=\"yoast-schema-graph\">{\"@context\":\"https:\/\/schema.org\",\"@graph\":[{\"@type\":\"WebPage\",\"@id\":\"https:\/\/artistartas.com\/lt\/produktas\/paukstis\/\",\"url\":\"https:\/\/artistartas.com\/lt\/produktas\/paukstis\/\",\"name\":\"Pauk\u0161tis. Skulpt\u016bra I\u0161 Lauko Padarg\u0173. Menas i\u0161 Metalo Lau\u017eo...\",\"isPartOf\":{\"@id\":\"https:\/\/artistartas.com\/#website\"},\"datePublished\":\"2024-09-13T07:49:03+00:00\",\"dateModified\":\"2026-04-09T09:35:20+00:00\",\"description\":\"\u0160\u012f kart\u0105 pasirinkau man netradicin\u012f med\u017eiagos pasirinkim\u0105. I\u0161 lauko padarg\u0173 ir \u012franki\u0173 gim\u0117 pauk\u0161tis. Dalis sujungiau pusiau automatiniu MIG suvirinimu...\",\"breadcrumb\":{\"@id\":\"https:\/\/artistartas.com\/lt\/produktas\/paukstis\/#breadcrumb\"},\"inLanguage\":\"lt-LT\",\"potentialAction\":[{\"@type\":\"ReadAction\",\"target\":[\"https:\/\/artistartas.com\/lt\/produktas\/paukstis\/\"]}]},{\"@type\":\"BreadcrumbList\",\"@id\":\"https:\/\/artistartas.com\/lt\/produktas\/paukstis\/#breadcrumb\",\"itemListElement\":[{\"@type\":\"ListItem\",\"position\":1,\"name\":\"Home\",\"item\":\"https:\/\/artistartas.com\/lt\/\"},{\"@type\":\"ListItem\",\"position\":2,\"name\":\"Steampunk stiliaus darbai\",\"item\":\"https:\/\/artistartas.com\/lt\/\"},{\"@type\":\"ListItem\",\"position\":3,\"name\":\"Pauk\u0161tis\"}]},{\"@type\":\"WebSite\",\"@id\":\"https:\/\/artistartas.com\/#website\",\"url\":\"https:\/\/artistartas.com\/\",\"name\":\"Art\u016bras Tama\u0161auskas\",\"description\":\"Kol kas tik dar vienas WordPress tinklalapis\",\"publisher\":{\"@id\":\"https:\/\/artistartas.com\/#\/schema\/person\/8c3fb50aefa8758c1dcb9858b0cb9ad8\"},\"potentialAction\":[{\"@type\":\"SearchAction\",\"target\":{\"@type\":\"EntryPoint\",\"urlTemplate\":\"https:\/\/artistartas.com\/?s={search_term_string}\"},\"query-input\":\"required name=search_term_string\"}],\"inLanguage\":\"lt-LT\"},{\"@type\":[\"Person\",\"Organization\"],\"@id\":\"https:\/\/artistartas.com\/#\/schema\/person\/8c3fb50aefa8758c1dcb9858b0cb9ad8\",\"name\":\"Art\u016bras Tama\u0161auskas\",\"image\":{\"@type\":\"ImageObject\",\"inLanguage\":\"lt-LT\",\"@id\":\"https:\/\/artistartas.com\/#\/schema\/person\/image\/\",\"url\":\"https:\/\/secure.gravatar.com\/avatar\/dd558d298c85a97bbea60bbd1872a1e4?s=96&d=mm&r=g\",\"contentUrl\":\"https:\/\/secure.gravatar.com\/avatar\/dd558d298c85a97bbea60bbd1872a1e4?s=96&d=mm&r=g\",\"caption\":\"Art\u016bras Tama\u0161auskas\"},\"logo\":{\"@id\":\"https:\/\/artistartas.com\/#\/schema\/person\/image\/\"}}]}<\/script>\n<!-- \/ Yoast SEO plugin. -->","yoast_head_json":{"title":"Pauk\u0161tis. Skulpt\u016bra I\u0161 Lauko Padarg\u0173. Menas i\u0161 Metalo Lau\u017eo...","description":"\u0160\u012f kart\u0105 pasirinkau man netradicin\u012f med\u017eiagos pasirinkim\u0105. I\u0161 lauko padarg\u0173 ir \u012franki\u0173 gim\u0117 pauk\u0161tis. Dalis sujungiau pusiau automatiniu MIG suvirinimu...","robots":{"index":"index","follow":"follow","max-snippet":"max-snippet:-1","max-image-preview":"max-image-preview:large","max-video-preview":"max-video-preview:-1"},"canonical":"https:\/\/artistartas.com\/lt\/produktas\/paukstis\/","og_locale":"lt_LT","og_type":"article","og_title":"Pauk\u0161tis. Skulpt\u016bra I\u0161 Lauko Padarg\u0173. Menas i\u0161 Metalo Lau\u017eo...","og_description":"\u0160\u012f kart\u0105 pasirinkau man netradicin\u012f med\u017eiagos pasirinkim\u0105. I\u0161 lauko padarg\u0173 ir \u012franki\u0173 gim\u0117 pauk\u0161tis. Dalis sujungiau pusiau automatiniu MIG suvirinimu...","og_url":"https:\/\/artistartas.com\/lt\/produktas\/paukstis\/","og_site_name":"Art\u016bras Tama\u0161auskas","article_modified_time":"2026-04-09T09:35:20+00:00","og_image":[{"width":2560,"height":2140,"url":"http:\/\/artistartas.com\/wp-content\/uploads\/2024\/09\/Skrydis-A.Tamasauskas-scaled.jpg","type":"image\/jpeg"}],"twitter_card":"summary_large_image","twitter_misc":{"Est. reading time":"2 minut\u0117s"},"schema":{"@context":"https:\/\/schema.org","@graph":[{"@type":"WebPage","@id":"https:\/\/artistartas.com\/lt\/produktas\/paukstis\/","url":"https:\/\/artistartas.com\/lt\/produktas\/paukstis\/","name":"Pauk\u0161tis. Skulpt\u016bra I\u0161 Lauko Padarg\u0173. Menas i\u0161 Metalo Lau\u017eo...","isPartOf":{"@id":"https:\/\/artistartas.com\/#website"},"datePublished":"2024-09-13T07:49:03+00:00","dateModified":"2026-04-09T09:35:20+00:00","description":"\u0160\u012f kart\u0105 pasirinkau man netradicin\u012f med\u017eiagos pasirinkim\u0105. I\u0161 lauko padarg\u0173 ir \u012franki\u0173 gim\u0117 pauk\u0161tis. Dalis sujungiau pusiau automatiniu MIG suvirinimu...","breadcrumb":{"@id":"https:\/\/artistartas.com\/lt\/produktas\/paukstis\/#breadcrumb"},"inLanguage":"lt-LT","potentialAction":[{"@type":"ReadAction","target":["https:\/\/artistartas.com\/lt\/produktas\/paukstis\/"]}]},{"@type":"BreadcrumbList","@id":"https:\/\/artistartas.com\/lt\/produktas\/paukstis\/#breadcrumb","itemListElement":[{"@type":"ListItem","position":1,"name":"Home","item":"https:\/\/artistartas.com\/lt\/"},{"@type":"ListItem","position":2,"name":"Steampunk stiliaus darbai","item":"https:\/\/artistartas.com\/lt\/"},{"@type":"ListItem","position":3,"name":"Pauk\u0161tis"}]},{"@type":"WebSite","@id":"https:\/\/artistartas.com\/#website","url":"https:\/\/artistartas.com\/","name":"Art\u016bras Tama\u0161auskas","description":"Kol kas tik dar vienas WordPress tinklalapis","publisher":{"@id":"https:\/\/artistartas.com\/#\/schema\/person\/8c3fb50aefa8758c1dcb9858b0cb9ad8"},"potentialAction":[{"@type":"SearchAction","target":{"@type":"EntryPoint","urlTemplate":"https:\/\/artistartas.com\/?s={search_term_string}"},"query-input":"required name=search_term_string"}],"inLanguage":"lt-LT"},{"@type":["Person","Organization"],"@id":"https:\/\/artistartas.com\/#\/schema\/person\/8c3fb50aefa8758c1dcb9858b0cb9ad8","name":"Art\u016bras Tama\u0161auskas","image":{"@type":"ImageObject","inLanguage":"lt-LT","@id":"https:\/\/artistartas.com\/#\/schema\/person\/image\/","url":"https:\/\/secure.gravatar.com\/avatar\/dd558d298c85a97bbea60bbd1872a1e4?s=96&d=mm&r=g","contentUrl":"https:\/\/secure.gravatar.com\/avatar\/dd558d298c85a97bbea60bbd1872a1e4?s=96&d=mm&r=g","caption":"Art\u016bras Tama\u0161auskas"},"logo":{"@id":"https:\/\/artistartas.com\/#\/schema\/person\/image\/"}}]}},"_links":{"self":[{"href":"https:\/\/artistartas.com\/lt\/wp-json\/wp\/v2\/product\/5314"}],"collection":[{"href":"https:\/\/artistartas.com\/lt\/wp-json\/wp\/v2\/product"}],"about":[{"href":"https:\/\/artistartas.com\/lt\/wp-json\/wp\/v2\/types\/product"}],"wp:featuredmedia":[{"embeddable":true,"href":"https:\/\/artistartas.com\/lt\/wp-json\/wp\/v2\/media\/5315"}],"wp:attachment":[{"href":"https:\/\/artistartas.com\/lt\/wp-json\/wp\/v2\/media?parent=5314"}],"wp:term":[{"taxonomy":"product_cat","embeddable":true,"href":"https:\/\/artistartas.com\/lt\/wp-json\/wp\/v2\/product_cat?post=5314"},{"taxonomy":"product_tag","embeddable":true,"href":"https:\/\/artistartas.com\/lt\/wp-json\/wp\/v2\/product_tag?post=5314"}],"curies":[{"name":"wp","href":"https:\/\/api.w.org\/{rel}","templated":true}]}}