{"id":5211,"date":"2024-07-05T14:11:02","date_gmt":"2024-07-05T12:11:02","guid":{"rendered":"https:\/\/artistartas.com\/?post_type=product&#038;p=5211"},"modified":"2026-04-09T11:31:42","modified_gmt":"2026-04-09T09:31:42","slug":"zuvis-2","status":"publish","type":"product","link":"https:\/\/artistartas.com\/lt\/produktas\/zuvis-2\/","title":{"rendered":"\u017duvis"},"content":{"rendered":"<p>Tai jau antroji \u017euvis, kuriai gamindamas naudojau muzikos instrumento dalis, tod\u0117l tai pana\u0161u \u012f muzik\u0105 m\u0117gstan\u010di\u0105 ar muzikali\u0105 \u017euv\u012f. Pagrinde dominuoja varis, ta\u010diau yra ir detali\u0173 i\u0161 \u017ealvario bei ner\u016bdijan\u010dio plieno. Visos dalys yra tarpusavyje sujungtos var\u017etais.<\/p>\n<p>Pagrindin\u0117s detal\u0117s:<\/p>\n<p>Korpusas &#8211; varinis bakas degalams laikyti, trimitas \u017ealvaris<\/p>\n<p>Galva \u2013 ner\u016bdijan\u010dio plieno dalis, odontologijoje naudojama ner\u016bdijan\u010dio plieno forma, varini\u0173 vaz\u0173 dalys<\/p>\n<p>Pelekai- i\u0161pjauti i\u0161 metalin\u0117s skalbimo lentos gabalo<\/p>\n<p>Stovas- golfo lazdos kotas, veidrod\u017eio korpusas nuo motociklo,, Harley Davidson,, ner\u016bdijan\u010dio plieno pad\u0117klas<\/p>\n<p><strong>Matmenys<\/strong>: 47x50x12 cm<\/p>\n<p><strong>Svoris: <\/strong>4kg<\/p>\n<p><strong>Metai: <\/strong>2023<\/p>\n<p><strong>Kaina:<\/strong> 1300 Eur<\/p>\n<p>&nbsp;<\/p>\n<p><a href=\"http:\/\/artistartas.com\/wp-content\/uploads\/2023\/10\/fishxx-scaled.jpg\"><img decoding=\"async\" loading=\"lazy\" class=\"alignnone wp-image-5138\" src=\"http:\/\/artistartas.com\/wp-content\/uploads\/2023\/10\/fishxx-959x1024.jpg\" alt=\"\u017duvis skulpt\u016bra\" width=\"860\" height=\"918\" srcset=\"https:\/\/artistartas.com\/wp-content\/uploads\/2023\/10\/fishxx-959x1024.jpg 959w, https:\/\/artistartas.com\/wp-content\/uploads\/2023\/10\/fishxx-281x300.jpg 281w, https:\/\/artistartas.com\/wp-content\/uploads\/2023\/10\/fishxx-768x820.jpg 768w, https:\/\/artistartas.com\/wp-content\/uploads\/2023\/10\/fishxx-1439x1536.jpg 1439w, https:\/\/artistartas.com\/wp-content\/uploads\/2023\/10\/fishxx-1919x2048.jpg 1919w, https:\/\/artistartas.com\/wp-content\/uploads\/2023\/10\/fishxx-600x640.jpg 600w, https:\/\/artistartas.com\/wp-content\/uploads\/2023\/10\/fishxx-scaled.jpg 2398w\" sizes=\"(max-width: 860px) 100vw, 860px\" \/><\/a><\/p>\n<p><a href=\"http:\/\/artistartas.com\/wp-content\/uploads\/2023\/10\/fishx-scaled.jpg\"><img decoding=\"async\" loading=\"lazy\" class=\"alignnone wp-image-5135\" src=\"http:\/\/artistartas.com\/wp-content\/uploads\/2023\/10\/fishx-1024x1003.jpg\" alt=\"\u017duvis i\u0161 metalo\" width=\"858\" height=\"840\" srcset=\"https:\/\/artistartas.com\/wp-content\/uploads\/2023\/10\/fishx-1024x1003.jpg 1024w, https:\/\/artistartas.com\/wp-content\/uploads\/2023\/10\/fishx-300x294.jpg 300w, https:\/\/artistartas.com\/wp-content\/uploads\/2023\/10\/fishx-768x752.jpg 768w, https:\/\/artistartas.com\/wp-content\/uploads\/2023\/10\/fishx-1536x1504.jpg 1536w, https:\/\/artistartas.com\/wp-content\/uploads\/2023\/10\/fishx-2048x2005.jpg 2048w, https:\/\/artistartas.com\/wp-content\/uploads\/2023\/10\/fishx-600x587.jpg 600w, https:\/\/artistartas.com\/wp-content\/uploads\/2023\/10\/fishx-scaled.jpg 2560w\" sizes=\"(max-width: 858px) 100vw, 858px\" \/><\/a><\/p>\n<p><a href=\"http:\/\/artistartas.com\/wp-content\/uploads\/2023\/10\/fishxxx-scaled.jpg\"><img decoding=\"async\" loading=\"lazy\" class=\"alignnone wp-image-5140\" src=\"http:\/\/artistartas.com\/wp-content\/uploads\/2023\/10\/fishxxx-851x1024.jpg\" alt=\"\u017duvis i\u0161 rakand\u0173\" width=\"856\" height=\"1030\" srcset=\"https:\/\/artistartas.com\/wp-content\/uploads\/2023\/10\/fishxxx-851x1024.jpg 851w, https:\/\/artistartas.com\/wp-content\/uploads\/2023\/10\/fishxxx-249x300.jpg 249w, https:\/\/artistartas.com\/wp-content\/uploads\/2023\/10\/fishxxx-768x924.jpg 768w, https:\/\/artistartas.com\/wp-content\/uploads\/2023\/10\/fishxxx-1276x1536.jpg 1276w, https:\/\/artistartas.com\/wp-content\/uploads\/2023\/10\/fishxxx-1702x2048.jpg 1702w, https:\/\/artistartas.com\/wp-content\/uploads\/2023\/10\/fishxxx-600x722.jpg 600w, https:\/\/artistartas.com\/wp-content\/uploads\/2023\/10\/fishxxx-scaled.jpg 2127w\" sizes=\"(max-width: 856px) 100vw, 856px\" \/><\/a><\/p>\n<p><a href=\"http:\/\/artistartas.com\/wp-content\/uploads\/2023\/10\/fishxxxxx-scaled.jpg\"><img decoding=\"async\" loading=\"lazy\" class=\"alignnone wp-image-5144\" src=\"http:\/\/artistartas.com\/wp-content\/uploads\/2023\/10\/fishxxxxx-914x1024.jpg\" alt=\"steampunk \u017euvis\" width=\"854\" height=\"957\" srcset=\"https:\/\/artistartas.com\/wp-content\/uploads\/2023\/10\/fishxxxxx-914x1024.jpg 914w, https:\/\/artistartas.com\/wp-content\/uploads\/2023\/10\/fishxxxxx-268x300.jpg 268w, https:\/\/artistartas.com\/wp-content\/uploads\/2023\/10\/fishxxxxx-768x861.jpg 768w, https:\/\/artistartas.com\/wp-content\/uploads\/2023\/10\/fishxxxxx-1370x1536.jpg 1370w, https:\/\/artistartas.com\/wp-content\/uploads\/2023\/10\/fishxxxxx-1827x2048.jpg 1827w, https:\/\/artistartas.com\/wp-content\/uploads\/2023\/10\/fishxxxxx-600x672.jpg 600w, https:\/\/artistartas.com\/wp-content\/uploads\/2023\/10\/fishxxxxx-scaled.jpg 2284w\" sizes=\"(max-width: 854px) 100vw, 854px\" \/><\/a><\/p>\n<p><a href=\"http:\/\/artistartas.com\/wp-content\/uploads\/2023\/10\/fishxxxx-scaled.jpg\"><img decoding=\"async\" loading=\"lazy\" class=\"alignnone wp-image-5142\" src=\"http:\/\/artistartas.com\/wp-content\/uploads\/2023\/10\/fishxxxx-945x1024.jpg\" alt=\"\u017duvis i\u0161 metalo lau\u017eo\" width=\"856\" height=\"928\" srcset=\"https:\/\/artistartas.com\/wp-content\/uploads\/2023\/10\/fishxxxx-945x1024.jpg 945w, https:\/\/artistartas.com\/wp-content\/uploads\/2023\/10\/fishxxxx-277x300.jpg 277w, https:\/\/artistartas.com\/wp-content\/uploads\/2023\/10\/fishxxxx-768x833.jpg 768w, https:\/\/artistartas.com\/wp-content\/uploads\/2023\/10\/fishxxxx-1417x1536.jpg 1417w, https:\/\/artistartas.com\/wp-content\/uploads\/2023\/10\/fishxxxx-1889x2048.jpg 1889w, https:\/\/artistartas.com\/wp-content\/uploads\/2023\/10\/fishxxxx-600x650.jpg 600w, https:\/\/artistartas.com\/wp-content\/uploads\/2023\/10\/fishxxxx-scaled.jpg 2361w\" sizes=\"(max-width: 856px) 100vw, 856px\" \/><\/a><\/p>\n<p>&nbsp;<\/p>\n<p>&nbsp;<\/p>\n<p>&nbsp;<\/p>\n<p>&nbsp;<\/p>\n<p>&nbsp;<\/p>\n<p>&nbsp;<\/p>\n<p>&nbsp;<\/p>\n<p>&nbsp;<\/p>\n","protected":false},"excerpt":{"rendered":"<p>Tai jau antroji \u017euvis, kuriai gamindamas naudojau muzikos instrumento dalis, tod\u0117l tai pana\u0161u \u012f muzik\u0105 m\u0117gstan\u010di\u0105 ar muzikali\u0105 \u017euv\u012f. Pagrinde dominuoja varis, ta\u010diau yra ir detali\u0173 i\u0161 \u017ealvario bei ner\u016bdijan\u010dio plieno. Visos dalys yra tarpusavyje sujungtos var\u017etais. Pagrindin\u0117s detal\u0117s: Korpusas &#8211; varinis bakas degalams laikyti, trimitas \u017ealvaris Galva \u2013 ner\u016bdijan\u010dio plieno dalis, odontologijoje naudojama ner\u016bdijan\u010dio [&hellip;]<\/p>\n","protected":false},"featured_media":5138,"template":"","meta":{"om_disable_all_campaigns":false,"_exactmetrics_skip_tracking":false,"_exactmetrics_sitenote_active":false,"_exactmetrics_sitenote_note":"","_exactmetrics_sitenote_category":0,"_mi_skip_tracking":false,"_monsterinsights_sitenote_active":false,"_monsterinsights_sitenote_note":"","_monsterinsights_sitenote_category":0,"_uf_show_specific_survey":0,"_uf_disable_surveys":false},"product_cat":[134],"product_tag":[662,661,664,663,497,138,472,110,395,140],"aioseo_notices":[],"yoast_head":"<!-- This site is optimized with the Yoast SEO plugin v21.4 - https:\/\/yoast.com\/wordpress\/plugins\/seo\/ -->\n<title>\u017duvis, Skulpt\u016bra, Menas I\u0161 Metalo Ir Rakand\u0173. Stimpankas...<\/title>\n<meta name=\"description\" content=\"Tai jau antroji \u017euvis, kuriai gamindamas naudojau muzikos instrumento dalis, tod\u0117l tai pana\u0161u \u012f muzik\u0105 m\u0117gstan\u010di\u0105 ar muzikali\u0105 \u017euv\u012f...\" \/>\n<meta name=\"robots\" content=\"index, follow, max-snippet:-1, max-image-preview:large, max-video-preview:-1\" \/>\n<link rel=\"canonical\" href=\"https:\/\/artistartas.com\/lt\/produktas\/zuvis-2\/\" \/>\n<meta property=\"og:locale\" content=\"lt_LT\" \/>\n<meta property=\"og:type\" content=\"article\" \/>\n<meta property=\"og:title\" content=\"\u017duvis, Skulpt\u016bra, Menas I\u0161 Metalo Ir Rakand\u0173. Stimpankas...\" \/>\n<meta property=\"og:description\" content=\"Tai jau antroji \u017euvis, kuriai gamindamas naudojau muzikos instrumento dalis, tod\u0117l tai pana\u0161u \u012f muzik\u0105 m\u0117gstan\u010di\u0105 ar muzikali\u0105 \u017euv\u012f...\" \/>\n<meta property=\"og:url\" content=\"https:\/\/artistartas.com\/lt\/produktas\/zuvis-2\/\" \/>\n<meta property=\"og:site_name\" content=\"Art\u016bras Tama\u0161auskas\" \/>\n<meta property=\"article:modified_time\" content=\"2026-04-09T09:31:42+00:00\" \/>\n<meta property=\"og:image\" content=\"http:\/\/artistartas.com\/wp-content\/uploads\/2023\/10\/fishxx-scaled.jpg\" \/>\n\t<meta property=\"og:image:width\" content=\"2398\" \/>\n\t<meta property=\"og:image:height\" content=\"2560\" \/>\n\t<meta property=\"og:image:type\" content=\"image\/jpeg\" \/>\n<meta name=\"twitter:card\" content=\"summary_large_image\" \/>\n<meta name=\"twitter:label1\" content=\"Est. reading time\" \/>\n\t<meta name=\"twitter:data1\" content=\"2 minut\u0117s\" \/>\n<script type=\"application\/ld+json\" class=\"yoast-schema-graph\">{\"@context\":\"https:\/\/schema.org\",\"@graph\":[{\"@type\":\"WebPage\",\"@id\":\"https:\/\/artistartas.com\/lt\/produktas\/zuvis-2\/\",\"url\":\"https:\/\/artistartas.com\/lt\/produktas\/zuvis-2\/\",\"name\":\"\u017duvis, Skulpt\u016bra, Menas I\u0161 Metalo Ir Rakand\u0173. Stimpankas...\",\"isPartOf\":{\"@id\":\"https:\/\/artistartas.com\/#website\"},\"datePublished\":\"2024-07-05T12:11:02+00:00\",\"dateModified\":\"2026-04-09T09:31:42+00:00\",\"description\":\"Tai jau antroji \u017euvis, kuriai gamindamas naudojau muzikos instrumento dalis, tod\u0117l tai pana\u0161u \u012f muzik\u0105 m\u0117gstan\u010di\u0105 ar muzikali\u0105 \u017euv\u012f...\",\"breadcrumb\":{\"@id\":\"https:\/\/artistartas.com\/lt\/produktas\/zuvis-2\/#breadcrumb\"},\"inLanguage\":\"lt-LT\",\"potentialAction\":[{\"@type\":\"ReadAction\",\"target\":[\"https:\/\/artistartas.com\/lt\/produktas\/zuvis-2\/\"]}]},{\"@type\":\"BreadcrumbList\",\"@id\":\"https:\/\/artistartas.com\/lt\/produktas\/zuvis-2\/#breadcrumb\",\"itemListElement\":[{\"@type\":\"ListItem\",\"position\":1,\"name\":\"Home\",\"item\":\"https:\/\/artistartas.com\/lt\/\"},{\"@type\":\"ListItem\",\"position\":2,\"name\":\"Steampunk stiliaus darbai\",\"item\":\"https:\/\/artistartas.com\/lt\/\"},{\"@type\":\"ListItem\",\"position\":3,\"name\":\"\u017duvis\"}]},{\"@type\":\"WebSite\",\"@id\":\"https:\/\/artistartas.com\/#website\",\"url\":\"https:\/\/artistartas.com\/\",\"name\":\"Art\u016bras Tama\u0161auskas\",\"description\":\"Kol kas tik dar vienas WordPress tinklalapis\",\"publisher\":{\"@id\":\"https:\/\/artistartas.com\/#\/schema\/person\/8c3fb50aefa8758c1dcb9858b0cb9ad8\"},\"potentialAction\":[{\"@type\":\"SearchAction\",\"target\":{\"@type\":\"EntryPoint\",\"urlTemplate\":\"https:\/\/artistartas.com\/?s={search_term_string}\"},\"query-input\":\"required name=search_term_string\"}],\"inLanguage\":\"lt-LT\"},{\"@type\":[\"Person\",\"Organization\"],\"@id\":\"https:\/\/artistartas.com\/#\/schema\/person\/8c3fb50aefa8758c1dcb9858b0cb9ad8\",\"name\":\"Art\u016bras Tama\u0161auskas\",\"image\":{\"@type\":\"ImageObject\",\"inLanguage\":\"lt-LT\",\"@id\":\"https:\/\/artistartas.com\/#\/schema\/person\/image\/\",\"url\":\"https:\/\/secure.gravatar.com\/avatar\/dd558d298c85a97bbea60bbd1872a1e4?s=96&d=mm&r=g\",\"contentUrl\":\"https:\/\/secure.gravatar.com\/avatar\/dd558d298c85a97bbea60bbd1872a1e4?s=96&d=mm&r=g\",\"caption\":\"Art\u016bras Tama\u0161auskas\"},\"logo\":{\"@id\":\"https:\/\/artistartas.com\/#\/schema\/person\/image\/\"}}]}<\/script>\n<!-- \/ Yoast SEO plugin. -->","yoast_head_json":{"title":"\u017duvis, Skulpt\u016bra, Menas I\u0161 Metalo Ir Rakand\u0173. Stimpankas...","description":"Tai jau antroji \u017euvis, kuriai gamindamas naudojau muzikos instrumento dalis, tod\u0117l tai pana\u0161u \u012f muzik\u0105 m\u0117gstan\u010di\u0105 ar muzikali\u0105 \u017euv\u012f...","robots":{"index":"index","follow":"follow","max-snippet":"max-snippet:-1","max-image-preview":"max-image-preview:large","max-video-preview":"max-video-preview:-1"},"canonical":"https:\/\/artistartas.com\/lt\/produktas\/zuvis-2\/","og_locale":"lt_LT","og_type":"article","og_title":"\u017duvis, Skulpt\u016bra, Menas I\u0161 Metalo Ir Rakand\u0173. Stimpankas...","og_description":"Tai jau antroji \u017euvis, kuriai gamindamas naudojau muzikos instrumento dalis, tod\u0117l tai pana\u0161u \u012f muzik\u0105 m\u0117gstan\u010di\u0105 ar muzikali\u0105 \u017euv\u012f...","og_url":"https:\/\/artistartas.com\/lt\/produktas\/zuvis-2\/","og_site_name":"Art\u016bras Tama\u0161auskas","article_modified_time":"2026-04-09T09:31:42+00:00","og_image":[{"width":2398,"height":2560,"url":"http:\/\/artistartas.com\/wp-content\/uploads\/2023\/10\/fishxx-scaled.jpg","type":"image\/jpeg"}],"twitter_card":"summary_large_image","twitter_misc":{"Est. reading time":"2 minut\u0117s"},"schema":{"@context":"https:\/\/schema.org","@graph":[{"@type":"WebPage","@id":"https:\/\/artistartas.com\/lt\/produktas\/zuvis-2\/","url":"https:\/\/artistartas.com\/lt\/produktas\/zuvis-2\/","name":"\u017duvis, Skulpt\u016bra, Menas I\u0161 Metalo Ir Rakand\u0173. Stimpankas...","isPartOf":{"@id":"https:\/\/artistartas.com\/#website"},"datePublished":"2024-07-05T12:11:02+00:00","dateModified":"2026-04-09T09:31:42+00:00","description":"Tai jau antroji \u017euvis, kuriai gamindamas naudojau muzikos instrumento dalis, tod\u0117l tai pana\u0161u \u012f muzik\u0105 m\u0117gstan\u010di\u0105 ar muzikali\u0105 \u017euv\u012f...","breadcrumb":{"@id":"https:\/\/artistartas.com\/lt\/produktas\/zuvis-2\/#breadcrumb"},"inLanguage":"lt-LT","potentialAction":[{"@type":"ReadAction","target":["https:\/\/artistartas.com\/lt\/produktas\/zuvis-2\/"]}]},{"@type":"BreadcrumbList","@id":"https:\/\/artistartas.com\/lt\/produktas\/zuvis-2\/#breadcrumb","itemListElement":[{"@type":"ListItem","position":1,"name":"Home","item":"https:\/\/artistartas.com\/lt\/"},{"@type":"ListItem","position":2,"name":"Steampunk stiliaus darbai","item":"https:\/\/artistartas.com\/lt\/"},{"@type":"ListItem","position":3,"name":"\u017duvis"}]},{"@type":"WebSite","@id":"https:\/\/artistartas.com\/#website","url":"https:\/\/artistartas.com\/","name":"Art\u016bras Tama\u0161auskas","description":"Kol kas tik dar vienas WordPress tinklalapis","publisher":{"@id":"https:\/\/artistartas.com\/#\/schema\/person\/8c3fb50aefa8758c1dcb9858b0cb9ad8"},"potentialAction":[{"@type":"SearchAction","target":{"@type":"EntryPoint","urlTemplate":"https:\/\/artistartas.com\/?s={search_term_string}"},"query-input":"required name=search_term_string"}],"inLanguage":"lt-LT"},{"@type":["Person","Organization"],"@id":"https:\/\/artistartas.com\/#\/schema\/person\/8c3fb50aefa8758c1dcb9858b0cb9ad8","name":"Art\u016bras Tama\u0161auskas","image":{"@type":"ImageObject","inLanguage":"lt-LT","@id":"https:\/\/artistartas.com\/#\/schema\/person\/image\/","url":"https:\/\/secure.gravatar.com\/avatar\/dd558d298c85a97bbea60bbd1872a1e4?s=96&d=mm&r=g","contentUrl":"https:\/\/secure.gravatar.com\/avatar\/dd558d298c85a97bbea60bbd1872a1e4?s=96&d=mm&r=g","caption":"Art\u016bras Tama\u0161auskas"},"logo":{"@id":"https:\/\/artistartas.com\/#\/schema\/person\/image\/"}}]}},"_links":{"self":[{"href":"https:\/\/artistartas.com\/lt\/wp-json\/wp\/v2\/product\/5211"}],"collection":[{"href":"https:\/\/artistartas.com\/lt\/wp-json\/wp\/v2\/product"}],"about":[{"href":"https:\/\/artistartas.com\/lt\/wp-json\/wp\/v2\/types\/product"}],"wp:featuredmedia":[{"embeddable":true,"href":"https:\/\/artistartas.com\/lt\/wp-json\/wp\/v2\/media\/5138"}],"wp:attachment":[{"href":"https:\/\/artistartas.com\/lt\/wp-json\/wp\/v2\/media?parent=5211"}],"wp:term":[{"taxonomy":"product_cat","embeddable":true,"href":"https:\/\/artistartas.com\/lt\/wp-json\/wp\/v2\/product_cat?post=5211"},{"taxonomy":"product_tag","embeddable":true,"href":"https:\/\/artistartas.com\/lt\/wp-json\/wp\/v2\/product_tag?post=5211"}],"curies":[{"name":"wp","href":"https:\/\/api.w.org\/{rel}","templated":true}]}}