{"id":5209,"date":"2024-07-05T12:58:01","date_gmt":"2024-07-05T10:58:01","guid":{"rendered":"https:\/\/artistartas.com\/?post_type=product&#038;p=5209"},"modified":"2026-03-17T17:37:48","modified_gmt":"2026-03-17T15:37:48","slug":"laumzirgis","status":"publish","type":"product","link":"https:\/\/artistartas.com\/lt\/produktas\/laumzirgis\/","title":{"rendered":"Helikopteris"},"content":{"rendered":"<p>Laum\u017eirgis man asmeni\u0161kai primena mal\u016bnsparn\u012f. \u0160i\u0105 skulpt\u016br\u0105 suk\u016briau tos minties vedamas. Jau anks\u010diau min\u0117jau, kad m\u0117gstu netik\u0117tus sprendimus. Taip buvo ir \u0161\u012f kart\u0105. Netgi padariau sraigtasparnio nusileidimo aik\u0161tel\u0119. Tad laum\u017eirgio skulpt\u016bra pilname komplekte. Manau, kad \u0161is sprendimas jus nustebins ir suteiks gero humoro doz\u0119.<\/p>\r\n<p><strong>Panaudotos detal\u0117s:<\/strong><\/p>\r\n<p>Korpusas- Motorolerio lempos korpusas, ner\u016bdijan\u010dio plieno sam\u010diai<\/p>\r\n<p>Uodega &#8211; Stalo koj\u0173 detal\u0117s<\/p>\r\n<p>Akys- Motorolerio lempos stiklo \u017eiedai, grotel\u0117s, sam\u010diai<\/p>\r\n<p>Kojos- Metalinis strypas 5 mm skersmens, \u017ealvarinis vamzdelis<\/p>\r\n<p>Propeleris &#8211; ner\u016bdijan\u010dio plieno peiliai Stovas- metalinis diskas, lentyn\u0173 laikikliai<\/p>\r\n<p><strong>Matmenys<\/strong>: 70x80x38 cm\u00a0<\/p>\r\n<p><strong>Svoris: <\/strong>7kg<\/p>\r\n<p><strong>Metai: <\/strong>2023<\/p>\r\n<p><strong>Kaina:<\/strong> 1200 Eur<\/p>\r\n<p>&nbsp;<\/p>\r\n<p><a href=\"http:\/\/artistartas.com\/wp-content\/uploads\/2024\/03\/helicopter1-scaled.jpg\"><img decoding=\"async\" loading=\"lazy\" class=\"alignnone wp-image-5191\" src=\"http:\/\/artistartas.com\/wp-content\/uploads\/2024\/03\/helicopter1-1022x1024.jpg\" alt=\"laum\u017eirgis skulpt\u016bra\" width=\"880\" height=\"882\" srcset=\"https:\/\/artistartas.com\/wp-content\/uploads\/2024\/03\/helicopter1-1022x1024.jpg 1022w, https:\/\/artistartas.com\/wp-content\/uploads\/2024\/03\/helicopter1-300x300.jpg 300w, https:\/\/artistartas.com\/wp-content\/uploads\/2024\/03\/helicopter1-150x150.jpg 150w, https:\/\/artistartas.com\/wp-content\/uploads\/2024\/03\/helicopter1-768x770.jpg 768w, https:\/\/artistartas.com\/wp-content\/uploads\/2024\/03\/helicopter1-1533x1536.jpg 1533w, https:\/\/artistartas.com\/wp-content\/uploads\/2024\/03\/helicopter1-2044x2048.jpg 2044w, https:\/\/artistartas.com\/wp-content\/uploads\/2024\/03\/helicopter1-600x601.jpg 600w, https:\/\/artistartas.com\/wp-content\/uploads\/2024\/03\/helicopter1-100x100.jpg 100w, https:\/\/artistartas.com\/wp-content\/uploads\/2024\/03\/helicopter1-scaled.jpg 2555w\" sizes=\"(max-width: 880px) 100vw, 880px\" \/><\/a><\/p>\r\n<p><a href=\"http:\/\/artistartas.com\/wp-content\/uploads\/2024\/03\/helicopter-scaled.jpg\"><img decoding=\"async\" loading=\"lazy\" class=\"alignnone wp-image-5189\" src=\"http:\/\/artistartas.com\/wp-content\/uploads\/2024\/03\/helicopter-1024x1007.jpg\" alt=\"laum\u017eirgis i\u0161 metalo\" width=\"881\" height=\"866\" srcset=\"https:\/\/artistartas.com\/wp-content\/uploads\/2024\/03\/helicopter-1024x1007.jpg 1024w, https:\/\/artistartas.com\/wp-content\/uploads\/2024\/03\/helicopter-300x295.jpg 300w, https:\/\/artistartas.com\/wp-content\/uploads\/2024\/03\/helicopter-768x756.jpg 768w, https:\/\/artistartas.com\/wp-content\/uploads\/2024\/03\/helicopter-1536x1511.jpg 1536w, https:\/\/artistartas.com\/wp-content\/uploads\/2024\/03\/helicopter-2048x2015.jpg 2048w, https:\/\/artistartas.com\/wp-content\/uploads\/2024\/03\/helicopter-600x590.jpg 600w, https:\/\/artistartas.com\/wp-content\/uploads\/2024\/03\/helicopter-scaled.jpg 2560w\" sizes=\"(max-width: 881px) 100vw, 881px\" \/><\/a><\/p>\r\n<p><a href=\"http:\/\/artistartas.com\/wp-content\/uploads\/2024\/03\/helicopter3-scaled.jpg\"><img decoding=\"async\" loading=\"lazy\" class=\"alignnone wp-image-5185\" src=\"http:\/\/artistartas.com\/wp-content\/uploads\/2024\/03\/helicopter3-855x1024.jpg\" alt=\"steampunk laum\u017eirgis\r\n\" width=\"878\" height=\"1052\" srcset=\"https:\/\/artistartas.com\/wp-content\/uploads\/2024\/03\/helicopter3-855x1024.jpg 855w, https:\/\/artistartas.com\/wp-content\/uploads\/2024\/03\/helicopter3-251x300.jpg 251w, https:\/\/artistartas.com\/wp-content\/uploads\/2024\/03\/helicopter3-768x919.jpg 768w, https:\/\/artistartas.com\/wp-content\/uploads\/2024\/03\/helicopter3-1283x1536.jpg 1283w, https:\/\/artistartas.com\/wp-content\/uploads\/2024\/03\/helicopter3-1711x2048.jpg 1711w, https:\/\/artistartas.com\/wp-content\/uploads\/2024\/03\/helicopter3-600x718.jpg 600w, https:\/\/artistartas.com\/wp-content\/uploads\/2024\/03\/helicopter3-scaled.jpg 2138w\" sizes=\"(max-width: 878px) 100vw, 878px\" \/><\/a><\/p>\r\n<p><a href=\"http:\/\/artistartas.com\/wp-content\/uploads\/2024\/03\/helicopter5-scaled.jpg\"><img decoding=\"async\" loading=\"lazy\" class=\"alignnone wp-image-5183\" src=\"http:\/\/artistartas.com\/wp-content\/uploads\/2024\/03\/helicopter5-867x1024.jpg\" alt=\"laum\u017eirgis i\u0161 rakand\u0173\" width=\"876\" height=\"1035\" srcset=\"https:\/\/artistartas.com\/wp-content\/uploads\/2024\/03\/helicopter5-867x1024.jpg 867w, https:\/\/artistartas.com\/wp-content\/uploads\/2024\/03\/helicopter5-254x300.jpg 254w, https:\/\/artistartas.com\/wp-content\/uploads\/2024\/03\/helicopter5-768x907.jpg 768w, https:\/\/artistartas.com\/wp-content\/uploads\/2024\/03\/helicopter5-1300x1536.jpg 1300w, https:\/\/artistartas.com\/wp-content\/uploads\/2024\/03\/helicopter5-1734x2048.jpg 1734w, https:\/\/artistartas.com\/wp-content\/uploads\/2024\/03\/helicopter5-600x709.jpg 600w, https:\/\/artistartas.com\/wp-content\/uploads\/2024\/03\/helicopter5-scaled.jpg 2167w\" sizes=\"(max-width: 876px) 100vw, 876px\" \/><\/a><\/p>\r\n<p><a href=\"http:\/\/artistartas.com\/wp-content\/uploads\/2024\/03\/helicopter6-scaled.jpg\"><img decoding=\"async\" loading=\"lazy\" class=\"alignnone wp-image-5193\" src=\"http:\/\/artistartas.com\/wp-content\/uploads\/2024\/03\/helicopter6-922x1024.jpg\" alt=\"stimpankas i\u0161 metalo\" width=\"874\" height=\"971\" srcset=\"https:\/\/artistartas.com\/wp-content\/uploads\/2024\/03\/helicopter6-922x1024.jpg 922w, https:\/\/artistartas.com\/wp-content\/uploads\/2024\/03\/helicopter6-270x300.jpg 270w, https:\/\/artistartas.com\/wp-content\/uploads\/2024\/03\/helicopter6-768x853.jpg 768w, https:\/\/artistartas.com\/wp-content\/uploads\/2024\/03\/helicopter6-1383x1536.jpg 1383w, https:\/\/artistartas.com\/wp-content\/uploads\/2024\/03\/helicopter6-1844x2048.jpg 1844w, https:\/\/artistartas.com\/wp-content\/uploads\/2024\/03\/helicopter6-600x666.jpg 600w, https:\/\/artistartas.com\/wp-content\/uploads\/2024\/03\/helicopter6-scaled.jpg 2306w\" sizes=\"(max-width: 874px) 100vw, 874px\" \/><\/a><\/p>\r\n<p><a href=\"http:\/\/artistartas.com\/wp-content\/uploads\/2024\/03\/helicopter7-scaled.jpg\"><img decoding=\"async\" loading=\"lazy\" class=\"alignnone wp-image-5195\" src=\"http:\/\/artistartas.com\/wp-content\/uploads\/2024\/03\/helicopter7-903x1024.jpg\" alt=\"menas i\u0161 rakand\u0173\" width=\"875\" height=\"992\" srcset=\"https:\/\/artistartas.com\/wp-content\/uploads\/2024\/03\/helicopter7-903x1024.jpg 903w, https:\/\/artistartas.com\/wp-content\/uploads\/2024\/03\/helicopter7-265x300.jpg 265w, https:\/\/artistartas.com\/wp-content\/uploads\/2024\/03\/helicopter7-768x871.jpg 768w, https:\/\/artistartas.com\/wp-content\/uploads\/2024\/03\/helicopter7-1355x1536.jpg 1355w, https:\/\/artistartas.com\/wp-content\/uploads\/2024\/03\/helicopter7-1806x2048.jpg 1806w, https:\/\/artistartas.com\/wp-content\/uploads\/2024\/03\/helicopter7-600x680.jpg 600w, https:\/\/artistartas.com\/wp-content\/uploads\/2024\/03\/helicopter7-scaled.jpg 2258w\" sizes=\"(max-width: 875px) 100vw, 875px\" \/><\/a><\/p>\r\n<p>&nbsp;<\/p>\r\n<p>&nbsp;<\/p>\r\n<p>&nbsp;<\/p>\r\n<p>&nbsp;<\/p>\r\n<p>&nbsp;<\/p>\r\n<p>&nbsp;<\/p>\r\n<p>&nbsp;<\/p>\r\n<p>&nbsp;<\/p>\r\n<p>&nbsp;<\/p>\r\n<p>&nbsp;<\/p>\r\n<p>&nbsp;<\/p>\r\n<!-- \/wp:paragraph -->\r\n\r\n<!-- wp:paragraph --><!-- \/wp:paragraph -->\r\n\r\n<!-- wp:paragraph --><!-- \/wp:paragraph -->\r\n\r\n<!-- wp:paragraph -->","protected":false},"excerpt":{"rendered":"<p>Laum\u017eirgis man asmeni\u0161kai primena mal\u016bnsparn\u012f. \u0160i\u0105 skulpt\u016br\u0105 suk\u016briau tos minties vedamas. Jau anks\u010diau min\u0117jau, kad m\u0117gstu netik\u0117tus sprendimus. Taip buvo ir \u0161\u012f kart\u0105. Netgi padariau sraigtasparnio nusileidimo aik\u0161tel\u0119. Tad laum\u017eirgio skulpt\u016bra pilname komplekte. Manau, kad \u0161is sprendimas jus nustebins ir suteiks gero humoro doz\u0119. Panaudotos detal\u0117s: Korpusas- Motorolerio lempos korpusas, ner\u016bdijan\u010dio plieno sam\u010diai Uodega &#8211; [&hellip;]<\/p>\n","protected":false},"featured_media":5185,"template":"","meta":{"om_disable_all_campaigns":false,"_exactmetrics_skip_tracking":false,"_exactmetrics_sitenote_active":false,"_exactmetrics_sitenote_note":"","_exactmetrics_sitenote_category":0,"_mi_skip_tracking":false,"_monsterinsights_sitenote_active":false,"_monsterinsights_sitenote_note":"","_monsterinsights_sitenote_category":0,"_uf_show_specific_survey":0,"_uf_disable_surveys":false},"product_cat":[134],"product_tag":[728,664,669,561,737,386,138,472,110,395,438],"aioseo_notices":[],"yoast_head":"<!-- This site is optimized with the Yoast SEO plugin v21.4 - https:\/\/yoast.com\/wordpress\/plugins\/seo\/ -->\n<title>Laum\u017eirgis Skulpt\u016bra. Menas I\u0161 Metalo Ir Rakand\u0173. Stimpankas...<\/title>\n<meta name=\"description\" content=\"Laum\u017eirgis man asmeni\u0161kai primena mal\u016bnsparn\u012f. \u0160i\u0105 skulpt\u016br\u0105 suk\u016briau tos minties vedamas. Jau anks\u010diau min\u0117jau, kad m\u0117gstu netik\u0117tus sprendimus...\" \/>\n<meta name=\"robots\" content=\"index, follow, max-snippet:-1, max-image-preview:large, max-video-preview:-1\" \/>\n<link rel=\"canonical\" href=\"https:\/\/artistartas.com\/lt\/produktas\/laumzirgis\/\" \/>\n<meta property=\"og:locale\" content=\"lt_LT\" \/>\n<meta property=\"og:type\" content=\"article\" \/>\n<meta property=\"og:title\" content=\"Laum\u017eirgis Skulpt\u016bra. Menas I\u0161 Metalo Ir Rakand\u0173. Stimpankas...\" \/>\n<meta property=\"og:description\" content=\"Laum\u017eirgis man asmeni\u0161kai primena mal\u016bnsparn\u012f. \u0160i\u0105 skulpt\u016br\u0105 suk\u016briau tos minties vedamas. Jau anks\u010diau min\u0117jau, kad m\u0117gstu netik\u0117tus sprendimus...\" \/>\n<meta property=\"og:url\" content=\"https:\/\/artistartas.com\/lt\/produktas\/laumzirgis\/\" \/>\n<meta property=\"og:site_name\" content=\"Art\u016bras Tama\u0161auskas\" \/>\n<meta property=\"article:modified_time\" content=\"2026-03-17T15:37:48+00:00\" \/>\n<meta property=\"og:image\" content=\"http:\/\/artistartas.com\/wp-content\/uploads\/2024\/03\/helicopter3-scaled.jpg\" \/>\n\t<meta property=\"og:image:width\" content=\"2138\" \/>\n\t<meta property=\"og:image:height\" content=\"2560\" \/>\n\t<meta property=\"og:image:type\" content=\"image\/jpeg\" \/>\n<meta name=\"twitter:card\" content=\"summary_large_image\" \/>\n<meta name=\"twitter:label1\" content=\"Est. reading time\" \/>\n\t<meta name=\"twitter:data1\" content=\"2 minut\u0117s\" \/>\n<script type=\"application\/ld+json\" class=\"yoast-schema-graph\">{\"@context\":\"https:\/\/schema.org\",\"@graph\":[{\"@type\":\"WebPage\",\"@id\":\"https:\/\/artistartas.com\/lt\/produktas\/laumzirgis\/\",\"url\":\"https:\/\/artistartas.com\/lt\/produktas\/laumzirgis\/\",\"name\":\"Laum\u017eirgis Skulpt\u016bra. Menas I\u0161 Metalo Ir Rakand\u0173. Stimpankas...\",\"isPartOf\":{\"@id\":\"https:\/\/artistartas.com\/#website\"},\"datePublished\":\"2024-07-05T10:58:01+00:00\",\"dateModified\":\"2026-03-17T15:37:48+00:00\",\"description\":\"Laum\u017eirgis man asmeni\u0161kai primena mal\u016bnsparn\u012f. \u0160i\u0105 skulpt\u016br\u0105 suk\u016briau tos minties vedamas. Jau anks\u010diau min\u0117jau, kad m\u0117gstu netik\u0117tus sprendimus...\",\"breadcrumb\":{\"@id\":\"https:\/\/artistartas.com\/lt\/produktas\/laumzirgis\/#breadcrumb\"},\"inLanguage\":\"lt-LT\",\"potentialAction\":[{\"@type\":\"ReadAction\",\"target\":[\"https:\/\/artistartas.com\/lt\/produktas\/laumzirgis\/\"]}]},{\"@type\":\"BreadcrumbList\",\"@id\":\"https:\/\/artistartas.com\/lt\/produktas\/laumzirgis\/#breadcrumb\",\"itemListElement\":[{\"@type\":\"ListItem\",\"position\":1,\"name\":\"Home\",\"item\":\"https:\/\/artistartas.com\/lt\/\"},{\"@type\":\"ListItem\",\"position\":2,\"name\":\"Steampunk stiliaus darbai\",\"item\":\"https:\/\/artistartas.com\/lt\/\"},{\"@type\":\"ListItem\",\"position\":3,\"name\":\"Helikopteris\"}]},{\"@type\":\"WebSite\",\"@id\":\"https:\/\/artistartas.com\/#website\",\"url\":\"https:\/\/artistartas.com\/\",\"name\":\"Art\u016bras Tama\u0161auskas\",\"description\":\"Kol kas tik dar vienas WordPress tinklalapis\",\"publisher\":{\"@id\":\"https:\/\/artistartas.com\/#\/schema\/person\/8c3fb50aefa8758c1dcb9858b0cb9ad8\"},\"potentialAction\":[{\"@type\":\"SearchAction\",\"target\":{\"@type\":\"EntryPoint\",\"urlTemplate\":\"https:\/\/artistartas.com\/?s={search_term_string}\"},\"query-input\":\"required name=search_term_string\"}],\"inLanguage\":\"lt-LT\"},{\"@type\":[\"Person\",\"Organization\"],\"@id\":\"https:\/\/artistartas.com\/#\/schema\/person\/8c3fb50aefa8758c1dcb9858b0cb9ad8\",\"name\":\"Art\u016bras Tama\u0161auskas\",\"image\":{\"@type\":\"ImageObject\",\"inLanguage\":\"lt-LT\",\"@id\":\"https:\/\/artistartas.com\/#\/schema\/person\/image\/\",\"url\":\"https:\/\/secure.gravatar.com\/avatar\/dd558d298c85a97bbea60bbd1872a1e4?s=96&d=mm&r=g\",\"contentUrl\":\"https:\/\/secure.gravatar.com\/avatar\/dd558d298c85a97bbea60bbd1872a1e4?s=96&d=mm&r=g\",\"caption\":\"Art\u016bras Tama\u0161auskas\"},\"logo\":{\"@id\":\"https:\/\/artistartas.com\/#\/schema\/person\/image\/\"}}]}<\/script>\n<!-- \/ Yoast SEO plugin. -->","yoast_head_json":{"title":"Laum\u017eirgis Skulpt\u016bra. Menas I\u0161 Metalo Ir Rakand\u0173. Stimpankas...","description":"Laum\u017eirgis man asmeni\u0161kai primena mal\u016bnsparn\u012f. \u0160i\u0105 skulpt\u016br\u0105 suk\u016briau tos minties vedamas. Jau anks\u010diau min\u0117jau, kad m\u0117gstu netik\u0117tus sprendimus...","robots":{"index":"index","follow":"follow","max-snippet":"max-snippet:-1","max-image-preview":"max-image-preview:large","max-video-preview":"max-video-preview:-1"},"canonical":"https:\/\/artistartas.com\/lt\/produktas\/laumzirgis\/","og_locale":"lt_LT","og_type":"article","og_title":"Laum\u017eirgis Skulpt\u016bra. Menas I\u0161 Metalo Ir Rakand\u0173. Stimpankas...","og_description":"Laum\u017eirgis man asmeni\u0161kai primena mal\u016bnsparn\u012f. \u0160i\u0105 skulpt\u016br\u0105 suk\u016briau tos minties vedamas. Jau anks\u010diau min\u0117jau, kad m\u0117gstu netik\u0117tus sprendimus...","og_url":"https:\/\/artistartas.com\/lt\/produktas\/laumzirgis\/","og_site_name":"Art\u016bras Tama\u0161auskas","article_modified_time":"2026-03-17T15:37:48+00:00","og_image":[{"width":2138,"height":2560,"url":"http:\/\/artistartas.com\/wp-content\/uploads\/2024\/03\/helicopter3-scaled.jpg","type":"image\/jpeg"}],"twitter_card":"summary_large_image","twitter_misc":{"Est. reading time":"2 minut\u0117s"},"schema":{"@context":"https:\/\/schema.org","@graph":[{"@type":"WebPage","@id":"https:\/\/artistartas.com\/lt\/produktas\/laumzirgis\/","url":"https:\/\/artistartas.com\/lt\/produktas\/laumzirgis\/","name":"Laum\u017eirgis Skulpt\u016bra. Menas I\u0161 Metalo Ir Rakand\u0173. Stimpankas...","isPartOf":{"@id":"https:\/\/artistartas.com\/#website"},"datePublished":"2024-07-05T10:58:01+00:00","dateModified":"2026-03-17T15:37:48+00:00","description":"Laum\u017eirgis man asmeni\u0161kai primena mal\u016bnsparn\u012f. \u0160i\u0105 skulpt\u016br\u0105 suk\u016briau tos minties vedamas. Jau anks\u010diau min\u0117jau, kad m\u0117gstu netik\u0117tus sprendimus...","breadcrumb":{"@id":"https:\/\/artistartas.com\/lt\/produktas\/laumzirgis\/#breadcrumb"},"inLanguage":"lt-LT","potentialAction":[{"@type":"ReadAction","target":["https:\/\/artistartas.com\/lt\/produktas\/laumzirgis\/"]}]},{"@type":"BreadcrumbList","@id":"https:\/\/artistartas.com\/lt\/produktas\/laumzirgis\/#breadcrumb","itemListElement":[{"@type":"ListItem","position":1,"name":"Home","item":"https:\/\/artistartas.com\/lt\/"},{"@type":"ListItem","position":2,"name":"Steampunk stiliaus darbai","item":"https:\/\/artistartas.com\/lt\/"},{"@type":"ListItem","position":3,"name":"Helikopteris"}]},{"@type":"WebSite","@id":"https:\/\/artistartas.com\/#website","url":"https:\/\/artistartas.com\/","name":"Art\u016bras Tama\u0161auskas","description":"Kol kas tik dar vienas WordPress tinklalapis","publisher":{"@id":"https:\/\/artistartas.com\/#\/schema\/person\/8c3fb50aefa8758c1dcb9858b0cb9ad8"},"potentialAction":[{"@type":"SearchAction","target":{"@type":"EntryPoint","urlTemplate":"https:\/\/artistartas.com\/?s={search_term_string}"},"query-input":"required name=search_term_string"}],"inLanguage":"lt-LT"},{"@type":["Person","Organization"],"@id":"https:\/\/artistartas.com\/#\/schema\/person\/8c3fb50aefa8758c1dcb9858b0cb9ad8","name":"Art\u016bras Tama\u0161auskas","image":{"@type":"ImageObject","inLanguage":"lt-LT","@id":"https:\/\/artistartas.com\/#\/schema\/person\/image\/","url":"https:\/\/secure.gravatar.com\/avatar\/dd558d298c85a97bbea60bbd1872a1e4?s=96&d=mm&r=g","contentUrl":"https:\/\/secure.gravatar.com\/avatar\/dd558d298c85a97bbea60bbd1872a1e4?s=96&d=mm&r=g","caption":"Art\u016bras Tama\u0161auskas"},"logo":{"@id":"https:\/\/artistartas.com\/#\/schema\/person\/image\/"}}]}},"_links":{"self":[{"href":"https:\/\/artistartas.com\/lt\/wp-json\/wp\/v2\/product\/5209"}],"collection":[{"href":"https:\/\/artistartas.com\/lt\/wp-json\/wp\/v2\/product"}],"about":[{"href":"https:\/\/artistartas.com\/lt\/wp-json\/wp\/v2\/types\/product"}],"wp:featuredmedia":[{"embeddable":true,"href":"https:\/\/artistartas.com\/lt\/wp-json\/wp\/v2\/media\/5185"}],"wp:attachment":[{"href":"https:\/\/artistartas.com\/lt\/wp-json\/wp\/v2\/media?parent=5209"}],"wp:term":[{"taxonomy":"product_cat","embeddable":true,"href":"https:\/\/artistartas.com\/lt\/wp-json\/wp\/v2\/product_cat?post=5209"},{"taxonomy":"product_tag","embeddable":true,"href":"https:\/\/artistartas.com\/lt\/wp-json\/wp\/v2\/product_tag?post=5209"}],"curies":[{"name":"wp","href":"https:\/\/api.w.org\/{rel}","templated":true}]}}