{"id":4967,"date":"2023-10-12T21:11:15","date_gmt":"2023-10-12T19:11:15","guid":{"rendered":"https:\/\/artistartas.com\/?post_type=product&#038;p=4967"},"modified":"2024-01-08T19:43:57","modified_gmt":"2024-01-08T17:43:57","slug":"sraige","status":"publish","type":"product","link":"https:\/\/artistartas.com\/lt\/produktas\/sraige\/","title":{"rendered":"Sraig\u0117"},"content":{"rendered":"<p><span lang=\"LT\">Sraig\u0117. Esu da\u017enas metalo lau\u017eyn\u0173 lankytojas. Ten randu \u012fvairiausi\u0173 rakand\u0173 savo k\u016brybai. \u0160tai ak\u012f patrauk\u0117 turbina, pamaniau, bus sraig\u0117s namas, o jos k\u016bn\u0105 puikiausiai atstojo seno tarybinio motociklo variklio dangtelis. Detal\u0117s padiktavo, jog tai b\u016bt\u0173 ne paprasta sraig\u0117, o sraig\u0117 &#8211; lenktyninink\u0117, teko net spidometr\u0105 \u012fkomponuoti ir garsin\u012f signal\u0105 i\u0161duodant\u012f suraityt\u0105 metalin\u012f trimit\u0105. Sraig\u0117s galv\u0105 padariau i\u0161 dviej\u0173 kaljano korpuso komplekt\u0173. Bendrai pa\u0117mus, i\u0161\u0117jo labai l\u0117tai skubanti lenktyninink\u0117.<\/span><\/p>\n<p><strong>Panaudotos detal\u0117s:<\/strong><\/p>\n<ul>\n<li>Sraig\u0117s namas &#8211; automobilio turbina, arbatinukas, lempos dalys.<\/li>\n<li>Sraig\u0117s k\u016bnas &#8211; motociklo variklio dangtelis.<\/li>\n<li>Galva &#8211;\u00a0kaljano metalin\u0117 dalis.<\/li>\n<li>Rato apsauga nuo vaiki\u0161ko paspirtuko.<\/li>\n<\/ul>\n<p><strong>Matmenys<\/strong>: 35 x 45 x 34 cm<\/p>\n<p><strong>Svoris:<\/strong> 5kg<\/p>\n<p><strong>Kaina:<\/strong> Parduotas<\/p>\n<p><strong>Metai:<\/strong> 2018<\/p>\n<p>&nbsp;<\/p>\n<p><a href=\"http:\/\/artistartas.com\/wp-content\/uploads\/2018\/12\/snail-steampunk-sculpture.jpg\"><img decoding=\"async\" loading=\"lazy\" class=\"alignnone wp-image-3965\" src=\"http:\/\/artistartas.com\/wp-content\/uploads\/2018\/12\/snail-steampunk-sculpture-1016x1024.jpg\" alt=\"steampunk skulpt\u016bra sraig\u0117\" width=\"600\" height=\"605\" srcset=\"https:\/\/artistartas.com\/wp-content\/uploads\/2018\/12\/snail-steampunk-sculpture-1016x1024.jpg 1016w, https:\/\/artistartas.com\/wp-content\/uploads\/2018\/12\/snail-steampunk-sculpture-scaled-100x100.jpg 100w, https:\/\/artistartas.com\/wp-content\/uploads\/2018\/12\/snail-steampunk-sculpture-scaled-600x605.jpg 600w, https:\/\/artistartas.com\/wp-content\/uploads\/2018\/12\/snail-steampunk-sculpture-150x150.jpg 150w, https:\/\/artistartas.com\/wp-content\/uploads\/2018\/12\/snail-steampunk-sculpture-298x300.jpg 298w, https:\/\/artistartas.com\/wp-content\/uploads\/2018\/12\/snail-steampunk-sculpture-768x774.jpg 768w, https:\/\/artistartas.com\/wp-content\/uploads\/2018\/12\/snail-steampunk-sculpture-scaled.jpg 2540w\" sizes=\"(max-width: 600px) 100vw, 600px\" \/><\/a><\/p>\n<p><a href=\"http:\/\/artistartas.com\/wp-content\/uploads\/2018\/12\/steampunk-artworks-online.jpg\"><img decoding=\"async\" loading=\"lazy\" class=\"alignnone wp-image-3967\" src=\"http:\/\/artistartas.com\/wp-content\/uploads\/2018\/12\/steampunk-artworks-online-1024x962.jpg\" alt=\"steampunk skulpt\u016bra\" width=\"600\" height=\"563\" srcset=\"https:\/\/artistartas.com\/wp-content\/uploads\/2018\/12\/steampunk-artworks-online-1024x962.jpg 1024w, https:\/\/artistartas.com\/wp-content\/uploads\/2018\/12\/steampunk-artworks-online-600x563.jpg 600w, https:\/\/artistartas.com\/wp-content\/uploads\/2018\/12\/steampunk-artworks-online-300x282.jpg 300w, https:\/\/artistartas.com\/wp-content\/uploads\/2018\/12\/steampunk-artworks-online-768x721.jpg 768w, https:\/\/artistartas.com\/wp-content\/uploads\/2018\/12\/steampunk-artworks-online-scaled.jpg 2560w\" sizes=\"(max-width: 600px) 100vw, 600px\" \/><\/a><\/p>\n<p><a href=\"http:\/\/artistartas.com\/wp-content\/uploads\/2018\/12\/arturas-tamasauskas-steampunk.jpg\"><img decoding=\"async\" loading=\"lazy\" class=\"alignnone wp-image-3963\" src=\"http:\/\/artistartas.com\/wp-content\/uploads\/2018\/12\/arturas-tamasauskas-steampunk-922x1024.jpg\" alt=\"sraig\u0117 i\u0161 metalo\" width=\"600\" height=\"666\" srcset=\"https:\/\/artistartas.com\/wp-content\/uploads\/2018\/12\/arturas-tamasauskas-steampunk-922x1024.jpg 922w, https:\/\/artistartas.com\/wp-content\/uploads\/2018\/12\/arturas-tamasauskas-steampunk-600x666.jpg 600w, https:\/\/artistartas.com\/wp-content\/uploads\/2018\/12\/arturas-tamasauskas-steampunk-270x300.jpg 270w, https:\/\/artistartas.com\/wp-content\/uploads\/2018\/12\/arturas-tamasauskas-steampunk-768x853.jpg 768w, https:\/\/artistartas.com\/wp-content\/uploads\/2018\/12\/arturas-tamasauskas-steampunk-scaled.jpg 2305w\" sizes=\"(max-width: 600px) 100vw, 600px\" \/><\/a><\/p>\n<p><a href=\"http:\/\/artistartas.com\/wp-content\/uploads\/2018\/12\/sraiges-skulptura.jpg\"><img decoding=\"async\" loading=\"lazy\" class=\"alignnone wp-image-3957\" src=\"http:\/\/artistartas.com\/wp-content\/uploads\/2018\/12\/sraiges-skulptura-872x1024.jpg\" alt=\"sraig\u0117 i\u0161 rakand\u0173\" width=\"600\" height=\"705\" srcset=\"https:\/\/artistartas.com\/wp-content\/uploads\/2018\/12\/sraiges-skulptura-872x1024.jpg 872w, https:\/\/artistartas.com\/wp-content\/uploads\/2018\/12\/sraiges-skulptura-600x705.jpg 600w, https:\/\/artistartas.com\/wp-content\/uploads\/2018\/12\/sraiges-skulptura-255x300.jpg 255w, https:\/\/artistartas.com\/wp-content\/uploads\/2018\/12\/sraiges-skulptura-768x902.jpg 768w, https:\/\/artistartas.com\/wp-content\/uploads\/2018\/12\/sraiges-skulptura-scaled.jpg 2180w\" sizes=\"(max-width: 600px) 100vw, 600px\" \/><\/a><\/p>\n<p><a href=\"http:\/\/artistartas.com\/wp-content\/uploads\/2018\/12\/steampunk-meno-kuriniai.jpg\"><img decoding=\"async\" loading=\"lazy\" class=\"alignnone wp-image-3961\" src=\"http:\/\/artistartas.com\/wp-content\/uploads\/2018\/12\/steampunk-meno-kuriniai-639x1024.jpg\" alt=\"stimpank menas \" width=\"600\" height=\"962\" srcset=\"https:\/\/artistartas.com\/wp-content\/uploads\/2018\/12\/steampunk-meno-kuriniai-639x1024.jpg 639w, https:\/\/artistartas.com\/wp-content\/uploads\/2018\/12\/steampunk-meno-kuriniai-600x962.jpg 600w, https:\/\/artistartas.com\/wp-content\/uploads\/2018\/12\/steampunk-meno-kuriniai-187x300.jpg 187w, https:\/\/artistartas.com\/wp-content\/uploads\/2018\/12\/steampunk-meno-kuriniai-768x1231.jpg 768w, https:\/\/artistartas.com\/wp-content\/uploads\/2018\/12\/steampunk-meno-kuriniai-scaled.jpg 1597w\" sizes=\"(max-width: 600px) 100vw, 600px\" \/><\/a><\/p>\n<p><a href=\"http:\/\/artistartas.com\/wp-content\/uploads\/2018\/12\/steampuk-skulpturos.jpg\"><img decoding=\"async\" loading=\"lazy\" class=\"alignnone wp-image-3959\" src=\"http:\/\/artistartas.com\/wp-content\/uploads\/2018\/12\/steampuk-skulpturos-787x1024.jpg\" alt=\"steampunk stiliaus skulpt\u016bra\" width=\"600\" height=\"781\" srcset=\"https:\/\/artistartas.com\/wp-content\/uploads\/2018\/12\/steampuk-skulpturos-787x1024.jpg 787w, https:\/\/artistartas.com\/wp-content\/uploads\/2018\/12\/steampuk-skulpturos-600x781.jpg 600w, https:\/\/artistartas.com\/wp-content\/uploads\/2018\/12\/steampuk-skulpturos-231x300.jpg 231w, https:\/\/artistartas.com\/wp-content\/uploads\/2018\/12\/steampuk-skulpturos-768x999.jpg 768w, https:\/\/artistartas.com\/wp-content\/uploads\/2018\/12\/steampuk-skulpturos-scaled.jpg 1968w\" sizes=\"(max-width: 600px) 100vw, 600px\" \/><\/a><\/p>\n<p>&nbsp;<\/p>\n<p>&nbsp;<\/p>\n","protected":false},"excerpt":{"rendered":"<p>Sraig\u0117. Esu da\u017enas metalo lau\u017eyn\u0173 lankytojas. Ten randu \u012fvairiausi\u0173 rakand\u0173 savo k\u016brybai. \u0160tai ak\u012f patrauk\u0117 turbina, pamaniau, bus sraig\u0117s namas, o jos k\u016bn\u0105 puikiausiai atstojo seno tarybinio motociklo variklio dangtelis. Detal\u0117s padiktavo, jog tai b\u016bt\u0173 ne paprasta sraig\u0117, o sraig\u0117 &#8211; lenktyninink\u0117, teko net spidometr\u0105 \u012fkomponuoti ir garsin\u012f signal\u0105 i\u0161duodant\u012f suraityt\u0105 metalin\u012f trimit\u0105. Sraig\u0117s galv\u0105 [&hellip;]<\/p>\n","protected":false},"featured_media":3965,"template":"","meta":{"om_disable_all_campaigns":false,"_exactmetrics_skip_tracking":false,"_exactmetrics_sitenote_active":false,"_exactmetrics_sitenote_note":"","_exactmetrics_sitenote_category":0,"_mi_skip_tracking":false,"_monsterinsights_sitenote_active":false,"_monsterinsights_sitenote_note":"","_monsterinsights_sitenote_category":0,"_uf_show_specific_survey":0,"_uf_disable_surveys":false},"product_cat":[134,539],"product_tag":[386,185,138,472,508],"aioseo_notices":[],"yoast_head":"<!-- This site is optimized with the Yoast SEO plugin v21.4 - https:\/\/yoast.com\/wordpress\/plugins\/seo\/ -->\n<title>Sraig\u0117. Skulptura, Meno K\u016briniai I\u0161 Metalo Ir Sendaik\u010di\u0173...<\/title>\n<meta name=\"description\" content=\"Sraig\u0117. Esu da\u017enas metalo lau\u017eyn\u0173 lankytojas. Ten randu \u012fvairiausi\u0173 rakand\u0173 savo k\u016brybai. \u0160tai ak\u012f patrauk\u0117 turbina, pamaniau, bus sraig\u0117s...\" \/>\n<meta name=\"robots\" content=\"index, follow, max-snippet:-1, max-image-preview:large, max-video-preview:-1\" \/>\n<link rel=\"canonical\" href=\"https:\/\/artistartas.com\/lt\/produktas\/sraige\/\" \/>\n<meta property=\"og:locale\" content=\"lt_LT\" \/>\n<meta property=\"og:type\" content=\"article\" \/>\n<meta property=\"og:title\" content=\"Sraig\u0117. Skulptura, Meno K\u016briniai I\u0161 Metalo Ir Sendaik\u010di\u0173...\" \/>\n<meta property=\"og:description\" content=\"Sraig\u0117. Esu da\u017enas metalo lau\u017eyn\u0173 lankytojas. Ten randu \u012fvairiausi\u0173 rakand\u0173 savo k\u016brybai. \u0160tai ak\u012f patrauk\u0117 turbina, pamaniau, bus sraig\u0117s...\" \/>\n<meta property=\"og:url\" content=\"https:\/\/artistartas.com\/lt\/produktas\/sraige\/\" \/>\n<meta property=\"og:site_name\" content=\"Art\u016bras Tama\u0161auskas\" \/>\n<meta property=\"article:modified_time\" content=\"2024-01-08T17:43:57+00:00\" \/>\n<meta property=\"og:image\" content=\"http:\/\/artistartas.com\/wp-content\/uploads\/2018\/12\/snail-steampunk-sculpture-scaled.jpg\" \/>\n\t<meta property=\"og:image:width\" content=\"2540\" \/>\n\t<meta property=\"og:image:height\" content=\"2560\" \/>\n\t<meta property=\"og:image:type\" content=\"image\/jpeg\" \/>\n<meta name=\"twitter:card\" content=\"summary_large_image\" \/>\n<meta name=\"twitter:label1\" content=\"Est. reading time\" \/>\n\t<meta name=\"twitter:data1\" content=\"2 minut\u0117s\" \/>\n<script type=\"application\/ld+json\" class=\"yoast-schema-graph\">{\"@context\":\"https:\/\/schema.org\",\"@graph\":[{\"@type\":\"WebPage\",\"@id\":\"https:\/\/artistartas.com\/lt\/produktas\/sraige\/\",\"url\":\"https:\/\/artistartas.com\/lt\/produktas\/sraige\/\",\"name\":\"Sraig\u0117. Skulptura, Meno K\u016briniai I\u0161 Metalo Ir Sendaik\u010di\u0173...\",\"isPartOf\":{\"@id\":\"https:\/\/artistartas.com\/#website\"},\"datePublished\":\"2023-10-12T19:11:15+00:00\",\"dateModified\":\"2024-01-08T17:43:57+00:00\",\"description\":\"Sraig\u0117. Esu da\u017enas metalo lau\u017eyn\u0173 lankytojas. Ten randu \u012fvairiausi\u0173 rakand\u0173 savo k\u016brybai. \u0160tai ak\u012f patrauk\u0117 turbina, pamaniau, bus sraig\u0117s...\",\"breadcrumb\":{\"@id\":\"https:\/\/artistartas.com\/lt\/produktas\/sraige\/#breadcrumb\"},\"inLanguage\":\"lt-LT\",\"potentialAction\":[{\"@type\":\"ReadAction\",\"target\":[\"https:\/\/artistartas.com\/lt\/produktas\/sraige\/\"]}]},{\"@type\":\"BreadcrumbList\",\"@id\":\"https:\/\/artistartas.com\/lt\/produktas\/sraige\/#breadcrumb\",\"itemListElement\":[{\"@type\":\"ListItem\",\"position\":1,\"name\":\"Home\",\"item\":\"https:\/\/artistartas.com\/lt\/\"},{\"@type\":\"ListItem\",\"position\":2,\"name\":\"Steampunk stiliaus darbai\",\"item\":\"https:\/\/artistartas.com\/lt\/\"},{\"@type\":\"ListItem\",\"position\":3,\"name\":\"Sraig\u0117\"}]},{\"@type\":\"WebSite\",\"@id\":\"https:\/\/artistartas.com\/#website\",\"url\":\"https:\/\/artistartas.com\/\",\"name\":\"Art\u016bras Tama\u0161auskas\",\"description\":\"Kol kas tik dar vienas WordPress tinklalapis\",\"publisher\":{\"@id\":\"https:\/\/artistartas.com\/#\/schema\/person\/8c3fb50aefa8758c1dcb9858b0cb9ad8\"},\"potentialAction\":[{\"@type\":\"SearchAction\",\"target\":{\"@type\":\"EntryPoint\",\"urlTemplate\":\"https:\/\/artistartas.com\/?s={search_term_string}\"},\"query-input\":\"required name=search_term_string\"}],\"inLanguage\":\"lt-LT\"},{\"@type\":[\"Person\",\"Organization\"],\"@id\":\"https:\/\/artistartas.com\/#\/schema\/person\/8c3fb50aefa8758c1dcb9858b0cb9ad8\",\"name\":\"Art\u016bras Tama\u0161auskas\",\"image\":{\"@type\":\"ImageObject\",\"inLanguage\":\"lt-LT\",\"@id\":\"https:\/\/artistartas.com\/#\/schema\/person\/image\/\",\"url\":\"https:\/\/secure.gravatar.com\/avatar\/dd558d298c85a97bbea60bbd1872a1e4?s=96&d=mm&r=g\",\"contentUrl\":\"https:\/\/secure.gravatar.com\/avatar\/dd558d298c85a97bbea60bbd1872a1e4?s=96&d=mm&r=g\",\"caption\":\"Art\u016bras Tama\u0161auskas\"},\"logo\":{\"@id\":\"https:\/\/artistartas.com\/#\/schema\/person\/image\/\"}}]}<\/script>\n<!-- \/ Yoast SEO plugin. -->","yoast_head_json":{"title":"Sraig\u0117. Skulptura, Meno K\u016briniai I\u0161 Metalo Ir Sendaik\u010di\u0173...","description":"Sraig\u0117. Esu da\u017enas metalo lau\u017eyn\u0173 lankytojas. Ten randu \u012fvairiausi\u0173 rakand\u0173 savo k\u016brybai. \u0160tai ak\u012f patrauk\u0117 turbina, pamaniau, bus sraig\u0117s...","robots":{"index":"index","follow":"follow","max-snippet":"max-snippet:-1","max-image-preview":"max-image-preview:large","max-video-preview":"max-video-preview:-1"},"canonical":"https:\/\/artistartas.com\/lt\/produktas\/sraige\/","og_locale":"lt_LT","og_type":"article","og_title":"Sraig\u0117. Skulptura, Meno K\u016briniai I\u0161 Metalo Ir Sendaik\u010di\u0173...","og_description":"Sraig\u0117. Esu da\u017enas metalo lau\u017eyn\u0173 lankytojas. Ten randu \u012fvairiausi\u0173 rakand\u0173 savo k\u016brybai. \u0160tai ak\u012f patrauk\u0117 turbina, pamaniau, bus sraig\u0117s...","og_url":"https:\/\/artistartas.com\/lt\/produktas\/sraige\/","og_site_name":"Art\u016bras Tama\u0161auskas","article_modified_time":"2024-01-08T17:43:57+00:00","og_image":[{"width":2540,"height":2560,"url":"http:\/\/artistartas.com\/wp-content\/uploads\/2018\/12\/snail-steampunk-sculpture-scaled.jpg","type":"image\/jpeg"}],"twitter_card":"summary_large_image","twitter_misc":{"Est. reading time":"2 minut\u0117s"},"schema":{"@context":"https:\/\/schema.org","@graph":[{"@type":"WebPage","@id":"https:\/\/artistartas.com\/lt\/produktas\/sraige\/","url":"https:\/\/artistartas.com\/lt\/produktas\/sraige\/","name":"Sraig\u0117. Skulptura, Meno K\u016briniai I\u0161 Metalo Ir Sendaik\u010di\u0173...","isPartOf":{"@id":"https:\/\/artistartas.com\/#website"},"datePublished":"2023-10-12T19:11:15+00:00","dateModified":"2024-01-08T17:43:57+00:00","description":"Sraig\u0117. Esu da\u017enas metalo lau\u017eyn\u0173 lankytojas. Ten randu \u012fvairiausi\u0173 rakand\u0173 savo k\u016brybai. \u0160tai ak\u012f patrauk\u0117 turbina, pamaniau, bus sraig\u0117s...","breadcrumb":{"@id":"https:\/\/artistartas.com\/lt\/produktas\/sraige\/#breadcrumb"},"inLanguage":"lt-LT","potentialAction":[{"@type":"ReadAction","target":["https:\/\/artistartas.com\/lt\/produktas\/sraige\/"]}]},{"@type":"BreadcrumbList","@id":"https:\/\/artistartas.com\/lt\/produktas\/sraige\/#breadcrumb","itemListElement":[{"@type":"ListItem","position":1,"name":"Home","item":"https:\/\/artistartas.com\/lt\/"},{"@type":"ListItem","position":2,"name":"Steampunk stiliaus darbai","item":"https:\/\/artistartas.com\/lt\/"},{"@type":"ListItem","position":3,"name":"Sraig\u0117"}]},{"@type":"WebSite","@id":"https:\/\/artistartas.com\/#website","url":"https:\/\/artistartas.com\/","name":"Art\u016bras Tama\u0161auskas","description":"Kol kas tik dar vienas WordPress tinklalapis","publisher":{"@id":"https:\/\/artistartas.com\/#\/schema\/person\/8c3fb50aefa8758c1dcb9858b0cb9ad8"},"potentialAction":[{"@type":"SearchAction","target":{"@type":"EntryPoint","urlTemplate":"https:\/\/artistartas.com\/?s={search_term_string}"},"query-input":"required name=search_term_string"}],"inLanguage":"lt-LT"},{"@type":["Person","Organization"],"@id":"https:\/\/artistartas.com\/#\/schema\/person\/8c3fb50aefa8758c1dcb9858b0cb9ad8","name":"Art\u016bras Tama\u0161auskas","image":{"@type":"ImageObject","inLanguage":"lt-LT","@id":"https:\/\/artistartas.com\/#\/schema\/person\/image\/","url":"https:\/\/secure.gravatar.com\/avatar\/dd558d298c85a97bbea60bbd1872a1e4?s=96&d=mm&r=g","contentUrl":"https:\/\/secure.gravatar.com\/avatar\/dd558d298c85a97bbea60bbd1872a1e4?s=96&d=mm&r=g","caption":"Art\u016bras Tama\u0161auskas"},"logo":{"@id":"https:\/\/artistartas.com\/#\/schema\/person\/image\/"}}]}},"_links":{"self":[{"href":"https:\/\/artistartas.com\/lt\/wp-json\/wp\/v2\/product\/4967"}],"collection":[{"href":"https:\/\/artistartas.com\/lt\/wp-json\/wp\/v2\/product"}],"about":[{"href":"https:\/\/artistartas.com\/lt\/wp-json\/wp\/v2\/types\/product"}],"wp:featuredmedia":[{"embeddable":true,"href":"https:\/\/artistartas.com\/lt\/wp-json\/wp\/v2\/media\/3965"}],"wp:attachment":[{"href":"https:\/\/artistartas.com\/lt\/wp-json\/wp\/v2\/media?parent=4967"}],"wp:term":[{"taxonomy":"product_cat","embeddable":true,"href":"https:\/\/artistartas.com\/lt\/wp-json\/wp\/v2\/product_cat?post=4967"},{"taxonomy":"product_tag","embeddable":true,"href":"https:\/\/artistartas.com\/lt\/wp-json\/wp\/v2\/product_tag?post=4967"}],"curies":[{"name":"wp","href":"https:\/\/api.w.org\/{rel}","templated":true}]}}