{"id":4966,"date":"2023-10-12T20:58:04","date_gmt":"2023-10-12T18:58:04","guid":{"rendered":"https:\/\/artistartas.com\/?post_type=product&#038;p=4966"},"modified":"2024-01-08T19:44:49","modified_gmt":"2024-01-08T17:44:49","slug":"garo-masina","status":"publish","type":"product","link":"https:\/\/artistartas.com\/lt\/produktas\/garo-masina\/","title":{"rendered":"Garo ma\u0161ina"},"content":{"rendered":"<p>Garo ma\u0161ina. \u0160io darbo pagrindin\u0117 dalis yra tri\u016bbos (boso) fragmentas. Tai viskas, kas liko i\u0161 instrumento. \u0160i likusi detal\u0117 ir paskatino sukurti garo ma\u0161in\u0105, nes lenkti vamzdeliai ir klapanai tam labai tiko. Kitos detal\u0117s tik papild\u0117 centrin\u0119 dal\u012f ir leido sukurti ma\u0161in\u0105 toki\u0105, kokia ji atrodo dabar. Nemenk\u0105 d\u0117mes\u012f savo darbuose skiriu fonui ir r\u0117mams. Tai, manau, papildo k\u016brin\u012f ir suteikia jam autenti\u0161kumo \u012fvaizd\u012f, kaip pvz. kirvarp\u0173 paliktos skylut\u0117s, patina, apkaustai. Taigi darbas \u012fgauna seno, keisto modelio aptrintame, aptrup\u0117jusiame nuo laiko fone, atspalv\u012f. Garo ma\u0161ina- vienas mylimiausi\u0173 steampunk stiliaus asamblia\u017e\u0173, kuriuos teko sukurti.<\/p>\n<div>\n<div>\n<div>\n<div>\n<div>\n<div>\n<div>\n<div><strong>Pagrindin\u0117s detal\u0117s:<\/strong><\/div>\n<ul>\n<li>\u017dalvarin\u0117s tri\u016bbos (boso) fragmentas<\/li>\n<li>\u0160vedi\u0161kas XXa.pr. \u017ealvarinis konteineris<\/li>\n<li>Ratas didysis (nuo&#8221;Singer&#8221; siuvimo ma\u0161inos)<\/li>\n<li>Ratas ma\u017easis (nuo \u017ealvarin\u0117s patrankos modelio)<\/li>\n<li>Varinis indelis g\u0117l\u0117ms pamerkti<\/li>\n<\/ul>\n<\/div>\n<\/div>\n<\/div>\n<\/div>\n<p><strong>Matmenys: <\/strong>50 x 71 cm.<\/p>\n<\/div>\n<\/div>\n<p><strong>Metai: <\/strong>2016<\/p>\n<\/div>\n<p><strong>Parduotas<\/strong><\/p>\n<p>&nbsp;<\/p>\n<p><a href=\"http:\/\/artistartas.com\/wp-content\/uploads\/2016\/02\/steam-machine1.jpg\"><img decoding=\"async\" loading=\"lazy\" class=\"alignnone wp-image-3310\" src=\"http:\/\/artistartas.com\/wp-content\/uploads\/2016\/02\/steam-machine1-1024x714.jpg\" alt=\"garo ma\u0161ina asamblia\u017eas\" width=\"877\" height=\"611\" srcset=\"https:\/\/artistartas.com\/wp-content\/uploads\/2016\/02\/steam-machine1-1024x714.jpg 1024w, https:\/\/artistartas.com\/wp-content\/uploads\/2016\/02\/steam-machine1-600x418.jpg 600w, https:\/\/artistartas.com\/wp-content\/uploads\/2016\/02\/steam-machine1-300x209.jpg 300w, https:\/\/artistartas.com\/wp-content\/uploads\/2016\/02\/steam-machine1-768x535.jpg 768w, https:\/\/artistartas.com\/wp-content\/uploads\/2016\/02\/steam-machine1.jpg 1600w\" sizes=\"(max-width: 877px) 100vw, 877px\" \/><\/a><\/p>\n<p>&nbsp;<\/p>\n<p><a href=\"http:\/\/artistartas.com\/wp-content\/uploads\/2016\/02\/steam-machine.1.jpg\"><img decoding=\"async\" loading=\"lazy\" class=\"alignnone wp-image-3307\" src=\"http:\/\/artistartas.com\/wp-content\/uploads\/2016\/02\/steam-machine.1-1024x680.jpg\" alt=\"menas i\u0161 sendaik\u010di\u0173\" width=\"877\" height=\"582\" srcset=\"https:\/\/artistartas.com\/wp-content\/uploads\/2016\/02\/steam-machine.1-1024x680.jpg 1024w, https:\/\/artistartas.com\/wp-content\/uploads\/2016\/02\/steam-machine.1-600x399.jpg 600w, https:\/\/artistartas.com\/wp-content\/uploads\/2016\/02\/steam-machine.1-300x199.jpg 300w, https:\/\/artistartas.com\/wp-content\/uploads\/2016\/02\/steam-machine.1-768x510.jpg 768w, https:\/\/artistartas.com\/wp-content\/uploads\/2016\/02\/steam-machine.1-scaled.jpg 2560w\" sizes=\"(max-width: 877px) 100vw, 877px\" \/><\/a><\/p>\n<p>&nbsp;<\/p>\n<p><a href=\"http:\/\/artistartas.com\/wp-content\/uploads\/2016\/02\/steam-machine.3.jpg\"><img decoding=\"async\" loading=\"lazy\" class=\"alignnone wp-image-3308\" src=\"http:\/\/artistartas.com\/wp-content\/uploads\/2016\/02\/steam-machine.3-1024x680.jpg\" alt=\"asamblia\u017eas garo ma\u0161ina\" width=\"877\" height=\"582\" srcset=\"https:\/\/artistartas.com\/wp-content\/uploads\/2016\/02\/steam-machine.3-1024x680.jpg 1024w, https:\/\/artistartas.com\/wp-content\/uploads\/2016\/02\/steam-machine.3-600x399.jpg 600w, https:\/\/artistartas.com\/wp-content\/uploads\/2016\/02\/steam-machine.3-300x199.jpg 300w, https:\/\/artistartas.com\/wp-content\/uploads\/2016\/02\/steam-machine.3-768x510.jpg 768w, https:\/\/artistartas.com\/wp-content\/uploads\/2016\/02\/steam-machine.3.jpg 1600w\" sizes=\"(max-width: 877px) 100vw, 877px\" \/><\/a><\/p>\n<p>&nbsp;<\/p>\n<p><a href=\"http:\/\/artistartas.com\/wp-content\/uploads\/2016\/02\/steam-machine.4.jpg\"><img decoding=\"async\" loading=\"lazy\" class=\"alignnone wp-image-3309\" src=\"http:\/\/artistartas.com\/wp-content\/uploads\/2016\/02\/steam-machine.4-1024x680.jpg\" alt=\"stempunk paveikslas \" width=\"875\" height=\"581\" srcset=\"https:\/\/artistartas.com\/wp-content\/uploads\/2016\/02\/steam-machine.4-1024x680.jpg 1024w, https:\/\/artistartas.com\/wp-content\/uploads\/2016\/02\/steam-machine.4-600x399.jpg 600w, https:\/\/artistartas.com\/wp-content\/uploads\/2016\/02\/steam-machine.4-300x199.jpg 300w, https:\/\/artistartas.com\/wp-content\/uploads\/2016\/02\/steam-machine.4-768x510.jpg 768w, https:\/\/artistartas.com\/wp-content\/uploads\/2016\/02\/steam-machine.4.jpg 1600w\" sizes=\"(max-width: 875px) 100vw, 875px\" \/><\/a><\/p>\n<p>&nbsp;<\/p>\n<p>&nbsp;<\/p>\n","protected":false},"excerpt":{"rendered":"<p>Garo ma\u0161ina. \u0160io darbo pagrindin\u0117 dalis yra tri\u016bbos (boso) fragmentas. Tai viskas, kas liko i\u0161 instrumento. \u0160i likusi detal\u0117 ir paskatino sukurti garo ma\u0161in\u0105, nes lenkti vamzdeliai ir klapanai tam labai tiko. Kitos detal\u0117s tik papild\u0117 centrin\u0119 dal\u012f ir leido sukurti ma\u0161in\u0105 toki\u0105, kokia ji atrodo dabar. Nemenk\u0105 d\u0117mes\u012f savo darbuose skiriu fonui ir r\u0117mams. [&hellip;]<\/p>\n","protected":false},"featured_media":3310,"template":"","meta":{"om_disable_all_campaigns":false,"_exactmetrics_skip_tracking":false,"_exactmetrics_sitenote_active":false,"_exactmetrics_sitenote_note":"","_exactmetrics_sitenote_category":0,"_mi_skip_tracking":false,"_monsterinsights_sitenote_active":false,"_monsterinsights_sitenote_note":"","_monsterinsights_sitenote_category":0,"_uf_show_specific_survey":0,"_uf_disable_surveys":false},"product_cat":[108,539],"product_tag":[389,111,383,386,507,376,440,387,126,112],"aioseo_notices":[],"yoast_head":"<!-- This site is optimized with the Yoast SEO plugin v21.4 - https:\/\/yoast.com\/wordpress\/plugins\/seo\/ -->\n<title>Garo Ma\u0161ina, Paveikslas, Meno K\u016briniai I\u0161 Metalo Ir Sendaik\u010di\u0173...<\/title>\n<meta name=\"description\" content=\"Garo ma\u0161ina. \u0160io darbo pagrindin\u0117 dalis yra tri\u016bbos (boso) fragmentas. Tai viskas, kas liko i\u0161 instrumento. \u0160i likusi detal\u0117 ir paskatino sukurti garo...\" \/>\n<meta name=\"robots\" content=\"index, follow, max-snippet:-1, max-image-preview:large, max-video-preview:-1\" \/>\n<link rel=\"canonical\" href=\"https:\/\/artistartas.com\/lt\/produktas\/garo-masina\/\" \/>\n<meta property=\"og:locale\" content=\"lt_LT\" \/>\n<meta property=\"og:type\" content=\"article\" \/>\n<meta property=\"og:title\" content=\"Garo Ma\u0161ina, Paveikslas, Meno K\u016briniai I\u0161 Metalo Ir Sendaik\u010di\u0173...\" \/>\n<meta property=\"og:description\" content=\"Garo ma\u0161ina. \u0160io darbo pagrindin\u0117 dalis yra tri\u016bbos (boso) fragmentas. Tai viskas, kas liko i\u0161 instrumento. \u0160i likusi detal\u0117 ir paskatino sukurti garo...\" \/>\n<meta property=\"og:url\" content=\"https:\/\/artistartas.com\/lt\/produktas\/garo-masina\/\" \/>\n<meta property=\"og:site_name\" content=\"Art\u016bras Tama\u0161auskas\" \/>\n<meta property=\"article:modified_time\" content=\"2024-01-08T17:44:49+00:00\" \/>\n<meta property=\"og:image\" content=\"http:\/\/artistartas.com\/wp-content\/uploads\/2016\/02\/steam-machine1.jpg\" \/>\n\t<meta property=\"og:image:width\" content=\"1600\" \/>\n\t<meta property=\"og:image:height\" content=\"1115\" \/>\n\t<meta property=\"og:image:type\" content=\"image\/jpeg\" \/>\n<meta name=\"twitter:card\" content=\"summary_large_image\" \/>\n<meta name=\"twitter:label1\" content=\"Est. reading time\" \/>\n\t<meta name=\"twitter:data1\" content=\"2 minut\u0117s\" \/>\n<script type=\"application\/ld+json\" class=\"yoast-schema-graph\">{\"@context\":\"https:\/\/schema.org\",\"@graph\":[{\"@type\":\"WebPage\",\"@id\":\"https:\/\/artistartas.com\/lt\/produktas\/garo-masina\/\",\"url\":\"https:\/\/artistartas.com\/lt\/produktas\/garo-masina\/\",\"name\":\"Garo Ma\u0161ina, Paveikslas, Meno K\u016briniai I\u0161 Metalo Ir Sendaik\u010di\u0173...\",\"isPartOf\":{\"@id\":\"https:\/\/artistartas.com\/#website\"},\"datePublished\":\"2023-10-12T18:58:04+00:00\",\"dateModified\":\"2024-01-08T17:44:49+00:00\",\"description\":\"Garo ma\u0161ina. \u0160io darbo pagrindin\u0117 dalis yra tri\u016bbos (boso) fragmentas. Tai viskas, kas liko i\u0161 instrumento. \u0160i likusi detal\u0117 ir paskatino sukurti garo...\",\"breadcrumb\":{\"@id\":\"https:\/\/artistartas.com\/lt\/produktas\/garo-masina\/#breadcrumb\"},\"inLanguage\":\"lt-LT\",\"potentialAction\":[{\"@type\":\"ReadAction\",\"target\":[\"https:\/\/artistartas.com\/lt\/produktas\/garo-masina\/\"]}]},{\"@type\":\"BreadcrumbList\",\"@id\":\"https:\/\/artistartas.com\/lt\/produktas\/garo-masina\/#breadcrumb\",\"itemListElement\":[{\"@type\":\"ListItem\",\"position\":1,\"name\":\"Home\",\"item\":\"https:\/\/artistartas.com\/lt\/\"},{\"@type\":\"ListItem\",\"position\":2,\"name\":\"Steampunk stiliaus darbai\",\"item\":\"https:\/\/artistartas.com\/lt\/\"},{\"@type\":\"ListItem\",\"position\":3,\"name\":\"Garo ma\u0161ina\"}]},{\"@type\":\"WebSite\",\"@id\":\"https:\/\/artistartas.com\/#website\",\"url\":\"https:\/\/artistartas.com\/\",\"name\":\"Art\u016bras Tama\u0161auskas\",\"description\":\"Kol kas tik dar vienas WordPress tinklalapis\",\"publisher\":{\"@id\":\"https:\/\/artistartas.com\/#\/schema\/person\/8c3fb50aefa8758c1dcb9858b0cb9ad8\"},\"potentialAction\":[{\"@type\":\"SearchAction\",\"target\":{\"@type\":\"EntryPoint\",\"urlTemplate\":\"https:\/\/artistartas.com\/?s={search_term_string}\"},\"query-input\":\"required name=search_term_string\"}],\"inLanguage\":\"lt-LT\"},{\"@type\":[\"Person\",\"Organization\"],\"@id\":\"https:\/\/artistartas.com\/#\/schema\/person\/8c3fb50aefa8758c1dcb9858b0cb9ad8\",\"name\":\"Art\u016bras Tama\u0161auskas\",\"image\":{\"@type\":\"ImageObject\",\"inLanguage\":\"lt-LT\",\"@id\":\"https:\/\/artistartas.com\/#\/schema\/person\/image\/\",\"url\":\"https:\/\/secure.gravatar.com\/avatar\/dd558d298c85a97bbea60bbd1872a1e4?s=96&d=mm&r=g\",\"contentUrl\":\"https:\/\/secure.gravatar.com\/avatar\/dd558d298c85a97bbea60bbd1872a1e4?s=96&d=mm&r=g\",\"caption\":\"Art\u016bras Tama\u0161auskas\"},\"logo\":{\"@id\":\"https:\/\/artistartas.com\/#\/schema\/person\/image\/\"}}]}<\/script>\n<!-- \/ Yoast SEO plugin. -->","yoast_head_json":{"title":"Garo Ma\u0161ina, Paveikslas, Meno K\u016briniai I\u0161 Metalo Ir Sendaik\u010di\u0173...","description":"Garo ma\u0161ina. \u0160io darbo pagrindin\u0117 dalis yra tri\u016bbos (boso) fragmentas. Tai viskas, kas liko i\u0161 instrumento. \u0160i likusi detal\u0117 ir paskatino sukurti garo...","robots":{"index":"index","follow":"follow","max-snippet":"max-snippet:-1","max-image-preview":"max-image-preview:large","max-video-preview":"max-video-preview:-1"},"canonical":"https:\/\/artistartas.com\/lt\/produktas\/garo-masina\/","og_locale":"lt_LT","og_type":"article","og_title":"Garo Ma\u0161ina, Paveikslas, Meno K\u016briniai I\u0161 Metalo Ir Sendaik\u010di\u0173...","og_description":"Garo ma\u0161ina. \u0160io darbo pagrindin\u0117 dalis yra tri\u016bbos (boso) fragmentas. Tai viskas, kas liko i\u0161 instrumento. \u0160i likusi detal\u0117 ir paskatino sukurti garo...","og_url":"https:\/\/artistartas.com\/lt\/produktas\/garo-masina\/","og_site_name":"Art\u016bras Tama\u0161auskas","article_modified_time":"2024-01-08T17:44:49+00:00","og_image":[{"width":1600,"height":1115,"url":"http:\/\/artistartas.com\/wp-content\/uploads\/2016\/02\/steam-machine1.jpg","type":"image\/jpeg"}],"twitter_card":"summary_large_image","twitter_misc":{"Est. reading time":"2 minut\u0117s"},"schema":{"@context":"https:\/\/schema.org","@graph":[{"@type":"WebPage","@id":"https:\/\/artistartas.com\/lt\/produktas\/garo-masina\/","url":"https:\/\/artistartas.com\/lt\/produktas\/garo-masina\/","name":"Garo Ma\u0161ina, Paveikslas, Meno K\u016briniai I\u0161 Metalo Ir Sendaik\u010di\u0173...","isPartOf":{"@id":"https:\/\/artistartas.com\/#website"},"datePublished":"2023-10-12T18:58:04+00:00","dateModified":"2024-01-08T17:44:49+00:00","description":"Garo ma\u0161ina. \u0160io darbo pagrindin\u0117 dalis yra tri\u016bbos (boso) fragmentas. Tai viskas, kas liko i\u0161 instrumento. \u0160i likusi detal\u0117 ir paskatino sukurti garo...","breadcrumb":{"@id":"https:\/\/artistartas.com\/lt\/produktas\/garo-masina\/#breadcrumb"},"inLanguage":"lt-LT","potentialAction":[{"@type":"ReadAction","target":["https:\/\/artistartas.com\/lt\/produktas\/garo-masina\/"]}]},{"@type":"BreadcrumbList","@id":"https:\/\/artistartas.com\/lt\/produktas\/garo-masina\/#breadcrumb","itemListElement":[{"@type":"ListItem","position":1,"name":"Home","item":"https:\/\/artistartas.com\/lt\/"},{"@type":"ListItem","position":2,"name":"Steampunk stiliaus darbai","item":"https:\/\/artistartas.com\/lt\/"},{"@type":"ListItem","position":3,"name":"Garo ma\u0161ina"}]},{"@type":"WebSite","@id":"https:\/\/artistartas.com\/#website","url":"https:\/\/artistartas.com\/","name":"Art\u016bras Tama\u0161auskas","description":"Kol kas tik dar vienas WordPress tinklalapis","publisher":{"@id":"https:\/\/artistartas.com\/#\/schema\/person\/8c3fb50aefa8758c1dcb9858b0cb9ad8"},"potentialAction":[{"@type":"SearchAction","target":{"@type":"EntryPoint","urlTemplate":"https:\/\/artistartas.com\/?s={search_term_string}"},"query-input":"required name=search_term_string"}],"inLanguage":"lt-LT"},{"@type":["Person","Organization"],"@id":"https:\/\/artistartas.com\/#\/schema\/person\/8c3fb50aefa8758c1dcb9858b0cb9ad8","name":"Art\u016bras Tama\u0161auskas","image":{"@type":"ImageObject","inLanguage":"lt-LT","@id":"https:\/\/artistartas.com\/#\/schema\/person\/image\/","url":"https:\/\/secure.gravatar.com\/avatar\/dd558d298c85a97bbea60bbd1872a1e4?s=96&d=mm&r=g","contentUrl":"https:\/\/secure.gravatar.com\/avatar\/dd558d298c85a97bbea60bbd1872a1e4?s=96&d=mm&r=g","caption":"Art\u016bras Tama\u0161auskas"},"logo":{"@id":"https:\/\/artistartas.com\/#\/schema\/person\/image\/"}}]}},"_links":{"self":[{"href":"https:\/\/artistartas.com\/lt\/wp-json\/wp\/v2\/product\/4966"}],"collection":[{"href":"https:\/\/artistartas.com\/lt\/wp-json\/wp\/v2\/product"}],"about":[{"href":"https:\/\/artistartas.com\/lt\/wp-json\/wp\/v2\/types\/product"}],"wp:featuredmedia":[{"embeddable":true,"href":"https:\/\/artistartas.com\/lt\/wp-json\/wp\/v2\/media\/3310"}],"wp:attachment":[{"href":"https:\/\/artistartas.com\/lt\/wp-json\/wp\/v2\/media?parent=4966"}],"wp:term":[{"taxonomy":"product_cat","embeddable":true,"href":"https:\/\/artistartas.com\/lt\/wp-json\/wp\/v2\/product_cat?post=4966"},{"taxonomy":"product_tag","embeddable":true,"href":"https:\/\/artistartas.com\/lt\/wp-json\/wp\/v2\/product_tag?post=4966"}],"curies":[{"name":"wp","href":"https:\/\/api.w.org\/{rel}","templated":true}]}}