{"id":4965,"date":"2023-10-12T20:40:56","date_gmt":"2023-10-12T18:40:56","guid":{"rendered":"https:\/\/artistartas.com\/?post_type=product&#038;p=4965"},"modified":"2026-03-12T19:41:30","modified_gmt":"2026-03-12T17:41:30","slug":"pingvinas","status":"publish","type":"product","link":"https:\/\/artistartas.com\/lt\/produktas\/pingvinas\/","title":{"rendered":"Pingvinas"},"content":{"rendered":"<p><span class=\"_5yl5\">Pingvinas. Jau seniai brandinau mint\u012f sukurti pingvin\u0105. Man jie tokie juokingi, bet tuo pat metu grak\u0161t\u016bs ir eleganti\u0161ki. Id\u0117ja kilo bevartant rankoje sen\u0105 motociklo lempos korpus\u0105. Tai buvo pagrindin\u0117 jo k\u016bno dalis, visa kita gim\u0117 ekspromtu. Nesistengiau tiksliai kopijuoti k\u016bno proporcij\u0173, nor\u0117josi j\u012f padaryti juoking\u0105 tarsi \u0161ar\u017e\u0105 ar multiplikacinio filmuko heroj\u0173. Mano fantazijos virto realybe&#8230; \u0160tai ant skaidraus ledo lyties oriai stovi karali\u0161kas pingvinas, \u017ei\u016bri \u012f tol\u012f, tarsi tiksliai \u017einodamas, kur pragr\u0119\u0161 dar vien\u0105 skyl\u0119 lede&#8230;<\/span><\/p>\n<div>\n<div>\n<div>\n<div>\n<div><strong>Naudotos med\u017eiagos:<\/strong><\/div>\n<ul>\n<li>Galva &#8211; vandens mai\u0161ytuvo dalis, aliuminio \u0161auk\u0161tai;<\/li>\n<li>K\u016bnas &#8211; motociklo ir sunkve\u017eimio lemp\u0173 korpusai;<\/li>\n<li>Kojos &#8211; j\u016briniai ap\u0161vietimo lemp\u0173 cokoliai, lentyn\u0173 laikikliai;<\/li>\n<li>Uodega &#8211; \u0161auk\u0161teliai i\u0161 aliuminio;<\/li>\n<li>Ledo luitas &#8211; skaidrios kompozicin\u0117s dervos liejinys;<\/li>\n<li>Ledo gr\u0119\u017eimo ma\u0161ina &#8211; keramini\u0173 plyteli\u0173 gr\u0119\u017eimo rankinis \u012frankis.<\/li>\n<\/ul>\n<p><strong>Matmenys: <\/strong>25x24x34 cm.<strong><br \/>\n<\/strong><\/p>\n<p><strong>Metai: <\/strong>2016<\/p>\n<p><strong>Parduotas.<\/strong><\/p>\n<\/div>\n<p><img decoding=\"async\" loading=\"lazy\" class=\"alignnone wp-image-3607\" src=\"http:\/\/artistartas.com\/wp-content\/uploads\/2016\/11\/steampunk-skulptura-847x1024.jpg\" alt=\"steampunk skulpt\u016bra\" width=\"649\" height=\"785\" srcset=\"https:\/\/artistartas.com\/wp-content\/uploads\/2016\/11\/steampunk-skulptura-847x1024.jpg 847w, https:\/\/artistartas.com\/wp-content\/uploads\/2016\/11\/steampunk-skulptura-600x725.jpg 600w, https:\/\/artistartas.com\/wp-content\/uploads\/2016\/11\/steampunk-skulptura-248x300.jpg 248w, https:\/\/artistartas.com\/wp-content\/uploads\/2016\/11\/steampunk-skulptura-768x928.jpg 768w, https:\/\/artistartas.com\/wp-content\/uploads\/2016\/11\/steampunk-skulptura-scaled.jpg 2118w\" sizes=\"(max-width: 649px) 100vw, 649px\" \/><\/p>\n<p><img decoding=\"async\" loading=\"lazy\" class=\"alignnone wp-image-3601\" src=\"http:\/\/artistartas.com\/wp-content\/uploads\/2016\/11\/karaliskas-pingvinas-skulptura-874x1024.jpg\" alt=\" pingvinas skulpt\u016bra\" width=\"650\" height=\"761\" srcset=\"https:\/\/artistartas.com\/wp-content\/uploads\/2016\/11\/karaliskas-pingvinas-skulptura-874x1024.jpg 874w, https:\/\/artistartas.com\/wp-content\/uploads\/2016\/11\/karaliskas-pingvinas-skulptura-600x703.jpg 600w, https:\/\/artistartas.com\/wp-content\/uploads\/2016\/11\/karaliskas-pingvinas-skulptura-256x300.jpg 256w, https:\/\/artistartas.com\/wp-content\/uploads\/2016\/11\/karaliskas-pingvinas-skulptura-768x899.jpg 768w, https:\/\/artistartas.com\/wp-content\/uploads\/2016\/11\/karaliskas-pingvinas-skulptura.jpg 2157w\" sizes=\"(max-width: 650px) 100vw, 650px\" \/><\/p>\n<p><img decoding=\"async\" loading=\"lazy\" class=\"alignnone wp-image-3602\" src=\"http:\/\/artistartas.com\/wp-content\/uploads\/2016\/11\/karaliskasis-pingvinas-1024x942.jpg\" alt=\"stempunk pingvinas \" width=\"650\" height=\"598\" srcset=\"https:\/\/artistartas.com\/wp-content\/uploads\/2016\/11\/karaliskasis-pingvinas-1024x942.jpg 1024w, https:\/\/artistartas.com\/wp-content\/uploads\/2016\/11\/karaliskasis-pingvinas-600x552.jpg 600w, https:\/\/artistartas.com\/wp-content\/uploads\/2016\/11\/karaliskasis-pingvinas-300x276.jpg 300w, https:\/\/artistartas.com\/wp-content\/uploads\/2016\/11\/karaliskasis-pingvinas-768x706.jpg 768w, https:\/\/artistartas.com\/wp-content\/uploads\/2016\/11\/karaliskasis-pingvinas-scaled.jpg 2560w\" sizes=\"(max-width: 650px) 100vw, 650px\" \/><\/p>\n<p><img decoding=\"async\" loading=\"lazy\" class=\"alignnone wp-image-3606\" src=\"http:\/\/artistartas.com\/wp-content\/uploads\/2016\/11\/pingvino-skulptura-963x1024.jpg\" alt=\"menasi\u0161 metalo\" width=\"650\" height=\"692\" srcset=\"https:\/\/artistartas.com\/wp-content\/uploads\/2016\/11\/pingvino-skulptura-963x1024.jpg 963w, https:\/\/artistartas.com\/wp-content\/uploads\/2016\/11\/pingvino-skulptura-600x638.jpg 600w, https:\/\/artistartas.com\/wp-content\/uploads\/2016\/11\/pingvino-skulptura-282x300.jpg 282w, https:\/\/artistartas.com\/wp-content\/uploads\/2016\/11\/pingvino-skulptura-768x816.jpg 768w, https:\/\/artistartas.com\/wp-content\/uploads\/2016\/11\/pingvino-skulptura.jpg 2397w\" sizes=\"(max-width: 650px) 100vw, 650px\" \/><\/p>\n<p><img decoding=\"async\" loading=\"lazy\" class=\"alignnone wp-image-3605\" src=\"http:\/\/artistartas.com\/wp-content\/uploads\/2016\/11\/pingvinas11-907x1024.jpg\" alt=\"steampunk pingvinas\" width=\"650\" height=\"733\" srcset=\"https:\/\/artistartas.com\/wp-content\/uploads\/2016\/11\/pingvinas11-907x1024.jpg 907w, https:\/\/artistartas.com\/wp-content\/uploads\/2016\/11\/pingvinas11-600x677.jpg 600w, https:\/\/artistartas.com\/wp-content\/uploads\/2016\/11\/pingvinas11-266x300.jpg 266w, https:\/\/artistartas.com\/wp-content\/uploads\/2016\/11\/pingvinas11-768x867.jpg 768w, https:\/\/artistartas.com\/wp-content\/uploads\/2016\/11\/pingvinas11.jpg 2245w\" sizes=\"(max-width: 650px) 100vw, 650px\" \/><\/p>\n<p><img decoding=\"async\" loading=\"lazy\" class=\"alignnone wp-image-3600\" src=\"http:\/\/artistartas.com\/wp-content\/uploads\/2016\/11\/arturas-tamasauskas-860x1024.jpg\" alt=\"menas i\u0161 sendaik\u010di\u0173\" width=\"649\" height=\"773\" srcset=\"https:\/\/artistartas.com\/wp-content\/uploads\/2016\/11\/arturas-tamasauskas-860x1024.jpg 860w, https:\/\/artistartas.com\/wp-content\/uploads\/2016\/11\/arturas-tamasauskas-600x715.jpg 600w, https:\/\/artistartas.com\/wp-content\/uploads\/2016\/11\/arturas-tamasauskas-252x300.jpg 252w, https:\/\/artistartas.com\/wp-content\/uploads\/2016\/11\/arturas-tamasauskas-768x915.jpg 768w, https:\/\/artistartas.com\/wp-content\/uploads\/2016\/11\/arturas-tamasauskas.jpg 2084w\" sizes=\"(max-width: 649px) 100vw, 649px\" \/><\/p>\n<p><img decoding=\"async\" loading=\"lazy\" class=\"alignnone wp-image-3603\" src=\"http:\/\/artistartas.com\/wp-content\/uploads\/2016\/11\/pingvinas-2-1024x680.jpg\" alt=\"skulpt\u016bra i\u0161 metalo\" width=\"647\" height=\"429\" srcset=\"https:\/\/artistartas.com\/wp-content\/uploads\/2016\/11\/pingvinas-2-1024x680.jpg 1024w, https:\/\/artistartas.com\/wp-content\/uploads\/2016\/11\/pingvinas-2-600x399.jpg 600w, https:\/\/artistartas.com\/wp-content\/uploads\/2016\/11\/pingvinas-2-300x199.jpg 300w, https:\/\/artistartas.com\/wp-content\/uploads\/2016\/11\/pingvinas-2-768x510.jpg 768w, https:\/\/artistartas.com\/wp-content\/uploads\/2016\/11\/pingvinas-2-scaled.jpg 2560w\" sizes=\"(max-width: 647px) 100vw, 647px\" \/><\/p>\n<p><img decoding=\"async\" loading=\"lazy\" class=\"alignnone wp-image-3604\" src=\"http:\/\/artistartas.com\/wp-content\/uploads\/2016\/11\/pingvinas1-1024x680.jpg\" alt=\"skulpt\u016bra\" width=\"646\" height=\"429\" srcset=\"https:\/\/artistartas.com\/wp-content\/uploads\/2016\/11\/pingvinas1-1024x680.jpg 1024w, https:\/\/artistartas.com\/wp-content\/uploads\/2016\/11\/pingvinas1-600x399.jpg 600w, https:\/\/artistartas.com\/wp-content\/uploads\/2016\/11\/pingvinas1-300x199.jpg 300w, https:\/\/artistartas.com\/wp-content\/uploads\/2016\/11\/pingvinas1-768x510.jpg 768w, https:\/\/artistartas.com\/wp-content\/uploads\/2016\/11\/pingvinas1-scaled.jpg 2560w\" sizes=\"(max-width: 646px) 100vw, 646px\" \/><\/p>\n<p>&nbsp;<\/p>\n<\/div>\n<\/div>\n<\/div>\n","protected":false},"excerpt":{"rendered":"<p>Pingvinas. Jau seniai brandinau mint\u012f sukurti pingvin\u0105. Man jie tokie juokingi, bet tuo pat metu grak\u0161t\u016bs ir eleganti\u0161ki. Id\u0117ja kilo bevartant rankoje sen\u0105 motociklo lempos korpus\u0105. Tai buvo pagrindin\u0117 jo k\u016bno dalis, visa kita gim\u0117 ekspromtu. Nesistengiau tiksliai kopijuoti k\u016bno proporcij\u0173, nor\u0117josi j\u012f padaryti juoking\u0105 tarsi \u0161ar\u017e\u0105 ar multiplikacinio filmuko heroj\u0173. Mano fantazijos virto realybe&#8230; [&hellip;]<\/p>\n","protected":false},"featured_media":3605,"template":"","meta":{"om_disable_all_campaigns":false,"_exactmetrics_skip_tracking":false,"_exactmetrics_sitenote_active":false,"_exactmetrics_sitenote_note":"","_exactmetrics_sitenote_category":0,"_mi_skip_tracking":false,"_monsterinsights_sitenote_active":false,"_monsterinsights_sitenote_note":"","_monsterinsights_sitenote_category":0,"_uf_show_specific_survey":0,"_uf_disable_surveys":false},"product_cat":[134,539],"product_tag":[664,386,663,170,138,472,736,735],"aioseo_notices":[],"yoast_head":"<!-- This site is optimized with the Yoast SEO plugin v21.4 - https:\/\/yoast.com\/wordpress\/plugins\/seo\/ -->\n<title>Pingvinas. Skulpt\u016bra, Meno K\u016briniai I\u0161 Metalo Ir Sendaik\u010di\u0173...<\/title>\n<meta name=\"description\" content=\"Pingvinas. Jau seniai brandinau mint\u012f sukurti pingvin\u0105. Man jie tokie juokingi, bet tuo pat metu grak\u0161t\u016bs ir eleganti\u0161ki. Ak\u012f...\" \/>\n<meta name=\"robots\" content=\"index, follow, max-snippet:-1, max-image-preview:large, max-video-preview:-1\" \/>\n<link rel=\"canonical\" href=\"https:\/\/artistartas.com\/lt\/produktas\/pingvinas\/\" \/>\n<meta property=\"og:locale\" content=\"lt_LT\" \/>\n<meta property=\"og:type\" content=\"article\" \/>\n<meta property=\"og:title\" content=\"Pingvinas. Skulpt\u016bra, Meno K\u016briniai I\u0161 Metalo Ir Sendaik\u010di\u0173...\" \/>\n<meta property=\"og:description\" content=\"Pingvinas. Jau seniai brandinau mint\u012f sukurti pingvin\u0105. Man jie tokie juokingi, bet tuo pat metu grak\u0161t\u016bs ir eleganti\u0161ki. Ak\u012f...\" \/>\n<meta property=\"og:url\" content=\"https:\/\/artistartas.com\/lt\/produktas\/pingvinas\/\" \/>\n<meta property=\"og:site_name\" content=\"Art\u016bras Tama\u0161auskas\" \/>\n<meta property=\"article:modified_time\" content=\"2026-03-12T17:41:30+00:00\" \/>\n<meta property=\"og:image\" content=\"http:\/\/artistartas.com\/wp-content\/uploads\/2016\/11\/pingvinas11.jpg\" \/>\n\t<meta property=\"og:image:width\" content=\"2245\" \/>\n\t<meta property=\"og:image:height\" content=\"2534\" \/>\n\t<meta property=\"og:image:type\" content=\"image\/jpeg\" \/>\n<meta name=\"twitter:card\" content=\"summary_large_image\" \/>\n<meta name=\"twitter:label1\" content=\"Est. reading time\" \/>\n\t<meta name=\"twitter:data1\" content=\"3 minut\u0117s\" \/>\n<script type=\"application\/ld+json\" class=\"yoast-schema-graph\">{\"@context\":\"https:\/\/schema.org\",\"@graph\":[{\"@type\":\"WebPage\",\"@id\":\"https:\/\/artistartas.com\/lt\/produktas\/pingvinas\/\",\"url\":\"https:\/\/artistartas.com\/lt\/produktas\/pingvinas\/\",\"name\":\"Pingvinas. Skulpt\u016bra, Meno K\u016briniai I\u0161 Metalo Ir Sendaik\u010di\u0173...\",\"isPartOf\":{\"@id\":\"https:\/\/artistartas.com\/#website\"},\"datePublished\":\"2023-10-12T18:40:56+00:00\",\"dateModified\":\"2026-03-12T17:41:30+00:00\",\"description\":\"Pingvinas. Jau seniai brandinau mint\u012f sukurti pingvin\u0105. Man jie tokie juokingi, bet tuo pat metu grak\u0161t\u016bs ir eleganti\u0161ki. Ak\u012f...\",\"breadcrumb\":{\"@id\":\"https:\/\/artistartas.com\/lt\/produktas\/pingvinas\/#breadcrumb\"},\"inLanguage\":\"lt-LT\",\"potentialAction\":[{\"@type\":\"ReadAction\",\"target\":[\"https:\/\/artistartas.com\/lt\/produktas\/pingvinas\/\"]}]},{\"@type\":\"BreadcrumbList\",\"@id\":\"https:\/\/artistartas.com\/lt\/produktas\/pingvinas\/#breadcrumb\",\"itemListElement\":[{\"@type\":\"ListItem\",\"position\":1,\"name\":\"Home\",\"item\":\"https:\/\/artistartas.com\/lt\/\"},{\"@type\":\"ListItem\",\"position\":2,\"name\":\"Steampunk stiliaus darbai\",\"item\":\"https:\/\/artistartas.com\/lt\/\"},{\"@type\":\"ListItem\",\"position\":3,\"name\":\"Pingvinas\"}]},{\"@type\":\"WebSite\",\"@id\":\"https:\/\/artistartas.com\/#website\",\"url\":\"https:\/\/artistartas.com\/\",\"name\":\"Art\u016bras Tama\u0161auskas\",\"description\":\"Kol kas tik dar vienas WordPress tinklalapis\",\"publisher\":{\"@id\":\"https:\/\/artistartas.com\/#\/schema\/person\/8c3fb50aefa8758c1dcb9858b0cb9ad8\"},\"potentialAction\":[{\"@type\":\"SearchAction\",\"target\":{\"@type\":\"EntryPoint\",\"urlTemplate\":\"https:\/\/artistartas.com\/?s={search_term_string}\"},\"query-input\":\"required name=search_term_string\"}],\"inLanguage\":\"lt-LT\"},{\"@type\":[\"Person\",\"Organization\"],\"@id\":\"https:\/\/artistartas.com\/#\/schema\/person\/8c3fb50aefa8758c1dcb9858b0cb9ad8\",\"name\":\"Art\u016bras Tama\u0161auskas\",\"image\":{\"@type\":\"ImageObject\",\"inLanguage\":\"lt-LT\",\"@id\":\"https:\/\/artistartas.com\/#\/schema\/person\/image\/\",\"url\":\"https:\/\/secure.gravatar.com\/avatar\/dd558d298c85a97bbea60bbd1872a1e4?s=96&d=mm&r=g\",\"contentUrl\":\"https:\/\/secure.gravatar.com\/avatar\/dd558d298c85a97bbea60bbd1872a1e4?s=96&d=mm&r=g\",\"caption\":\"Art\u016bras Tama\u0161auskas\"},\"logo\":{\"@id\":\"https:\/\/artistartas.com\/#\/schema\/person\/image\/\"}}]}<\/script>\n<!-- \/ Yoast SEO plugin. -->","yoast_head_json":{"title":"Pingvinas. Skulpt\u016bra, Meno K\u016briniai I\u0161 Metalo Ir Sendaik\u010di\u0173...","description":"Pingvinas. Jau seniai brandinau mint\u012f sukurti pingvin\u0105. Man jie tokie juokingi, bet tuo pat metu grak\u0161t\u016bs ir eleganti\u0161ki. Ak\u012f...","robots":{"index":"index","follow":"follow","max-snippet":"max-snippet:-1","max-image-preview":"max-image-preview:large","max-video-preview":"max-video-preview:-1"},"canonical":"https:\/\/artistartas.com\/lt\/produktas\/pingvinas\/","og_locale":"lt_LT","og_type":"article","og_title":"Pingvinas. Skulpt\u016bra, Meno K\u016briniai I\u0161 Metalo Ir Sendaik\u010di\u0173...","og_description":"Pingvinas. Jau seniai brandinau mint\u012f sukurti pingvin\u0105. Man jie tokie juokingi, bet tuo pat metu grak\u0161t\u016bs ir eleganti\u0161ki. Ak\u012f...","og_url":"https:\/\/artistartas.com\/lt\/produktas\/pingvinas\/","og_site_name":"Art\u016bras Tama\u0161auskas","article_modified_time":"2026-03-12T17:41:30+00:00","og_image":[{"width":2245,"height":2534,"url":"http:\/\/artistartas.com\/wp-content\/uploads\/2016\/11\/pingvinas11.jpg","type":"image\/jpeg"}],"twitter_card":"summary_large_image","twitter_misc":{"Est. reading time":"3 minut\u0117s"},"schema":{"@context":"https:\/\/schema.org","@graph":[{"@type":"WebPage","@id":"https:\/\/artistartas.com\/lt\/produktas\/pingvinas\/","url":"https:\/\/artistartas.com\/lt\/produktas\/pingvinas\/","name":"Pingvinas. Skulpt\u016bra, Meno K\u016briniai I\u0161 Metalo Ir Sendaik\u010di\u0173...","isPartOf":{"@id":"https:\/\/artistartas.com\/#website"},"datePublished":"2023-10-12T18:40:56+00:00","dateModified":"2026-03-12T17:41:30+00:00","description":"Pingvinas. Jau seniai brandinau mint\u012f sukurti pingvin\u0105. Man jie tokie juokingi, bet tuo pat metu grak\u0161t\u016bs ir eleganti\u0161ki. Ak\u012f...","breadcrumb":{"@id":"https:\/\/artistartas.com\/lt\/produktas\/pingvinas\/#breadcrumb"},"inLanguage":"lt-LT","potentialAction":[{"@type":"ReadAction","target":["https:\/\/artistartas.com\/lt\/produktas\/pingvinas\/"]}]},{"@type":"BreadcrumbList","@id":"https:\/\/artistartas.com\/lt\/produktas\/pingvinas\/#breadcrumb","itemListElement":[{"@type":"ListItem","position":1,"name":"Home","item":"https:\/\/artistartas.com\/lt\/"},{"@type":"ListItem","position":2,"name":"Steampunk stiliaus darbai","item":"https:\/\/artistartas.com\/lt\/"},{"@type":"ListItem","position":3,"name":"Pingvinas"}]},{"@type":"WebSite","@id":"https:\/\/artistartas.com\/#website","url":"https:\/\/artistartas.com\/","name":"Art\u016bras Tama\u0161auskas","description":"Kol kas tik dar vienas WordPress tinklalapis","publisher":{"@id":"https:\/\/artistartas.com\/#\/schema\/person\/8c3fb50aefa8758c1dcb9858b0cb9ad8"},"potentialAction":[{"@type":"SearchAction","target":{"@type":"EntryPoint","urlTemplate":"https:\/\/artistartas.com\/?s={search_term_string}"},"query-input":"required name=search_term_string"}],"inLanguage":"lt-LT"},{"@type":["Person","Organization"],"@id":"https:\/\/artistartas.com\/#\/schema\/person\/8c3fb50aefa8758c1dcb9858b0cb9ad8","name":"Art\u016bras Tama\u0161auskas","image":{"@type":"ImageObject","inLanguage":"lt-LT","@id":"https:\/\/artistartas.com\/#\/schema\/person\/image\/","url":"https:\/\/secure.gravatar.com\/avatar\/dd558d298c85a97bbea60bbd1872a1e4?s=96&d=mm&r=g","contentUrl":"https:\/\/secure.gravatar.com\/avatar\/dd558d298c85a97bbea60bbd1872a1e4?s=96&d=mm&r=g","caption":"Art\u016bras Tama\u0161auskas"},"logo":{"@id":"https:\/\/artistartas.com\/#\/schema\/person\/image\/"}}]}},"_links":{"self":[{"href":"https:\/\/artistartas.com\/lt\/wp-json\/wp\/v2\/product\/4965"}],"collection":[{"href":"https:\/\/artistartas.com\/lt\/wp-json\/wp\/v2\/product"}],"about":[{"href":"https:\/\/artistartas.com\/lt\/wp-json\/wp\/v2\/types\/product"}],"wp:featuredmedia":[{"embeddable":true,"href":"https:\/\/artistartas.com\/lt\/wp-json\/wp\/v2\/media\/3605"}],"wp:attachment":[{"href":"https:\/\/artistartas.com\/lt\/wp-json\/wp\/v2\/media?parent=4965"}],"wp:term":[{"taxonomy":"product_cat","embeddable":true,"href":"https:\/\/artistartas.com\/lt\/wp-json\/wp\/v2\/product_cat?post=4965"},{"taxonomy":"product_tag","embeddable":true,"href":"https:\/\/artistartas.com\/lt\/wp-json\/wp\/v2\/product_tag?post=4965"}],"curies":[{"name":"wp","href":"https:\/\/api.w.org\/{rel}","templated":true}]}}