{"id":4964,"date":"2023-10-12T20:19:27","date_gmt":"2023-10-12T18:19:27","guid":{"rendered":"https:\/\/artistartas.com\/?post_type=product&#038;p=4964"},"modified":"2024-01-08T19:56:27","modified_gmt":"2024-01-08T17:56:27","slug":"pingvinas-karaliskasis","status":"publish","type":"product","link":"https:\/\/artistartas.com\/lt\/produktas\/pingvinas-karaliskasis\/","title":{"rendered":"Pingvinas karali\u0161kasis"},"content":{"rendered":"<p>Pingvinas. K\u016brinio tem\u0105 padiktavo puiki dulki\u0173 siurblio forma. Tai senas rusi\u0161kas dulki\u0173 siurblys ,,\u010caika,, pagamintas dar 1970 metais. Jo tinkama korpuso forma ir l\u0117m\u0117 vizijos \u012fgyvendinim\u0105. Detali\u0173 parinkimas pad\u0117jo pasiekti, jog darbas atrodyt\u0173 esteti\u0161kas, originalus ir tuo pat metu kelt\u0173 \u0161ypsen\u0105. Manau netik\u0117ti sprendimai visada sukelia puikias emocijas. Kurdamas visada galvoju apie tai.\u00a0 Keis\u010diausias ir originaliausias sprendimas buvo panaudoti nerudyjan\u010dio plieno prietais\u0105, naudot\u0105 ginekologijos srityje. Tai pingvino snapas. Taigi metalinis pingvinas pasiruo\u0161\u0119s dar vienam eiliniam pasin\u0117rimui.<\/p>\n<p><strong>Panaudotos detal\u0117s:<\/strong><\/p>\n<p><strong>K\u016bnas-\u00a0<\/strong>rusi\u0161ko dulki\u0173 siurblio,, \u010caika&#8221; korpusas, du\u0161o \u017earnos.<\/p>\n<p><strong>Galva-\u00a0<\/strong>motociklo lempos korpusas.<\/p>\n<p><strong>Snapas-\u00a0<\/strong>daiktas, naudotas ginekologijos srityje.<\/p>\n<p><strong>Kojos-\u00a0<\/strong>lauko padarg\u0173 dantys, indeliai kavai u\u017evirinti, aliumininiai sam\u010diai.<\/p>\n<p><strong>Sparnai-\u00a0<\/strong>aliuminio 2mm skarda<\/p>\n<p><strong>Matmenys<\/strong>:\u00a070 x 30 cm<\/p>\n<p><strong>Svoris: <\/strong>6kg<\/p>\n<p><strong>Metai: <\/strong>2019<\/p>\n<p><strong>Parduotas<\/strong><\/p>\n<p>&nbsp;<\/p>\n<p>&nbsp;<\/p>\n<p><a href=\"http:\/\/artistartas.com\/wp-content\/uploads\/2020\/12\/x.jpg\"><img decoding=\"async\" loading=\"lazy\" class=\"alignnone wp-image-4142 size-full\" src=\"http:\/\/artistartas.com\/wp-content\/uploads\/2020\/12\/x.jpg\" alt=\"steampunk pingvinas\" width=\"519\" height=\"834\" srcset=\"https:\/\/artistartas.com\/wp-content\/uploads\/2020\/12\/x.jpg 519w, https:\/\/artistartas.com\/wp-content\/uploads\/2020\/12\/x-187x300.jpg 187w\" sizes=\"(max-width: 519px) 100vw, 519px\" \/><\/a><\/p>\n<p><a href=\"http:\/\/artistartas.com\/wp-content\/uploads\/2020\/12\/xx.jpg\"><img decoding=\"async\" loading=\"lazy\" class=\"alignnone wp-image-4143\" src=\"http:\/\/artistartas.com\/wp-content\/uploads\/2020\/12\/xx.jpg\" alt=\"pingvinas is metalo\" width=\"523\" height=\"778\" srcset=\"https:\/\/artistartas.com\/wp-content\/uploads\/2020\/12\/xx.jpg 532w, https:\/\/artistartas.com\/wp-content\/uploads\/2020\/12\/xx-202x300.jpg 202w\" sizes=\"(max-width: 523px) 100vw, 523px\" \/><\/a><\/p>\n<p><a href=\"http:\/\/artistartas.com\/wp-content\/uploads\/2020\/12\/xxx.jpg\"><img decoding=\"async\" loading=\"lazy\" class=\"alignnone wp-image-4144\" src=\"http:\/\/artistartas.com\/wp-content\/uploads\/2020\/12\/xxx.jpg\" alt=\"skulptura pingvinas\" width=\"525\" height=\"820\" srcset=\"https:\/\/artistartas.com\/wp-content\/uploads\/2020\/12\/xxx.jpg 532w, https:\/\/artistartas.com\/wp-content\/uploads\/2020\/12\/xxx-192x300.jpg 192w\" sizes=\"(max-width: 525px) 100vw, 525px\" \/><\/a><\/p>\n<p><a href=\"http:\/\/artistartas.com\/wp-content\/uploads\/2020\/12\/xxxxxx.jpg\"><img decoding=\"async\" loading=\"lazy\" class=\"alignnone wp-image-4145\" src=\"http:\/\/artistartas.com\/wp-content\/uploads\/2020\/12\/xxxxxx.jpg\" alt=\" pingvinas is rakand\u0173\" width=\"523\" height=\"736\" srcset=\"https:\/\/artistartas.com\/wp-content\/uploads\/2020\/12\/xxxxxx.jpg 532w, https:\/\/artistartas.com\/wp-content\/uploads\/2020\/12\/xxxxxx-213x300.jpg 213w\" sizes=\"(max-width: 523px) 100vw, 523px\" \/><\/a><\/p>\n<p><a href=\"http:\/\/artistartas.com\/wp-content\/uploads\/2020\/12\/xxxxxxx.jpg\"><img decoding=\"async\" loading=\"lazy\" class=\"alignnone wp-image-4146\" src=\"http:\/\/artistartas.com\/wp-content\/uploads\/2020\/12\/xxxxxxx.jpg\" alt=\"skulpt\u016bra i\u0161 metalo\" width=\"523\" height=\"750\" srcset=\"https:\/\/artistartas.com\/wp-content\/uploads\/2020\/12\/xxxxxxx.jpg 532w, https:\/\/artistartas.com\/wp-content\/uploads\/2020\/12\/xxxxxxx-209x300.jpg 209w\" sizes=\"(max-width: 523px) 100vw, 523px\" \/><\/a><\/p>\n<p>&nbsp;<\/p>\n","protected":false},"excerpt":{"rendered":"<p>Pingvinas. K\u016brinio tem\u0105 padiktavo puiki dulki\u0173 siurblio forma. Tai senas rusi\u0161kas dulki\u0173 siurblys ,,\u010caika,, pagamintas dar 1970 metais. Jo tinkama korpuso forma ir l\u0117m\u0117 vizijos \u012fgyvendinim\u0105. Detali\u0173 parinkimas pad\u0117jo pasiekti, jog darbas atrodyt\u0173 esteti\u0161kas, originalus ir tuo pat metu kelt\u0173 \u0161ypsen\u0105. Manau netik\u0117ti sprendimai visada sukelia puikias emocijas. Kurdamas visada galvoju apie tai.\u00a0 Keis\u010diausias ir [&hellip;]<\/p>\n","protected":false},"featured_media":4543,"template":"","meta":{"om_disable_all_campaigns":false,"_exactmetrics_skip_tracking":false,"_exactmetrics_sitenote_active":false,"_exactmetrics_sitenote_note":"","_exactmetrics_sitenote_category":0,"_mi_skip_tracking":false,"_monsterinsights_sitenote_active":false,"_monsterinsights_sitenote_note":"","_monsterinsights_sitenote_category":0,"_uf_show_specific_survey":0,"_uf_disable_surveys":false},"product_cat":[134,539],"product_tag":[386,185,170,440,138,110,395],"aioseo_notices":[],"yoast_head":"<!-- This site is optimized with the Yoast SEO plugin v21.4 - https:\/\/yoast.com\/wordpress\/plugins\/seo\/ -->\n<title>Pingvinas Skulpt\u016bra. Meno K\u016briniai I\u0161 Metalo Ir Sendaik\u010di\u0173...<\/title>\n<meta name=\"description\" content=\"Pingvinas. K\u016brinio tem\u0105 padiktavo puiki dulki\u0173 siurblio forma. Tai senas rusi\u0161kas dulki\u0173 siurblys ,,\u010caika,, pagamintas dar 1970 metais. Jo...\" \/>\n<meta name=\"robots\" content=\"index, follow, max-snippet:-1, max-image-preview:large, max-video-preview:-1\" \/>\n<link rel=\"canonical\" href=\"https:\/\/artistartas.com\/lt\/produktas\/pingvinas-karaliskasis\/\" \/>\n<meta property=\"og:locale\" content=\"lt_LT\" \/>\n<meta property=\"og:type\" content=\"article\" \/>\n<meta property=\"og:title\" content=\"Pingvinas Skulpt\u016bra. Meno K\u016briniai I\u0161 Metalo Ir Sendaik\u010di\u0173...\" \/>\n<meta property=\"og:description\" content=\"Pingvinas. K\u016brinio tem\u0105 padiktavo puiki dulki\u0173 siurblio forma. Tai senas rusi\u0161kas dulki\u0173 siurblys ,,\u010caika,, pagamintas dar 1970 metais. Jo...\" \/>\n<meta property=\"og:url\" content=\"https:\/\/artistartas.com\/lt\/produktas\/pingvinas-karaliskasis\/\" \/>\n<meta property=\"og:site_name\" content=\"Art\u016bras Tama\u0161auskas\" \/>\n<meta property=\"article:modified_time\" content=\"2024-01-08T17:56:27+00:00\" \/>\n<meta property=\"og:image\" content=\"http:\/\/artistartas.com\/wp-content\/uploads\/2020\/12\/xx.jpg\" \/>\n\t<meta property=\"og:image:width\" content=\"532\" \/>\n\t<meta property=\"og:image:height\" content=\"791\" \/>\n\t<meta property=\"og:image:type\" content=\"image\/jpeg\" \/>\n<meta name=\"twitter:card\" content=\"summary_large_image\" \/>\n<meta name=\"twitter:label1\" content=\"Est. reading time\" \/>\n\t<meta name=\"twitter:data1\" content=\"2 minut\u0117s\" \/>\n<script type=\"application\/ld+json\" class=\"yoast-schema-graph\">{\"@context\":\"https:\/\/schema.org\",\"@graph\":[{\"@type\":\"WebPage\",\"@id\":\"https:\/\/artistartas.com\/lt\/produktas\/pingvinas-karaliskasis\/\",\"url\":\"https:\/\/artistartas.com\/lt\/produktas\/pingvinas-karaliskasis\/\",\"name\":\"Pingvinas Skulpt\u016bra. Meno K\u016briniai I\u0161 Metalo Ir Sendaik\u010di\u0173...\",\"isPartOf\":{\"@id\":\"https:\/\/artistartas.com\/#website\"},\"datePublished\":\"2023-10-12T18:19:27+00:00\",\"dateModified\":\"2024-01-08T17:56:27+00:00\",\"description\":\"Pingvinas. K\u016brinio tem\u0105 padiktavo puiki dulki\u0173 siurblio forma. Tai senas rusi\u0161kas dulki\u0173 siurblys ,,\u010caika,, pagamintas dar 1970 metais. Jo...\",\"breadcrumb\":{\"@id\":\"https:\/\/artistartas.com\/lt\/produktas\/pingvinas-karaliskasis\/#breadcrumb\"},\"inLanguage\":\"lt-LT\",\"potentialAction\":[{\"@type\":\"ReadAction\",\"target\":[\"https:\/\/artistartas.com\/lt\/produktas\/pingvinas-karaliskasis\/\"]}]},{\"@type\":\"BreadcrumbList\",\"@id\":\"https:\/\/artistartas.com\/lt\/produktas\/pingvinas-karaliskasis\/#breadcrumb\",\"itemListElement\":[{\"@type\":\"ListItem\",\"position\":1,\"name\":\"Home\",\"item\":\"https:\/\/artistartas.com\/lt\/\"},{\"@type\":\"ListItem\",\"position\":2,\"name\":\"Steampunk stiliaus darbai\",\"item\":\"https:\/\/artistartas.com\/lt\/\"},{\"@type\":\"ListItem\",\"position\":3,\"name\":\"Pingvinas karali\u0161kasis\"}]},{\"@type\":\"WebSite\",\"@id\":\"https:\/\/artistartas.com\/#website\",\"url\":\"https:\/\/artistartas.com\/\",\"name\":\"Art\u016bras Tama\u0161auskas\",\"description\":\"Kol kas tik dar vienas WordPress tinklalapis\",\"publisher\":{\"@id\":\"https:\/\/artistartas.com\/#\/schema\/person\/8c3fb50aefa8758c1dcb9858b0cb9ad8\"},\"potentialAction\":[{\"@type\":\"SearchAction\",\"target\":{\"@type\":\"EntryPoint\",\"urlTemplate\":\"https:\/\/artistartas.com\/?s={search_term_string}\"},\"query-input\":\"required name=search_term_string\"}],\"inLanguage\":\"lt-LT\"},{\"@type\":[\"Person\",\"Organization\"],\"@id\":\"https:\/\/artistartas.com\/#\/schema\/person\/8c3fb50aefa8758c1dcb9858b0cb9ad8\",\"name\":\"Art\u016bras Tama\u0161auskas\",\"image\":{\"@type\":\"ImageObject\",\"inLanguage\":\"lt-LT\",\"@id\":\"https:\/\/artistartas.com\/#\/schema\/person\/image\/\",\"url\":\"https:\/\/secure.gravatar.com\/avatar\/dd558d298c85a97bbea60bbd1872a1e4?s=96&d=mm&r=g\",\"contentUrl\":\"https:\/\/secure.gravatar.com\/avatar\/dd558d298c85a97bbea60bbd1872a1e4?s=96&d=mm&r=g\",\"caption\":\"Art\u016bras Tama\u0161auskas\"},\"logo\":{\"@id\":\"https:\/\/artistartas.com\/#\/schema\/person\/image\/\"}}]}<\/script>\n<!-- \/ Yoast SEO plugin. -->","yoast_head_json":{"title":"Pingvinas Skulpt\u016bra. Meno K\u016briniai I\u0161 Metalo Ir Sendaik\u010di\u0173...","description":"Pingvinas. K\u016brinio tem\u0105 padiktavo puiki dulki\u0173 siurblio forma. Tai senas rusi\u0161kas dulki\u0173 siurblys ,,\u010caika,, pagamintas dar 1970 metais. Jo...","robots":{"index":"index","follow":"follow","max-snippet":"max-snippet:-1","max-image-preview":"max-image-preview:large","max-video-preview":"max-video-preview:-1"},"canonical":"https:\/\/artistartas.com\/lt\/produktas\/pingvinas-karaliskasis\/","og_locale":"lt_LT","og_type":"article","og_title":"Pingvinas Skulpt\u016bra. Meno K\u016briniai I\u0161 Metalo Ir Sendaik\u010di\u0173...","og_description":"Pingvinas. K\u016brinio tem\u0105 padiktavo puiki dulki\u0173 siurblio forma. Tai senas rusi\u0161kas dulki\u0173 siurblys ,,\u010caika,, pagamintas dar 1970 metais. Jo...","og_url":"https:\/\/artistartas.com\/lt\/produktas\/pingvinas-karaliskasis\/","og_site_name":"Art\u016bras Tama\u0161auskas","article_modified_time":"2024-01-08T17:56:27+00:00","og_image":[{"width":532,"height":791,"url":"http:\/\/artistartas.com\/wp-content\/uploads\/2020\/12\/xx.jpg","type":"image\/jpeg"}],"twitter_card":"summary_large_image","twitter_misc":{"Est. reading time":"2 minut\u0117s"},"schema":{"@context":"https:\/\/schema.org","@graph":[{"@type":"WebPage","@id":"https:\/\/artistartas.com\/lt\/produktas\/pingvinas-karaliskasis\/","url":"https:\/\/artistartas.com\/lt\/produktas\/pingvinas-karaliskasis\/","name":"Pingvinas Skulpt\u016bra. Meno K\u016briniai I\u0161 Metalo Ir Sendaik\u010di\u0173...","isPartOf":{"@id":"https:\/\/artistartas.com\/#website"},"datePublished":"2023-10-12T18:19:27+00:00","dateModified":"2024-01-08T17:56:27+00:00","description":"Pingvinas. K\u016brinio tem\u0105 padiktavo puiki dulki\u0173 siurblio forma. Tai senas rusi\u0161kas dulki\u0173 siurblys ,,\u010caika,, pagamintas dar 1970 metais. Jo...","breadcrumb":{"@id":"https:\/\/artistartas.com\/lt\/produktas\/pingvinas-karaliskasis\/#breadcrumb"},"inLanguage":"lt-LT","potentialAction":[{"@type":"ReadAction","target":["https:\/\/artistartas.com\/lt\/produktas\/pingvinas-karaliskasis\/"]}]},{"@type":"BreadcrumbList","@id":"https:\/\/artistartas.com\/lt\/produktas\/pingvinas-karaliskasis\/#breadcrumb","itemListElement":[{"@type":"ListItem","position":1,"name":"Home","item":"https:\/\/artistartas.com\/lt\/"},{"@type":"ListItem","position":2,"name":"Steampunk stiliaus darbai","item":"https:\/\/artistartas.com\/lt\/"},{"@type":"ListItem","position":3,"name":"Pingvinas karali\u0161kasis"}]},{"@type":"WebSite","@id":"https:\/\/artistartas.com\/#website","url":"https:\/\/artistartas.com\/","name":"Art\u016bras Tama\u0161auskas","description":"Kol kas tik dar vienas WordPress tinklalapis","publisher":{"@id":"https:\/\/artistartas.com\/#\/schema\/person\/8c3fb50aefa8758c1dcb9858b0cb9ad8"},"potentialAction":[{"@type":"SearchAction","target":{"@type":"EntryPoint","urlTemplate":"https:\/\/artistartas.com\/?s={search_term_string}"},"query-input":"required name=search_term_string"}],"inLanguage":"lt-LT"},{"@type":["Person","Organization"],"@id":"https:\/\/artistartas.com\/#\/schema\/person\/8c3fb50aefa8758c1dcb9858b0cb9ad8","name":"Art\u016bras Tama\u0161auskas","image":{"@type":"ImageObject","inLanguage":"lt-LT","@id":"https:\/\/artistartas.com\/#\/schema\/person\/image\/","url":"https:\/\/secure.gravatar.com\/avatar\/dd558d298c85a97bbea60bbd1872a1e4?s=96&d=mm&r=g","contentUrl":"https:\/\/secure.gravatar.com\/avatar\/dd558d298c85a97bbea60bbd1872a1e4?s=96&d=mm&r=g","caption":"Art\u016bras Tama\u0161auskas"},"logo":{"@id":"https:\/\/artistartas.com\/#\/schema\/person\/image\/"}}]}},"_links":{"self":[{"href":"https:\/\/artistartas.com\/lt\/wp-json\/wp\/v2\/product\/4964"}],"collection":[{"href":"https:\/\/artistartas.com\/lt\/wp-json\/wp\/v2\/product"}],"about":[{"href":"https:\/\/artistartas.com\/lt\/wp-json\/wp\/v2\/types\/product"}],"wp:featuredmedia":[{"embeddable":true,"href":"https:\/\/artistartas.com\/lt\/wp-json\/wp\/v2\/media\/4543"}],"wp:attachment":[{"href":"https:\/\/artistartas.com\/lt\/wp-json\/wp\/v2\/media?parent=4964"}],"wp:term":[{"taxonomy":"product_cat","embeddable":true,"href":"https:\/\/artistartas.com\/lt\/wp-json\/wp\/v2\/product_cat?post=4964"},{"taxonomy":"product_tag","embeddable":true,"href":"https:\/\/artistartas.com\/lt\/wp-json\/wp\/v2\/product_tag?post=4964"}],"curies":[{"name":"wp","href":"https:\/\/api.w.org\/{rel}","templated":true}]}}