{"id":4963,"date":"2023-10-12T20:06:18","date_gmt":"2023-10-12T18:06:18","guid":{"rendered":"https:\/\/artistartas.com\/?post_type=product&#038;p=4963"},"modified":"2024-01-08T19:51:20","modified_gmt":"2024-01-08T17:51:20","slug":"gerve","status":"publish","type":"product","link":"https:\/\/artistartas.com\/lt\/produktas\/gerve\/","title":{"rendered":"Gerv\u0117"},"content":{"rendered":"<p>Gerv\u0117 . \u012e \u0161\u012f pauk\u0161t\u012f atkreipiau d\u0117mes\u012f d\u0117l jo stulbinamai garsaus, ai\u0161kaus ir \u010dai\u017eaus balso, lyg trimito. Tik jis taip tobulai gali pam\u0117gd\u017eioti j\u012f. B\u016btent tod\u0117l nutariau padaryti gerv\u0117s skulpt\u016br\u0105 i\u0161 pu\u010diam\u0173j\u0173 instrument\u0173. Blusturgyje buvau \u012fsigij\u0119s senovinio angli\u0161ko automobilio garsin\u012f signal\u0105. Jis buvo tas atspirties ta\u0161kas, nuo kurio viskas vyst\u0117si toliau. Detal\u0117 nuo saksofono puikiausiai tiko atkartoti grak\u0161t\u0173 gerv\u0117s kakl\u0105. Atkreipkite d\u0117mes\u012f \u012f gerv\u0117s snap\u0105. Tai daiktas, naudotas ginekologijos srityje, tok\u012f buvau panaudoj\u0119s dar vienai skulpt\u016brai. Apjungus visas detales \u012f visum\u0105, gavosi simpati\u0161ka gerv\u0117- trimitinink\u0117.<\/p>\n<p><strong>Panaudotos detal\u0117s:<\/strong><\/p>\n<p><strong>\u00a0K\u016bnas<\/strong>&#8211; seno angli\u0161ko automobilio garsinis signalas ,, CLARION ROTAX &#8221; , pu\u010diamojo instrumento mu\u0161tukas<\/p>\n<p><strong>\u00a0Kaklas<\/strong>&#8211; saksofono dalis<\/p>\n<p><strong>\u00a0Galva<\/strong> &#8211; detal\u0117 nuo \u0161viestuvo<\/p>\n<p><strong>\u00a0Snapas<\/strong>&#8211;\u00a0daiktas, naudotas ginekologijos srityje<\/p>\n<p><strong>\u00a0Kojos<\/strong>&#8211; automobil\u0173 antenos, dur\u0173 raktai<\/p>\n<p>&nbsp;<\/p>\n<p><strong>Matmenys<\/strong>: 70 x 20 x 29 cm<\/p>\n<p><strong>Svoris:<\/strong> 2kg<\/p>\n<p><strong>Metai:<\/strong> 2020<\/p>\n<p><strong>Parduotas<\/strong><\/p>\n<p>&nbsp;<\/p>\n<p><a href=\"http:\/\/artistartas.com\/wp-content\/uploads\/2020\/12\/20200502_130151.jpg\"><img decoding=\"async\" loading=\"lazy\" class=\"alignnone wp-image-4148 size-full\" src=\"http:\/\/artistartas.com\/wp-content\/uploads\/2020\/12\/20200502_130151.jpg\" alt=\"gerv\u0117 skulpt\u016bra\" width=\"487\" height=\"834\" srcset=\"https:\/\/artistartas.com\/wp-content\/uploads\/2020\/12\/20200502_130151.jpg 487w, https:\/\/artistartas.com\/wp-content\/uploads\/2020\/12\/20200502_130151-175x300.jpg 175w\" sizes=\"(max-width: 487px) 100vw, 487px\" \/><\/a><\/p>\n<p><a href=\"http:\/\/artistartas.com\/wp-content\/uploads\/2020\/12\/20200502_130104.jpg\"><img decoding=\"async\" loading=\"lazy\" class=\"alignnone wp-image-4149\" src=\"http:\/\/artistartas.com\/wp-content\/uploads\/2020\/12\/20200502_130104.jpg\" alt=\"gerv\u0117 i\u0161 metalo\" width=\"488\" height=\"795\" srcset=\"https:\/\/artistartas.com\/wp-content\/uploads\/2020\/12\/20200502_130104.jpg 512w, https:\/\/artistartas.com\/wp-content\/uploads\/2020\/12\/20200502_130104-184x300.jpg 184w\" sizes=\"(max-width: 488px) 100vw, 488px\" \/><\/a><\/p>\n<p><a href=\"http:\/\/artistartas.com\/wp-content\/uploads\/2020\/12\/20200502_125904.jpg\"><img decoding=\"async\" loading=\"lazy\" class=\"alignnone wp-image-4150\" src=\"http:\/\/artistartas.com\/wp-content\/uploads\/2020\/12\/20200502_125904.jpg\" alt=\"gerv\u0117 is rakand\u0173\" width=\"486\" height=\"897\" srcset=\"https:\/\/artistartas.com\/wp-content\/uploads\/2020\/12\/20200502_125904.jpg 452w, https:\/\/artistartas.com\/wp-content\/uploads\/2020\/12\/20200502_125904-163x300.jpg 163w\" sizes=\"(max-width: 486px) 100vw, 486px\" \/><\/a><\/p>\n<p><a href=\"http:\/\/artistartas.com\/wp-content\/uploads\/2020\/12\/20200502_130411.jpg\"><img decoding=\"async\" loading=\"lazy\" class=\"alignnone wp-image-4151\" src=\"http:\/\/artistartas.com\/wp-content\/uploads\/2020\/12\/20200502_130411.jpg\" alt=\"menas is senien\u0173\" width=\"486\" height=\"675\" srcset=\"https:\/\/artistartas.com\/wp-content\/uploads\/2020\/12\/20200502_130411.jpg 532w, https:\/\/artistartas.com\/wp-content\/uploads\/2020\/12\/20200502_130411-216x300.jpg 216w\" sizes=\"(max-width: 486px) 100vw, 486px\" \/><\/a><\/p>\n<p><a href=\"http:\/\/artistartas.com\/wp-content\/uploads\/2020\/12\/20200502_130316.jpg\"><img decoding=\"async\" loading=\"lazy\" class=\"alignnone wp-image-4152\" src=\"http:\/\/artistartas.com\/wp-content\/uploads\/2020\/12\/20200502_130316.jpg\" alt=\"skulpt\u016bra i\u0161 metalo\" width=\"485\" height=\"635\" srcset=\"https:\/\/artistartas.com\/wp-content\/uploads\/2020\/12\/20200502_130316.jpg 532w, https:\/\/artistartas.com\/wp-content\/uploads\/2020\/12\/20200502_130316-229x300.jpg 229w\" sizes=\"(max-width: 485px) 100vw, 485px\" \/><\/a><\/p>\n<p>&nbsp;<\/p>\n<p>&nbsp;<\/p>\n<p>&nbsp;<\/p>\n<p>&nbsp;<\/p>\n<p>&nbsp;<\/p>\n<p>&nbsp;<\/p>\n<p>&nbsp;<\/p>\n","protected":false},"excerpt":{"rendered":"<p>Gerv\u0117 . \u012e \u0161\u012f pauk\u0161t\u012f atkreipiau d\u0117mes\u012f d\u0117l jo stulbinamai garsaus, ai\u0161kaus ir \u010dai\u017eaus balso, lyg trimito. Tik jis taip tobulai gali pam\u0117gd\u017eioti j\u012f. B\u016btent tod\u0117l nutariau padaryti gerv\u0117s skulpt\u016br\u0105 i\u0161 pu\u010diam\u0173j\u0173 instrument\u0173. Blusturgyje buvau \u012fsigij\u0119s senovinio angli\u0161ko automobilio garsin\u012f signal\u0105. Jis buvo tas atspirties ta\u0161kas, nuo kurio viskas vyst\u0117si toliau. Detal\u0117 nuo saksofono puikiausiai [&hellip;]<\/p>\n","protected":false},"featured_media":4539,"template":"","meta":{"om_disable_all_campaigns":false,"_exactmetrics_skip_tracking":false,"_exactmetrics_sitenote_active":false,"_exactmetrics_sitenote_note":"","_exactmetrics_sitenote_category":0,"_mi_skip_tracking":false,"_monsterinsights_sitenote_active":false,"_monsterinsights_sitenote_note":"","_monsterinsights_sitenote_category":0,"_uf_show_specific_survey":0,"_uf_disable_surveys":false},"product_cat":[134,539],"product_tag":[505,386,185,118,440,147,506,138,110,395,387],"aioseo_notices":[],"yoast_head":"<!-- This site is optimized with the Yoast SEO plugin v21.4 - https:\/\/yoast.com\/wordpress\/plugins\/seo\/ -->\n<title>Gerv\u0117. Skulpt\u016bra I\u0161 Metalo. Meno K\u016briniai I\u0161 Metalo Ir Sendaik\u010di\u0173...<\/title>\n<meta name=\"description\" content=\"Gerv\u0117. \u012e \u0161\u012f pauk\u0161t\u012f atkreipiau d\u0117mes\u012f d\u0117l jo stulbinamai garsaus, ai\u0161kaus ir \u010dai\u017eaus balso, lyg trimito. Tik jis taip tobulai gali...\" \/>\n<meta name=\"robots\" content=\"index, follow, max-snippet:-1, max-image-preview:large, max-video-preview:-1\" \/>\n<link rel=\"canonical\" href=\"https:\/\/artistartas.com\/lt\/produktas\/gerve\/\" \/>\n<meta property=\"og:locale\" content=\"lt_LT\" \/>\n<meta property=\"og:type\" content=\"article\" \/>\n<meta property=\"og:title\" content=\"Gerv\u0117. Skulpt\u016bra I\u0161 Metalo. Meno K\u016briniai I\u0161 Metalo Ir Sendaik\u010di\u0173...\" \/>\n<meta property=\"og:description\" content=\"Gerv\u0117. \u012e \u0161\u012f pauk\u0161t\u012f atkreipiau d\u0117mes\u012f d\u0117l jo stulbinamai garsaus, ai\u0161kaus ir \u010dai\u017eaus balso, lyg trimito. Tik jis taip tobulai gali...\" \/>\n<meta property=\"og:url\" content=\"https:\/\/artistartas.com\/lt\/produktas\/gerve\/\" \/>\n<meta property=\"og:site_name\" content=\"Art\u016bras Tama\u0161auskas\" \/>\n<meta property=\"article:modified_time\" content=\"2024-01-08T17:51:20+00:00\" \/>\n<meta property=\"og:image\" content=\"http:\/\/artistartas.com\/wp-content\/uploads\/2020\/12\/20200502_130151.jpg\" \/>\n\t<meta property=\"og:image:width\" content=\"487\" \/>\n\t<meta property=\"og:image:height\" content=\"834\" \/>\n\t<meta property=\"og:image:type\" content=\"image\/jpeg\" \/>\n<meta name=\"twitter:card\" content=\"summary_large_image\" \/>\n<meta name=\"twitter:label1\" content=\"Est. reading time\" \/>\n\t<meta name=\"twitter:data1\" content=\"2 minut\u0117s\" \/>\n<script type=\"application\/ld+json\" class=\"yoast-schema-graph\">{\"@context\":\"https:\/\/schema.org\",\"@graph\":[{\"@type\":\"WebPage\",\"@id\":\"https:\/\/artistartas.com\/lt\/produktas\/gerve\/\",\"url\":\"https:\/\/artistartas.com\/lt\/produktas\/gerve\/\",\"name\":\"Gerv\u0117. Skulpt\u016bra I\u0161 Metalo. Meno K\u016briniai I\u0161 Metalo Ir Sendaik\u010di\u0173...\",\"isPartOf\":{\"@id\":\"https:\/\/artistartas.com\/#website\"},\"datePublished\":\"2023-10-12T18:06:18+00:00\",\"dateModified\":\"2024-01-08T17:51:20+00:00\",\"description\":\"Gerv\u0117. \u012e \u0161\u012f pauk\u0161t\u012f atkreipiau d\u0117mes\u012f d\u0117l jo stulbinamai garsaus, ai\u0161kaus ir \u010dai\u017eaus balso, lyg trimito. Tik jis taip tobulai gali...\",\"breadcrumb\":{\"@id\":\"https:\/\/artistartas.com\/lt\/produktas\/gerve\/#breadcrumb\"},\"inLanguage\":\"lt-LT\",\"potentialAction\":[{\"@type\":\"ReadAction\",\"target\":[\"https:\/\/artistartas.com\/lt\/produktas\/gerve\/\"]}]},{\"@type\":\"BreadcrumbList\",\"@id\":\"https:\/\/artistartas.com\/lt\/produktas\/gerve\/#breadcrumb\",\"itemListElement\":[{\"@type\":\"ListItem\",\"position\":1,\"name\":\"Home\",\"item\":\"https:\/\/artistartas.com\/lt\/\"},{\"@type\":\"ListItem\",\"position\":2,\"name\":\"Steampunk stiliaus darbai\",\"item\":\"https:\/\/artistartas.com\/lt\/\"},{\"@type\":\"ListItem\",\"position\":3,\"name\":\"Gerv\u0117\"}]},{\"@type\":\"WebSite\",\"@id\":\"https:\/\/artistartas.com\/#website\",\"url\":\"https:\/\/artistartas.com\/\",\"name\":\"Art\u016bras Tama\u0161auskas\",\"description\":\"Kol kas tik dar vienas WordPress tinklalapis\",\"publisher\":{\"@id\":\"https:\/\/artistartas.com\/#\/schema\/person\/8c3fb50aefa8758c1dcb9858b0cb9ad8\"},\"potentialAction\":[{\"@type\":\"SearchAction\",\"target\":{\"@type\":\"EntryPoint\",\"urlTemplate\":\"https:\/\/artistartas.com\/?s={search_term_string}\"},\"query-input\":\"required name=search_term_string\"}],\"inLanguage\":\"lt-LT\"},{\"@type\":[\"Person\",\"Organization\"],\"@id\":\"https:\/\/artistartas.com\/#\/schema\/person\/8c3fb50aefa8758c1dcb9858b0cb9ad8\",\"name\":\"Art\u016bras Tama\u0161auskas\",\"image\":{\"@type\":\"ImageObject\",\"inLanguage\":\"lt-LT\",\"@id\":\"https:\/\/artistartas.com\/#\/schema\/person\/image\/\",\"url\":\"https:\/\/secure.gravatar.com\/avatar\/dd558d298c85a97bbea60bbd1872a1e4?s=96&d=mm&r=g\",\"contentUrl\":\"https:\/\/secure.gravatar.com\/avatar\/dd558d298c85a97bbea60bbd1872a1e4?s=96&d=mm&r=g\",\"caption\":\"Art\u016bras Tama\u0161auskas\"},\"logo\":{\"@id\":\"https:\/\/artistartas.com\/#\/schema\/person\/image\/\"}}]}<\/script>\n<!-- \/ Yoast SEO plugin. -->","yoast_head_json":{"title":"Gerv\u0117. Skulpt\u016bra I\u0161 Metalo. Meno K\u016briniai I\u0161 Metalo Ir Sendaik\u010di\u0173...","description":"Gerv\u0117. \u012e \u0161\u012f pauk\u0161t\u012f atkreipiau d\u0117mes\u012f d\u0117l jo stulbinamai garsaus, ai\u0161kaus ir \u010dai\u017eaus balso, lyg trimito. Tik jis taip tobulai gali...","robots":{"index":"index","follow":"follow","max-snippet":"max-snippet:-1","max-image-preview":"max-image-preview:large","max-video-preview":"max-video-preview:-1"},"canonical":"https:\/\/artistartas.com\/lt\/produktas\/gerve\/","og_locale":"lt_LT","og_type":"article","og_title":"Gerv\u0117. Skulpt\u016bra I\u0161 Metalo. Meno K\u016briniai I\u0161 Metalo Ir Sendaik\u010di\u0173...","og_description":"Gerv\u0117. \u012e \u0161\u012f pauk\u0161t\u012f atkreipiau d\u0117mes\u012f d\u0117l jo stulbinamai garsaus, ai\u0161kaus ir \u010dai\u017eaus balso, lyg trimito. Tik jis taip tobulai gali...","og_url":"https:\/\/artistartas.com\/lt\/produktas\/gerve\/","og_site_name":"Art\u016bras Tama\u0161auskas","article_modified_time":"2024-01-08T17:51:20+00:00","og_image":[{"width":487,"height":834,"url":"http:\/\/artistartas.com\/wp-content\/uploads\/2020\/12\/20200502_130151.jpg","type":"image\/jpeg"}],"twitter_card":"summary_large_image","twitter_misc":{"Est. reading time":"2 minut\u0117s"},"schema":{"@context":"https:\/\/schema.org","@graph":[{"@type":"WebPage","@id":"https:\/\/artistartas.com\/lt\/produktas\/gerve\/","url":"https:\/\/artistartas.com\/lt\/produktas\/gerve\/","name":"Gerv\u0117. Skulpt\u016bra I\u0161 Metalo. Meno K\u016briniai I\u0161 Metalo Ir Sendaik\u010di\u0173...","isPartOf":{"@id":"https:\/\/artistartas.com\/#website"},"datePublished":"2023-10-12T18:06:18+00:00","dateModified":"2024-01-08T17:51:20+00:00","description":"Gerv\u0117. \u012e \u0161\u012f pauk\u0161t\u012f atkreipiau d\u0117mes\u012f d\u0117l jo stulbinamai garsaus, ai\u0161kaus ir \u010dai\u017eaus balso, lyg trimito. Tik jis taip tobulai gali...","breadcrumb":{"@id":"https:\/\/artistartas.com\/lt\/produktas\/gerve\/#breadcrumb"},"inLanguage":"lt-LT","potentialAction":[{"@type":"ReadAction","target":["https:\/\/artistartas.com\/lt\/produktas\/gerve\/"]}]},{"@type":"BreadcrumbList","@id":"https:\/\/artistartas.com\/lt\/produktas\/gerve\/#breadcrumb","itemListElement":[{"@type":"ListItem","position":1,"name":"Home","item":"https:\/\/artistartas.com\/lt\/"},{"@type":"ListItem","position":2,"name":"Steampunk stiliaus darbai","item":"https:\/\/artistartas.com\/lt\/"},{"@type":"ListItem","position":3,"name":"Gerv\u0117"}]},{"@type":"WebSite","@id":"https:\/\/artistartas.com\/#website","url":"https:\/\/artistartas.com\/","name":"Art\u016bras Tama\u0161auskas","description":"Kol kas tik dar vienas WordPress tinklalapis","publisher":{"@id":"https:\/\/artistartas.com\/#\/schema\/person\/8c3fb50aefa8758c1dcb9858b0cb9ad8"},"potentialAction":[{"@type":"SearchAction","target":{"@type":"EntryPoint","urlTemplate":"https:\/\/artistartas.com\/?s={search_term_string}"},"query-input":"required name=search_term_string"}],"inLanguage":"lt-LT"},{"@type":["Person","Organization"],"@id":"https:\/\/artistartas.com\/#\/schema\/person\/8c3fb50aefa8758c1dcb9858b0cb9ad8","name":"Art\u016bras Tama\u0161auskas","image":{"@type":"ImageObject","inLanguage":"lt-LT","@id":"https:\/\/artistartas.com\/#\/schema\/person\/image\/","url":"https:\/\/secure.gravatar.com\/avatar\/dd558d298c85a97bbea60bbd1872a1e4?s=96&d=mm&r=g","contentUrl":"https:\/\/secure.gravatar.com\/avatar\/dd558d298c85a97bbea60bbd1872a1e4?s=96&d=mm&r=g","caption":"Art\u016bras Tama\u0161auskas"},"logo":{"@id":"https:\/\/artistartas.com\/#\/schema\/person\/image\/"}}]}},"_links":{"self":[{"href":"https:\/\/artistartas.com\/lt\/wp-json\/wp\/v2\/product\/4963"}],"collection":[{"href":"https:\/\/artistartas.com\/lt\/wp-json\/wp\/v2\/product"}],"about":[{"href":"https:\/\/artistartas.com\/lt\/wp-json\/wp\/v2\/types\/product"}],"wp:featuredmedia":[{"embeddable":true,"href":"https:\/\/artistartas.com\/lt\/wp-json\/wp\/v2\/media\/4539"}],"wp:attachment":[{"href":"https:\/\/artistartas.com\/lt\/wp-json\/wp\/v2\/media?parent=4963"}],"wp:term":[{"taxonomy":"product_cat","embeddable":true,"href":"https:\/\/artistartas.com\/lt\/wp-json\/wp\/v2\/product_cat?post=4963"},{"taxonomy":"product_tag","embeddable":true,"href":"https:\/\/artistartas.com\/lt\/wp-json\/wp\/v2\/product_tag?post=4963"}],"curies":[{"name":"wp","href":"https:\/\/api.w.org\/{rel}","templated":true}]}}