{"id":4962,"date":"2023-10-12T19:39:11","date_gmt":"2023-10-12T17:39:11","guid":{"rendered":"https:\/\/artistartas.com\/?post_type=product&#038;p=4962"},"modified":"2026-03-12T18:23:45","modified_gmt":"2026-03-12T16:23:45","slug":"voras","status":"publish","type":"product","link":"https:\/\/artistartas.com\/lt\/produktas\/voras\/","title":{"rendered":"Voras"},"content":{"rendered":"<p>Voras. Vorai daugeliui i\u0161 m\u016bs\u0173 sukelia nekokius jausmus, ta\u010diau ne man. Jie simpati\u0161ki voragyviai, nesukeliantys pasi\u0161lyk\u0161t\u0117jimo ar baim\u0117s. Kilo mintis padaryti didel\u012f, koki\u0173 gamtoje nerastum, vor\u0105. Tarp savo turim\u0173 rakand\u0173 radau tinkamas detales. Rezultatu esu patenkintas. Metalinis voras atrodo gr\u0117smingas ir tuo pat metu simpati\u0161kas. Manau geriausiai \u017ei\u016brisi kabantis, lyg laukt\u0173 savo aukos.<\/p>\n<p><strong>Panaudotos detal\u0117s:<\/strong><\/p>\n<p>Arbatinukas, stalin\u0117s lempos plafonas, \u0161viestuvo metalin\u0117s dalys, dulki\u0173 siurblio,, Raketa&#8221; mechanizmai ir kt.<\/p>\n<p><strong>Matmenys<\/strong>: 30 x 62 x 60 cm<\/p>\n<p><strong>Svoris:<\/strong> 1.6kg<\/p>\n<p><strong>Kaina:<\/strong> Parduotas<\/p>\n<p><strong>Metai: <\/strong>2019<\/p>\n<p>&nbsp;<\/p>\n<p><a href=\"http:\/\/artistartas.com\/wp-content\/uploads\/2020\/12\/Voras-30x62x60cm-2019.jpg\"><img decoding=\"async\" loading=\"lazy\" class=\"alignnone wp-image-4156 size-full\" src=\"http:\/\/artistartas.com\/wp-content\/uploads\/2020\/12\/Voras-30x62x60cm-2019.jpg\" alt=\" Voras i\u0161 metalo\" width=\"532\" height=\"634\" srcset=\"https:\/\/artistartas.com\/wp-content\/uploads\/2020\/12\/Voras-30x62x60cm-2019.jpg 532w, https:\/\/artistartas.com\/wp-content\/uploads\/2020\/12\/Voras-30x62x60cm-2019-252x300.jpg 252w\" sizes=\"(max-width: 532px) 100vw, 532px\" \/><\/a><\/p>\n<p>&nbsp;<\/p>\n<p><a href=\"http:\/\/artistartas.com\/wp-content\/uploads\/2020\/12\/spider.jpg\"><img decoding=\"async\" loading=\"lazy\" class=\"alignnone wp-image-4158 size-full\" src=\"http:\/\/artistartas.com\/wp-content\/uploads\/2020\/12\/spider.jpg\" alt=\"stempunk voras\" width=\"534\" height=\"532\" srcset=\"https:\/\/artistartas.com\/wp-content\/uploads\/2020\/12\/spider.jpg 534w, https:\/\/artistartas.com\/wp-content\/uploads\/2020\/12\/spider-300x300.jpg 300w, https:\/\/artistartas.com\/wp-content\/uploads\/2020\/12\/spider-100x100.jpg 100w, https:\/\/artistartas.com\/wp-content\/uploads\/2020\/12\/spider-150x150.jpg 150w\" sizes=\"(max-width: 534px) 100vw, 534px\" \/><\/a><\/p>\n<p>&nbsp;<\/p>\n<p><a href=\"http:\/\/artistartas.com\/wp-content\/uploads\/2020\/12\/20200526_143930-1.jpg\"><img decoding=\"async\" loading=\"lazy\" class=\"alignnone wp-image-4159 size-full\" src=\"http:\/\/artistartas.com\/wp-content\/uploads\/2020\/12\/20200526_143930-1.jpg\" alt=\"Skulpt\u016bra Voras \" width=\"534\" height=\"532\" srcset=\"https:\/\/artistartas.com\/wp-content\/uploads\/2020\/12\/20200526_143930-1.jpg 534w, https:\/\/artistartas.com\/wp-content\/uploads\/2020\/12\/20200526_143930-1-300x300.jpg 300w, https:\/\/artistartas.com\/wp-content\/uploads\/2020\/12\/20200526_143930-1-100x100.jpg 100w, https:\/\/artistartas.com\/wp-content\/uploads\/2020\/12\/20200526_143930-1-150x150.jpg 150w\" sizes=\"(max-width: 534px) 100vw, 534px\" \/><\/a><\/p>\n<p>&nbsp;<\/p>\n<p><a href=\"http:\/\/artistartas.com\/wp-content\/uploads\/2020\/12\/20200526_143653-1.jpg\"><img decoding=\"async\" loading=\"lazy\" class=\"alignnone wp-image-4161 size-full\" src=\"http:\/\/artistartas.com\/wp-content\/uploads\/2020\/12\/20200526_143653-1.jpg\" alt=\"Voras metalinis\" width=\"529\" height=\"532\" srcset=\"https:\/\/artistartas.com\/wp-content\/uploads\/2020\/12\/20200526_143653-1.jpg 529w, https:\/\/artistartas.com\/wp-content\/uploads\/2020\/12\/20200526_143653-1-100x100.jpg 100w, https:\/\/artistartas.com\/wp-content\/uploads\/2020\/12\/20200526_143653-1-150x150.jpg 150w, https:\/\/artistartas.com\/wp-content\/uploads\/2020\/12\/20200526_143653-1-298x300.jpg 298w\" sizes=\"(max-width: 529px) 100vw, 529px\" \/><\/a><\/p>\n<p>&nbsp;<\/p>\n<p>&nbsp;<\/p>\n<p>&nbsp;<\/p>\n","protected":false},"excerpt":{"rendered":"<p>Voras. Vorai daugeliui i\u0161 m\u016bs\u0173 sukelia nekokius jausmus, ta\u010diau ne man. Jie simpati\u0161ki voragyviai, nesukeliantys pasi\u0161lyk\u0161t\u0117jimo ar baim\u0117s. Kilo mintis padaryti didel\u012f, koki\u0173 gamtoje nerastum, vor\u0105. Tarp savo turim\u0173 rakand\u0173 radau tinkamas detales. Rezultatu esu patenkintas. Metalinis voras atrodo gr\u0117smingas ir tuo pat metu simpati\u0161kas. Manau geriausiai \u017ei\u016brisi kabantis, lyg laukt\u0173 savo aukos. Panaudotos detal\u0117s: [&hellip;]<\/p>\n","protected":false},"featured_media":4534,"template":"","meta":{"om_disable_all_campaigns":false,"_exactmetrics_skip_tracking":false,"_exactmetrics_sitenote_active":false,"_exactmetrics_sitenote_note":"","_exactmetrics_sitenote_category":0,"_mi_skip_tracking":false,"_monsterinsights_sitenote_active":false,"_monsterinsights_sitenote_note":"","_monsterinsights_sitenote_category":0,"_uf_show_specific_survey":0,"_uf_disable_surveys":false},"product_cat":[134,539],"product_tag":[728,386,731,721,734,138,472,442,733],"aioseo_notices":[],"yoast_head":"<!-- This site is optimized with the Yoast SEO plugin v21.4 - https:\/\/yoast.com\/wordpress\/plugins\/seo\/ -->\n<title>Voras Skulpt\u016bra Meno K\u016briniai I\u0161 Metalo Ir Sendaik\u010di\u0173,..<\/title>\n<meta name=\"description\" content=\"Voras daugeliui i\u0161 m\u016bs\u0173 sukelia nekokius jausmus, ta\u010diau ne man. Jie simpati\u0161ki voragyviai, nesukeliantys pasi\u0161lyk\u0161t\u0117jimo ar baim\u0117s. Kilo...\" \/>\n<meta name=\"robots\" content=\"index, follow, max-snippet:-1, max-image-preview:large, max-video-preview:-1\" \/>\n<link rel=\"canonical\" href=\"https:\/\/artistartas.com\/lt\/produktas\/voras\/\" \/>\n<meta property=\"og:locale\" content=\"lt_LT\" \/>\n<meta property=\"og:type\" content=\"article\" \/>\n<meta property=\"og:title\" content=\"Voras Skulpt\u016bra Meno K\u016briniai I\u0161 Metalo Ir Sendaik\u010di\u0173,..\" \/>\n<meta property=\"og:description\" content=\"Voras daugeliui i\u0161 m\u016bs\u0173 sukelia nekokius jausmus, ta\u010diau ne man. Jie simpati\u0161ki voragyviai, nesukeliantys pasi\u0161lyk\u0161t\u0117jimo ar baim\u0117s. Kilo...\" \/>\n<meta property=\"og:url\" content=\"https:\/\/artistartas.com\/lt\/produktas\/voras\/\" \/>\n<meta property=\"og:site_name\" content=\"Art\u016bras Tama\u0161auskas\" \/>\n<meta property=\"article:modified_time\" content=\"2026-03-12T16:23:45+00:00\" \/>\n<meta property=\"og:image\" content=\"http:\/\/artistartas.com\/wp-content\/uploads\/2020\/12\/Voras-30x62x60cm-2019.jpg\" \/>\n\t<meta property=\"og:image:width\" content=\"532\" \/>\n\t<meta property=\"og:image:height\" content=\"634\" \/>\n\t<meta property=\"og:image:type\" content=\"image\/jpeg\" \/>\n<meta name=\"twitter:card\" content=\"summary_large_image\" \/>\n<meta name=\"twitter:label1\" content=\"Est. reading time\" \/>\n\t<meta name=\"twitter:data1\" content=\"2 minut\u0117s\" \/>\n<script type=\"application\/ld+json\" class=\"yoast-schema-graph\">{\"@context\":\"https:\/\/schema.org\",\"@graph\":[{\"@type\":\"WebPage\",\"@id\":\"https:\/\/artistartas.com\/lt\/produktas\/voras\/\",\"url\":\"https:\/\/artistartas.com\/lt\/produktas\/voras\/\",\"name\":\"Voras Skulpt\u016bra Meno K\u016briniai I\u0161 Metalo Ir Sendaik\u010di\u0173,..\",\"isPartOf\":{\"@id\":\"https:\/\/artistartas.com\/#website\"},\"datePublished\":\"2023-10-12T17:39:11+00:00\",\"dateModified\":\"2026-03-12T16:23:45+00:00\",\"description\":\"Voras daugeliui i\u0161 m\u016bs\u0173 sukelia nekokius jausmus, ta\u010diau ne man. Jie simpati\u0161ki voragyviai, nesukeliantys pasi\u0161lyk\u0161t\u0117jimo ar baim\u0117s. Kilo...\",\"breadcrumb\":{\"@id\":\"https:\/\/artistartas.com\/lt\/produktas\/voras\/#breadcrumb\"},\"inLanguage\":\"lt-LT\",\"potentialAction\":[{\"@type\":\"ReadAction\",\"target\":[\"https:\/\/artistartas.com\/lt\/produktas\/voras\/\"]}]},{\"@type\":\"BreadcrumbList\",\"@id\":\"https:\/\/artistartas.com\/lt\/produktas\/voras\/#breadcrumb\",\"itemListElement\":[{\"@type\":\"ListItem\",\"position\":1,\"name\":\"Home\",\"item\":\"https:\/\/artistartas.com\/lt\/\"},{\"@type\":\"ListItem\",\"position\":2,\"name\":\"Steampunk stiliaus darbai\",\"item\":\"https:\/\/artistartas.com\/lt\/\"},{\"@type\":\"ListItem\",\"position\":3,\"name\":\"Voras\"}]},{\"@type\":\"WebSite\",\"@id\":\"https:\/\/artistartas.com\/#website\",\"url\":\"https:\/\/artistartas.com\/\",\"name\":\"Art\u016bras Tama\u0161auskas\",\"description\":\"Kol kas tik dar vienas WordPress tinklalapis\",\"publisher\":{\"@id\":\"https:\/\/artistartas.com\/#\/schema\/person\/8c3fb50aefa8758c1dcb9858b0cb9ad8\"},\"potentialAction\":[{\"@type\":\"SearchAction\",\"target\":{\"@type\":\"EntryPoint\",\"urlTemplate\":\"https:\/\/artistartas.com\/?s={search_term_string}\"},\"query-input\":\"required name=search_term_string\"}],\"inLanguage\":\"lt-LT\"},{\"@type\":[\"Person\",\"Organization\"],\"@id\":\"https:\/\/artistartas.com\/#\/schema\/person\/8c3fb50aefa8758c1dcb9858b0cb9ad8\",\"name\":\"Art\u016bras Tama\u0161auskas\",\"image\":{\"@type\":\"ImageObject\",\"inLanguage\":\"lt-LT\",\"@id\":\"https:\/\/artistartas.com\/#\/schema\/person\/image\/\",\"url\":\"https:\/\/secure.gravatar.com\/avatar\/dd558d298c85a97bbea60bbd1872a1e4?s=96&d=mm&r=g\",\"contentUrl\":\"https:\/\/secure.gravatar.com\/avatar\/dd558d298c85a97bbea60bbd1872a1e4?s=96&d=mm&r=g\",\"caption\":\"Art\u016bras Tama\u0161auskas\"},\"logo\":{\"@id\":\"https:\/\/artistartas.com\/#\/schema\/person\/image\/\"}}]}<\/script>\n<!-- \/ Yoast SEO plugin. -->","yoast_head_json":{"title":"Voras Skulpt\u016bra Meno K\u016briniai I\u0161 Metalo Ir Sendaik\u010di\u0173,..","description":"Voras daugeliui i\u0161 m\u016bs\u0173 sukelia nekokius jausmus, ta\u010diau ne man. Jie simpati\u0161ki voragyviai, nesukeliantys pasi\u0161lyk\u0161t\u0117jimo ar baim\u0117s. Kilo...","robots":{"index":"index","follow":"follow","max-snippet":"max-snippet:-1","max-image-preview":"max-image-preview:large","max-video-preview":"max-video-preview:-1"},"canonical":"https:\/\/artistartas.com\/lt\/produktas\/voras\/","og_locale":"lt_LT","og_type":"article","og_title":"Voras Skulpt\u016bra Meno K\u016briniai I\u0161 Metalo Ir Sendaik\u010di\u0173,..","og_description":"Voras daugeliui i\u0161 m\u016bs\u0173 sukelia nekokius jausmus, ta\u010diau ne man. Jie simpati\u0161ki voragyviai, nesukeliantys pasi\u0161lyk\u0161t\u0117jimo ar baim\u0117s. Kilo...","og_url":"https:\/\/artistartas.com\/lt\/produktas\/voras\/","og_site_name":"Art\u016bras Tama\u0161auskas","article_modified_time":"2026-03-12T16:23:45+00:00","og_image":[{"width":532,"height":634,"url":"http:\/\/artistartas.com\/wp-content\/uploads\/2020\/12\/Voras-30x62x60cm-2019.jpg","type":"image\/jpeg"}],"twitter_card":"summary_large_image","twitter_misc":{"Est. reading time":"2 minut\u0117s"},"schema":{"@context":"https:\/\/schema.org","@graph":[{"@type":"WebPage","@id":"https:\/\/artistartas.com\/lt\/produktas\/voras\/","url":"https:\/\/artistartas.com\/lt\/produktas\/voras\/","name":"Voras Skulpt\u016bra Meno K\u016briniai I\u0161 Metalo Ir Sendaik\u010di\u0173,..","isPartOf":{"@id":"https:\/\/artistartas.com\/#website"},"datePublished":"2023-10-12T17:39:11+00:00","dateModified":"2026-03-12T16:23:45+00:00","description":"Voras daugeliui i\u0161 m\u016bs\u0173 sukelia nekokius jausmus, ta\u010diau ne man. Jie simpati\u0161ki voragyviai, nesukeliantys pasi\u0161lyk\u0161t\u0117jimo ar baim\u0117s. Kilo...","breadcrumb":{"@id":"https:\/\/artistartas.com\/lt\/produktas\/voras\/#breadcrumb"},"inLanguage":"lt-LT","potentialAction":[{"@type":"ReadAction","target":["https:\/\/artistartas.com\/lt\/produktas\/voras\/"]}]},{"@type":"BreadcrumbList","@id":"https:\/\/artistartas.com\/lt\/produktas\/voras\/#breadcrumb","itemListElement":[{"@type":"ListItem","position":1,"name":"Home","item":"https:\/\/artistartas.com\/lt\/"},{"@type":"ListItem","position":2,"name":"Steampunk stiliaus darbai","item":"https:\/\/artistartas.com\/lt\/"},{"@type":"ListItem","position":3,"name":"Voras"}]},{"@type":"WebSite","@id":"https:\/\/artistartas.com\/#website","url":"https:\/\/artistartas.com\/","name":"Art\u016bras Tama\u0161auskas","description":"Kol kas tik dar vienas WordPress tinklalapis","publisher":{"@id":"https:\/\/artistartas.com\/#\/schema\/person\/8c3fb50aefa8758c1dcb9858b0cb9ad8"},"potentialAction":[{"@type":"SearchAction","target":{"@type":"EntryPoint","urlTemplate":"https:\/\/artistartas.com\/?s={search_term_string}"},"query-input":"required name=search_term_string"}],"inLanguage":"lt-LT"},{"@type":["Person","Organization"],"@id":"https:\/\/artistartas.com\/#\/schema\/person\/8c3fb50aefa8758c1dcb9858b0cb9ad8","name":"Art\u016bras Tama\u0161auskas","image":{"@type":"ImageObject","inLanguage":"lt-LT","@id":"https:\/\/artistartas.com\/#\/schema\/person\/image\/","url":"https:\/\/secure.gravatar.com\/avatar\/dd558d298c85a97bbea60bbd1872a1e4?s=96&d=mm&r=g","contentUrl":"https:\/\/secure.gravatar.com\/avatar\/dd558d298c85a97bbea60bbd1872a1e4?s=96&d=mm&r=g","caption":"Art\u016bras Tama\u0161auskas"},"logo":{"@id":"https:\/\/artistartas.com\/#\/schema\/person\/image\/"}}]}},"_links":{"self":[{"href":"https:\/\/artistartas.com\/lt\/wp-json\/wp\/v2\/product\/4962"}],"collection":[{"href":"https:\/\/artistartas.com\/lt\/wp-json\/wp\/v2\/product"}],"about":[{"href":"https:\/\/artistartas.com\/lt\/wp-json\/wp\/v2\/types\/product"}],"wp:featuredmedia":[{"embeddable":true,"href":"https:\/\/artistartas.com\/lt\/wp-json\/wp\/v2\/media\/4534"}],"wp:attachment":[{"href":"https:\/\/artistartas.com\/lt\/wp-json\/wp\/v2\/media?parent=4962"}],"wp:term":[{"taxonomy":"product_cat","embeddable":true,"href":"https:\/\/artistartas.com\/lt\/wp-json\/wp\/v2\/product_cat?post=4962"},{"taxonomy":"product_tag","embeddable":true,"href":"https:\/\/artistartas.com\/lt\/wp-json\/wp\/v2\/product_tag?post=4962"}],"curies":[{"name":"wp","href":"https:\/\/api.w.org\/{rel}","templated":true}]}}