{"id":4961,"date":"2023-10-12T19:19:50","date_gmt":"2023-10-12T17:19:50","guid":{"rendered":"https:\/\/artistartas.com\/?post_type=product&#038;p=4961"},"modified":"2026-03-12T18:21:09","modified_gmt":"2026-03-12T16:21:09","slug":"maldininkas","status":"publish","type":"product","link":"https:\/\/artistartas.com\/lt\/produktas\/maldininkas\/","title":{"rendered":"Maldininkas"},"content":{"rendered":"<p>&nbsp;<\/p>\n<p>Maldininkas. Fantasti\u0161kas vabzdys. J\u012f suk\u016briau panaudodamas Moskvich 408,412 galinius \u017eibintus, dvira\u010di\u0173, automobilini\u0173 radio anten\u0173 ir kit\u0173 rast\u0173 detali\u0173 fragmentus. ,,Maldininko&#8221;k\u016bno forma ir agresyvi povyza labai d\u0117kinga ir daugelio meninink\u0173 m\u0117gstama k\u016brybos tema. Mane taip pat ji paker\u0117jo.<\/p>\n<p><strong>Panaudotos detal\u0117s:<\/strong><\/p>\n<p>.<strong> K\u016bnas- <\/strong>automobilio,, Moskvich 408&#8243; galinis \u017eibintas, baldin\u0117 koja i\u0161 metalo, aliuminio skarda<\/p>\n<p>. <strong>Galva- <\/strong>automobilio,, Moskvich 412&#8243; galinis pos\u016bkis, radio antenos, dvira\u010dio emblema, serviravimo indelis<\/p>\n<p><strong>. Kojos- <\/strong>automobilin\u0117s antenos, 5mm strypas, dvira\u010dio \u017evaig\u017edut\u0117s elementai, dulki\u0173 siurblio,, Raketa&#8221; mechanizmai<\/p>\n<p><strong>Matmenys<\/strong>: 90x37x55 cm<\/p>\n<p><strong>Svoris:<\/strong>2500g<\/p>\n<p><strong>Metai: <\/strong>2020<\/p>\n<p><strong>Kaina: <\/strong>Parduotas<\/p>\n<p>&nbsp;<\/p>\n<p><a href=\"http:\/\/artistartas.com\/wp-content\/uploads\/2020\/12\/20201006_134548-1.jpg\"><img decoding=\"async\" loading=\"lazy\" class=\"aligncenter wp-image-4198 size-full\" src=\"http:\/\/artistartas.com\/wp-content\/uploads\/2020\/12\/20201006_134548-1.jpg\" alt=\"Vabzdys maldininkas is metalo\" width=\"506\" height=\"834\" srcset=\"https:\/\/artistartas.com\/wp-content\/uploads\/2020\/12\/20201006_134548-1.jpg 506w, https:\/\/artistartas.com\/wp-content\/uploads\/2020\/12\/20201006_134548-1-182x300.jpg 182w\" sizes=\"(max-width: 506px) 100vw, 506px\" \/><\/a><\/p>\n<p><a href=\"http:\/\/artistartas.com\/wp-content\/uploads\/2020\/12\/20201006_134250.jpg\"><img decoding=\"async\" loading=\"lazy\" class=\"wp-image-4199 size-full aligncenter\" src=\"http:\/\/artistartas.com\/wp-content\/uploads\/2020\/12\/20201006_134250.jpg\" alt=\"steampunk vabzdys maldininkas\" width=\"522\" height=\"834\" srcset=\"https:\/\/artistartas.com\/wp-content\/uploads\/2020\/12\/20201006_134250.jpg 522w, https:\/\/artistartas.com\/wp-content\/uploads\/2020\/12\/20201006_134250-188x300.jpg 188w\" sizes=\"(max-width: 522px) 100vw, 522px\" \/><\/a><\/p>\n<p>&nbsp;<\/p>\n<p><a href=\"http:\/\/artistartas.com\/wp-content\/uploads\/2020\/12\/20201006_134801.jpg\"><img decoding=\"async\" loading=\"lazy\" class=\"aligncenter wp-image-4200 size-full\" src=\"http:\/\/artistartas.com\/wp-content\/uploads\/2020\/12\/20201006_134801.jpg\" alt=\"vabzdys i\u0161 auto dali\u0173\" width=\"531\" height=\"834\" srcset=\"https:\/\/artistartas.com\/wp-content\/uploads\/2020\/12\/20201006_134801.jpg 531w, https:\/\/artistartas.com\/wp-content\/uploads\/2020\/12\/20201006_134801-191x300.jpg 191w\" sizes=\"(max-width: 531px) 100vw, 531px\" \/><\/a><\/p>\n<p>&nbsp;<\/p>\n<p><a href=\"http:\/\/artistartas.com\/wp-content\/uploads\/2020\/12\/20201006_134943.jpg\"><img decoding=\"async\" loading=\"lazy\" class=\"aligncenter wp-image-4201 size-full\" src=\"http:\/\/artistartas.com\/wp-content\/uploads\/2020\/12\/20201006_134943.jpg\" alt=\"vabzdys maldininkas i\u0161 metalo\" width=\"532\" height=\"834\" srcset=\"https:\/\/artistartas.com\/wp-content\/uploads\/2020\/12\/20201006_134943.jpg 532w, https:\/\/artistartas.com\/wp-content\/uploads\/2020\/12\/20201006_134943-191x300.jpg 191w\" sizes=\"(max-width: 532px) 100vw, 532px\" \/><\/a><\/p>\n<p><a href=\"http:\/\/artistartas.com\/wp-content\/uploads\/2020\/12\/20201006_110713.jpg\"><img decoding=\"async\" loading=\"lazy\" class=\"aligncenter wp-image-4202 size-full\" src=\"http:\/\/artistartas.com\/wp-content\/uploads\/2020\/12\/20201006_110713.jpg\" alt=\"vabzdys maldininkas i\u0161 rakand\u0173\" width=\"532\" height=\"819\" srcset=\"https:\/\/artistartas.com\/wp-content\/uploads\/2020\/12\/20201006_110713.jpg 532w, https:\/\/artistartas.com\/wp-content\/uploads\/2020\/12\/20201006_110713-195x300.jpg 195w\" sizes=\"(max-width: 532px) 100vw, 532px\" \/><\/a><\/p>\n<p>&nbsp;<\/p>\n","protected":false},"excerpt":{"rendered":"<p>&nbsp; Maldininkas. Fantasti\u0161kas vabzdys. J\u012f suk\u016briau panaudodamas Moskvich 408,412 galinius \u017eibintus, dvira\u010di\u0173, automobilini\u0173 radio anten\u0173 ir kit\u0173 rast\u0173 detali\u0173 fragmentus. ,,Maldininko&#8221;k\u016bno forma ir agresyvi povyza labai d\u0117kinga ir daugelio meninink\u0173 m\u0117gstama k\u016brybos tema. Mane taip pat ji paker\u0117jo. Panaudotos detal\u0117s: . K\u016bnas- automobilio,, Moskvich 408&#8243; galinis \u017eibintas, baldin\u0117 koja i\u0161 metalo, aliuminio skarda . Galva- [&hellip;]<\/p>\n","protected":false},"featured_media":4512,"template":"","meta":{"om_disable_all_campaigns":false,"_exactmetrics_skip_tracking":false,"_exactmetrics_sitenote_active":false,"_exactmetrics_sitenote_note":"","_exactmetrics_sitenote_category":0,"_mi_skip_tracking":false,"_monsterinsights_sitenote_active":false,"_monsterinsights_sitenote_note":"","_monsterinsights_sitenote_category":0,"_uf_show_specific_survey":0,"_uf_disable_surveys":false},"product_cat":[134,539],"product_tag":[669,439,386,731,185,597,138,110,395,438,732],"aioseo_notices":[],"yoast_head":"<!-- This site is optimized with the Yoast SEO plugin v21.4 - https:\/\/yoast.com\/wordpress\/plugins\/seo\/ -->\n<title>Maldininkas. Skulpt\u016bra I\u0161 Metalo Ir Sendaik\u010di\u0173...<\/title>\n<meta name=\"description\" content=\"Maldininkas. Fantasti\u0161kas vabzdys. J\u012f suk\u016briau panaudodamas Moskvich 408,412 galinius \u017eibintus, dvira\u010di\u0173, automobilini\u0173 radio anten\u0173 ir...\" \/>\n<meta name=\"robots\" content=\"index, follow, max-snippet:-1, max-image-preview:large, max-video-preview:-1\" \/>\n<link rel=\"canonical\" href=\"https:\/\/artistartas.com\/lt\/produktas\/maldininkas\/\" \/>\n<meta property=\"og:locale\" content=\"lt_LT\" \/>\n<meta property=\"og:type\" content=\"article\" \/>\n<meta property=\"og:title\" content=\"Maldininkas. Skulpt\u016bra I\u0161 Metalo Ir Sendaik\u010di\u0173...\" \/>\n<meta property=\"og:description\" content=\"Maldininkas. Fantasti\u0161kas vabzdys. J\u012f suk\u016briau panaudodamas Moskvich 408,412 galinius \u017eibintus, dvira\u010di\u0173, automobilini\u0173 radio anten\u0173 ir...\" \/>\n<meta property=\"og:url\" content=\"https:\/\/artistartas.com\/lt\/produktas\/maldininkas\/\" \/>\n<meta property=\"og:site_name\" content=\"Art\u016bras Tama\u0161auskas\" \/>\n<meta property=\"article:modified_time\" content=\"2026-03-12T16:21:09+00:00\" \/>\n<meta property=\"og:image\" content=\"http:\/\/artistartas.com\/wp-content\/uploads\/2020\/12\/20201006_134548-1.jpg\" \/>\n\t<meta property=\"og:image:width\" content=\"506\" \/>\n\t<meta property=\"og:image:height\" content=\"834\" \/>\n\t<meta property=\"og:image:type\" content=\"image\/jpeg\" \/>\n<meta name=\"twitter:card\" content=\"summary_large_image\" \/>\n<meta name=\"twitter:label1\" content=\"Est. reading time\" \/>\n\t<meta name=\"twitter:data1\" content=\"2 minut\u0117s\" \/>\n<script type=\"application\/ld+json\" class=\"yoast-schema-graph\">{\"@context\":\"https:\/\/schema.org\",\"@graph\":[{\"@type\":\"WebPage\",\"@id\":\"https:\/\/artistartas.com\/lt\/produktas\/maldininkas\/\",\"url\":\"https:\/\/artistartas.com\/lt\/produktas\/maldininkas\/\",\"name\":\"Maldininkas. Skulpt\u016bra I\u0161 Metalo Ir Sendaik\u010di\u0173...\",\"isPartOf\":{\"@id\":\"https:\/\/artistartas.com\/#website\"},\"datePublished\":\"2023-10-12T17:19:50+00:00\",\"dateModified\":\"2026-03-12T16:21:09+00:00\",\"description\":\"Maldininkas. Fantasti\u0161kas vabzdys. J\u012f suk\u016briau panaudodamas Moskvich 408,412 galinius \u017eibintus, dvira\u010di\u0173, automobilini\u0173 radio anten\u0173 ir...\",\"breadcrumb\":{\"@id\":\"https:\/\/artistartas.com\/lt\/produktas\/maldininkas\/#breadcrumb\"},\"inLanguage\":\"lt-LT\",\"potentialAction\":[{\"@type\":\"ReadAction\",\"target\":[\"https:\/\/artistartas.com\/lt\/produktas\/maldininkas\/\"]}]},{\"@type\":\"BreadcrumbList\",\"@id\":\"https:\/\/artistartas.com\/lt\/produktas\/maldininkas\/#breadcrumb\",\"itemListElement\":[{\"@type\":\"ListItem\",\"position\":1,\"name\":\"Home\",\"item\":\"https:\/\/artistartas.com\/lt\/\"},{\"@type\":\"ListItem\",\"position\":2,\"name\":\"Steampunk stiliaus darbai\",\"item\":\"https:\/\/artistartas.com\/lt\/\"},{\"@type\":\"ListItem\",\"position\":3,\"name\":\"Maldininkas\"}]},{\"@type\":\"WebSite\",\"@id\":\"https:\/\/artistartas.com\/#website\",\"url\":\"https:\/\/artistartas.com\/\",\"name\":\"Art\u016bras Tama\u0161auskas\",\"description\":\"Kol kas tik dar vienas WordPress tinklalapis\",\"publisher\":{\"@id\":\"https:\/\/artistartas.com\/#\/schema\/person\/8c3fb50aefa8758c1dcb9858b0cb9ad8\"},\"potentialAction\":[{\"@type\":\"SearchAction\",\"target\":{\"@type\":\"EntryPoint\",\"urlTemplate\":\"https:\/\/artistartas.com\/?s={search_term_string}\"},\"query-input\":\"required name=search_term_string\"}],\"inLanguage\":\"lt-LT\"},{\"@type\":[\"Person\",\"Organization\"],\"@id\":\"https:\/\/artistartas.com\/#\/schema\/person\/8c3fb50aefa8758c1dcb9858b0cb9ad8\",\"name\":\"Art\u016bras Tama\u0161auskas\",\"image\":{\"@type\":\"ImageObject\",\"inLanguage\":\"lt-LT\",\"@id\":\"https:\/\/artistartas.com\/#\/schema\/person\/image\/\",\"url\":\"https:\/\/secure.gravatar.com\/avatar\/dd558d298c85a97bbea60bbd1872a1e4?s=96&d=mm&r=g\",\"contentUrl\":\"https:\/\/secure.gravatar.com\/avatar\/dd558d298c85a97bbea60bbd1872a1e4?s=96&d=mm&r=g\",\"caption\":\"Art\u016bras Tama\u0161auskas\"},\"logo\":{\"@id\":\"https:\/\/artistartas.com\/#\/schema\/person\/image\/\"}}]}<\/script>\n<!-- \/ Yoast SEO plugin. -->","yoast_head_json":{"title":"Maldininkas. Skulpt\u016bra I\u0161 Metalo Ir Sendaik\u010di\u0173...","description":"Maldininkas. Fantasti\u0161kas vabzdys. J\u012f suk\u016briau panaudodamas Moskvich 408,412 galinius \u017eibintus, dvira\u010di\u0173, automobilini\u0173 radio anten\u0173 ir...","robots":{"index":"index","follow":"follow","max-snippet":"max-snippet:-1","max-image-preview":"max-image-preview:large","max-video-preview":"max-video-preview:-1"},"canonical":"https:\/\/artistartas.com\/lt\/produktas\/maldininkas\/","og_locale":"lt_LT","og_type":"article","og_title":"Maldininkas. Skulpt\u016bra I\u0161 Metalo Ir Sendaik\u010di\u0173...","og_description":"Maldininkas. Fantasti\u0161kas vabzdys. J\u012f suk\u016briau panaudodamas Moskvich 408,412 galinius \u017eibintus, dvira\u010di\u0173, automobilini\u0173 radio anten\u0173 ir...","og_url":"https:\/\/artistartas.com\/lt\/produktas\/maldininkas\/","og_site_name":"Art\u016bras Tama\u0161auskas","article_modified_time":"2026-03-12T16:21:09+00:00","og_image":[{"width":506,"height":834,"url":"http:\/\/artistartas.com\/wp-content\/uploads\/2020\/12\/20201006_134548-1.jpg","type":"image\/jpeg"}],"twitter_card":"summary_large_image","twitter_misc":{"Est. reading time":"2 minut\u0117s"},"schema":{"@context":"https:\/\/schema.org","@graph":[{"@type":"WebPage","@id":"https:\/\/artistartas.com\/lt\/produktas\/maldininkas\/","url":"https:\/\/artistartas.com\/lt\/produktas\/maldininkas\/","name":"Maldininkas. Skulpt\u016bra I\u0161 Metalo Ir Sendaik\u010di\u0173...","isPartOf":{"@id":"https:\/\/artistartas.com\/#website"},"datePublished":"2023-10-12T17:19:50+00:00","dateModified":"2026-03-12T16:21:09+00:00","description":"Maldininkas. Fantasti\u0161kas vabzdys. J\u012f suk\u016briau panaudodamas Moskvich 408,412 galinius \u017eibintus, dvira\u010di\u0173, automobilini\u0173 radio anten\u0173 ir...","breadcrumb":{"@id":"https:\/\/artistartas.com\/lt\/produktas\/maldininkas\/#breadcrumb"},"inLanguage":"lt-LT","potentialAction":[{"@type":"ReadAction","target":["https:\/\/artistartas.com\/lt\/produktas\/maldininkas\/"]}]},{"@type":"BreadcrumbList","@id":"https:\/\/artistartas.com\/lt\/produktas\/maldininkas\/#breadcrumb","itemListElement":[{"@type":"ListItem","position":1,"name":"Home","item":"https:\/\/artistartas.com\/lt\/"},{"@type":"ListItem","position":2,"name":"Steampunk stiliaus darbai","item":"https:\/\/artistartas.com\/lt\/"},{"@type":"ListItem","position":3,"name":"Maldininkas"}]},{"@type":"WebSite","@id":"https:\/\/artistartas.com\/#website","url":"https:\/\/artistartas.com\/","name":"Art\u016bras Tama\u0161auskas","description":"Kol kas tik dar vienas WordPress tinklalapis","publisher":{"@id":"https:\/\/artistartas.com\/#\/schema\/person\/8c3fb50aefa8758c1dcb9858b0cb9ad8"},"potentialAction":[{"@type":"SearchAction","target":{"@type":"EntryPoint","urlTemplate":"https:\/\/artistartas.com\/?s={search_term_string}"},"query-input":"required name=search_term_string"}],"inLanguage":"lt-LT"},{"@type":["Person","Organization"],"@id":"https:\/\/artistartas.com\/#\/schema\/person\/8c3fb50aefa8758c1dcb9858b0cb9ad8","name":"Art\u016bras Tama\u0161auskas","image":{"@type":"ImageObject","inLanguage":"lt-LT","@id":"https:\/\/artistartas.com\/#\/schema\/person\/image\/","url":"https:\/\/secure.gravatar.com\/avatar\/dd558d298c85a97bbea60bbd1872a1e4?s=96&d=mm&r=g","contentUrl":"https:\/\/secure.gravatar.com\/avatar\/dd558d298c85a97bbea60bbd1872a1e4?s=96&d=mm&r=g","caption":"Art\u016bras Tama\u0161auskas"},"logo":{"@id":"https:\/\/artistartas.com\/#\/schema\/person\/image\/"}}]}},"_links":{"self":[{"href":"https:\/\/artistartas.com\/lt\/wp-json\/wp\/v2\/product\/4961"}],"collection":[{"href":"https:\/\/artistartas.com\/lt\/wp-json\/wp\/v2\/product"}],"about":[{"href":"https:\/\/artistartas.com\/lt\/wp-json\/wp\/v2\/types\/product"}],"wp:featuredmedia":[{"embeddable":true,"href":"https:\/\/artistartas.com\/lt\/wp-json\/wp\/v2\/media\/4512"}],"wp:attachment":[{"href":"https:\/\/artistartas.com\/lt\/wp-json\/wp\/v2\/media?parent=4961"}],"wp:term":[{"taxonomy":"product_cat","embeddable":true,"href":"https:\/\/artistartas.com\/lt\/wp-json\/wp\/v2\/product_cat?post=4961"},{"taxonomy":"product_tag","embeddable":true,"href":"https:\/\/artistartas.com\/lt\/wp-json\/wp\/v2\/product_tag?post=4961"}],"curies":[{"name":"wp","href":"https:\/\/api.w.org\/{rel}","templated":true}]}}