{"id":4959,"date":"2023-10-12T17:17:03","date_gmt":"2023-10-12T15:17:03","guid":{"rendered":"https:\/\/artistartas.com\/?post_type=product&#038;p=4959"},"modified":"2026-03-12T18:18:18","modified_gmt":"2026-03-12T16:18:18","slug":"muzikali-zuvis","status":"publish","type":"product","link":"https:\/\/artistartas.com\/lt\/produktas\/muzikali-zuvis\/","title":{"rendered":"Muzikali \u017euvis"},"content":{"rendered":"<div>Savo sukaupt\u0173 rakand\u0173 arsenale turiu kelet\u0105 muzikini\u0173 pu\u010diam\u0173j\u0173 instrument\u0173. Tai bus muzikali \u017euvis, tariau sau, o prad\u017ei\u0105 dav\u0117 vienas daiktas. Jis varinis, skirtas kar\u0161tam vandeniui laikyti, kuris atkeliavo i\u0161 sendaik\u010di\u0173 parduotuv\u0117s Vokietijoje. Mintyse jau k\u016briau eskiz\u0105 kur ir k\u0105 prid\u0117siu&#8230;<\/div>\n<div><strong>Darbo eiga:<\/strong><\/div>\n<div>\u00a0 Dujin\u0117s litavimo lempos pagalba varin\u012f ind\u0105 atskyriau pusiau, jog i\u0161valyti susikaupusias apna\u0161as. Panardinus \u012f 9% acto tirpal\u0105 ir pakaitinus ant ugnies, kalki\u0173 apna\u0161os i\u0161tirpo bematant. Pagal mintyse sud\u0117liot\u0105 eskiz\u0105 vien\u0105 korpuso pus\u0119 i\u0161pjoviau, nes nor\u0117jau jog matyt\u0173si \u017euvies viduriai. Juos imitavau \u017ealvarin\u0117s tri\u016bbos elementu, kuris labai tiko prie varinio \u017euvies k\u016bno.. Kitoje pus\u0117je \u012ftaisiau apval\u0173 stikl\u0105 su r\u0117mu nuo laikrod\u017eio mechanizmo. Pro j\u012f taip pat matosi viduriai ir kiti elementai. Vietoje uodegos sugalvojau mechanizm\u0105, kuris sukuria \u017euvies- laivo \u012fsp\u016bd\u012f. Pelekams panaudojau lempos sietyno elementus ir metalin\u0117s skalbimo lentos fragmentus.Tokias naudojo m\u016bs\u0173 senoliai. I\u0161ard\u0119s karolius, du stiklinius rutulius panaudojau akims. \u017dvynai padaryti i\u0161 varin\u0117s skardos ir sulituoti tarpusavyje.<\/div>\n<div>\u00a0 \u00a0Tuo ir \u012fdomus\u00a0 \u0161is stilius, jog gali interpretuoti savaip, sukurdamas dalykus su fantastikos elementais. Visada siekiu, jog kiekviena mano sukurta skulpt\u016bra i\u0161siskirt\u0173 netik\u0117tais sprendimais ir\u00a0 panaudojimo galimyb\u0117mis. \u0160\u012f kart\u0105 ak\u012f patraukia \u017euvies viduriai. Tam panaudota pu\u010diamojo instrumento dalis, kurios d\u0117ka ji yra tiesiog muzikali \u017euvis.<\/div>\n<div><\/div>\n<div><strong>Med\u017eiagos:<\/strong><\/div>\n<div>K\u016bnas- varinis indas kar\u0161tam vandeniui laikyti<\/div>\n<div>Galva- Dur\u0173 rankenos elementai, dvira\u010dio purvasaugis, purvasaugio lempos korpusas, karoliai<\/div>\n<div>Pelekai- senos lempos dalys, metalin\u0117s skalbimo lentos fragmentai<\/div>\n<div>Uodega- varinis indas g\u0117l\u0117ms pamerkti, \u017ealvariniai dantra\u010diai, varinis vamzdelis<\/div>\n<div>Viduriai- \u017dalvarin\u0117s tri\u016bbos dalis<\/div>\n<div><\/div>\n<div>Matmenys: <span class=\"image-dimensions\">40x45x15 cm<\/span><\/div>\n<div>Svoris:\u00a0 3.5 kg<\/div>\n<div>Metai:\u00a0 2021<\/div>\n<p>Kaina: Parduota<\/p>\n<div><\/div>\n<div><a href=\"http:\/\/artistartas.com\/wp-content\/uploads\/2022\/07\/zuvis100.jpg\"><img decoding=\"async\" loading=\"lazy\" class=\"wp-image-4707 aligncenter\" src=\"http:\/\/artistartas.com\/wp-content\/uploads\/2022\/07\/zuvis100-1024x1024.jpg\" alt=\"muzikali \u017euvis skulpt\u016bra\" width=\"608\" height=\"608\" srcset=\"https:\/\/artistartas.com\/wp-content\/uploads\/2022\/07\/zuvis100-1024x1024.jpg 1024w, https:\/\/artistartas.com\/wp-content\/uploads\/2022\/07\/zuvis100-300x300.jpg 300w, https:\/\/artistartas.com\/wp-content\/uploads\/2022\/07\/zuvis100-150x150.jpg 150w, https:\/\/artistartas.com\/wp-content\/uploads\/2022\/07\/zuvis100-768x768.jpg 768w, https:\/\/artistartas.com\/wp-content\/uploads\/2022\/07\/zuvis100-1536x1536.jpg 1536w, https:\/\/artistartas.com\/wp-content\/uploads\/2022\/07\/zuvis100-2048x2048.jpg 2048w, https:\/\/artistartas.com\/wp-content\/uploads\/2022\/07\/zuvis100-600x600.jpg 600w, https:\/\/artistartas.com\/wp-content\/uploads\/2022\/07\/zuvis100-100x100.jpg 100w, https:\/\/artistartas.com\/wp-content\/uploads\/2022\/07\/zuvis100.jpg 2493w\" sizes=\"(max-width: 608px) 100vw, 608px\" \/><\/a><\/div>\n<div><\/div>\n<div><a href=\"http:\/\/artistartas.com\/wp-content\/uploads\/2022\/07\/zuvis111-scaled.jpg\"><img decoding=\"async\" loading=\"lazy\" class=\"wp-image-4709 aligncenter\" src=\"http:\/\/artistartas.com\/wp-content\/uploads\/2022\/07\/zuvis111-1024x1024.jpg\" alt=\"stimpank muzikali \u017euvis \" width=\"608\" height=\"608\" srcset=\"https:\/\/artistartas.com\/wp-content\/uploads\/2022\/07\/zuvis111-1024x1024.jpg 1024w, https:\/\/artistartas.com\/wp-content\/uploads\/2022\/07\/zuvis111-300x300.jpg 300w, https:\/\/artistartas.com\/wp-content\/uploads\/2022\/07\/zuvis111-150x150.jpg 150w, https:\/\/artistartas.com\/wp-content\/uploads\/2022\/07\/zuvis111-768x768.jpg 768w, https:\/\/artistartas.com\/wp-content\/uploads\/2022\/07\/zuvis111-1536x1536.jpg 1536w, https:\/\/artistartas.com\/wp-content\/uploads\/2022\/07\/zuvis111-2048x2048.jpg 2048w, https:\/\/artistartas.com\/wp-content\/uploads\/2022\/07\/zuvis111-600x600.jpg 600w, https:\/\/artistartas.com\/wp-content\/uploads\/2022\/07\/zuvis111-100x100.jpg 100w, https:\/\/artistartas.com\/wp-content\/uploads\/2022\/07\/zuvis111-scaled.jpg 2560w\" sizes=\"(max-width: 608px) 100vw, 608px\" \/><\/a><\/div>\n<div><\/div>\n<div><a href=\"http:\/\/artistartas.com\/wp-content\/uploads\/2022\/07\/zuvis122-scaled.jpg\"><img decoding=\"async\" loading=\"lazy\" class=\"wp-image-4711 aligncenter\" src=\"http:\/\/artistartas.com\/wp-content\/uploads\/2022\/07\/zuvis122-1024x1024.jpg\" alt=\"muzikali \u017euvis i\u0161 rakand\u0173\" width=\"608\" height=\"608\" srcset=\"https:\/\/artistartas.com\/wp-content\/uploads\/2022\/07\/zuvis122-1024x1024.jpg 1024w, https:\/\/artistartas.com\/wp-content\/uploads\/2022\/07\/zuvis122-300x300.jpg 300w, https:\/\/artistartas.com\/wp-content\/uploads\/2022\/07\/zuvis122-150x150.jpg 150w, https:\/\/artistartas.com\/wp-content\/uploads\/2022\/07\/zuvis122-768x768.jpg 768w, https:\/\/artistartas.com\/wp-content\/uploads\/2022\/07\/zuvis122-1536x1536.jpg 1536w, https:\/\/artistartas.com\/wp-content\/uploads\/2022\/07\/zuvis122-2048x2048.jpg 2048w, https:\/\/artistartas.com\/wp-content\/uploads\/2022\/07\/zuvis122-600x600.jpg 600w, https:\/\/artistartas.com\/wp-content\/uploads\/2022\/07\/zuvis122-100x100.jpg 100w, https:\/\/artistartas.com\/wp-content\/uploads\/2022\/07\/zuvis122-scaled.jpg 2560w\" sizes=\"(max-width: 608px) 100vw, 608px\" \/><\/a><\/div>\n<div><\/div>\n<div><a href=\"http:\/\/artistartas.com\/wp-content\/uploads\/2022\/07\/DSC_09222-scaled.jpg\"><img decoding=\"async\" loading=\"lazy\" class=\"wp-image-4713 aligncenter\" src=\"http:\/\/artistartas.com\/wp-content\/uploads\/2022\/07\/DSC_09222-1024x905.jpg\" alt=\"steampunk menas\" width=\"608\" height=\"537\" srcset=\"https:\/\/artistartas.com\/wp-content\/uploads\/2022\/07\/DSC_09222-1024x905.jpg 1024w, https:\/\/artistartas.com\/wp-content\/uploads\/2022\/07\/DSC_09222-300x265.jpg 300w, https:\/\/artistartas.com\/wp-content\/uploads\/2022\/07\/DSC_09222-768x679.jpg 768w, https:\/\/artistartas.com\/wp-content\/uploads\/2022\/07\/DSC_09222-1536x1357.jpg 1536w, https:\/\/artistartas.com\/wp-content\/uploads\/2022\/07\/DSC_09222-2048x1810.jpg 2048w, https:\/\/artistartas.com\/wp-content\/uploads\/2022\/07\/DSC_09222-600x530.jpg 600w, https:\/\/artistartas.com\/wp-content\/uploads\/2022\/07\/DSC_09222-scaled.jpg 2560w\" sizes=\"(max-width: 608px) 100vw, 608px\" \/><\/a><\/div>\n<div><\/div>\n<div><a href=\"http:\/\/artistartas.com\/wp-content\/uploads\/2022\/07\/zuvis88-scaled.jpg\"><img decoding=\"async\" loading=\"lazy\" class=\"wp-image-4719 aligncenter\" src=\"http:\/\/artistartas.com\/wp-content\/uploads\/2022\/07\/zuvis88-1024x1024.jpg\" alt=\"menas i\u0161 senien\u0173\" width=\"607\" height=\"607\" srcset=\"https:\/\/artistartas.com\/wp-content\/uploads\/2022\/07\/zuvis88-1024x1024.jpg 1024w, https:\/\/artistartas.com\/wp-content\/uploads\/2022\/07\/zuvis88-300x300.jpg 300w, https:\/\/artistartas.com\/wp-content\/uploads\/2022\/07\/zuvis88-150x150.jpg 150w, https:\/\/artistartas.com\/wp-content\/uploads\/2022\/07\/zuvis88-768x768.jpg 768w, https:\/\/artistartas.com\/wp-content\/uploads\/2022\/07\/zuvis88-1536x1536.jpg 1536w, https:\/\/artistartas.com\/wp-content\/uploads\/2022\/07\/zuvis88-2048x2048.jpg 2048w, https:\/\/artistartas.com\/wp-content\/uploads\/2022\/07\/zuvis88-600x600.jpg 600w, https:\/\/artistartas.com\/wp-content\/uploads\/2022\/07\/zuvis88-100x100.jpg 100w, https:\/\/artistartas.com\/wp-content\/uploads\/2022\/07\/zuvis88-scaled.jpg 2560w\" sizes=\"(max-width: 607px) 100vw, 607px\" \/><\/a><\/div>\n<div><\/div>\n<div><a href=\"http:\/\/artistartas.com\/wp-content\/uploads\/2022\/07\/zuvis99-1-scaled.jpg\"><img decoding=\"async\" loading=\"lazy\" class=\"wp-image-4717 aligncenter\" src=\"http:\/\/artistartas.com\/wp-content\/uploads\/2022\/07\/zuvis99-1-1024x1024.jpg\" alt=\"\u017euvis i\u0161 senien\u0173\" width=\"607\" height=\"607\" srcset=\"https:\/\/artistartas.com\/wp-content\/uploads\/2022\/07\/zuvis99-1-1024x1024.jpg 1024w, https:\/\/artistartas.com\/wp-content\/uploads\/2022\/07\/zuvis99-1-300x300.jpg 300w, https:\/\/artistartas.com\/wp-content\/uploads\/2022\/07\/zuvis99-1-150x150.jpg 150w, https:\/\/artistartas.com\/wp-content\/uploads\/2022\/07\/zuvis99-1-768x768.jpg 768w, https:\/\/artistartas.com\/wp-content\/uploads\/2022\/07\/zuvis99-1-1536x1536.jpg 1536w, https:\/\/artistartas.com\/wp-content\/uploads\/2022\/07\/zuvis99-1-2048x2048.jpg 2048w, https:\/\/artistartas.com\/wp-content\/uploads\/2022\/07\/zuvis99-1-600x600.jpg 600w, https:\/\/artistartas.com\/wp-content\/uploads\/2022\/07\/zuvis99-1-100x100.jpg 100w, https:\/\/artistartas.com\/wp-content\/uploads\/2022\/07\/zuvis99-1-scaled.jpg 2560w\" sizes=\"(max-width: 607px) 100vw, 607px\" \/><\/a><\/div>\n<div><\/div>\n","protected":false},"excerpt":{"rendered":"<p>Savo sukaupt\u0173 rakand\u0173 arsenale turiu kelet\u0105 muzikini\u0173 pu\u010diam\u0173j\u0173 instrument\u0173. Tai bus muzikali \u017euvis, tariau sau, o prad\u017ei\u0105 dav\u0117 vienas daiktas. Jis varinis, skirtas kar\u0161tam vandeniui laikyti, kuris atkeliavo i\u0161 sendaik\u010di\u0173 parduotuv\u0117s Vokietijoje. Mintyse jau k\u016briau eskiz\u0105 kur ir k\u0105 prid\u0117siu&#8230; Darbo eiga: \u00a0 Dujin\u0117s litavimo lempos pagalba varin\u012f ind\u0105 atskyriau pusiau, jog i\u0161valyti susikaupusias apna\u0161as. [&hellip;]<\/p>\n","protected":false},"featured_media":5609,"template":"","meta":{"om_disable_all_campaigns":false,"_exactmetrics_skip_tracking":false,"_exactmetrics_sitenote_active":false,"_exactmetrics_sitenote_note":"","_exactmetrics_sitenote_category":0,"_mi_skip_tracking":false,"_monsterinsights_sitenote_active":false,"_monsterinsights_sitenote_note":"","_monsterinsights_sitenote_category":0,"_uf_show_specific_survey":0,"_uf_disable_surveys":false},"product_cat":[134,539],"product_tag":[144,664,386,597,440,504,472,110,730,140],"aioseo_notices":[],"yoast_head":"<!-- This site is optimized with the Yoast SEO plugin v21.4 - https:\/\/yoast.com\/wordpress\/plugins\/seo\/ -->\n<title>\u017duvis, Skulpt\u016bra, Menas I\u0161 Metalo Ir Rakand\u0173...<\/title>\n<meta name=\"description\" content=\"Savo sukaupt\u0173 rakand\u0173 arsenale turiu kelet\u0105 muzikini\u0173 pu\u010diam\u0173j\u0173 instrument\u0173. Tai bus muzikali \u017euvis, tariau sau, o prad\u017ei\u0105 dav\u0117 vienas...\" \/>\n<meta name=\"robots\" content=\"index, follow, max-snippet:-1, max-image-preview:large, max-video-preview:-1\" \/>\n<link rel=\"canonical\" href=\"https:\/\/artistartas.com\/lt\/produktas\/muzikali-zuvis\/\" \/>\n<meta property=\"og:locale\" content=\"lt_LT\" \/>\n<meta property=\"og:type\" content=\"article\" \/>\n<meta property=\"og:title\" content=\"\u017duvis, Skulpt\u016bra, Menas I\u0161 Metalo Ir Rakand\u0173...\" \/>\n<meta property=\"og:description\" content=\"Savo sukaupt\u0173 rakand\u0173 arsenale turiu kelet\u0105 muzikini\u0173 pu\u010diam\u0173j\u0173 instrument\u0173. Tai bus muzikali \u017euvis, tariau sau, o prad\u017ei\u0105 dav\u0117 vienas...\" \/>\n<meta property=\"og:url\" content=\"https:\/\/artistartas.com\/lt\/produktas\/muzikali-zuvis\/\" \/>\n<meta property=\"og:site_name\" content=\"Art\u016bras Tama\u0161auskas\" \/>\n<meta property=\"article:modified_time\" content=\"2026-03-12T16:18:18+00:00\" \/>\n<meta property=\"og:image\" content=\"http:\/\/artistartas.com\/wp-content\/uploads\/2023\/11\/fish-machine-scaled.jpg\" \/>\n\t<meta property=\"og:image:width\" content=\"2560\" \/>\n\t<meta property=\"og:image:height\" content=\"2560\" \/>\n\t<meta property=\"og:image:type\" content=\"image\/jpeg\" \/>\n<meta name=\"twitter:card\" content=\"summary_large_image\" \/>\n<meta name=\"twitter:label1\" content=\"Est. reading time\" \/>\n\t<meta name=\"twitter:data1\" content=\"3 minut\u0117s\" \/>\n<script type=\"application\/ld+json\" class=\"yoast-schema-graph\">{\"@context\":\"https:\/\/schema.org\",\"@graph\":[{\"@type\":\"WebPage\",\"@id\":\"https:\/\/artistartas.com\/lt\/produktas\/muzikali-zuvis\/\",\"url\":\"https:\/\/artistartas.com\/lt\/produktas\/muzikali-zuvis\/\",\"name\":\"\u017duvis, Skulpt\u016bra, Menas I\u0161 Metalo Ir Rakand\u0173...\",\"isPartOf\":{\"@id\":\"https:\/\/artistartas.com\/#website\"},\"datePublished\":\"2023-10-12T15:17:03+00:00\",\"dateModified\":\"2026-03-12T16:18:18+00:00\",\"description\":\"Savo sukaupt\u0173 rakand\u0173 arsenale turiu kelet\u0105 muzikini\u0173 pu\u010diam\u0173j\u0173 instrument\u0173. Tai bus muzikali \u017euvis, tariau sau, o prad\u017ei\u0105 dav\u0117 vienas...\",\"breadcrumb\":{\"@id\":\"https:\/\/artistartas.com\/lt\/produktas\/muzikali-zuvis\/#breadcrumb\"},\"inLanguage\":\"lt-LT\",\"potentialAction\":[{\"@type\":\"ReadAction\",\"target\":[\"https:\/\/artistartas.com\/lt\/produktas\/muzikali-zuvis\/\"]}]},{\"@type\":\"BreadcrumbList\",\"@id\":\"https:\/\/artistartas.com\/lt\/produktas\/muzikali-zuvis\/#breadcrumb\",\"itemListElement\":[{\"@type\":\"ListItem\",\"position\":1,\"name\":\"Home\",\"item\":\"https:\/\/artistartas.com\/lt\/\"},{\"@type\":\"ListItem\",\"position\":2,\"name\":\"Steampunk stiliaus darbai\",\"item\":\"https:\/\/artistartas.com\/lt\/\"},{\"@type\":\"ListItem\",\"position\":3,\"name\":\"Muzikali \u017euvis\"}]},{\"@type\":\"WebSite\",\"@id\":\"https:\/\/artistartas.com\/#website\",\"url\":\"https:\/\/artistartas.com\/\",\"name\":\"Art\u016bras Tama\u0161auskas\",\"description\":\"Kol kas tik dar vienas WordPress tinklalapis\",\"publisher\":{\"@id\":\"https:\/\/artistartas.com\/#\/schema\/person\/8c3fb50aefa8758c1dcb9858b0cb9ad8\"},\"potentialAction\":[{\"@type\":\"SearchAction\",\"target\":{\"@type\":\"EntryPoint\",\"urlTemplate\":\"https:\/\/artistartas.com\/?s={search_term_string}\"},\"query-input\":\"required name=search_term_string\"}],\"inLanguage\":\"lt-LT\"},{\"@type\":[\"Person\",\"Organization\"],\"@id\":\"https:\/\/artistartas.com\/#\/schema\/person\/8c3fb50aefa8758c1dcb9858b0cb9ad8\",\"name\":\"Art\u016bras Tama\u0161auskas\",\"image\":{\"@type\":\"ImageObject\",\"inLanguage\":\"lt-LT\",\"@id\":\"https:\/\/artistartas.com\/#\/schema\/person\/image\/\",\"url\":\"https:\/\/secure.gravatar.com\/avatar\/dd558d298c85a97bbea60bbd1872a1e4?s=96&d=mm&r=g\",\"contentUrl\":\"https:\/\/secure.gravatar.com\/avatar\/dd558d298c85a97bbea60bbd1872a1e4?s=96&d=mm&r=g\",\"caption\":\"Art\u016bras Tama\u0161auskas\"},\"logo\":{\"@id\":\"https:\/\/artistartas.com\/#\/schema\/person\/image\/\"}}]}<\/script>\n<!-- \/ Yoast SEO plugin. -->","yoast_head_json":{"title":"\u017duvis, Skulpt\u016bra, Menas I\u0161 Metalo Ir Rakand\u0173...","description":"Savo sukaupt\u0173 rakand\u0173 arsenale turiu kelet\u0105 muzikini\u0173 pu\u010diam\u0173j\u0173 instrument\u0173. Tai bus muzikali \u017euvis, tariau sau, o prad\u017ei\u0105 dav\u0117 vienas...","robots":{"index":"index","follow":"follow","max-snippet":"max-snippet:-1","max-image-preview":"max-image-preview:large","max-video-preview":"max-video-preview:-1"},"canonical":"https:\/\/artistartas.com\/lt\/produktas\/muzikali-zuvis\/","og_locale":"lt_LT","og_type":"article","og_title":"\u017duvis, Skulpt\u016bra, Menas I\u0161 Metalo Ir Rakand\u0173...","og_description":"Savo sukaupt\u0173 rakand\u0173 arsenale turiu kelet\u0105 muzikini\u0173 pu\u010diam\u0173j\u0173 instrument\u0173. Tai bus muzikali \u017euvis, tariau sau, o prad\u017ei\u0105 dav\u0117 vienas...","og_url":"https:\/\/artistartas.com\/lt\/produktas\/muzikali-zuvis\/","og_site_name":"Art\u016bras Tama\u0161auskas","article_modified_time":"2026-03-12T16:18:18+00:00","og_image":[{"width":2560,"height":2560,"url":"http:\/\/artistartas.com\/wp-content\/uploads\/2023\/11\/fish-machine-scaled.jpg","type":"image\/jpeg"}],"twitter_card":"summary_large_image","twitter_misc":{"Est. reading time":"3 minut\u0117s"},"schema":{"@context":"https:\/\/schema.org","@graph":[{"@type":"WebPage","@id":"https:\/\/artistartas.com\/lt\/produktas\/muzikali-zuvis\/","url":"https:\/\/artistartas.com\/lt\/produktas\/muzikali-zuvis\/","name":"\u017duvis, Skulpt\u016bra, Menas I\u0161 Metalo Ir Rakand\u0173...","isPartOf":{"@id":"https:\/\/artistartas.com\/#website"},"datePublished":"2023-10-12T15:17:03+00:00","dateModified":"2026-03-12T16:18:18+00:00","description":"Savo sukaupt\u0173 rakand\u0173 arsenale turiu kelet\u0105 muzikini\u0173 pu\u010diam\u0173j\u0173 instrument\u0173. Tai bus muzikali \u017euvis, tariau sau, o prad\u017ei\u0105 dav\u0117 vienas...","breadcrumb":{"@id":"https:\/\/artistartas.com\/lt\/produktas\/muzikali-zuvis\/#breadcrumb"},"inLanguage":"lt-LT","potentialAction":[{"@type":"ReadAction","target":["https:\/\/artistartas.com\/lt\/produktas\/muzikali-zuvis\/"]}]},{"@type":"BreadcrumbList","@id":"https:\/\/artistartas.com\/lt\/produktas\/muzikali-zuvis\/#breadcrumb","itemListElement":[{"@type":"ListItem","position":1,"name":"Home","item":"https:\/\/artistartas.com\/lt\/"},{"@type":"ListItem","position":2,"name":"Steampunk stiliaus darbai","item":"https:\/\/artistartas.com\/lt\/"},{"@type":"ListItem","position":3,"name":"Muzikali \u017euvis"}]},{"@type":"WebSite","@id":"https:\/\/artistartas.com\/#website","url":"https:\/\/artistartas.com\/","name":"Art\u016bras Tama\u0161auskas","description":"Kol kas tik dar vienas WordPress tinklalapis","publisher":{"@id":"https:\/\/artistartas.com\/#\/schema\/person\/8c3fb50aefa8758c1dcb9858b0cb9ad8"},"potentialAction":[{"@type":"SearchAction","target":{"@type":"EntryPoint","urlTemplate":"https:\/\/artistartas.com\/?s={search_term_string}"},"query-input":"required name=search_term_string"}],"inLanguage":"lt-LT"},{"@type":["Person","Organization"],"@id":"https:\/\/artistartas.com\/#\/schema\/person\/8c3fb50aefa8758c1dcb9858b0cb9ad8","name":"Art\u016bras Tama\u0161auskas","image":{"@type":"ImageObject","inLanguage":"lt-LT","@id":"https:\/\/artistartas.com\/#\/schema\/person\/image\/","url":"https:\/\/secure.gravatar.com\/avatar\/dd558d298c85a97bbea60bbd1872a1e4?s=96&d=mm&r=g","contentUrl":"https:\/\/secure.gravatar.com\/avatar\/dd558d298c85a97bbea60bbd1872a1e4?s=96&d=mm&r=g","caption":"Art\u016bras Tama\u0161auskas"},"logo":{"@id":"https:\/\/artistartas.com\/#\/schema\/person\/image\/"}}]}},"_links":{"self":[{"href":"https:\/\/artistartas.com\/lt\/wp-json\/wp\/v2\/product\/4959"}],"collection":[{"href":"https:\/\/artistartas.com\/lt\/wp-json\/wp\/v2\/product"}],"about":[{"href":"https:\/\/artistartas.com\/lt\/wp-json\/wp\/v2\/types\/product"}],"wp:featuredmedia":[{"embeddable":true,"href":"https:\/\/artistartas.com\/lt\/wp-json\/wp\/v2\/media\/5609"}],"wp:attachment":[{"href":"https:\/\/artistartas.com\/lt\/wp-json\/wp\/v2\/media?parent=4959"}],"wp:term":[{"taxonomy":"product_cat","embeddable":true,"href":"https:\/\/artistartas.com\/lt\/wp-json\/wp\/v2\/product_cat?post=4959"},{"taxonomy":"product_tag","embeddable":true,"href":"https:\/\/artistartas.com\/lt\/wp-json\/wp\/v2\/product_tag?post=4959"}],"curies":[{"name":"wp","href":"https:\/\/api.w.org\/{rel}","templated":true}]}}