{"id":4947,"date":"2023-10-11T11:10:58","date_gmt":"2023-10-11T09:10:58","guid":{"rendered":"https:\/\/artistartas.com\/?post_type=product&#038;p=4947"},"modified":"2026-03-17T17:39:05","modified_gmt":"2026-03-17T15:39:05","slug":"staline-lempa-astuonkojis","status":"publish","type":"product","link":"https:\/\/artistartas.com\/lt\/produktas\/staline-lempa-astuonkojis\/","title":{"rendered":",, A\u0161tuonkojis,,"},"content":{"rendered":"<p>Stalin\u0117 lempa ,, A\u0161tuonkojis,, Lempai sukurti panaudojau rusi\u0161ko samovaro korpuso dal\u012f. Stiklo gaubt\u0105 nusipirkau sendaik\u010di\u0173 turguje. Jis neatitiko skersmens, tod\u0117l dal\u012f stiklo reik\u0117jo nu\u0161lifuoti, kad gra\u017eiai tilpt\u0173 ant metalinio \u017eiedo. Lempos kojeles dariau i\u0161 3mm aliuminio juostos. \u0160\u012f kart palikau nat\u016bralias metalo spalvas, palikdamas vietos fantazijai. Tai puikus pasirinkimas nestandartini\u0173 sprendim\u0173 m\u0117g\u0117jams.<\/p>\n<p><strong>Med\u017eiagos:<\/strong><\/p>\n<p>Stiklinis gaubtas nuo \u0161viestuvo, dvira\u010dio skambutis, rusi\u0161ko samovaro korpuso dalis, arbatinuko dangtelis, aliuminio juosta<\/p>\n<p><strong>Matmenys<\/strong>: 47x32x32cm<\/p>\n<p><strong>Svoris: <\/strong>1.6kg<\/p>\n<p><strong>Metai: <\/strong>2023<\/p>\n<p><strong>Kaina:<\/strong> 200eur.<\/p>\n<p>&nbsp;<\/p>\n<p><a href=\"http:\/\/artistartas.com\/wp-content\/uploads\/2023\/10\/lampe1-scaled.jpg\"><img decoding=\"async\" loading=\"lazy\" class=\"wp-image-4948 alignleft\" src=\"http:\/\/artistartas.com\/wp-content\/uploads\/2023\/10\/lampe1-867x1024.jpg\" alt=\"Stalin\u0117 lempa,, A\u0161tuonkojis,, i\u0161 rakand\u0173\" width=\"704\" height=\"832\" srcset=\"https:\/\/artistartas.com\/wp-content\/uploads\/2023\/10\/lampe1-867x1024.jpg 867w, https:\/\/artistartas.com\/wp-content\/uploads\/2023\/10\/lampe1-254x300.jpg 254w, https:\/\/artistartas.com\/wp-content\/uploads\/2023\/10\/lampe1-768x907.jpg 768w, https:\/\/artistartas.com\/wp-content\/uploads\/2023\/10\/lampe1-1301x1536.jpg 1301w, https:\/\/artistartas.com\/wp-content\/uploads\/2023\/10\/lampe1-1734x2048.jpg 1734w, https:\/\/artistartas.com\/wp-content\/uploads\/2023\/10\/lampe1-600x708.jpg 600w, https:\/\/artistartas.com\/wp-content\/uploads\/2023\/10\/lampe1-scaled.jpg 2168w\" sizes=\"(max-width: 704px) 100vw, 704px\" \/><\/a><a href=\"http:\/\/artistartas.com\/wp-content\/uploads\/2023\/10\/lampe3-scaled.jpg\"><img decoding=\"async\" loading=\"lazy\" class=\"wp-image-4952 alignleft\" src=\"http:\/\/artistartas.com\/wp-content\/uploads\/2023\/10\/lampe3-1024x946.jpg\" alt=\"Stalin\u0117 lempa i\u0161 metalo\" width=\"704\" height=\"651\" srcset=\"https:\/\/artistartas.com\/wp-content\/uploads\/2023\/10\/lampe3-1024x946.jpg 1024w, https:\/\/artistartas.com\/wp-content\/uploads\/2023\/10\/lampe3-300x277.jpg 300w, https:\/\/artistartas.com\/wp-content\/uploads\/2023\/10\/lampe3-768x710.jpg 768w, https:\/\/artistartas.com\/wp-content\/uploads\/2023\/10\/lampe3-1536x1419.jpg 1536w, https:\/\/artistartas.com\/wp-content\/uploads\/2023\/10\/lampe3-2048x1893.jpg 2048w, https:\/\/artistartas.com\/wp-content\/uploads\/2023\/10\/lampe3-600x554.jpg 600w, https:\/\/artistartas.com\/wp-content\/uploads\/2023\/10\/lampe3-scaled.jpg 2560w\" sizes=\"(max-width: 704px) 100vw, 704px\" \/><\/a><a href=\"http:\/\/artistartas.com\/wp-content\/uploads\/2023\/10\/lampe4-scaled.jpg\"><img decoding=\"async\" loading=\"lazy\" class=\"wp-image-4954 alignleft\" src=\"http:\/\/artistartas.com\/wp-content\/uploads\/2023\/10\/lampe4-1024x907.jpg\" alt=\"menas i\u0161 metalo \" width=\"704\" height=\"624\" srcset=\"https:\/\/artistartas.com\/wp-content\/uploads\/2023\/10\/lampe4-1024x907.jpg 1024w, https:\/\/artistartas.com\/wp-content\/uploads\/2023\/10\/lampe4-300x266.jpg 300w, https:\/\/artistartas.com\/wp-content\/uploads\/2023\/10\/lampe4-768x680.jpg 768w, https:\/\/artistartas.com\/wp-content\/uploads\/2023\/10\/lampe4-1536x1360.jpg 1536w, https:\/\/artistartas.com\/wp-content\/uploads\/2023\/10\/lampe4-2048x1814.jpg 2048w, https:\/\/artistartas.com\/wp-content\/uploads\/2023\/10\/lampe4-600x531.jpg 600w, https:\/\/artistartas.com\/wp-content\/uploads\/2023\/10\/lampe4-scaled.jpg 2560w\" sizes=\"(max-width: 704px) 100vw, 704px\" \/><\/a><a href=\"http:\/\/artistartas.com\/wp-content\/uploads\/2023\/10\/lampe5-scaled.jpg\"><img decoding=\"async\" loading=\"lazy\" class=\"wp-image-4956 alignleft\" src=\"http:\/\/artistartas.com\/wp-content\/uploads\/2023\/10\/lampe5-924x1024.jpg\" alt=\"Steampunk lempa\" width=\"702\" height=\"778\" srcset=\"https:\/\/artistartas.com\/wp-content\/uploads\/2023\/10\/lampe5-924x1024.jpg 924w, https:\/\/artistartas.com\/wp-content\/uploads\/2023\/10\/lampe5-271x300.jpg 271w, https:\/\/artistartas.com\/wp-content\/uploads\/2023\/10\/lampe5-768x851.jpg 768w, https:\/\/artistartas.com\/wp-content\/uploads\/2023\/10\/lampe5-1386x1536.jpg 1386w, https:\/\/artistartas.com\/wp-content\/uploads\/2023\/10\/lampe5-1848x2048.jpg 1848w, https:\/\/artistartas.com\/wp-content\/uploads\/2023\/10\/lampe5-600x665.jpg 600w, https:\/\/artistartas.com\/wp-content\/uploads\/2023\/10\/lampe5-scaled.jpg 2310w\" sizes=\"(max-width: 702px) 100vw, 702px\" \/><\/a><a href=\"http:\/\/artistartas.com\/wp-content\/uploads\/2023\/10\/lampe2-scaled.jpg\"><img decoding=\"async\" loading=\"lazy\" class=\"wp-image-4950 alignleft\" src=\"http:\/\/artistartas.com\/wp-content\/uploads\/2023\/10\/lampe2-1001x1024.jpg\" alt=\"Menas i\u0161 senien\u0173\" width=\"703\" height=\"719\" srcset=\"https:\/\/artistartas.com\/wp-content\/uploads\/2023\/10\/lampe2-1001x1024.jpg 1001w, https:\/\/artistartas.com\/wp-content\/uploads\/2023\/10\/lampe2-293x300.jpg 293w, https:\/\/artistartas.com\/wp-content\/uploads\/2023\/10\/lampe2-768x785.jpg 768w, https:\/\/artistartas.com\/wp-content\/uploads\/2023\/10\/lampe2-1502x1536.jpg 1502w, https:\/\/artistartas.com\/wp-content\/uploads\/2023\/10\/lampe2-2003x2048.jpg 2003w, https:\/\/artistartas.com\/wp-content\/uploads\/2023\/10\/lampe2-600x614.jpg 600w, https:\/\/artistartas.com\/wp-content\/uploads\/2023\/10\/lampe2-scaled.jpg 2503w\" sizes=\"(max-width: 703px) 100vw, 703px\" \/><\/a><\/p>\n<p>&nbsp;<\/p>\n<p>&nbsp;<\/p>\n<p>&nbsp;<\/p>\n<p>&nbsp;<\/p>\n<p>&nbsp;<\/p>\n","protected":false},"excerpt":{"rendered":"<p>Stalin\u0117 lempa ,, A\u0161tuonkojis,, Lempai sukurti panaudojau rusi\u0161ko samovaro korpuso dal\u012f. Stiklo gaubt\u0105 nusipirkau sendaik\u010di\u0173 turguje. Jis neatitiko skersmens, tod\u0117l dal\u012f stiklo reik\u0117jo nu\u0161lifuoti, kad gra\u017eiai tilpt\u0173 ant metalinio \u017eiedo. Lempos kojeles dariau i\u0161 3mm aliuminio juostos. \u0160\u012f kart palikau nat\u016bralias metalo spalvas, palikdamas vietos fantazijai. Tai puikus pasirinkimas nestandartini\u0173 sprendim\u0173 m\u0117g\u0117jams. Med\u017eiagos: Stiklinis gaubtas [&hellip;]<\/p>\n","protected":false},"featured_media":4948,"template":"","meta":{"om_disable_all_campaigns":false,"_exactmetrics_skip_tracking":false,"_exactmetrics_sitenote_active":false,"_exactmetrics_sitenote_note":"","_exactmetrics_sitenote_category":0,"_mi_skip_tracking":false,"_monsterinsights_sitenote_active":false,"_monsterinsights_sitenote_note":"","_monsterinsights_sitenote_category":0,"_uf_show_specific_survey":0,"_uf_disable_surveys":false},"product_cat":[134],"product_tag":[392,297,386,440,502,441,138,395,503],"aioseo_notices":[],"yoast_head":"<!-- This site is optimized with the Yoast SEO plugin v21.4 - https:\/\/yoast.com\/wordpress\/plugins\/seo\/ -->\n<title>STALIN\u0116 LEMPA ,,A\u0160TUONKOJIS,, MENAS I\u0160 METALO...<\/title>\n<meta name=\"description\" content=\"Stalin\u0117 lempa ,, A\u0161tuonkojis,, Lempai sukurti panaudojau rusi\u0161ko samovaro korpuso dal\u012f. Stiklo gaubt\u0105 nusipirkau sendaik\u010di\u0173 turguje. Jis neatitiko...\" \/>\n<meta name=\"robots\" content=\"index, follow, max-snippet:-1, max-image-preview:large, max-video-preview:-1\" \/>\n<link rel=\"canonical\" href=\"https:\/\/artistartas.com\/lt\/produktas\/staline-lempa-astuonkojis\/\" \/>\n<meta property=\"og:locale\" content=\"lt_LT\" \/>\n<meta property=\"og:type\" content=\"article\" \/>\n<meta property=\"og:title\" content=\"STALIN\u0116 LEMPA ,,A\u0160TUONKOJIS,, MENAS I\u0160 METALO...\" \/>\n<meta property=\"og:description\" content=\"Stalin\u0117 lempa ,, A\u0161tuonkojis,, Lempai sukurti panaudojau rusi\u0161ko samovaro korpuso dal\u012f. Stiklo gaubt\u0105 nusipirkau sendaik\u010di\u0173 turguje. Jis neatitiko...\" \/>\n<meta property=\"og:url\" content=\"https:\/\/artistartas.com\/lt\/produktas\/staline-lempa-astuonkojis\/\" \/>\n<meta property=\"og:site_name\" content=\"Art\u016bras Tama\u0161auskas\" \/>\n<meta property=\"article:modified_time\" content=\"2026-03-17T15:39:05+00:00\" \/>\n<meta property=\"og:image\" content=\"http:\/\/artistartas.com\/wp-content\/uploads\/2023\/10\/lampe1-scaled.jpg\" \/>\n\t<meta property=\"og:image:width\" content=\"2168\" \/>\n\t<meta property=\"og:image:height\" content=\"2560\" \/>\n\t<meta property=\"og:image:type\" content=\"image\/jpeg\" \/>\n<meta name=\"twitter:card\" content=\"summary_large_image\" \/>\n<meta name=\"twitter:label1\" content=\"Est. reading time\" \/>\n\t<meta name=\"twitter:data1\" content=\"2 minut\u0117s\" \/>\n<script type=\"application\/ld+json\" class=\"yoast-schema-graph\">{\"@context\":\"https:\/\/schema.org\",\"@graph\":[{\"@type\":\"WebPage\",\"@id\":\"https:\/\/artistartas.com\/lt\/produktas\/staline-lempa-astuonkojis\/\",\"url\":\"https:\/\/artistartas.com\/lt\/produktas\/staline-lempa-astuonkojis\/\",\"name\":\"STALIN\u0116 LEMPA ,,A\u0160TUONKOJIS,, MENAS I\u0160 METALO...\",\"isPartOf\":{\"@id\":\"https:\/\/artistartas.com\/#website\"},\"datePublished\":\"2023-10-11T09:10:58+00:00\",\"dateModified\":\"2026-03-17T15:39:05+00:00\",\"description\":\"Stalin\u0117 lempa ,, A\u0161tuonkojis,, Lempai sukurti panaudojau rusi\u0161ko samovaro korpuso dal\u012f. Stiklo gaubt\u0105 nusipirkau sendaik\u010di\u0173 turguje. Jis neatitiko...\",\"breadcrumb\":{\"@id\":\"https:\/\/artistartas.com\/lt\/produktas\/staline-lempa-astuonkojis\/#breadcrumb\"},\"inLanguage\":\"lt-LT\",\"potentialAction\":[{\"@type\":\"ReadAction\",\"target\":[\"https:\/\/artistartas.com\/lt\/produktas\/staline-lempa-astuonkojis\/\"]}]},{\"@type\":\"BreadcrumbList\",\"@id\":\"https:\/\/artistartas.com\/lt\/produktas\/staline-lempa-astuonkojis\/#breadcrumb\",\"itemListElement\":[{\"@type\":\"ListItem\",\"position\":1,\"name\":\"Home\",\"item\":\"https:\/\/artistartas.com\/lt\/\"},{\"@type\":\"ListItem\",\"position\":2,\"name\":\"Steampunk stiliaus darbai\",\"item\":\"https:\/\/artistartas.com\/lt\/\"},{\"@type\":\"ListItem\",\"position\":3,\"name\":\",, A\u0161tuonkojis,,\"}]},{\"@type\":\"WebSite\",\"@id\":\"https:\/\/artistartas.com\/#website\",\"url\":\"https:\/\/artistartas.com\/\",\"name\":\"Art\u016bras Tama\u0161auskas\",\"description\":\"Kol kas tik dar vienas WordPress tinklalapis\",\"publisher\":{\"@id\":\"https:\/\/artistartas.com\/#\/schema\/person\/8c3fb50aefa8758c1dcb9858b0cb9ad8\"},\"potentialAction\":[{\"@type\":\"SearchAction\",\"target\":{\"@type\":\"EntryPoint\",\"urlTemplate\":\"https:\/\/artistartas.com\/?s={search_term_string}\"},\"query-input\":\"required name=search_term_string\"}],\"inLanguage\":\"lt-LT\"},{\"@type\":[\"Person\",\"Organization\"],\"@id\":\"https:\/\/artistartas.com\/#\/schema\/person\/8c3fb50aefa8758c1dcb9858b0cb9ad8\",\"name\":\"Art\u016bras Tama\u0161auskas\",\"image\":{\"@type\":\"ImageObject\",\"inLanguage\":\"lt-LT\",\"@id\":\"https:\/\/artistartas.com\/#\/schema\/person\/image\/\",\"url\":\"https:\/\/secure.gravatar.com\/avatar\/dd558d298c85a97bbea60bbd1872a1e4?s=96&d=mm&r=g\",\"contentUrl\":\"https:\/\/secure.gravatar.com\/avatar\/dd558d298c85a97bbea60bbd1872a1e4?s=96&d=mm&r=g\",\"caption\":\"Art\u016bras Tama\u0161auskas\"},\"logo\":{\"@id\":\"https:\/\/artistartas.com\/#\/schema\/person\/image\/\"}}]}<\/script>\n<!-- \/ Yoast SEO plugin. -->","yoast_head_json":{"title":"STALIN\u0116 LEMPA ,,A\u0160TUONKOJIS,, MENAS I\u0160 METALO...","description":"Stalin\u0117 lempa ,, A\u0161tuonkojis,, Lempai sukurti panaudojau rusi\u0161ko samovaro korpuso dal\u012f. Stiklo gaubt\u0105 nusipirkau sendaik\u010di\u0173 turguje. Jis neatitiko...","robots":{"index":"index","follow":"follow","max-snippet":"max-snippet:-1","max-image-preview":"max-image-preview:large","max-video-preview":"max-video-preview:-1"},"canonical":"https:\/\/artistartas.com\/lt\/produktas\/staline-lempa-astuonkojis\/","og_locale":"lt_LT","og_type":"article","og_title":"STALIN\u0116 LEMPA ,,A\u0160TUONKOJIS,, MENAS I\u0160 METALO...","og_description":"Stalin\u0117 lempa ,, A\u0161tuonkojis,, Lempai sukurti panaudojau rusi\u0161ko samovaro korpuso dal\u012f. Stiklo gaubt\u0105 nusipirkau sendaik\u010di\u0173 turguje. Jis neatitiko...","og_url":"https:\/\/artistartas.com\/lt\/produktas\/staline-lempa-astuonkojis\/","og_site_name":"Art\u016bras Tama\u0161auskas","article_modified_time":"2026-03-17T15:39:05+00:00","og_image":[{"width":2168,"height":2560,"url":"http:\/\/artistartas.com\/wp-content\/uploads\/2023\/10\/lampe1-scaled.jpg","type":"image\/jpeg"}],"twitter_card":"summary_large_image","twitter_misc":{"Est. reading time":"2 minut\u0117s"},"schema":{"@context":"https:\/\/schema.org","@graph":[{"@type":"WebPage","@id":"https:\/\/artistartas.com\/lt\/produktas\/staline-lempa-astuonkojis\/","url":"https:\/\/artistartas.com\/lt\/produktas\/staline-lempa-astuonkojis\/","name":"STALIN\u0116 LEMPA ,,A\u0160TUONKOJIS,, MENAS I\u0160 METALO...","isPartOf":{"@id":"https:\/\/artistartas.com\/#website"},"datePublished":"2023-10-11T09:10:58+00:00","dateModified":"2026-03-17T15:39:05+00:00","description":"Stalin\u0117 lempa ,, A\u0161tuonkojis,, Lempai sukurti panaudojau rusi\u0161ko samovaro korpuso dal\u012f. Stiklo gaubt\u0105 nusipirkau sendaik\u010di\u0173 turguje. Jis neatitiko...","breadcrumb":{"@id":"https:\/\/artistartas.com\/lt\/produktas\/staline-lempa-astuonkojis\/#breadcrumb"},"inLanguage":"lt-LT","potentialAction":[{"@type":"ReadAction","target":["https:\/\/artistartas.com\/lt\/produktas\/staline-lempa-astuonkojis\/"]}]},{"@type":"BreadcrumbList","@id":"https:\/\/artistartas.com\/lt\/produktas\/staline-lempa-astuonkojis\/#breadcrumb","itemListElement":[{"@type":"ListItem","position":1,"name":"Home","item":"https:\/\/artistartas.com\/lt\/"},{"@type":"ListItem","position":2,"name":"Steampunk stiliaus darbai","item":"https:\/\/artistartas.com\/lt\/"},{"@type":"ListItem","position":3,"name":",, A\u0161tuonkojis,,"}]},{"@type":"WebSite","@id":"https:\/\/artistartas.com\/#website","url":"https:\/\/artistartas.com\/","name":"Art\u016bras Tama\u0161auskas","description":"Kol kas tik dar vienas WordPress tinklalapis","publisher":{"@id":"https:\/\/artistartas.com\/#\/schema\/person\/8c3fb50aefa8758c1dcb9858b0cb9ad8"},"potentialAction":[{"@type":"SearchAction","target":{"@type":"EntryPoint","urlTemplate":"https:\/\/artistartas.com\/?s={search_term_string}"},"query-input":"required name=search_term_string"}],"inLanguage":"lt-LT"},{"@type":["Person","Organization"],"@id":"https:\/\/artistartas.com\/#\/schema\/person\/8c3fb50aefa8758c1dcb9858b0cb9ad8","name":"Art\u016bras Tama\u0161auskas","image":{"@type":"ImageObject","inLanguage":"lt-LT","@id":"https:\/\/artistartas.com\/#\/schema\/person\/image\/","url":"https:\/\/secure.gravatar.com\/avatar\/dd558d298c85a97bbea60bbd1872a1e4?s=96&d=mm&r=g","contentUrl":"https:\/\/secure.gravatar.com\/avatar\/dd558d298c85a97bbea60bbd1872a1e4?s=96&d=mm&r=g","caption":"Art\u016bras Tama\u0161auskas"},"logo":{"@id":"https:\/\/artistartas.com\/#\/schema\/person\/image\/"}}]}},"_links":{"self":[{"href":"https:\/\/artistartas.com\/lt\/wp-json\/wp\/v2\/product\/4947"}],"collection":[{"href":"https:\/\/artistartas.com\/lt\/wp-json\/wp\/v2\/product"}],"about":[{"href":"https:\/\/artistartas.com\/lt\/wp-json\/wp\/v2\/types\/product"}],"wp:featuredmedia":[{"embeddable":true,"href":"https:\/\/artistartas.com\/lt\/wp-json\/wp\/v2\/media\/4948"}],"wp:attachment":[{"href":"https:\/\/artistartas.com\/lt\/wp-json\/wp\/v2\/media?parent=4947"}],"wp:term":[{"taxonomy":"product_cat","embeddable":true,"href":"https:\/\/artistartas.com\/lt\/wp-json\/wp\/v2\/product_cat?post=4947"},{"taxonomy":"product_tag","embeddable":true,"href":"https:\/\/artistartas.com\/lt\/wp-json\/wp\/v2\/product_tag?post=4947"}],"curies":[{"name":"wp","href":"https:\/\/api.w.org\/{rel}","templated":true}]}}