{"id":4943,"date":"2023-10-06T19:29:06","date_gmt":"2023-10-06T17:29:06","guid":{"rendered":"https:\/\/artistartas.com\/?post_type=product&#038;p=4943"},"modified":"2026-03-17T17:40:53","modified_gmt":"2026-03-17T15:40:53","slug":"t-rex","status":"publish","type":"product","link":"https:\/\/artistartas.com\/lt\/produktas\/t-rex\/","title":{"rendered":"Tiranozauras"},"content":{"rendered":"<p>T-Rex\u00a0 tema, kurios \u0117miausi. Dvi identi\u0161kos motociklo dalys, kurias radau \u0161iuk\u0161liad\u0117\u017e\u0117je, padiktavo id\u0117j\u0105 sukurti tiranozaur\u0105. Jau seniai nor\u0117jau padaryti dinozauro skulpt\u016br\u0105. Ir man pavyko \u012fk\u016bnyti vis\u0173 m\u0117gstam\u0105 T-rex. Skulpt\u016brai sukurti u\u017etrukau apie du m\u0117nesius. Suvirinimo nenaudojau, tad teko gerai apgalvoti, kaip sujungti k\u016bno dalis. Ilgiausiai gaminau uodeg\u0105 ir galv\u0105. Viena i\u0161 motociklo dali\u0173, kuri\u0105 naudojau kurdamas tiranozauro galv\u0105, buvo nuskelta. Bet a\u0161 tai panaudojau kaip privalum\u0105, kad suteik\u010diau dinozaurui daugiau agresijos. Bet vis tiek jis gavosi labiau simpati\u0161kas nei baisus.<\/p>\n<p>Pats k\u016brybinis procesas man patiko, nes nesistengiau jo kuo grei\u010diau u\u017ebaigti. Tiesiog m\u0117gavausi darbo procesu ir rezultatu. Manau, kad ateityje, jei rasiu tinkam\u0173 detali\u0173, \u0161ia tema sukursiu ir daugiau skulpt\u016br\u0173. Man patinka \u0161i T-rex versija, tikiuosi, kad jums taip pat patinks.<\/p>\n<p><strong>Med\u017eiagos:<\/strong><\/p>\n<p>Galva &#8211; Motorolerio variklio gaubtai, \u0161auk\u0161tai, dvira\u010dio stabd\u017ei\u0173 rankenosK\u016bnas &#8211; Motocikl\u0173 varikli\u0173 gaubtai<br \/>\nKojos &#8211; Senos \u0161ved\u0173 armijos vandens gertuv\u0117s 1940, krumpliara\u010diai, dvira\u010di\u0173 \u0161vaistikliai<br \/>\nNagai- \u017dem\u0117s \u016bkio padarg\u0173 dalys<\/p>\n<p>Uodega \u2013 \u017dem\u0117s \u016bkio lauko padarg\u0173 dalis<\/p>\n<p>&nbsp;<\/p>\n<p>Matmenys: 60x90x33 cm<\/p>\n<p>Svoris: 11kg<\/p>\n<p>Kaina: 1600Eur<\/p>\n<p>Metai: 2022 m<\/p>\n<p>&nbsp;<\/p>\n<p><a href=\"http:\/\/artistartas.com\/wp-content\/uploads\/2022\/12\/DSC_0108-scaled.jpg\"><img decoding=\"async\" loading=\"lazy\" class=\"alignnone wp-image-5162 size-large\" src=\"http:\/\/artistartas.com\/wp-content\/uploads\/2022\/12\/DSC_0108-986x1024.jpg\" alt=\"T-rex skulpt\u016bra\" width=\"986\" height=\"1024\" srcset=\"https:\/\/artistartas.com\/wp-content\/uploads\/2022\/12\/DSC_0108-986x1024.jpg 986w, https:\/\/artistartas.com\/wp-content\/uploads\/2022\/12\/DSC_0108-289x300.jpg 289w, https:\/\/artistartas.com\/wp-content\/uploads\/2022\/12\/DSC_0108-768x798.jpg 768w, https:\/\/artistartas.com\/wp-content\/uploads\/2022\/12\/DSC_0108-1479x1536.jpg 1479w, https:\/\/artistartas.com\/wp-content\/uploads\/2022\/12\/DSC_0108-1972x2048.jpg 1972w, https:\/\/artistartas.com\/wp-content\/uploads\/2022\/12\/DSC_0108-600x623.jpg 600w, https:\/\/artistartas.com\/wp-content\/uploads\/2022\/12\/DSC_0108-scaled.jpg 2465w\" sizes=\"(max-width: 986px) 100vw, 986px\" \/><\/a><\/p>\n<p><a href=\"http:\/\/artistartas.com\/wp-content\/uploads\/2022\/12\/DSC_0097-scaled.jpg\"><img decoding=\"async\" loading=\"lazy\" class=\"alignnone wp-image-5148\" src=\"http:\/\/artistartas.com\/wp-content\/uploads\/2022\/12\/DSC_0097-886x1024.jpg\" alt=\"T-rex i\u0161 metalo\" width=\"982\" height=\"1135\" srcset=\"https:\/\/artistartas.com\/wp-content\/uploads\/2022\/12\/DSC_0097-886x1024.jpg 886w, https:\/\/artistartas.com\/wp-content\/uploads\/2022\/12\/DSC_0097-260x300.jpg 260w, https:\/\/artistartas.com\/wp-content\/uploads\/2022\/12\/DSC_0097-768x888.jpg 768w, https:\/\/artistartas.com\/wp-content\/uploads\/2022\/12\/DSC_0097-1329x1536.jpg 1329w, https:\/\/artistartas.com\/wp-content\/uploads\/2022\/12\/DSC_0097-1772x2048.jpg 1772w, https:\/\/artistartas.com\/wp-content\/uploads\/2022\/12\/DSC_0097-600x694.jpg 600w, https:\/\/artistartas.com\/wp-content\/uploads\/2022\/12\/DSC_0097-scaled.jpg 2215w\" sizes=\"(max-width: 982px) 100vw, 982px\" \/><\/a><\/p>\n<p><a href=\"http:\/\/artistartas.com\/wp-content\/uploads\/2022\/12\/DSC_0099-scaled.jpg\"><img decoding=\"async\" loading=\"lazy\" class=\"alignnone wp-image-5150\" src=\"http:\/\/artistartas.com\/wp-content\/uploads\/2022\/12\/DSC_0099-953x1024.jpg\" alt=\"stimpank T-rex\" width=\"980\" height=\"1053\" srcset=\"https:\/\/artistartas.com\/wp-content\/uploads\/2022\/12\/DSC_0099-953x1024.jpg 953w, https:\/\/artistartas.com\/wp-content\/uploads\/2022\/12\/DSC_0099-279x300.jpg 279w, https:\/\/artistartas.com\/wp-content\/uploads\/2022\/12\/DSC_0099-768x825.jpg 768w, https:\/\/artistartas.com\/wp-content\/uploads\/2022\/12\/DSC_0099-1430x1536.jpg 1430w, https:\/\/artistartas.com\/wp-content\/uploads\/2022\/12\/DSC_0099-1906x2048.jpg 1906w, https:\/\/artistartas.com\/wp-content\/uploads\/2022\/12\/DSC_0099-600x645.jpg 600w, https:\/\/artistartas.com\/wp-content\/uploads\/2022\/12\/DSC_0099-scaled.jpg 2383w\" sizes=\"(max-width: 980px) 100vw, 980px\" \/><\/a><\/p>\n<p><a href=\"http:\/\/artistartas.com\/wp-content\/uploads\/2022\/12\/DSC_0103-scaled.jpg\"><img decoding=\"async\" loading=\"lazy\" class=\"alignnone wp-image-5156\" src=\"http:\/\/artistartas.com\/wp-content\/uploads\/2022\/12\/DSC_0103-855x1024.jpg\" alt=\"T-rex i\u0161 rakand\u0173\" width=\"979\" height=\"1173\" srcset=\"https:\/\/artistartas.com\/wp-content\/uploads\/2022\/12\/DSC_0103-855x1024.jpg 855w, https:\/\/artistartas.com\/wp-content\/uploads\/2022\/12\/DSC_0103-250x300.jpg 250w, https:\/\/artistartas.com\/wp-content\/uploads\/2022\/12\/DSC_0103-768x920.jpg 768w, https:\/\/artistartas.com\/wp-content\/uploads\/2022\/12\/DSC_0103-1283x1536.jpg 1283w, https:\/\/artistartas.com\/wp-content\/uploads\/2022\/12\/DSC_0103-1710x2048.jpg 1710w, https:\/\/artistartas.com\/wp-content\/uploads\/2022\/12\/DSC_0103-600x719.jpg 600w, https:\/\/artistartas.com\/wp-content\/uploads\/2022\/12\/DSC_0103-scaled.jpg 2138w\" sizes=\"(max-width: 979px) 100vw, 979px\" \/><\/a><\/p>\n<p><a href=\"http:\/\/artistartas.com\/wp-content\/uploads\/2022\/12\/DSC_1142-2-scaled.jpg\"><img decoding=\"async\" loading=\"lazy\" class=\"alignnone wp-image-5160\" src=\"http:\/\/artistartas.com\/wp-content\/uploads\/2022\/12\/DSC_1142-2-1024x1024.jpg\" alt=\"tiranozauras i\u0161 metalo\" width=\"978\" height=\"978\" srcset=\"https:\/\/artistartas.com\/wp-content\/uploads\/2022\/12\/DSC_1142-2-1024x1024.jpg 1024w, https:\/\/artistartas.com\/wp-content\/uploads\/2022\/12\/DSC_1142-2-300x300.jpg 300w, https:\/\/artistartas.com\/wp-content\/uploads\/2022\/12\/DSC_1142-2-150x150.jpg 150w, https:\/\/artistartas.com\/wp-content\/uploads\/2022\/12\/DSC_1142-2-768x768.jpg 768w, https:\/\/artistartas.com\/wp-content\/uploads\/2022\/12\/DSC_1142-2-1536x1536.jpg 1536w, https:\/\/artistartas.com\/wp-content\/uploads\/2022\/12\/DSC_1142-2-2048x2048.jpg 2048w, https:\/\/artistartas.com\/wp-content\/uploads\/2022\/12\/DSC_1142-2-600x600.jpg 600w, https:\/\/artistartas.com\/wp-content\/uploads\/2022\/12\/DSC_1142-2-100x100.jpg 100w, https:\/\/artistartas.com\/wp-content\/uploads\/2022\/12\/DSC_1142-2-scaled.jpg 2560w\" sizes=\"(max-width: 978px) 100vw, 978px\" \/><\/a><\/p>\n<p>&nbsp;<\/p>\n<p>&nbsp;<\/p>\n<p>&nbsp;<\/p>\n<p>&nbsp;<\/p>\n<p>&nbsp;<\/p>\n","protected":false},"excerpt":{"rendered":"<p>T-Rex\u00a0 tema, kurios \u0117miausi. Dvi identi\u0161kos motociklo dalys, kurias radau \u0161iuk\u0161liad\u0117\u017e\u0117je, padiktavo id\u0117j\u0105 sukurti tiranozaur\u0105. Jau seniai nor\u0117jau padaryti dinozauro skulpt\u016br\u0105. Ir man pavyko \u012fk\u016bnyti vis\u0173 m\u0117gstam\u0105 T-rex. Skulpt\u016brai sukurti u\u017etrukau apie du m\u0117nesius. Suvirinimo nenaudojau, tad teko gerai apgalvoti, kaip sujungti k\u016bno dalis. Ilgiausiai gaminau uodeg\u0105 ir galv\u0105. Viena i\u0161 motociklo dali\u0173, kuri\u0105 naudojau [&hellip;]<\/p>\n","protected":false},"featured_media":4789,"template":"","meta":{"om_disable_all_campaigns":false,"_exactmetrics_skip_tracking":false,"_exactmetrics_sitenote_active":false,"_exactmetrics_sitenote_note":"","_exactmetrics_sitenote_category":0,"_mi_skip_tracking":false,"_monsterinsights_sitenote_active":false,"_monsterinsights_sitenote_note":"","_monsterinsights_sitenote_category":0,"_uf_show_specific_survey":0,"_uf_disable_surveys":false},"product_cat":[134],"product_tag":[136,499,500,386,440,138,110,395,501],"aioseo_notices":[],"yoast_head":"<!-- This site is optimized with the Yoast SEO plugin v21.4 - https:\/\/yoast.com\/wordpress\/plugins\/seo\/ -->\n<title>T-REX Skulpt\u016bra, Meno K\u016briniai I\u0161 Metalo Ir Sendaik\u010di\u0173...<\/title>\n<meta name=\"description\" content=\"T-Rex\u00a0 tema, kurios \u0117miausi. Dvi identi\u0161kos motociklo dalys, kurias radau \u0161iuk\u0161liad\u0117\u017e\u0117je, padiktavo id\u0117j\u0105 sukurti tiranozaur\u0105. Jau seniai nor\u0117jau...\" \/>\n<meta name=\"robots\" content=\"index, follow, max-snippet:-1, max-image-preview:large, max-video-preview:-1\" \/>\n<link rel=\"canonical\" href=\"https:\/\/artistartas.com\/lt\/produktas\/t-rex\/\" \/>\n<meta property=\"og:locale\" content=\"lt_LT\" \/>\n<meta property=\"og:type\" content=\"article\" \/>\n<meta property=\"og:title\" content=\"T-REX Skulpt\u016bra, Meno K\u016briniai I\u0161 Metalo Ir Sendaik\u010di\u0173...\" \/>\n<meta property=\"og:description\" content=\"T-Rex\u00a0 tema, kurios \u0117miausi. Dvi identi\u0161kos motociklo dalys, kurias radau \u0161iuk\u0161liad\u0117\u017e\u0117je, padiktavo id\u0117j\u0105 sukurti tiranozaur\u0105. Jau seniai nor\u0117jau...\" \/>\n<meta property=\"og:url\" content=\"https:\/\/artistartas.com\/lt\/produktas\/t-rex\/\" \/>\n<meta property=\"og:site_name\" content=\"Art\u016bras Tama\u0161auskas\" \/>\n<meta property=\"article:modified_time\" content=\"2026-03-17T15:40:53+00:00\" \/>\n<meta property=\"og:image\" content=\"http:\/\/artistartas.com\/wp-content\/uploads\/2022\/11\/T-rex-1-scaled.jpg\" \/>\n\t<meta property=\"og:image:width\" content=\"2560\" \/>\n\t<meta property=\"og:image:height\" content=\"2560\" \/>\n\t<meta property=\"og:image:type\" content=\"image\/jpeg\" \/>\n<meta name=\"twitter:card\" content=\"summary_large_image\" \/>\n<meta name=\"twitter:label1\" content=\"Est. reading time\" \/>\n\t<meta name=\"twitter:data1\" content=\"2 minut\u0117s\" \/>\n<script type=\"application\/ld+json\" class=\"yoast-schema-graph\">{\"@context\":\"https:\/\/schema.org\",\"@graph\":[{\"@type\":\"WebPage\",\"@id\":\"https:\/\/artistartas.com\/lt\/produktas\/t-rex\/\",\"url\":\"https:\/\/artistartas.com\/lt\/produktas\/t-rex\/\",\"name\":\"T-REX Skulpt\u016bra, Meno K\u016briniai I\u0161 Metalo Ir Sendaik\u010di\u0173...\",\"isPartOf\":{\"@id\":\"https:\/\/artistartas.com\/#website\"},\"datePublished\":\"2023-10-06T17:29:06+00:00\",\"dateModified\":\"2026-03-17T15:40:53+00:00\",\"description\":\"T-Rex\u00a0 tema, kurios \u0117miausi. Dvi identi\u0161kos motociklo dalys, kurias radau \u0161iuk\u0161liad\u0117\u017e\u0117je, padiktavo id\u0117j\u0105 sukurti tiranozaur\u0105. Jau seniai nor\u0117jau...\",\"breadcrumb\":{\"@id\":\"https:\/\/artistartas.com\/lt\/produktas\/t-rex\/#breadcrumb\"},\"inLanguage\":\"lt-LT\",\"potentialAction\":[{\"@type\":\"ReadAction\",\"target\":[\"https:\/\/artistartas.com\/lt\/produktas\/t-rex\/\"]}]},{\"@type\":\"BreadcrumbList\",\"@id\":\"https:\/\/artistartas.com\/lt\/produktas\/t-rex\/#breadcrumb\",\"itemListElement\":[{\"@type\":\"ListItem\",\"position\":1,\"name\":\"Home\",\"item\":\"https:\/\/artistartas.com\/lt\/\"},{\"@type\":\"ListItem\",\"position\":2,\"name\":\"Steampunk stiliaus darbai\",\"item\":\"https:\/\/artistartas.com\/lt\/\"},{\"@type\":\"ListItem\",\"position\":3,\"name\":\"Tiranozauras\"}]},{\"@type\":\"WebSite\",\"@id\":\"https:\/\/artistartas.com\/#website\",\"url\":\"https:\/\/artistartas.com\/\",\"name\":\"Art\u016bras Tama\u0161auskas\",\"description\":\"Kol kas tik dar vienas WordPress tinklalapis\",\"publisher\":{\"@id\":\"https:\/\/artistartas.com\/#\/schema\/person\/8c3fb50aefa8758c1dcb9858b0cb9ad8\"},\"potentialAction\":[{\"@type\":\"SearchAction\",\"target\":{\"@type\":\"EntryPoint\",\"urlTemplate\":\"https:\/\/artistartas.com\/?s={search_term_string}\"},\"query-input\":\"required name=search_term_string\"}],\"inLanguage\":\"lt-LT\"},{\"@type\":[\"Person\",\"Organization\"],\"@id\":\"https:\/\/artistartas.com\/#\/schema\/person\/8c3fb50aefa8758c1dcb9858b0cb9ad8\",\"name\":\"Art\u016bras Tama\u0161auskas\",\"image\":{\"@type\":\"ImageObject\",\"inLanguage\":\"lt-LT\",\"@id\":\"https:\/\/artistartas.com\/#\/schema\/person\/image\/\",\"url\":\"https:\/\/secure.gravatar.com\/avatar\/dd558d298c85a97bbea60bbd1872a1e4?s=96&d=mm&r=g\",\"contentUrl\":\"https:\/\/secure.gravatar.com\/avatar\/dd558d298c85a97bbea60bbd1872a1e4?s=96&d=mm&r=g\",\"caption\":\"Art\u016bras Tama\u0161auskas\"},\"logo\":{\"@id\":\"https:\/\/artistartas.com\/#\/schema\/person\/image\/\"}}]}<\/script>\n<!-- \/ Yoast SEO plugin. -->","yoast_head_json":{"title":"T-REX Skulpt\u016bra, Meno K\u016briniai I\u0161 Metalo Ir Sendaik\u010di\u0173...","description":"T-Rex\u00a0 tema, kurios \u0117miausi. Dvi identi\u0161kos motociklo dalys, kurias radau \u0161iuk\u0161liad\u0117\u017e\u0117je, padiktavo id\u0117j\u0105 sukurti tiranozaur\u0105. Jau seniai nor\u0117jau...","robots":{"index":"index","follow":"follow","max-snippet":"max-snippet:-1","max-image-preview":"max-image-preview:large","max-video-preview":"max-video-preview:-1"},"canonical":"https:\/\/artistartas.com\/lt\/produktas\/t-rex\/","og_locale":"lt_LT","og_type":"article","og_title":"T-REX Skulpt\u016bra, Meno K\u016briniai I\u0161 Metalo Ir Sendaik\u010di\u0173...","og_description":"T-Rex\u00a0 tema, kurios \u0117miausi. Dvi identi\u0161kos motociklo dalys, kurias radau \u0161iuk\u0161liad\u0117\u017e\u0117je, padiktavo id\u0117j\u0105 sukurti tiranozaur\u0105. Jau seniai nor\u0117jau...","og_url":"https:\/\/artistartas.com\/lt\/produktas\/t-rex\/","og_site_name":"Art\u016bras Tama\u0161auskas","article_modified_time":"2026-03-17T15:40:53+00:00","og_image":[{"width":2560,"height":2560,"url":"http:\/\/artistartas.com\/wp-content\/uploads\/2022\/11\/T-rex-1-scaled.jpg","type":"image\/jpeg"}],"twitter_card":"summary_large_image","twitter_misc":{"Est. reading time":"2 minut\u0117s"},"schema":{"@context":"https:\/\/schema.org","@graph":[{"@type":"WebPage","@id":"https:\/\/artistartas.com\/lt\/produktas\/t-rex\/","url":"https:\/\/artistartas.com\/lt\/produktas\/t-rex\/","name":"T-REX Skulpt\u016bra, Meno K\u016briniai I\u0161 Metalo Ir Sendaik\u010di\u0173...","isPartOf":{"@id":"https:\/\/artistartas.com\/#website"},"datePublished":"2023-10-06T17:29:06+00:00","dateModified":"2026-03-17T15:40:53+00:00","description":"T-Rex\u00a0 tema, kurios \u0117miausi. Dvi identi\u0161kos motociklo dalys, kurias radau \u0161iuk\u0161liad\u0117\u017e\u0117je, padiktavo id\u0117j\u0105 sukurti tiranozaur\u0105. Jau seniai nor\u0117jau...","breadcrumb":{"@id":"https:\/\/artistartas.com\/lt\/produktas\/t-rex\/#breadcrumb"},"inLanguage":"lt-LT","potentialAction":[{"@type":"ReadAction","target":["https:\/\/artistartas.com\/lt\/produktas\/t-rex\/"]}]},{"@type":"BreadcrumbList","@id":"https:\/\/artistartas.com\/lt\/produktas\/t-rex\/#breadcrumb","itemListElement":[{"@type":"ListItem","position":1,"name":"Home","item":"https:\/\/artistartas.com\/lt\/"},{"@type":"ListItem","position":2,"name":"Steampunk stiliaus darbai","item":"https:\/\/artistartas.com\/lt\/"},{"@type":"ListItem","position":3,"name":"Tiranozauras"}]},{"@type":"WebSite","@id":"https:\/\/artistartas.com\/#website","url":"https:\/\/artistartas.com\/","name":"Art\u016bras Tama\u0161auskas","description":"Kol kas tik dar vienas WordPress tinklalapis","publisher":{"@id":"https:\/\/artistartas.com\/#\/schema\/person\/8c3fb50aefa8758c1dcb9858b0cb9ad8"},"potentialAction":[{"@type":"SearchAction","target":{"@type":"EntryPoint","urlTemplate":"https:\/\/artistartas.com\/?s={search_term_string}"},"query-input":"required name=search_term_string"}],"inLanguage":"lt-LT"},{"@type":["Person","Organization"],"@id":"https:\/\/artistartas.com\/#\/schema\/person\/8c3fb50aefa8758c1dcb9858b0cb9ad8","name":"Art\u016bras Tama\u0161auskas","image":{"@type":"ImageObject","inLanguage":"lt-LT","@id":"https:\/\/artistartas.com\/#\/schema\/person\/image\/","url":"https:\/\/secure.gravatar.com\/avatar\/dd558d298c85a97bbea60bbd1872a1e4?s=96&d=mm&r=g","contentUrl":"https:\/\/secure.gravatar.com\/avatar\/dd558d298c85a97bbea60bbd1872a1e4?s=96&d=mm&r=g","caption":"Art\u016bras Tama\u0161auskas"},"logo":{"@id":"https:\/\/artistartas.com\/#\/schema\/person\/image\/"}}]}},"_links":{"self":[{"href":"https:\/\/artistartas.com\/lt\/wp-json\/wp\/v2\/product\/4943"}],"collection":[{"href":"https:\/\/artistartas.com\/lt\/wp-json\/wp\/v2\/product"}],"about":[{"href":"https:\/\/artistartas.com\/lt\/wp-json\/wp\/v2\/types\/product"}],"wp:featuredmedia":[{"embeddable":true,"href":"https:\/\/artistartas.com\/lt\/wp-json\/wp\/v2\/media\/4789"}],"wp:attachment":[{"href":"https:\/\/artistartas.com\/lt\/wp-json\/wp\/v2\/media?parent=4943"}],"wp:term":[{"taxonomy":"product_cat","embeddable":true,"href":"https:\/\/artistartas.com\/lt\/wp-json\/wp\/v2\/product_cat?post=4943"},{"taxonomy":"product_tag","embeddable":true,"href":"https:\/\/artistartas.com\/lt\/wp-json\/wp\/v2\/product_tag?post=4943"}],"curies":[{"name":"wp","href":"https:\/\/api.w.org\/{rel}","templated":true}]}}