{"id":4898,"date":"2023-03-03T10:20:08","date_gmt":"2023-03-03T08:20:08","guid":{"rendered":"http:\/\/artistartas.com\/?post_type=product&#038;p=4898"},"modified":"2026-03-17T17:42:24","modified_gmt":"2026-03-17T15:42:24","slug":"pabuklas","status":"publish","type":"product","link":"https:\/\/artistartas.com\/lt\/produktas\/pabuklas\/","title":{"rendered":"Pab\u016bklas"},"content":{"rendered":"\r\n<p>\u0160is pab\u016bklas surinktas i\u0161 metalo lau\u017eo supirktuv\u0117je rast\u0173 objekt\u0173. \u0160\u012f kart\u0105 pasirausiau po \u017ealvario ir bronzos atliek\u0173 skyri\u0173. Man pavyko rasti kelet\u0105\u00a0 patikusi\u0173 daik\u010diuk\u0173, kurie ir pasufleravo man tem\u0105 \u0161iai skulpt\u016brai. Visus reikiamus elementus jau tur\u0117jau, tad beliko tinkamai sujungti juos tarpusavyje.<\/p>\r\n\r\n\r\n\r\n<p>Militaristika n\u0117ra m\u0117gstamiausia mano k\u016brybos tema. Kaip min\u0117jau anks\u010diau temos k\u016brybai ateina ekspromtu, kai randu tinkamos formos ir med\u017eiagos objektus. Bronz\u0105 ir \u017ealvar\u012f kaip med\u017eiag\u0105 pasirinkau d\u0117l spalvos. Man labai patinka jos nat\u016brali patina, o ypa\u010d \u017ealia su \u012fvairiais atspalviais. Tai skulpt\u016brai suteikia tam tikro \u017eavesio, o detal\u0117s priver\u010dia labiau panagrin\u0117ti j\u0173 kilm\u0119. Tai pirmas mano darbas militaristine tema, ta\u010diau ne paskutinis.<\/p>\r\n\r\n\r\n\r\n<p><strong>Pagrindin\u0117s detal\u0117s:<\/strong><\/p>\r\n\r\n\r\n\r\n<p>Readymade (Bronza, \u017ealvaris)<\/p>\r\n\r\n\r\n\r\n<p><strong>Matmenys: <\/strong>22 x 45 x 25 cm<\/p>\r\n\r\n\r\n\r\n<p><strong>Metai:<\/strong> 2023<\/p>\r\n\r\n\r\n\r\n<p><strong>Kaina: <\/strong>450Eur<\/p>\r\n\r\n\r\n\r\n<figure class=\"wp-block-image is-resized\"><img decoding=\"async\" loading=\"lazy\" class=\"wp-image-4899\" src=\"http:\/\/artistartas.com\/wp-content\/uploads\/2023\/03\/DSC_1180-1-1024x859.jpg\" alt=\"steampunk pab\u016bklas\" width=\"627\" height=\"525\" srcset=\"https:\/\/artistartas.com\/wp-content\/uploads\/2023\/03\/DSC_1180-1-1024x859.jpg 1024w, https:\/\/artistartas.com\/wp-content\/uploads\/2023\/03\/DSC_1180-1-300x252.jpg 300w, https:\/\/artistartas.com\/wp-content\/uploads\/2023\/03\/DSC_1180-1-768x644.jpg 768w, https:\/\/artistartas.com\/wp-content\/uploads\/2023\/03\/DSC_1180-1.jpg 3419w\" sizes=\"(max-width: 627px) 100vw, 627px\" \/><\/figure>\r\n\r\n\r\n\r\n<figure class=\"wp-block-image is-resized\"><img decoding=\"async\" loading=\"lazy\" class=\"wp-image-4901\" src=\"http:\/\/artistartas.com\/wp-content\/uploads\/2023\/03\/DSC_1182-1-1024x813.jpg\" alt=\"\" width=\"625\" height=\"496\" srcset=\"https:\/\/artistartas.com\/wp-content\/uploads\/2023\/03\/DSC_1182-1-1024x813.jpg 1024w, https:\/\/artistartas.com\/wp-content\/uploads\/2023\/03\/DSC_1182-1-300x238.jpg 300w, https:\/\/artistartas.com\/wp-content\/uploads\/2023\/03\/DSC_1182-1-768x610.jpg 768w, https:\/\/artistartas.com\/wp-content\/uploads\/2023\/03\/DSC_1182-1.jpg 3585w\" sizes=\"(max-width: 625px) 100vw, 625px\" \/><\/figure>\r\n\r\n\r\n\r\n<figure class=\"wp-block-image is-resized\"><img decoding=\"async\" loading=\"lazy\" class=\"wp-image-4903\" src=\"http:\/\/artistartas.com\/wp-content\/uploads\/2023\/03\/DSC_1190-1-1024x690.jpg\" alt=\"\" width=\"623\" height=\"419\" srcset=\"https:\/\/artistartas.com\/wp-content\/uploads\/2023\/03\/DSC_1190-1-1024x690.jpg 1024w, https:\/\/artistartas.com\/wp-content\/uploads\/2023\/03\/DSC_1190-1-300x202.jpg 300w, https:\/\/artistartas.com\/wp-content\/uploads\/2023\/03\/DSC_1190-1-768x518.jpg 768w, https:\/\/artistartas.com\/wp-content\/uploads\/2023\/03\/DSC_1190-1.jpg 4226w\" sizes=\"(max-width: 623px) 100vw, 623px\" \/><\/figure>\r\n\r\n\r\n\r\n<figure class=\"wp-block-image is-resized\"><img decoding=\"async\" loading=\"lazy\" class=\"wp-image-4905\" src=\"http:\/\/artistartas.com\/wp-content\/uploads\/2023\/03\/DSC_1191-1-1024x726.jpg\" alt=\"\" width=\"622\" height=\"441\" srcset=\"https:\/\/artistartas.com\/wp-content\/uploads\/2023\/03\/DSC_1191-1-1024x726.jpg 1024w, https:\/\/artistartas.com\/wp-content\/uploads\/2023\/03\/DSC_1191-1-300x213.jpg 300w, https:\/\/artistartas.com\/wp-content\/uploads\/2023\/03\/DSC_1191-1-768x545.jpg 768w, https:\/\/artistartas.com\/wp-content\/uploads\/2023\/03\/DSC_1191-1.jpg 4045w\" sizes=\"(max-width: 622px) 100vw, 622px\" \/><\/figure>\r\n\r\n\r\n\r\n<figure class=\"wp-block-image is-resized\"><img decoding=\"async\" loading=\"lazy\" class=\"wp-image-4907\" src=\"http:\/\/artistartas.com\/wp-content\/uploads\/2023\/03\/DSC_1194-1-1024x700.jpg\" alt=\"\" width=\"621\" height=\"424\" srcset=\"https:\/\/artistartas.com\/wp-content\/uploads\/2023\/03\/DSC_1194-1-1024x700.jpg 1024w, https:\/\/artistartas.com\/wp-content\/uploads\/2023\/03\/DSC_1194-1-300x205.jpg 300w, https:\/\/artistartas.com\/wp-content\/uploads\/2023\/03\/DSC_1194-1-768x525.jpg 768w, https:\/\/artistartas.com\/wp-content\/uploads\/2023\/03\/DSC_1194-1.jpg 4164w\" sizes=\"(max-width: 621px) 100vw, 621px\" \/><\/figure>\r\n","protected":false},"excerpt":{"rendered":"<p>\u0160is pab\u016bklas surinktas i\u0161 metalo lau\u017eo supirktuv\u0117je rast\u0173 objekt\u0173. \u0160\u012f kart\u0105 pasirausiau po \u017ealvario ir bronzos atliek\u0173 skyri\u0173. Man pavyko rasti kelet\u0105\u00a0 patikusi\u0173 daik\u010diuk\u0173, kurie ir pasufleravo man tem\u0105 \u0161iai skulpt\u016brai. Visus reikiamus elementus jau tur\u0117jau, tad beliko tinkamai sujungti juos tarpusavyje. Militaristika n\u0117ra m\u0117gstamiausia mano k\u016brybos tema. Kaip min\u0117jau anks\u010diau temos k\u016brybai ateina ekspromtu, [&hellip;]<\/p>\n","protected":false},"featured_media":4901,"template":"","meta":{"om_disable_all_campaigns":false,"_exactmetrics_skip_tracking":false,"_exactmetrics_sitenote_active":false,"_exactmetrics_sitenote_note":"","_exactmetrics_sitenote_category":0,"_mi_skip_tracking":false,"_monsterinsights_sitenote_active":false,"_monsterinsights_sitenote_note":"","_monsterinsights_sitenote_category":0,"_uf_show_specific_survey":0,"_uf_disable_surveys":false},"product_cat":[134],"product_tag":[144,498,386,495,496,497,138,110,384,284],"aioseo_notices":[],"yoast_head":"<!-- This site is optimized with the Yoast SEO plugin v21.4 - https:\/\/yoast.com\/wordpress\/plugins\/seo\/ -->\n<title>Pab\u016bklas, Skulpt\u016bra, Meno K\u016briniai I\u0161 Metalo Ir Sendaik\u010di\u0173...<\/title>\n<meta name=\"description\" content=\"\u0160is pab\u016bklas surinktas i\u0161 metalo lau\u017eo supirktuv\u0117je rast\u0173 objekt\u0173. \u0160\u012f kart\u0105 pasirausiau po \u017ealvario ir bronzos atliek\u0173 skyri\u0173. Man pavyko rasti kelet\u0105...\" \/>\n<meta name=\"robots\" content=\"index, follow, max-snippet:-1, max-image-preview:large, max-video-preview:-1\" \/>\n<link rel=\"canonical\" href=\"https:\/\/artistartas.com\/lt\/produktas\/pabuklas\/\" \/>\n<meta property=\"og:locale\" content=\"lt_LT\" \/>\n<meta property=\"og:type\" content=\"article\" \/>\n<meta property=\"og:title\" content=\"Pab\u016bklas, Skulpt\u016bra, Meno K\u016briniai I\u0161 Metalo Ir Sendaik\u010di\u0173...\" \/>\n<meta property=\"og:description\" content=\"\u0160is pab\u016bklas surinktas i\u0161 metalo lau\u017eo supirktuv\u0117je rast\u0173 objekt\u0173. \u0160\u012f kart\u0105 pasirausiau po \u017ealvario ir bronzos atliek\u0173 skyri\u0173. Man pavyko rasti kelet\u0105...\" \/>\n<meta property=\"og:url\" content=\"https:\/\/artistartas.com\/lt\/produktas\/pabuklas\/\" \/>\n<meta property=\"og:site_name\" content=\"Art\u016bras Tama\u0161auskas\" \/>\n<meta property=\"article:modified_time\" content=\"2026-03-17T15:42:24+00:00\" \/>\n<meta property=\"og:image\" content=\"http:\/\/artistartas.com\/wp-content\/uploads\/2023\/03\/DSC_1182-1-scaled.jpg\" \/>\n\t<meta property=\"og:image:width\" content=\"3585\" \/>\n\t<meta property=\"og:image:height\" content=\"2848\" \/>\n\t<meta property=\"og:image:type\" content=\"image\/jpeg\" \/>\n<meta name=\"twitter:card\" content=\"summary_large_image\" \/>\n<meta name=\"twitter:label1\" content=\"Est. reading time\" \/>\n\t<meta name=\"twitter:data1\" content=\"2 minut\u0117s\" \/>\n<script type=\"application\/ld+json\" class=\"yoast-schema-graph\">{\"@context\":\"https:\/\/schema.org\",\"@graph\":[{\"@type\":\"WebPage\",\"@id\":\"https:\/\/artistartas.com\/lt\/produktas\/pabuklas\/\",\"url\":\"https:\/\/artistartas.com\/lt\/produktas\/pabuklas\/\",\"name\":\"Pab\u016bklas, Skulpt\u016bra, Meno K\u016briniai I\u0161 Metalo Ir Sendaik\u010di\u0173...\",\"isPartOf\":{\"@id\":\"https:\/\/artistartas.com\/#website\"},\"datePublished\":\"2023-03-03T08:20:08+00:00\",\"dateModified\":\"2026-03-17T15:42:24+00:00\",\"description\":\"\u0160is pab\u016bklas surinktas i\u0161 metalo lau\u017eo supirktuv\u0117je rast\u0173 objekt\u0173. \u0160\u012f kart\u0105 pasirausiau po \u017ealvario ir bronzos atliek\u0173 skyri\u0173. Man pavyko rasti kelet\u0105...\",\"breadcrumb\":{\"@id\":\"https:\/\/artistartas.com\/lt\/produktas\/pabuklas\/#breadcrumb\"},\"inLanguage\":\"lt-LT\",\"potentialAction\":[{\"@type\":\"ReadAction\",\"target\":[\"https:\/\/artistartas.com\/lt\/produktas\/pabuklas\/\"]}]},{\"@type\":\"BreadcrumbList\",\"@id\":\"https:\/\/artistartas.com\/lt\/produktas\/pabuklas\/#breadcrumb\",\"itemListElement\":[{\"@type\":\"ListItem\",\"position\":1,\"name\":\"Home\",\"item\":\"https:\/\/artistartas.com\/lt\/\"},{\"@type\":\"ListItem\",\"position\":2,\"name\":\"Steampunk stiliaus darbai\",\"item\":\"https:\/\/artistartas.com\/lt\/\"},{\"@type\":\"ListItem\",\"position\":3,\"name\":\"Pab\u016bklas\"}]},{\"@type\":\"WebSite\",\"@id\":\"https:\/\/artistartas.com\/#website\",\"url\":\"https:\/\/artistartas.com\/\",\"name\":\"Art\u016bras Tama\u0161auskas\",\"description\":\"Kol kas tik dar vienas WordPress tinklalapis\",\"publisher\":{\"@id\":\"https:\/\/artistartas.com\/#\/schema\/person\/8c3fb50aefa8758c1dcb9858b0cb9ad8\"},\"potentialAction\":[{\"@type\":\"SearchAction\",\"target\":{\"@type\":\"EntryPoint\",\"urlTemplate\":\"https:\/\/artistartas.com\/?s={search_term_string}\"},\"query-input\":\"required name=search_term_string\"}],\"inLanguage\":\"lt-LT\"},{\"@type\":[\"Person\",\"Organization\"],\"@id\":\"https:\/\/artistartas.com\/#\/schema\/person\/8c3fb50aefa8758c1dcb9858b0cb9ad8\",\"name\":\"Art\u016bras Tama\u0161auskas\",\"image\":{\"@type\":\"ImageObject\",\"inLanguage\":\"lt-LT\",\"@id\":\"https:\/\/artistartas.com\/#\/schema\/person\/image\/\",\"url\":\"https:\/\/secure.gravatar.com\/avatar\/dd558d298c85a97bbea60bbd1872a1e4?s=96&d=mm&r=g\",\"contentUrl\":\"https:\/\/secure.gravatar.com\/avatar\/dd558d298c85a97bbea60bbd1872a1e4?s=96&d=mm&r=g\",\"caption\":\"Art\u016bras Tama\u0161auskas\"},\"logo\":{\"@id\":\"https:\/\/artistartas.com\/#\/schema\/person\/image\/\"}}]}<\/script>\n<!-- \/ Yoast SEO plugin. -->","yoast_head_json":{"title":"Pab\u016bklas, Skulpt\u016bra, Meno K\u016briniai I\u0161 Metalo Ir Sendaik\u010di\u0173...","description":"\u0160is pab\u016bklas surinktas i\u0161 metalo lau\u017eo supirktuv\u0117je rast\u0173 objekt\u0173. \u0160\u012f kart\u0105 pasirausiau po \u017ealvario ir bronzos atliek\u0173 skyri\u0173. Man pavyko rasti kelet\u0105...","robots":{"index":"index","follow":"follow","max-snippet":"max-snippet:-1","max-image-preview":"max-image-preview:large","max-video-preview":"max-video-preview:-1"},"canonical":"https:\/\/artistartas.com\/lt\/produktas\/pabuklas\/","og_locale":"lt_LT","og_type":"article","og_title":"Pab\u016bklas, Skulpt\u016bra, Meno K\u016briniai I\u0161 Metalo Ir Sendaik\u010di\u0173...","og_description":"\u0160is pab\u016bklas surinktas i\u0161 metalo lau\u017eo supirktuv\u0117je rast\u0173 objekt\u0173. \u0160\u012f kart\u0105 pasirausiau po \u017ealvario ir bronzos atliek\u0173 skyri\u0173. Man pavyko rasti kelet\u0105...","og_url":"https:\/\/artistartas.com\/lt\/produktas\/pabuklas\/","og_site_name":"Art\u016bras Tama\u0161auskas","article_modified_time":"2026-03-17T15:42:24+00:00","og_image":[{"width":3585,"height":2848,"url":"http:\/\/artistartas.com\/wp-content\/uploads\/2023\/03\/DSC_1182-1-scaled.jpg","type":"image\/jpeg"}],"twitter_card":"summary_large_image","twitter_misc":{"Est. reading time":"2 minut\u0117s"},"schema":{"@context":"https:\/\/schema.org","@graph":[{"@type":"WebPage","@id":"https:\/\/artistartas.com\/lt\/produktas\/pabuklas\/","url":"https:\/\/artistartas.com\/lt\/produktas\/pabuklas\/","name":"Pab\u016bklas, Skulpt\u016bra, Meno K\u016briniai I\u0161 Metalo Ir Sendaik\u010di\u0173...","isPartOf":{"@id":"https:\/\/artistartas.com\/#website"},"datePublished":"2023-03-03T08:20:08+00:00","dateModified":"2026-03-17T15:42:24+00:00","description":"\u0160is pab\u016bklas surinktas i\u0161 metalo lau\u017eo supirktuv\u0117je rast\u0173 objekt\u0173. \u0160\u012f kart\u0105 pasirausiau po \u017ealvario ir bronzos atliek\u0173 skyri\u0173. Man pavyko rasti kelet\u0105...","breadcrumb":{"@id":"https:\/\/artistartas.com\/lt\/produktas\/pabuklas\/#breadcrumb"},"inLanguage":"lt-LT","potentialAction":[{"@type":"ReadAction","target":["https:\/\/artistartas.com\/lt\/produktas\/pabuklas\/"]}]},{"@type":"BreadcrumbList","@id":"https:\/\/artistartas.com\/lt\/produktas\/pabuklas\/#breadcrumb","itemListElement":[{"@type":"ListItem","position":1,"name":"Home","item":"https:\/\/artistartas.com\/lt\/"},{"@type":"ListItem","position":2,"name":"Steampunk stiliaus darbai","item":"https:\/\/artistartas.com\/lt\/"},{"@type":"ListItem","position":3,"name":"Pab\u016bklas"}]},{"@type":"WebSite","@id":"https:\/\/artistartas.com\/#website","url":"https:\/\/artistartas.com\/","name":"Art\u016bras Tama\u0161auskas","description":"Kol kas tik dar vienas WordPress tinklalapis","publisher":{"@id":"https:\/\/artistartas.com\/#\/schema\/person\/8c3fb50aefa8758c1dcb9858b0cb9ad8"},"potentialAction":[{"@type":"SearchAction","target":{"@type":"EntryPoint","urlTemplate":"https:\/\/artistartas.com\/?s={search_term_string}"},"query-input":"required name=search_term_string"}],"inLanguage":"lt-LT"},{"@type":["Person","Organization"],"@id":"https:\/\/artistartas.com\/#\/schema\/person\/8c3fb50aefa8758c1dcb9858b0cb9ad8","name":"Art\u016bras Tama\u0161auskas","image":{"@type":"ImageObject","inLanguage":"lt-LT","@id":"https:\/\/artistartas.com\/#\/schema\/person\/image\/","url":"https:\/\/secure.gravatar.com\/avatar\/dd558d298c85a97bbea60bbd1872a1e4?s=96&d=mm&r=g","contentUrl":"https:\/\/secure.gravatar.com\/avatar\/dd558d298c85a97bbea60bbd1872a1e4?s=96&d=mm&r=g","caption":"Art\u016bras Tama\u0161auskas"},"logo":{"@id":"https:\/\/artistartas.com\/#\/schema\/person\/image\/"}}]}},"_links":{"self":[{"href":"https:\/\/artistartas.com\/lt\/wp-json\/wp\/v2\/product\/4898"}],"collection":[{"href":"https:\/\/artistartas.com\/lt\/wp-json\/wp\/v2\/product"}],"about":[{"href":"https:\/\/artistartas.com\/lt\/wp-json\/wp\/v2\/types\/product"}],"wp:featuredmedia":[{"embeddable":true,"href":"https:\/\/artistartas.com\/lt\/wp-json\/wp\/v2\/media\/4901"}],"wp:attachment":[{"href":"https:\/\/artistartas.com\/lt\/wp-json\/wp\/v2\/media?parent=4898"}],"wp:term":[{"taxonomy":"product_cat","embeddable":true,"href":"https:\/\/artistartas.com\/lt\/wp-json\/wp\/v2\/product_cat?post=4898"},{"taxonomy":"product_tag","embeddable":true,"href":"https:\/\/artistartas.com\/lt\/wp-json\/wp\/v2\/product_tag?post=4898"}],"curies":[{"name":"wp","href":"https:\/\/api.w.org\/{rel}","templated":true}]}}