{"id":4745,"date":"2022-07-07T11:12:41","date_gmt":"2022-07-07T09:12:41","guid":{"rendered":"http:\/\/artistartas.com\/?post_type=product&#038;p=4745"},"modified":"2026-03-17T17:44:37","modified_gmt":"2026-03-17T15:44:37","slug":"zuikis","status":"publish","type":"product","link":"https:\/\/artistartas.com\/lt\/produktas\/zuikis\/","title":{"rendered":"Zuikis"},"content":{"rendered":"<div>\n<hr \/>\n<h3><\/h3>\n<p><strong>J\u016bs\u0173 Fantazij\u0173 Zuikis \u2013 Originali Skulpt\u016bra Suaugusiems<\/strong><\/p>\n<p>\u0160is eleganti\u0161kas ir \u017eavus zuikis\u00a0 yra ne tik stilingas interjero akcentas, bet ir funkcionalus meno k\u016brinys su intriguojan\u010dia paslaptimi. Sukurtas suaugusiems, \u0161is zuikis sujungia k\u016brybi\u0161kum\u0105, prabang\u0105 ir subtil\u0173 humoro jausm\u0105, suteikdamas j\u016bs\u0173 erdvei unikal\u0173 charakter\u012f.<\/p>\n<p><strong>Triu\u0161io skulpt\u016bros unikalumas<\/strong><\/p>\n<p><strong>Slapta saugykla<\/strong>: Viduje slepiasi diskreti\u0161kas skyrius, i\u0161klotas rubino spalvos aksomu. \u0160is prabangus pavir\u0161ius u\u017etikrina estetik\u0105 ir komfort\u0105, idealiai tinkant\u012f \u012fvairiems daiktams laikyti \u2013 nuo meil\u0117s \u017eaidim\u0173 aksesuar\u0173 iki kit\u0173 j\u016bs\u0173 fantazijoms svarbi\u0173 smulkmen\u0173.<\/p>\n<p><strong>Ak\u012f traukian\u010dios detal\u0117s<\/strong>: \u0160vytin\u010dios ro\u017ein\u0117s akys, aktyvuojamos jungikliu, sukuria gyvybing\u0105 atmosfer\u0105.<\/p>\n<p><strong>Prabangus dizainas<\/strong>: Poliruotas metalinis pavir\u0161ius, pra\u0161matni peteli\u0161k\u0117 ir \u0161maik\u0161\u010dios detal\u0117s paver\u010dia \u0161\u012f triu\u0161\u012f ne tik interjero detale, bet ir pokalbi\u0173 objektu.<\/p>\n<p><strong>Kod\u0117l verta rinktis \u0161i triu\u0161\u012f<\/strong><\/p>\n<ul>\n<li><strong>Stilinga interjero puo\u0161mena<\/strong>: \u0160i skulpt\u016bra tinka tiek moderniems, tiek industrinio stiliaus interjerams.<\/li>\n<li><strong>\u00a0Unikali dovana<\/strong>: Originali dovana mylimajam, draugui ar tiems, kurie vertina netradicinius sprendimus.<\/li>\n<li><strong>Auk\u0161tos kokyb\u0117s meno k\u016brinys<\/strong>: Kiekviena detal\u0117 yra kruop\u0161\u010diai apgalvota, kad triu\u0161is b\u016bt\u0173 ne tik gra\u017eus, bet ir prakti\u0161kas.<\/li>\n<\/ul>\n<div><strong>Med\u017eiagos:<\/strong><\/div>\n<div>\n<div>. Dvi senos \u0161ved\u0173 armijos vandens gertuv\u0117s 1940 m<br \/>\n. Dvira\u010dio pedal\u0173 \u0161vaistikliai, diskiniai stabd\u017eiai<br \/>\n. Senovini\u0173 dvira\u010di\u0173 purvasaugi\u0173 komplektas<br \/>\n. Vinta\u017einis metalinis arbatinukas<br \/>\n. \u0160auk\u0161teliai, valgomieji \u0161auk\u0161tai<br \/>\n. Rusi\u0161kas gravitacinis rank\u0173 plovimo vandens dozatorius vadinamas ,, rukomoinik&#8221;<br \/>\n. Moteri\u0161ka apyrank\u0117, sag\u0117<br \/>\n. Senovinis ki\u0161eninis laikrodis ,, Molnija &#8221;<br \/>\n. Senas sovietinis cigare\u010di\u0173 d\u0117klas ,, Portsigaras&#8221;<\/div>\n<div>\n<p>Matmenys: 80x35x38cm<\/p>\n<p>Svoris: 6kg<\/p>\n<p>Metai: 2022<\/p>\n<p>Kaina: 1500Eur<\/p>\n<\/div>\n<\/div>\n<hr \/>\n<\/div>\n<p><a href=\"http:\/\/artistartas.com\/wp-content\/uploads\/2022\/06\/stage_1644850864-2.jpeg\"><img decoding=\"async\" loading=\"lazy\" class=\"aligncenter wp-image-4679\" src=\"http:\/\/artistartas.com\/wp-content\/uploads\/2022\/06\/stage_1644850864-2.jpeg\" alt=\"steampunk zuikis\" width=\"642\" height=\"641\" srcset=\"https:\/\/artistartas.com\/wp-content\/uploads\/2022\/06\/stage_1644850864-2.jpeg 778w, https:\/\/artistartas.com\/wp-content\/uploads\/2022\/06\/stage_1644850864-2-300x300.jpeg 300w, https:\/\/artistartas.com\/wp-content\/uploads\/2022\/06\/stage_1644850864-2-150x150.jpeg 150w, https:\/\/artistartas.com\/wp-content\/uploads\/2022\/06\/stage_1644850864-2-768x767.jpeg 768w, https:\/\/artistartas.com\/wp-content\/uploads\/2022\/06\/stage_1644850864-2-600x599.jpeg 600w, https:\/\/artistartas.com\/wp-content\/uploads\/2022\/06\/stage_1644850864-2-100x100.jpeg 100w\" sizes=\"(max-width: 642px) 100vw, 642px\" \/><\/a><\/p>\n<p><a href=\"http:\/\/artistartas.com\/wp-content\/uploads\/2022\/06\/stage_1644851594.jpeg\"><img decoding=\"async\" loading=\"lazy\" class=\"aligncenter wp-image-4681\" src=\"http:\/\/artistartas.com\/wp-content\/uploads\/2022\/06\/stage_1644851594.jpeg\" alt=\"zuikis i\u0161 metalo\" width=\"642\" height=\"642\" srcset=\"https:\/\/artistartas.com\/wp-content\/uploads\/2022\/06\/stage_1644851594.jpeg 787w, https:\/\/artistartas.com\/wp-content\/uploads\/2022\/06\/stage_1644851594-300x300.jpeg 300w, https:\/\/artistartas.com\/wp-content\/uploads\/2022\/06\/stage_1644851594-150x150.jpeg 150w, https:\/\/artistartas.com\/wp-content\/uploads\/2022\/06\/stage_1644851594-768x768.jpeg 768w, https:\/\/artistartas.com\/wp-content\/uploads\/2022\/06\/stage_1644851594-600x600.jpeg 600w, https:\/\/artistartas.com\/wp-content\/uploads\/2022\/06\/stage_1644851594-100x100.jpeg 100w\" sizes=\"(max-width: 642px) 100vw, 642px\" \/><\/a><\/p>\n<p><a href=\"http:\/\/artistartas.com\/wp-content\/uploads\/2022\/06\/stage_1644851880.jpeg\"><img decoding=\"async\" loading=\"lazy\" class=\"aligncenter wp-image-4683\" src=\"http:\/\/artistartas.com\/wp-content\/uploads\/2022\/06\/stage_1644851880.jpeg\" alt=\"zuikis metalinis\" width=\"646\" height=\"646\" srcset=\"https:\/\/artistartas.com\/wp-content\/uploads\/2022\/06\/stage_1644851880.jpeg 787w, https:\/\/artistartas.com\/wp-content\/uploads\/2022\/06\/stage_1644851880-300x300.jpeg 300w, https:\/\/artistartas.com\/wp-content\/uploads\/2022\/06\/stage_1644851880-150x150.jpeg 150w, https:\/\/artistartas.com\/wp-content\/uploads\/2022\/06\/stage_1644851880-768x768.jpeg 768w, https:\/\/artistartas.com\/wp-content\/uploads\/2022\/06\/stage_1644851880-600x600.jpeg 600w, https:\/\/artistartas.com\/wp-content\/uploads\/2022\/06\/stage_1644851880-100x100.jpeg 100w\" sizes=\"(max-width: 646px) 100vw, 646px\" \/><\/a><\/p>\n<p><a href=\"http:\/\/artistartas.com\/wp-content\/uploads\/2022\/06\/rabbit5-scaled.jpg\"><img decoding=\"async\" loading=\"lazy\" class=\"aligncenter wp-image-4685\" src=\"http:\/\/artistartas.com\/wp-content\/uploads\/2022\/06\/rabbit5-819x1024.jpg\" alt=\"playboy zuikis\" width=\"651\" height=\"814\" srcset=\"https:\/\/artistartas.com\/wp-content\/uploads\/2022\/06\/rabbit5-819x1024.jpg 819w, https:\/\/artistartas.com\/wp-content\/uploads\/2022\/06\/rabbit5-240x300.jpg 240w, https:\/\/artistartas.com\/wp-content\/uploads\/2022\/06\/rabbit5-768x960.jpg 768w, https:\/\/artistartas.com\/wp-content\/uploads\/2022\/06\/rabbit5-1229x1536.jpg 1229w, https:\/\/artistartas.com\/wp-content\/uploads\/2022\/06\/rabbit5-1638x2048.jpg 1638w, https:\/\/artistartas.com\/wp-content\/uploads\/2022\/06\/rabbit5-600x750.jpg 600w, https:\/\/artistartas.com\/wp-content\/uploads\/2022\/06\/rabbit5-scaled.jpg 2048w\" sizes=\"(max-width: 651px) 100vw, 651px\" \/><\/a><a href=\"http:\/\/artistartas.com\/wp-content\/uploads\/2022\/06\/DSC_6440_retouched-1-scaled.jpg\"><img decoding=\"async\" loading=\"lazy\" class=\"wp-image-4689 aligncenter\" src=\"http:\/\/artistartas.com\/wp-content\/uploads\/2022\/06\/DSC_6440_retouched-1-1024x819.jpg\" alt=\"\" width=\"648\" height=\"518\" srcset=\"https:\/\/artistartas.com\/wp-content\/uploads\/2022\/06\/DSC_6440_retouched-1-1024x819.jpg 1024w, https:\/\/artistartas.com\/wp-content\/uploads\/2022\/06\/DSC_6440_retouched-1-300x240.jpg 300w, https:\/\/artistartas.com\/wp-content\/uploads\/2022\/06\/DSC_6440_retouched-1-768x614.jpg 768w, https:\/\/artistartas.com\/wp-content\/uploads\/2022\/06\/DSC_6440_retouched-1-1536x1229.jpg 1536w, https:\/\/artistartas.com\/wp-content\/uploads\/2022\/06\/DSC_6440_retouched-1-2048x1638.jpg 2048w, https:\/\/artistartas.com\/wp-content\/uploads\/2022\/06\/DSC_6440_retouched-1-600x480.jpg 600w, https:\/\/artistartas.com\/wp-content\/uploads\/2022\/06\/DSC_6440_retouched-1-scaled.jpg 2560w\" sizes=\"(max-width: 648px) 100vw, 648px\" \/><\/a><\/p>\n<p><a href=\"http:\/\/artistartas.com\/wp-content\/uploads\/2022\/07\/DSC_6400_retouched-scaled.jpg\"><img decoding=\"async\" loading=\"lazy\" class=\" wp-image-4694 aligncenter\" src=\"http:\/\/artistartas.com\/wp-content\/uploads\/2022\/07\/DSC_6400_retouched-1024x819.jpg\" alt=\"\" width=\"650\" height=\"520\" srcset=\"https:\/\/artistartas.com\/wp-content\/uploads\/2022\/07\/DSC_6400_retouched-1024x819.jpg 1024w, https:\/\/artistartas.com\/wp-content\/uploads\/2022\/07\/DSC_6400_retouched-300x240.jpg 300w, https:\/\/artistartas.com\/wp-content\/uploads\/2022\/07\/DSC_6400_retouched-768x614.jpg 768w, https:\/\/artistartas.com\/wp-content\/uploads\/2022\/07\/DSC_6400_retouched-1536x1229.jpg 1536w, https:\/\/artistartas.com\/wp-content\/uploads\/2022\/07\/DSC_6400_retouched-2048x1638.jpg 2048w, https:\/\/artistartas.com\/wp-content\/uploads\/2022\/07\/DSC_6400_retouched-600x480.jpg 600w, https:\/\/artistartas.com\/wp-content\/uploads\/2022\/07\/DSC_6400_retouched-scaled.jpg 2560w\" sizes=\"(max-width: 650px) 100vw, 650px\" \/><\/a><\/p>\n<p><a href=\"http:\/\/artistartas.com\/wp-content\/uploads\/2022\/07\/DSC_6426_retouched.tif\"><img decoding=\"async\" loading=\"lazy\" class=\"alignnone size-large wp-image-4696\" src=\"http:\/\/artistartas.com\/wp-content\/uploads\/2022\/07\/DSC_6426_retouched.tif\" alt=\"\" width=\"1\" height=\"1\" \/><\/a><\/p>\n","protected":false},"excerpt":{"rendered":"<p>J\u016bs\u0173 Fantazij\u0173 Zuikis \u2013 Originali Skulpt\u016bra Suaugusiems \u0160is eleganti\u0161kas ir \u017eavus zuikis\u00a0 yra ne tik stilingas interjero akcentas, bet ir funkcionalus meno k\u016brinys su intriguojan\u010dia paslaptimi. Sukurtas suaugusiems, \u0161is zuikis sujungia k\u016brybi\u0161kum\u0105, prabang\u0105 ir subtil\u0173 humoro jausm\u0105, suteikdamas j\u016bs\u0173 erdvei unikal\u0173 charakter\u012f. Triu\u0161io skulpt\u016bros unikalumas Slapta saugykla: Viduje slepiasi diskreti\u0161kas skyrius, i\u0161klotas rubino spalvos aksomu. [&hellip;]<\/p>\n","protected":false},"featured_media":5308,"template":"","meta":{"om_disable_all_campaigns":false,"_exactmetrics_skip_tracking":false,"_exactmetrics_sitenote_active":false,"_exactmetrics_sitenote_note":"","_exactmetrics_sitenote_category":0,"_mi_skip_tracking":false,"_monsterinsights_sitenote_active":false,"_monsterinsights_sitenote_note":"","_monsterinsights_sitenote_category":0,"_uf_show_specific_survey":0,"_uf_disable_surveys":false},"product_cat":[134],"product_tag":[585,595,386,597,584,586,138,395,583,455,587,391,596,454,598],"aioseo_notices":[],"yoast_head":"<!-- This site is optimized with the Yoast SEO plugin v21.4 - https:\/\/yoast.com\/wordpress\/plugins\/seo\/ -->\n<title>Zuikis Skulpt\u016bra, Menas I\u0161 Metalo Ir Rakand\u0173... Steampunk<\/title>\n<meta name=\"description\" content=\"\u0160is eleganti\u0161kas ir \u017eavus zuikis\u00a0 yra ne tik stilingas interjero akcentas, bet ir funkcionalus meno k\u016brinys su intriguojan\u010dia paslaptimi. Sukurtas...\" \/>\n<meta name=\"robots\" content=\"index, follow, max-snippet:-1, max-image-preview:large, max-video-preview:-1\" \/>\n<link rel=\"canonical\" href=\"https:\/\/artistartas.com\/lt\/produktas\/zuikis\/\" \/>\n<meta property=\"og:locale\" content=\"lt_LT\" \/>\n<meta property=\"og:type\" content=\"article\" \/>\n<meta property=\"og:title\" content=\"Zuikis Skulpt\u016bra, Menas I\u0161 Metalo Ir Rakand\u0173... Steampunk\" \/>\n<meta property=\"og:description\" content=\"\u0160is eleganti\u0161kas ir \u017eavus zuikis\u00a0 yra ne tik stilingas interjero akcentas, bet ir funkcionalus meno k\u016brinys su intriguojan\u010dia paslaptimi. Sukurtas...\" \/>\n<meta property=\"og:url\" content=\"https:\/\/artistartas.com\/lt\/produktas\/zuikis\/\" \/>\n<meta property=\"og:site_name\" content=\"Art\u016bras Tama\u0161auskas\" \/>\n<meta property=\"article:modified_time\" content=\"2026-03-17T15:44:37+00:00\" \/>\n<meta property=\"og:image\" content=\"http:\/\/artistartas.com\/wp-content\/uploads\/2024\/07\/DSC_6328_retouched-scaled.jpg\" \/>\n\t<meta property=\"og:image:width\" content=\"2560\" \/>\n\t<meta property=\"og:image:height\" content=\"2048\" \/>\n\t<meta property=\"og:image:type\" content=\"image\/jpeg\" \/>\n<meta name=\"twitter:card\" content=\"summary_large_image\" \/>\n<meta name=\"twitter:label1\" content=\"Est. reading time\" \/>\n\t<meta name=\"twitter:data1\" content=\"3 minut\u0117s\" \/>\n<script type=\"application\/ld+json\" class=\"yoast-schema-graph\">{\"@context\":\"https:\/\/schema.org\",\"@graph\":[{\"@type\":\"WebPage\",\"@id\":\"https:\/\/artistartas.com\/lt\/produktas\/zuikis\/\",\"url\":\"https:\/\/artistartas.com\/lt\/produktas\/zuikis\/\",\"name\":\"Zuikis Skulpt\u016bra, Menas I\u0161 Metalo Ir Rakand\u0173... Steampunk\",\"isPartOf\":{\"@id\":\"https:\/\/artistartas.com\/#website\"},\"datePublished\":\"2022-07-07T09:12:41+00:00\",\"dateModified\":\"2026-03-17T15:44:37+00:00\",\"description\":\"\u0160is eleganti\u0161kas ir \u017eavus zuikis\u00a0 yra ne tik stilingas interjero akcentas, bet ir funkcionalus meno k\u016brinys su intriguojan\u010dia paslaptimi. Sukurtas...\",\"breadcrumb\":{\"@id\":\"https:\/\/artistartas.com\/lt\/produktas\/zuikis\/#breadcrumb\"},\"inLanguage\":\"lt-LT\",\"potentialAction\":[{\"@type\":\"ReadAction\",\"target\":[\"https:\/\/artistartas.com\/lt\/produktas\/zuikis\/\"]}]},{\"@type\":\"BreadcrumbList\",\"@id\":\"https:\/\/artistartas.com\/lt\/produktas\/zuikis\/#breadcrumb\",\"itemListElement\":[{\"@type\":\"ListItem\",\"position\":1,\"name\":\"Home\",\"item\":\"https:\/\/artistartas.com\/lt\/\"},{\"@type\":\"ListItem\",\"position\":2,\"name\":\"Steampunk stiliaus darbai\",\"item\":\"https:\/\/artistartas.com\/lt\/\"},{\"@type\":\"ListItem\",\"position\":3,\"name\":\"Zuikis\"}]},{\"@type\":\"WebSite\",\"@id\":\"https:\/\/artistartas.com\/#website\",\"url\":\"https:\/\/artistartas.com\/\",\"name\":\"Art\u016bras Tama\u0161auskas\",\"description\":\"Kol kas tik dar vienas WordPress tinklalapis\",\"publisher\":{\"@id\":\"https:\/\/artistartas.com\/#\/schema\/person\/8c3fb50aefa8758c1dcb9858b0cb9ad8\"},\"potentialAction\":[{\"@type\":\"SearchAction\",\"target\":{\"@type\":\"EntryPoint\",\"urlTemplate\":\"https:\/\/artistartas.com\/?s={search_term_string}\"},\"query-input\":\"required name=search_term_string\"}],\"inLanguage\":\"lt-LT\"},{\"@type\":[\"Person\",\"Organization\"],\"@id\":\"https:\/\/artistartas.com\/#\/schema\/person\/8c3fb50aefa8758c1dcb9858b0cb9ad8\",\"name\":\"Art\u016bras Tama\u0161auskas\",\"image\":{\"@type\":\"ImageObject\",\"inLanguage\":\"lt-LT\",\"@id\":\"https:\/\/artistartas.com\/#\/schema\/person\/image\/\",\"url\":\"https:\/\/secure.gravatar.com\/avatar\/dd558d298c85a97bbea60bbd1872a1e4?s=96&d=mm&r=g\",\"contentUrl\":\"https:\/\/secure.gravatar.com\/avatar\/dd558d298c85a97bbea60bbd1872a1e4?s=96&d=mm&r=g\",\"caption\":\"Art\u016bras Tama\u0161auskas\"},\"logo\":{\"@id\":\"https:\/\/artistartas.com\/#\/schema\/person\/image\/\"}}]}<\/script>\n<!-- \/ Yoast SEO plugin. -->","yoast_head_json":{"title":"Zuikis Skulpt\u016bra, Menas I\u0161 Metalo Ir Rakand\u0173... Steampunk","description":"\u0160is eleganti\u0161kas ir \u017eavus zuikis\u00a0 yra ne tik stilingas interjero akcentas, bet ir funkcionalus meno k\u016brinys su intriguojan\u010dia paslaptimi. Sukurtas...","robots":{"index":"index","follow":"follow","max-snippet":"max-snippet:-1","max-image-preview":"max-image-preview:large","max-video-preview":"max-video-preview:-1"},"canonical":"https:\/\/artistartas.com\/lt\/produktas\/zuikis\/","og_locale":"lt_LT","og_type":"article","og_title":"Zuikis Skulpt\u016bra, Menas I\u0161 Metalo Ir Rakand\u0173... Steampunk","og_description":"\u0160is eleganti\u0161kas ir \u017eavus zuikis\u00a0 yra ne tik stilingas interjero akcentas, bet ir funkcionalus meno k\u016brinys su intriguojan\u010dia paslaptimi. Sukurtas...","og_url":"https:\/\/artistartas.com\/lt\/produktas\/zuikis\/","og_site_name":"Art\u016bras Tama\u0161auskas","article_modified_time":"2026-03-17T15:44:37+00:00","og_image":[{"width":2560,"height":2048,"url":"http:\/\/artistartas.com\/wp-content\/uploads\/2024\/07\/DSC_6328_retouched-scaled.jpg","type":"image\/jpeg"}],"twitter_card":"summary_large_image","twitter_misc":{"Est. reading time":"3 minut\u0117s"},"schema":{"@context":"https:\/\/schema.org","@graph":[{"@type":"WebPage","@id":"https:\/\/artistartas.com\/lt\/produktas\/zuikis\/","url":"https:\/\/artistartas.com\/lt\/produktas\/zuikis\/","name":"Zuikis Skulpt\u016bra, Menas I\u0161 Metalo Ir Rakand\u0173... Steampunk","isPartOf":{"@id":"https:\/\/artistartas.com\/#website"},"datePublished":"2022-07-07T09:12:41+00:00","dateModified":"2026-03-17T15:44:37+00:00","description":"\u0160is eleganti\u0161kas ir \u017eavus zuikis\u00a0 yra ne tik stilingas interjero akcentas, bet ir funkcionalus meno k\u016brinys su intriguojan\u010dia paslaptimi. Sukurtas...","breadcrumb":{"@id":"https:\/\/artistartas.com\/lt\/produktas\/zuikis\/#breadcrumb"},"inLanguage":"lt-LT","potentialAction":[{"@type":"ReadAction","target":["https:\/\/artistartas.com\/lt\/produktas\/zuikis\/"]}]},{"@type":"BreadcrumbList","@id":"https:\/\/artistartas.com\/lt\/produktas\/zuikis\/#breadcrumb","itemListElement":[{"@type":"ListItem","position":1,"name":"Home","item":"https:\/\/artistartas.com\/lt\/"},{"@type":"ListItem","position":2,"name":"Steampunk stiliaus darbai","item":"https:\/\/artistartas.com\/lt\/"},{"@type":"ListItem","position":3,"name":"Zuikis"}]},{"@type":"WebSite","@id":"https:\/\/artistartas.com\/#website","url":"https:\/\/artistartas.com\/","name":"Art\u016bras Tama\u0161auskas","description":"Kol kas tik dar vienas WordPress tinklalapis","publisher":{"@id":"https:\/\/artistartas.com\/#\/schema\/person\/8c3fb50aefa8758c1dcb9858b0cb9ad8"},"potentialAction":[{"@type":"SearchAction","target":{"@type":"EntryPoint","urlTemplate":"https:\/\/artistartas.com\/?s={search_term_string}"},"query-input":"required name=search_term_string"}],"inLanguage":"lt-LT"},{"@type":["Person","Organization"],"@id":"https:\/\/artistartas.com\/#\/schema\/person\/8c3fb50aefa8758c1dcb9858b0cb9ad8","name":"Art\u016bras Tama\u0161auskas","image":{"@type":"ImageObject","inLanguage":"lt-LT","@id":"https:\/\/artistartas.com\/#\/schema\/person\/image\/","url":"https:\/\/secure.gravatar.com\/avatar\/dd558d298c85a97bbea60bbd1872a1e4?s=96&d=mm&r=g","contentUrl":"https:\/\/secure.gravatar.com\/avatar\/dd558d298c85a97bbea60bbd1872a1e4?s=96&d=mm&r=g","caption":"Art\u016bras Tama\u0161auskas"},"logo":{"@id":"https:\/\/artistartas.com\/#\/schema\/person\/image\/"}}]}},"_links":{"self":[{"href":"https:\/\/artistartas.com\/lt\/wp-json\/wp\/v2\/product\/4745"}],"collection":[{"href":"https:\/\/artistartas.com\/lt\/wp-json\/wp\/v2\/product"}],"about":[{"href":"https:\/\/artistartas.com\/lt\/wp-json\/wp\/v2\/types\/product"}],"wp:featuredmedia":[{"embeddable":true,"href":"https:\/\/artistartas.com\/lt\/wp-json\/wp\/v2\/media\/5308"}],"wp:attachment":[{"href":"https:\/\/artistartas.com\/lt\/wp-json\/wp\/v2\/media?parent=4745"}],"wp:term":[{"taxonomy":"product_cat","embeddable":true,"href":"https:\/\/artistartas.com\/lt\/wp-json\/wp\/v2\/product_cat?post=4745"},{"taxonomy":"product_tag","embeddable":true,"href":"https:\/\/artistartas.com\/lt\/wp-json\/wp\/v2\/product_tag?post=4745"}],"curies":[{"name":"wp","href":"https:\/\/api.w.org\/{rel}","templated":true}]}}