{"id":4743,"date":"2022-07-07T10:41:45","date_gmt":"2022-07-07T08:41:45","guid":{"rendered":"http:\/\/artistartas.com\/?post_type=product&#038;p=4743"},"modified":"2026-03-17T17:45:33","modified_gmt":"2026-03-17T15:45:33","slug":"sugautas-ruduo","status":"publish","type":"product","link":"https:\/\/artistartas.com\/lt\/produktas\/sugautas-ruduo\/","title":{"rendered":"Sugautas ruduo"},"content":{"rendered":"<div>\n<div>\n<div>Sugautas ruduo. Metalo supirktuv\u0117je tarp kr\u016bvos aliumini\u0173 puod\u0173 ak\u012f patrauk\u0117 labiausiai sulamdytas. Sakytum\u0117t nieko gero i\u0161 jo nebus, bet a\u0161 jo \u012fdomiai pasibangavusiame dugne \u012f\u017evelgiau med\u017eio lap\u0105, rudeni\u0161kai susirauk\u0161l\u0117jus\u012f, besid\u017eiaugiant\u012f paskutiniais saul\u0117s spinduliais. Puodas, kaip ir daugelis atitarnavusi\u0173 daikt\u0173 tur\u0117jo savo istorij\u0105, apie kuri\u0105 jis vienas te\u017eino. A\u0161 tas, kuris daiktams suteikia antr\u0105 \u0161ans\u0105 b\u016bti, tiesa, jau kitame pavidale.<\/div>\n<div><\/div>\n<div>\u00a0 \u00a0 Kadangi mane sudomino tik puodo dugnas, tai visa kita nupjoviau. U\u017emet\u0119s kelet\u0105 linij\u0173 sumodeliavau form\u0105 ir kruop\u0161\u010diai nuvaliau apna\u0161as. Tarp kr\u016bvos dvira\u010di\u0173 ir motocikl\u0173 detali\u0173 pama\u010diau t\u0105, kuris labiausiai atitikt\u0173 lapo kot\u0105. \u0160is sprendimas nustebino ir mane pat\u012f. Tai sankabos rankena nuo motociklo ,,JAWA&#8221;. Knied\u0117s pagalba ranken\u0105 pritvirtinau ten, kur jai ir vieta. Na \u0161tai ir viskas.<\/div>\n<div><\/div>\n<div>\u00a0Koks ruduo be spalv\u0173, ypa\u010d med\u017ei\u0173 lapai. Taigi nutariau suteikti \u0161iek tiek spalv\u0173 ir akrilini\u0173 da\u017e\u0173 pagalba pavyko pagauti rudeni\u0161k\u0105 nuotaik\u0105.<\/div>\n<div><\/div>\n<div><\/div>\n<div><strong>Med\u017eiagos:<\/strong><\/div>\n<div>Rudens lapas- aliuminio puodo dugnas<\/div>\n<\/div>\n<div>Lapo kotas- sankabos rankena nuo motociklo,,JAWA&#8221;<\/div>\n<div>Fonas- aliuminio skarda 2mm<\/div>\n<\/div>\n<div><\/div>\n<div>Matmenys: 63x63x7 cm<\/div>\n<div>Metai- 2019<\/div>\n<div>Kaina- 450eur.<\/div>\n<div><\/div>\n<div><\/div>\n<div><\/div>\n<div><a href=\"http:\/\/artistartas.com\/wp-content\/uploads\/2022\/07\/leaf.jpg\"><img decoding=\"async\" loading=\"lazy\" class=\"alignnone wp-image-4704\" src=\"http:\/\/artistartas.com\/wp-content\/uploads\/2022\/07\/leaf-1020x1024.jpg\" alt=\"paveikslas sugautas ruduo\" width=\"647\" height=\"650\" srcset=\"https:\/\/artistartas.com\/wp-content\/uploads\/2022\/07\/leaf-1020x1024.jpg 1020w, https:\/\/artistartas.com\/wp-content\/uploads\/2022\/07\/leaf-300x300.jpg 300w, https:\/\/artistartas.com\/wp-content\/uploads\/2022\/07\/leaf-150x150.jpg 150w, https:\/\/artistartas.com\/wp-content\/uploads\/2022\/07\/leaf-768x771.jpg 768w, https:\/\/artistartas.com\/wp-content\/uploads\/2022\/07\/leaf-1530x1536.jpg 1530w, https:\/\/artistartas.com\/wp-content\/uploads\/2022\/07\/leaf-2040x2048.jpg 2040w, https:\/\/artistartas.com\/wp-content\/uploads\/2022\/07\/leaf-600x602.jpg 600w, https:\/\/artistartas.com\/wp-content\/uploads\/2022\/07\/leaf-100x100.jpg 100w, https:\/\/artistartas.com\/wp-content\/uploads\/2022\/07\/leaf.jpg 2292w\" sizes=\"(max-width: 647px) 100vw, 647px\" \/><\/a><\/div>\n","protected":false},"excerpt":{"rendered":"<p>Sugautas ruduo. Metalo supirktuv\u0117je tarp kr\u016bvos aliumini\u0173 puod\u0173 ak\u012f patrauk\u0117 labiausiai sulamdytas. Sakytum\u0117t nieko gero i\u0161 jo nebus, bet a\u0161 jo \u012fdomiai pasibangavusiame dugne \u012f\u017evelgiau med\u017eio lap\u0105, rudeni\u0161kai susirauk\u0161l\u0117jus\u012f, besid\u017eiaugiant\u012f paskutiniais saul\u0117s spinduliais. Puodas, kaip ir daugelis atitarnavusi\u0173 daikt\u0173 tur\u0117jo savo istorij\u0105, apie kuri\u0105 jis vienas te\u017eino. A\u0161 tas, kuris daiktams suteikia antr\u0105 \u0161ans\u0105 b\u016bti, [&hellip;]<\/p>\n","protected":false},"featured_media":4704,"template":"","meta":{"om_disable_all_campaigns":false,"_exactmetrics_skip_tracking":false,"_exactmetrics_sitenote_active":false,"_exactmetrics_sitenote_note":"","_exactmetrics_sitenote_category":0,"_mi_skip_tracking":false,"_monsterinsights_sitenote_active":false,"_monsterinsights_sitenote_note":"","_monsterinsights_sitenote_category":0,"_uf_show_specific_survey":0,"_uf_disable_surveys":false},"product_cat":[108],"product_tag":[136,281,386,185,171,376,395],"aioseo_notices":[],"yoast_head":"<!-- This site is optimized with the Yoast SEO plugin v21.4 - https:\/\/yoast.com\/wordpress\/plugins\/seo\/ -->\n<title>Sugautas Ruduo, Asamblia\u017eas, Menas I\u0161 Metalo Ir Rakand\u0173...<\/title>\n<meta name=\"description\" content=\"Sugautas ruduo. Metalo supirktuv\u0117je tarp kr\u016bvos aliumini\u0173 puod\u0173 ak\u012f patrauk\u0117 labiausiai sulamdytas. Sakytum\u0117t nieko gero i\u0161 jo nebus, bet...\" \/>\n<meta name=\"robots\" content=\"index, follow, max-snippet:-1, max-image-preview:large, max-video-preview:-1\" \/>\n<link rel=\"canonical\" href=\"https:\/\/artistartas.com\/lt\/produktas\/sugautas-ruduo\/\" \/>\n<meta property=\"og:locale\" content=\"lt_LT\" \/>\n<meta property=\"og:type\" content=\"article\" \/>\n<meta property=\"og:title\" content=\"Sugautas Ruduo, Asamblia\u017eas, Menas I\u0161 Metalo Ir Rakand\u0173...\" \/>\n<meta property=\"og:description\" content=\"Sugautas ruduo. Metalo supirktuv\u0117je tarp kr\u016bvos aliumini\u0173 puod\u0173 ak\u012f patrauk\u0117 labiausiai sulamdytas. Sakytum\u0117t nieko gero i\u0161 jo nebus, bet...\" \/>\n<meta property=\"og:url\" content=\"https:\/\/artistartas.com\/lt\/produktas\/sugautas-ruduo\/\" \/>\n<meta property=\"og:site_name\" content=\"Art\u016bras Tama\u0161auskas\" \/>\n<meta property=\"article:modified_time\" content=\"2026-03-17T15:45:33+00:00\" \/>\n<meta property=\"og:image\" content=\"http:\/\/artistartas.com\/wp-content\/uploads\/2022\/07\/leaf.jpg\" \/>\n\t<meta property=\"og:image:width\" content=\"2292\" \/>\n\t<meta property=\"og:image:height\" content=\"2301\" \/>\n\t<meta property=\"og:image:type\" content=\"image\/jpeg\" \/>\n<meta name=\"twitter:card\" content=\"summary_large_image\" \/>\n<meta name=\"twitter:label1\" content=\"Est. reading time\" \/>\n\t<meta name=\"twitter:data1\" content=\"2 minut\u0117s\" \/>\n<script type=\"application\/ld+json\" class=\"yoast-schema-graph\">{\"@context\":\"https:\/\/schema.org\",\"@graph\":[{\"@type\":\"WebPage\",\"@id\":\"https:\/\/artistartas.com\/lt\/produktas\/sugautas-ruduo\/\",\"url\":\"https:\/\/artistartas.com\/lt\/produktas\/sugautas-ruduo\/\",\"name\":\"Sugautas Ruduo, Asamblia\u017eas, Menas I\u0161 Metalo Ir Rakand\u0173...\",\"isPartOf\":{\"@id\":\"https:\/\/artistartas.com\/#website\"},\"datePublished\":\"2022-07-07T08:41:45+00:00\",\"dateModified\":\"2026-03-17T15:45:33+00:00\",\"description\":\"Sugautas ruduo. Metalo supirktuv\u0117je tarp kr\u016bvos aliumini\u0173 puod\u0173 ak\u012f patrauk\u0117 labiausiai sulamdytas. Sakytum\u0117t nieko gero i\u0161 jo nebus, bet...\",\"breadcrumb\":{\"@id\":\"https:\/\/artistartas.com\/lt\/produktas\/sugautas-ruduo\/#breadcrumb\"},\"inLanguage\":\"lt-LT\",\"potentialAction\":[{\"@type\":\"ReadAction\",\"target\":[\"https:\/\/artistartas.com\/lt\/produktas\/sugautas-ruduo\/\"]}]},{\"@type\":\"BreadcrumbList\",\"@id\":\"https:\/\/artistartas.com\/lt\/produktas\/sugautas-ruduo\/#breadcrumb\",\"itemListElement\":[{\"@type\":\"ListItem\",\"position\":1,\"name\":\"Home\",\"item\":\"https:\/\/artistartas.com\/lt\/\"},{\"@type\":\"ListItem\",\"position\":2,\"name\":\"Steampunk stiliaus darbai\",\"item\":\"https:\/\/artistartas.com\/lt\/\"},{\"@type\":\"ListItem\",\"position\":3,\"name\":\"Sugautas ruduo\"}]},{\"@type\":\"WebSite\",\"@id\":\"https:\/\/artistartas.com\/#website\",\"url\":\"https:\/\/artistartas.com\/\",\"name\":\"Art\u016bras Tama\u0161auskas\",\"description\":\"Kol kas tik dar vienas WordPress tinklalapis\",\"publisher\":{\"@id\":\"https:\/\/artistartas.com\/#\/schema\/person\/8c3fb50aefa8758c1dcb9858b0cb9ad8\"},\"potentialAction\":[{\"@type\":\"SearchAction\",\"target\":{\"@type\":\"EntryPoint\",\"urlTemplate\":\"https:\/\/artistartas.com\/?s={search_term_string}\"},\"query-input\":\"required name=search_term_string\"}],\"inLanguage\":\"lt-LT\"},{\"@type\":[\"Person\",\"Organization\"],\"@id\":\"https:\/\/artistartas.com\/#\/schema\/person\/8c3fb50aefa8758c1dcb9858b0cb9ad8\",\"name\":\"Art\u016bras Tama\u0161auskas\",\"image\":{\"@type\":\"ImageObject\",\"inLanguage\":\"lt-LT\",\"@id\":\"https:\/\/artistartas.com\/#\/schema\/person\/image\/\",\"url\":\"https:\/\/secure.gravatar.com\/avatar\/dd558d298c85a97bbea60bbd1872a1e4?s=96&d=mm&r=g\",\"contentUrl\":\"https:\/\/secure.gravatar.com\/avatar\/dd558d298c85a97bbea60bbd1872a1e4?s=96&d=mm&r=g\",\"caption\":\"Art\u016bras Tama\u0161auskas\"},\"logo\":{\"@id\":\"https:\/\/artistartas.com\/#\/schema\/person\/image\/\"}}]}<\/script>\n<!-- \/ Yoast SEO plugin. -->","yoast_head_json":{"title":"Sugautas Ruduo, Asamblia\u017eas, Menas I\u0161 Metalo Ir Rakand\u0173...","description":"Sugautas ruduo. Metalo supirktuv\u0117je tarp kr\u016bvos aliumini\u0173 puod\u0173 ak\u012f patrauk\u0117 labiausiai sulamdytas. Sakytum\u0117t nieko gero i\u0161 jo nebus, bet...","robots":{"index":"index","follow":"follow","max-snippet":"max-snippet:-1","max-image-preview":"max-image-preview:large","max-video-preview":"max-video-preview:-1"},"canonical":"https:\/\/artistartas.com\/lt\/produktas\/sugautas-ruduo\/","og_locale":"lt_LT","og_type":"article","og_title":"Sugautas Ruduo, Asamblia\u017eas, Menas I\u0161 Metalo Ir Rakand\u0173...","og_description":"Sugautas ruduo. Metalo supirktuv\u0117je tarp kr\u016bvos aliumini\u0173 puod\u0173 ak\u012f patrauk\u0117 labiausiai sulamdytas. Sakytum\u0117t nieko gero i\u0161 jo nebus, bet...","og_url":"https:\/\/artistartas.com\/lt\/produktas\/sugautas-ruduo\/","og_site_name":"Art\u016bras Tama\u0161auskas","article_modified_time":"2026-03-17T15:45:33+00:00","og_image":[{"width":2292,"height":2301,"url":"http:\/\/artistartas.com\/wp-content\/uploads\/2022\/07\/leaf.jpg","type":"image\/jpeg"}],"twitter_card":"summary_large_image","twitter_misc":{"Est. reading time":"2 minut\u0117s"},"schema":{"@context":"https:\/\/schema.org","@graph":[{"@type":"WebPage","@id":"https:\/\/artistartas.com\/lt\/produktas\/sugautas-ruduo\/","url":"https:\/\/artistartas.com\/lt\/produktas\/sugautas-ruduo\/","name":"Sugautas Ruduo, Asamblia\u017eas, Menas I\u0161 Metalo Ir Rakand\u0173...","isPartOf":{"@id":"https:\/\/artistartas.com\/#website"},"datePublished":"2022-07-07T08:41:45+00:00","dateModified":"2026-03-17T15:45:33+00:00","description":"Sugautas ruduo. Metalo supirktuv\u0117je tarp kr\u016bvos aliumini\u0173 puod\u0173 ak\u012f patrauk\u0117 labiausiai sulamdytas. Sakytum\u0117t nieko gero i\u0161 jo nebus, bet...","breadcrumb":{"@id":"https:\/\/artistartas.com\/lt\/produktas\/sugautas-ruduo\/#breadcrumb"},"inLanguage":"lt-LT","potentialAction":[{"@type":"ReadAction","target":["https:\/\/artistartas.com\/lt\/produktas\/sugautas-ruduo\/"]}]},{"@type":"BreadcrumbList","@id":"https:\/\/artistartas.com\/lt\/produktas\/sugautas-ruduo\/#breadcrumb","itemListElement":[{"@type":"ListItem","position":1,"name":"Home","item":"https:\/\/artistartas.com\/lt\/"},{"@type":"ListItem","position":2,"name":"Steampunk stiliaus darbai","item":"https:\/\/artistartas.com\/lt\/"},{"@type":"ListItem","position":3,"name":"Sugautas ruduo"}]},{"@type":"WebSite","@id":"https:\/\/artistartas.com\/#website","url":"https:\/\/artistartas.com\/","name":"Art\u016bras Tama\u0161auskas","description":"Kol kas tik dar vienas WordPress tinklalapis","publisher":{"@id":"https:\/\/artistartas.com\/#\/schema\/person\/8c3fb50aefa8758c1dcb9858b0cb9ad8"},"potentialAction":[{"@type":"SearchAction","target":{"@type":"EntryPoint","urlTemplate":"https:\/\/artistartas.com\/?s={search_term_string}"},"query-input":"required name=search_term_string"}],"inLanguage":"lt-LT"},{"@type":["Person","Organization"],"@id":"https:\/\/artistartas.com\/#\/schema\/person\/8c3fb50aefa8758c1dcb9858b0cb9ad8","name":"Art\u016bras Tama\u0161auskas","image":{"@type":"ImageObject","inLanguage":"lt-LT","@id":"https:\/\/artistartas.com\/#\/schema\/person\/image\/","url":"https:\/\/secure.gravatar.com\/avatar\/dd558d298c85a97bbea60bbd1872a1e4?s=96&d=mm&r=g","contentUrl":"https:\/\/secure.gravatar.com\/avatar\/dd558d298c85a97bbea60bbd1872a1e4?s=96&d=mm&r=g","caption":"Art\u016bras Tama\u0161auskas"},"logo":{"@id":"https:\/\/artistartas.com\/#\/schema\/person\/image\/"}}]}},"_links":{"self":[{"href":"https:\/\/artistartas.com\/lt\/wp-json\/wp\/v2\/product\/4743"}],"collection":[{"href":"https:\/\/artistartas.com\/lt\/wp-json\/wp\/v2\/product"}],"about":[{"href":"https:\/\/artistartas.com\/lt\/wp-json\/wp\/v2\/types\/product"}],"wp:featuredmedia":[{"embeddable":true,"href":"https:\/\/artistartas.com\/lt\/wp-json\/wp\/v2\/media\/4704"}],"wp:attachment":[{"href":"https:\/\/artistartas.com\/lt\/wp-json\/wp\/v2\/media?parent=4743"}],"wp:term":[{"taxonomy":"product_cat","embeddable":true,"href":"https:\/\/artistartas.com\/lt\/wp-json\/wp\/v2\/product_cat?post=4743"},{"taxonomy":"product_tag","embeddable":true,"href":"https:\/\/artistartas.com\/lt\/wp-json\/wp\/v2\/product_tag?post=4743"}],"curies":[{"name":"wp","href":"https:\/\/api.w.org\/{rel}","templated":true}]}}