{"id":4229,"date":"2020-12-15T15:49:32","date_gmt":"2020-12-15T13:49:32","guid":{"rendered":"http:\/\/artistartas.com\/?post_type=product&#038;p=4229\/"},"modified":"2026-03-27T12:02:24","modified_gmt":"2026-03-27T10:02:24","slug":"samas","status":"publish","type":"product","link":"https:\/\/artistartas.com\/lt\/produktas\/samas\/","title":{"rendered":"\u017duvis \u0161amas"},"content":{"rendered":"\r\n<p>\u0160\u012f kart\u0105 mano ak\u012f patrauk\u0117 \u017euvis \u0161amas. Metalo lau\u017eo supirktuv\u0117je pama\u010diau du chromuotus purvasaugius nuo ,,Harley Davidson &#8221; motociklo. Galinis labai platus ir man i\u0161kart primin\u0117 \u0161amo prasi\u017eiojusi\u0105 burn\u0105. Mintyse jau k\u016briau b\u016bsim\u0105 \u0161amo skulpt\u016br\u0105. Mano vizija man\u0119s neapgavo, i\u0161\u0117jo grak\u0161tus ir, \u017einoma, didelis&#8230;\u00a0\u00a0 Tai senas, kaip ir a\u0161 \u0161amas, tod\u0117l nenuostabu jog reg\u0117jimas pasilp\u0119s, ypa\u010d de\u0161in\u0117 akis&#8230;<\/p>\r\n<p>&nbsp;<\/p>\r\n\r\n<p><strong>Panaudotos detal\u0117s:<\/strong><\/p>\r\n\r\n\r\n\r\n<p>. K\u016bnas- skalbimo ma\u0161inos b\u016bgno skarda, motociklo,, Harley Davidson&#8221; galinio rato purvasaugio dalis<\/p>\r\n\r\n\r\n\r\n<p>. Uodega- dvira\u010dio lempos korpusas, antikvarin\u0117s skalbimo lentos skardos dalis<\/p>\r\n\r\n\r\n\r\n<p>. Pelekai- sen\u0173 golfo lazd\u0173 metaliniai galai<\/p>\r\n\r\n\r\n\r\n<p>. Galva- motociklo,, Harley Davidson&#8221; galinio rato purvasaugio dalis, chromuotas indelis vaisiams, samtis, automobilio ratlankio dangtelis, baldin\u0117 rankena<\/p>\r\n\r\n\r\n\r\n<p>Matmenys: 45x25x100 cm<\/p>\r\n\r\n\r\n\r\n<p>Svoris: 6kg<\/p>\r\n\r\n\r\n\r\n<p>Kaina: 1500Eur<\/p>\r\n\r\n\r\n\r\n<p>Metai: 2020<\/p>\r\n\r\n\r\n\r\n<figure class=\"wp-block-image\"><a href=\"http:\/\/artistartas.com\/wp-content\/uploads\/2020\/12\/20201210_160136.jpg\"><img decoding=\"async\" loading=\"lazy\" width=\"532\" height=\"546\" class=\"wp-image-4216\" src=\"http:\/\/artistartas.com\/wp-content\/uploads\/2020\/12\/20201210_160136.jpg\" alt=\"\u0161amas skulptura\" srcset=\"https:\/\/artistartas.com\/wp-content\/uploads\/2020\/12\/20201210_160136.jpg 532w, https:\/\/artistartas.com\/wp-content\/uploads\/2020\/12\/20201210_160136-292x300.jpg 292w\" sizes=\"(max-width: 532px) 100vw, 532px\" \/><\/a><\/figure>\r\n\r\n\r\n\r\n<figure class=\"wp-block-image\"><a href=\"http:\/\/artistartas.com\/wp-content\/uploads\/2020\/12\/20201210_161031.jpg\"><img decoding=\"async\" loading=\"lazy\" width=\"532\" height=\"580\" class=\"wp-image-4218\" src=\"http:\/\/artistartas.com\/wp-content\/uploads\/2020\/12\/20201210_161031.jpg\" alt=\"steampunk \u0161amas\" srcset=\"https:\/\/artistartas.com\/wp-content\/uploads\/2020\/12\/20201210_161031.jpg 532w, https:\/\/artistartas.com\/wp-content\/uploads\/2020\/12\/20201210_161031-275x300.jpg 275w\" sizes=\"(max-width: 532px) 100vw, 532px\" \/><\/a><\/figure>\r\n\r\n\r\n\r\n<figure class=\"wp-block-image\"><a href=\"http:\/\/artistartas.com\/wp-content\/uploads\/2020\/12\/20201210_161224.jpg\"><img decoding=\"async\" loading=\"lazy\" width=\"532\" height=\"638\" class=\"wp-image-4219\" src=\"http:\/\/artistartas.com\/wp-content\/uploads\/2020\/12\/20201210_161224.jpg\" alt=\"\u0161amas i\u0161 metalo\" srcset=\"https:\/\/artistartas.com\/wp-content\/uploads\/2020\/12\/20201210_161224.jpg 532w, https:\/\/artistartas.com\/wp-content\/uploads\/2020\/12\/20201210_161224-250x300.jpg 250w\" sizes=\"(max-width: 532px) 100vw, 532px\" \/><\/a><\/figure>\r\n\r\n\r\n\r\n<figure class=\"wp-block-image\"><a href=\"http:\/\/artistartas.com\/wp-content\/uploads\/2020\/12\/20201210_160726.jpg\"><img decoding=\"async\" loading=\"lazy\" width=\"532\" height=\"578\" class=\"wp-image-4220\" src=\"http:\/\/artistartas.com\/wp-content\/uploads\/2020\/12\/20201210_160726.jpg\" alt=\"metalinis \u0161amas\" srcset=\"https:\/\/artistartas.com\/wp-content\/uploads\/2020\/12\/20201210_160726.jpg 532w, https:\/\/artistartas.com\/wp-content\/uploads\/2020\/12\/20201210_160726-276x300.jpg 276w\" sizes=\"(max-width: 532px) 100vw, 532px\" \/><\/a><\/figure>\r\n\r\n\r\n\r\n<figure class=\"wp-block-image\"><a href=\"http:\/\/artistartas.com\/wp-content\/uploads\/2020\/12\/20201210_161338.jpg\"><img decoding=\"async\" loading=\"lazy\" width=\"532\" height=\"544\" class=\"wp-image-4221\" src=\"http:\/\/artistartas.com\/wp-content\/uploads\/2020\/12\/20201210_161338.jpg\" alt=\"zuvis samas\" srcset=\"https:\/\/artistartas.com\/wp-content\/uploads\/2020\/12\/20201210_161338.jpg 532w, https:\/\/artistartas.com\/wp-content\/uploads\/2020\/12\/20201210_161338-293x300.jpg 293w\" sizes=\"(max-width: 532px) 100vw, 532px\" \/><\/a><\/figure>\r\n\r\n\r\n\r\n<figure class=\"wp-block-image\"><a href=\"http:\/\/artistartas.com\/wp-content\/uploads\/2020\/12\/20201210_161123.jpg\"><img decoding=\"async\" loading=\"lazy\" width=\"532\" height=\"594\" class=\"wp-image-4222\" src=\"http:\/\/artistartas.com\/wp-content\/uploads\/2020\/12\/20201210_161123.jpg\" alt=\"golfo lazda\" srcset=\"https:\/\/artistartas.com\/wp-content\/uploads\/2020\/12\/20201210_161123.jpg 532w, https:\/\/artistartas.com\/wp-content\/uploads\/2020\/12\/20201210_161123-269x300.jpg 269w\" sizes=\"(max-width: 532px) 100vw, 532px\" \/><\/a><\/figure>\r\n<p>&nbsp;<\/p>\r\n\r\n\r\n\r\n<p>&nbsp;<\/p>\r\n","protected":false},"excerpt":{"rendered":"","protected":false},"featured_media":4218,"template":"","meta":{"om_disable_all_campaigns":false,"_exactmetrics_skip_tracking":false,"_exactmetrics_sitenote_active":false,"_exactmetrics_sitenote_note":"","_exactmetrics_sitenote_category":0,"_mi_skip_tracking":false,"_monsterinsights_sitenote_active":false,"_monsterinsights_sitenote_note":"","_monsterinsights_sitenote_category":0,"_uf_show_specific_survey":0,"_uf_disable_surveys":false},"product_cat":[134],"product_tag":[436,394,664,386,745,597,434,138,110,666,395,391,140,744],"aioseo_notices":[],"yoast_head":"<!-- This site is optimized with the Yoast SEO plugin v21.4 - https:\/\/yoast.com\/wordpress\/plugins\/seo\/ -->\n<title>\u0160amas Skulpt\u016bra, Meno K\u016briniai I\u0161 Metalo Ir Sendaik\u010di\u0173...<\/title>\n<meta name=\"description\" content=\"\u0160\u012f kart\u0105 mano ak\u012f patrauk\u0117 \u017euvis \u0161amas. Metalo lau\u017eo supirktuv\u0117je pama\u010diau du chromuotus purvasaugius nuo ,,Harley Davidson &quot; motociklo...\" \/>\n<meta name=\"robots\" content=\"index, follow, max-snippet:-1, max-image-preview:large, max-video-preview:-1\" \/>\n<link rel=\"canonical\" href=\"https:\/\/artistartas.com\/lt\/produktas\/samas\/\" \/>\n<meta property=\"og:locale\" content=\"lt_LT\" \/>\n<meta property=\"og:type\" content=\"article\" \/>\n<meta property=\"og:title\" content=\"\u0160amas Skulpt\u016bra, Meno K\u016briniai I\u0161 Metalo Ir Sendaik\u010di\u0173...\" \/>\n<meta property=\"og:description\" content=\"\u0160\u012f kart\u0105 mano ak\u012f patrauk\u0117 \u017euvis \u0161amas. Metalo lau\u017eo supirktuv\u0117je pama\u010diau du chromuotus purvasaugius nuo ,,Harley Davidson &quot; motociklo...\" \/>\n<meta property=\"og:url\" content=\"https:\/\/artistartas.com\/lt\/produktas\/samas\/\" \/>\n<meta property=\"og:site_name\" content=\"Art\u016bras Tama\u0161auskas\" \/>\n<meta property=\"article:modified_time\" content=\"2026-03-27T10:02:24+00:00\" \/>\n<meta property=\"og:image\" content=\"http:\/\/artistartas.com\/wp-content\/uploads\/2020\/12\/20201210_161031.jpg\" \/>\n\t<meta property=\"og:image:width\" content=\"532\" \/>\n\t<meta property=\"og:image:height\" content=\"580\" \/>\n\t<meta property=\"og:image:type\" content=\"image\/jpeg\" \/>\n<meta name=\"twitter:card\" content=\"summary_large_image\" \/>\n<meta name=\"twitter:label1\" content=\"Est. reading time\" \/>\n\t<meta name=\"twitter:data1\" content=\"2 minut\u0117s\" \/>\n<script type=\"application\/ld+json\" class=\"yoast-schema-graph\">{\"@context\":\"https:\/\/schema.org\",\"@graph\":[{\"@type\":\"WebPage\",\"@id\":\"https:\/\/artistartas.com\/lt\/produktas\/samas\/\",\"url\":\"https:\/\/artistartas.com\/lt\/produktas\/samas\/\",\"name\":\"\u0160amas Skulpt\u016bra, Meno K\u016briniai I\u0161 Metalo Ir Sendaik\u010di\u0173...\",\"isPartOf\":{\"@id\":\"https:\/\/artistartas.com\/#website\"},\"datePublished\":\"2020-12-15T13:49:32+00:00\",\"dateModified\":\"2026-03-27T10:02:24+00:00\",\"description\":\"\u0160\u012f kart\u0105 mano ak\u012f patrauk\u0117 \u017euvis \u0161amas. Metalo lau\u017eo supirktuv\u0117je pama\u010diau du chromuotus purvasaugius nuo ,,Harley Davidson \\\" motociklo...\",\"breadcrumb\":{\"@id\":\"https:\/\/artistartas.com\/lt\/produktas\/samas\/#breadcrumb\"},\"inLanguage\":\"lt-LT\",\"potentialAction\":[{\"@type\":\"ReadAction\",\"target\":[\"https:\/\/artistartas.com\/lt\/produktas\/samas\/\"]}]},{\"@type\":\"BreadcrumbList\",\"@id\":\"https:\/\/artistartas.com\/lt\/produktas\/samas\/#breadcrumb\",\"itemListElement\":[{\"@type\":\"ListItem\",\"position\":1,\"name\":\"Home\",\"item\":\"https:\/\/artistartas.com\/lt\/\"},{\"@type\":\"ListItem\",\"position\":2,\"name\":\"Steampunk stiliaus darbai\",\"item\":\"https:\/\/artistartas.com\/lt\/\"},{\"@type\":\"ListItem\",\"position\":3,\"name\":\"\u017duvis \u0161amas\"}]},{\"@type\":\"WebSite\",\"@id\":\"https:\/\/artistartas.com\/#website\",\"url\":\"https:\/\/artistartas.com\/\",\"name\":\"Art\u016bras Tama\u0161auskas\",\"description\":\"Kol kas tik dar vienas WordPress tinklalapis\",\"publisher\":{\"@id\":\"https:\/\/artistartas.com\/#\/schema\/person\/8c3fb50aefa8758c1dcb9858b0cb9ad8\"},\"potentialAction\":[{\"@type\":\"SearchAction\",\"target\":{\"@type\":\"EntryPoint\",\"urlTemplate\":\"https:\/\/artistartas.com\/?s={search_term_string}\"},\"query-input\":\"required name=search_term_string\"}],\"inLanguage\":\"lt-LT\"},{\"@type\":[\"Person\",\"Organization\"],\"@id\":\"https:\/\/artistartas.com\/#\/schema\/person\/8c3fb50aefa8758c1dcb9858b0cb9ad8\",\"name\":\"Art\u016bras Tama\u0161auskas\",\"image\":{\"@type\":\"ImageObject\",\"inLanguage\":\"lt-LT\",\"@id\":\"https:\/\/artistartas.com\/#\/schema\/person\/image\/\",\"url\":\"https:\/\/secure.gravatar.com\/avatar\/dd558d298c85a97bbea60bbd1872a1e4?s=96&d=mm&r=g\",\"contentUrl\":\"https:\/\/secure.gravatar.com\/avatar\/dd558d298c85a97bbea60bbd1872a1e4?s=96&d=mm&r=g\",\"caption\":\"Art\u016bras Tama\u0161auskas\"},\"logo\":{\"@id\":\"https:\/\/artistartas.com\/#\/schema\/person\/image\/\"}}]}<\/script>\n<!-- \/ Yoast SEO plugin. -->","yoast_head_json":{"title":"\u0160amas Skulpt\u016bra, Meno K\u016briniai I\u0161 Metalo Ir Sendaik\u010di\u0173...","description":"\u0160\u012f kart\u0105 mano ak\u012f patrauk\u0117 \u017euvis \u0161amas. Metalo lau\u017eo supirktuv\u0117je pama\u010diau du chromuotus purvasaugius nuo ,,Harley Davidson \" motociklo...","robots":{"index":"index","follow":"follow","max-snippet":"max-snippet:-1","max-image-preview":"max-image-preview:large","max-video-preview":"max-video-preview:-1"},"canonical":"https:\/\/artistartas.com\/lt\/produktas\/samas\/","og_locale":"lt_LT","og_type":"article","og_title":"\u0160amas Skulpt\u016bra, Meno K\u016briniai I\u0161 Metalo Ir Sendaik\u010di\u0173...","og_description":"\u0160\u012f kart\u0105 mano ak\u012f patrauk\u0117 \u017euvis \u0161amas. Metalo lau\u017eo supirktuv\u0117je pama\u010diau du chromuotus purvasaugius nuo ,,Harley Davidson \" motociklo...","og_url":"https:\/\/artistartas.com\/lt\/produktas\/samas\/","og_site_name":"Art\u016bras Tama\u0161auskas","article_modified_time":"2026-03-27T10:02:24+00:00","og_image":[{"width":532,"height":580,"url":"http:\/\/artistartas.com\/wp-content\/uploads\/2020\/12\/20201210_161031.jpg","type":"image\/jpeg"}],"twitter_card":"summary_large_image","twitter_misc":{"Est. reading time":"2 minut\u0117s"},"schema":{"@context":"https:\/\/schema.org","@graph":[{"@type":"WebPage","@id":"https:\/\/artistartas.com\/lt\/produktas\/samas\/","url":"https:\/\/artistartas.com\/lt\/produktas\/samas\/","name":"\u0160amas Skulpt\u016bra, Meno K\u016briniai I\u0161 Metalo Ir Sendaik\u010di\u0173...","isPartOf":{"@id":"https:\/\/artistartas.com\/#website"},"datePublished":"2020-12-15T13:49:32+00:00","dateModified":"2026-03-27T10:02:24+00:00","description":"\u0160\u012f kart\u0105 mano ak\u012f patrauk\u0117 \u017euvis \u0161amas. Metalo lau\u017eo supirktuv\u0117je pama\u010diau du chromuotus purvasaugius nuo ,,Harley Davidson \" motociklo...","breadcrumb":{"@id":"https:\/\/artistartas.com\/lt\/produktas\/samas\/#breadcrumb"},"inLanguage":"lt-LT","potentialAction":[{"@type":"ReadAction","target":["https:\/\/artistartas.com\/lt\/produktas\/samas\/"]}]},{"@type":"BreadcrumbList","@id":"https:\/\/artistartas.com\/lt\/produktas\/samas\/#breadcrumb","itemListElement":[{"@type":"ListItem","position":1,"name":"Home","item":"https:\/\/artistartas.com\/lt\/"},{"@type":"ListItem","position":2,"name":"Steampunk stiliaus darbai","item":"https:\/\/artistartas.com\/lt\/"},{"@type":"ListItem","position":3,"name":"\u017duvis \u0161amas"}]},{"@type":"WebSite","@id":"https:\/\/artistartas.com\/#website","url":"https:\/\/artistartas.com\/","name":"Art\u016bras Tama\u0161auskas","description":"Kol kas tik dar vienas WordPress tinklalapis","publisher":{"@id":"https:\/\/artistartas.com\/#\/schema\/person\/8c3fb50aefa8758c1dcb9858b0cb9ad8"},"potentialAction":[{"@type":"SearchAction","target":{"@type":"EntryPoint","urlTemplate":"https:\/\/artistartas.com\/?s={search_term_string}"},"query-input":"required name=search_term_string"}],"inLanguage":"lt-LT"},{"@type":["Person","Organization"],"@id":"https:\/\/artistartas.com\/#\/schema\/person\/8c3fb50aefa8758c1dcb9858b0cb9ad8","name":"Art\u016bras Tama\u0161auskas","image":{"@type":"ImageObject","inLanguage":"lt-LT","@id":"https:\/\/artistartas.com\/#\/schema\/person\/image\/","url":"https:\/\/secure.gravatar.com\/avatar\/dd558d298c85a97bbea60bbd1872a1e4?s=96&d=mm&r=g","contentUrl":"https:\/\/secure.gravatar.com\/avatar\/dd558d298c85a97bbea60bbd1872a1e4?s=96&d=mm&r=g","caption":"Art\u016bras Tama\u0161auskas"},"logo":{"@id":"https:\/\/artistartas.com\/#\/schema\/person\/image\/"}}]}},"_links":{"self":[{"href":"https:\/\/artistartas.com\/lt\/wp-json\/wp\/v2\/product\/4229"}],"collection":[{"href":"https:\/\/artistartas.com\/lt\/wp-json\/wp\/v2\/product"}],"about":[{"href":"https:\/\/artistartas.com\/lt\/wp-json\/wp\/v2\/types\/product"}],"wp:featuredmedia":[{"embeddable":true,"href":"https:\/\/artistartas.com\/lt\/wp-json\/wp\/v2\/media\/4218"}],"wp:attachment":[{"href":"https:\/\/artistartas.com\/lt\/wp-json\/wp\/v2\/media?parent=4229"}],"wp:term":[{"taxonomy":"product_cat","embeddable":true,"href":"https:\/\/artistartas.com\/lt\/wp-json\/wp\/v2\/product_cat?post=4229"},{"taxonomy":"product_tag","embeddable":true,"href":"https:\/\/artistartas.com\/lt\/wp-json\/wp\/v2\/product_tag?post=4229"}],"curies":[{"name":"wp","href":"https:\/\/api.w.org\/{rel}","templated":true}]}}