{"id":4193,"date":"2020-12-14T12:32:04","date_gmt":"2020-12-14T10:32:04","guid":{"rendered":"http:\/\/artistartas.com\/?post_type=product&#038;p=4193\/"},"modified":"2025-04-04T14:48:54","modified_gmt":"2025-04-04T12:48:54","slug":"skruzdele","status":"publish","type":"product","link":"https:\/\/artistartas.com\/lt\/produktas\/skruzdele\/","title":{"rendered":"Skruzd\u0117l\u0117"},"content":{"rendered":"\r\n<p>Tai giganti\u0161ka skruzd\u0117l\u0117, lyginant su nat\u016braliu jos dyd\u017eiu. Savo sukauptoje metalo lau\u017eo kr\u016bvoje radau kelet\u0105 aliumini\u0173 indeli\u0173, kuriuos sud\u0117jus ma\u017e\u0117jan\u010dia tvarka gavau ka\u017ek\u0105, kas labai pana\u0161u \u012f skruzd\u0117s k\u016bno dal\u012f. Tai ir apsprend\u0117 jos bendr\u0105 dyd\u012f. Vabalas i\u0161\u0117jo grak\u0161tus, tiesa, ant galvos pritaisiau pro\u017eektori\u0173, kad geriau matyt\u0173 keli\u0105 klaid\u017eiuose skruzd\u0117lyno tuneliuose.<\/p>\r\n\r\n\r\n\r\n<p><strong>Panaudotos detal\u0117s:<\/strong><\/p>\r\n\r\n\r\n\r\n<p><strong>. K\u016bnas<\/strong>&#8211; sunkve\u017eimio lempos korpusas, \u0161viestuv\u0173 gaubtai<\/p>\r\n\r\n\r\n\r\n<p><strong>. Uodega<\/strong>&#8211; sunkve\u017eimio lempos korpusas, lub\u0173 \u0161viestuv\u0173 gaubtai<\/p>\r\n\r\n\r\n\r\n<p><strong>. Galva<\/strong>&#8211; automobilio lempos korpusas, aliuminiai \u0161auk\u0161tai, antgalis nuo vamzd\u017eio u\u017euolaidom pakabinti<\/p>\r\n\r\n\r\n\r\n<p><strong>. Kojos<\/strong>&#8211; aliuminio vamzdeliai, plienin\u0117 5mm viela<\/p>\r\n\r\n\r\n\r\n<p><strong>Matmenys<\/strong>: 28x75x53 cm<\/p>\r\n\r\n\r\n\r\n<p><strong>Svoris:<\/strong> 2600g<\/p>\r\n\r\n\r\n\r\n<p><strong>Metai: <\/strong>2019<\/p>\r\n\r\n\r\n\r\n<p><strong>Kaina: <\/strong>Parduotas<\/p>\r\n\r\n\r\n\r\n<figure class=\"wp-block-image is-resized\"><a href=\"http:\/\/artistartas.com\/wp-content\/uploads\/2020\/12\/Skruzd\u0117-motin\u0117l\u0117-28x75x53cm-2019.jpg\"><img decoding=\"async\" loading=\"lazy\" class=\"wp-image-4191\" src=\"http:\/\/artistartas.com\/wp-content\/uploads\/2020\/12\/Skruzd\u0117-motin\u0117l\u0117-28x75x53cm-2019.jpg\" alt=\"steampunk skruzd\u0117l\u0117\" width=\"595\" height=\"595\" srcset=\"https:\/\/artistartas.com\/wp-content\/uploads\/2020\/12\/Skruzd\u0117-motin\u0117l\u0117-28x75x53cm-2019.jpg 532w, https:\/\/artistartas.com\/wp-content\/uploads\/2020\/12\/Skruzd\u0117-motin\u0117l\u0117-28x75x53cm-2019-300x300.jpg 300w, https:\/\/artistartas.com\/wp-content\/uploads\/2020\/12\/Skruzd\u0117-motin\u0117l\u0117-28x75x53cm-2019-100x100.jpg 100w, https:\/\/artistartas.com\/wp-content\/uploads\/2020\/12\/Skruzd\u0117-motin\u0117l\u0117-28x75x53cm-2019-150x150.jpg 150w\" sizes=\"(max-width: 595px) 100vw, 595px\" \/><\/a><\/figure>\r\n\r\n\r\n\r\n<figure class=\"wp-block-image is-resized\"><a href=\"http:\/\/artistartas.com\/wp-content\/uploads\/2020\/12\/ant1.jpg\"><img decoding=\"async\" loading=\"lazy\" class=\"wp-image-4184\" src=\"http:\/\/artistartas.com\/wp-content\/uploads\/2020\/12\/ant1.jpg\" alt=\"skruzd\u0117l\u0117 skulpt\u016bra i\u0161 metalo\" width=\"600\" height=\"552\" srcset=\"https:\/\/artistartas.com\/wp-content\/uploads\/2020\/12\/ant1.jpg 578w, https:\/\/artistartas.com\/wp-content\/uploads\/2020\/12\/ant1-300x276.jpg 300w\" sizes=\"(max-width: 600px) 100vw, 600px\" \/><\/a><\/figure>\r\n\r\n\r\n\r\n<figure class=\"wp-block-image is-resized\"><a href=\"http:\/\/artistartas.com\/wp-content\/uploads\/2020\/12\/ant10.jpg\"><img decoding=\"async\" loading=\"lazy\" class=\"wp-image-4186\" src=\"http:\/\/artistartas.com\/wp-content\/uploads\/2020\/12\/ant10.jpg\" alt=\"skruzd\u0117l\u0117 i\u0161 metalo\" width=\"598\" height=\"616\" srcset=\"https:\/\/artistartas.com\/wp-content\/uploads\/2020\/12\/ant10.jpg 532w, https:\/\/artistartas.com\/wp-content\/uploads\/2020\/12\/ant10-291x300.jpg 291w\" sizes=\"(max-width: 598px) 100vw, 598px\" \/><\/a><\/figure>\r\n\r\n\r\n\r\n<figure class=\"wp-block-image is-resized\"><a href=\"http:\/\/artistartas.com\/wp-content\/uploads\/2020\/12\/ant11.jpg\"><img decoding=\"async\" loading=\"lazy\" class=\"wp-image-4187\" src=\"http:\/\/artistartas.com\/wp-content\/uploads\/2020\/12\/ant11.jpg\" alt=\"steampunk skruzd\u0117l\u0117 i\u0161 rakand\u0173\" width=\"592\" height=\"758\" srcset=\"https:\/\/artistartas.com\/wp-content\/uploads\/2020\/12\/ant11.jpg 532w, https:\/\/artistartas.com\/wp-content\/uploads\/2020\/12\/ant11-234x300.jpg 234w\" sizes=\"(max-width: 592px) 100vw, 592px\" \/><\/a><\/figure>\r\n\r\n\r\n\r\n<figure class=\"wp-block-image is-resized\"><a href=\"http:\/\/artistartas.com\/wp-content\/uploads\/2020\/12\/ant12.jpg\"><img decoding=\"async\" loading=\"lazy\" class=\"wp-image-4189\" src=\"http:\/\/artistartas.com\/wp-content\/uploads\/2020\/12\/ant12.jpg\" alt=\"stimpank skruzd\u0117l\u0117 \" width=\"597\" height=\"502\" srcset=\"https:\/\/artistartas.com\/wp-content\/uploads\/2020\/12\/ant12.jpg 632w, https:\/\/artistartas.com\/wp-content\/uploads\/2020\/12\/ant12-600x505.jpg 600w, https:\/\/artistartas.com\/wp-content\/uploads\/2020\/12\/ant12-300x253.jpg 300w\" sizes=\"(max-width: 597px) 100vw, 597px\" \/><\/a><\/figure>\r\n\r\n\r\n\r\n<figure class=\"wp-block-image is-resized\"><a href=\"http:\/\/artistartas.com\/wp-content\/uploads\/2020\/12\/ant9.jpg\"><img decoding=\"async\" loading=\"lazy\" class=\"wp-image-4190\" src=\"http:\/\/artistartas.com\/wp-content\/uploads\/2020\/12\/ant9.jpg\" alt=\"menas is metalo\" width=\"596\" height=\"866\" srcset=\"https:\/\/artistartas.com\/wp-content\/uploads\/2020\/12\/ant9.jpg 532w, https:\/\/artistartas.com\/wp-content\/uploads\/2020\/12\/ant9-206x300.jpg 206w\" sizes=\"(max-width: 596px) 100vw, 596px\" \/><\/a><\/figure>\r\n\r\n\r\n\r\n<p>&nbsp;<\/p>\r\n","protected":false},"excerpt":{"rendered":"<p>Tai giganti\u0161ka skruzd\u0117l\u0117, lyginant su nat\u016braliu jos dyd\u017eiu. Savo sukauptoje metalo lau\u017eo kr\u016bvoje radau kelet\u0105 aliumini\u0173 indeli\u0173, kuriuos sud\u0117jus ma\u017e\u0117jan\u010dia tvarka gavau ka\u017ek\u0105, kas labai pana\u0161u \u012f skruzd\u0117s k\u016bno dal\u012f. Tai ir apsprend\u0117 jos bendr\u0105 dyd\u012f. Vabalas i\u0161\u0117jo grak\u0161tus, tiesa, ant galvos pritaisiau pro\u017eektori\u0173, kad geriau matyt\u0173 keli\u0105 klaid\u017eiuose skruzd\u0117lyno tuneliuose. Panaudotos detal\u0117s: . K\u016bnas&#8211; [&hellip;]<\/p>\n","protected":false},"featured_media":4191,"template":"","meta":{"om_disable_all_campaigns":false,"_exactmetrics_skip_tracking":false,"_exactmetrics_sitenote_active":false,"_exactmetrics_sitenote_note":"","_exactmetrics_sitenote_category":0,"_mi_skip_tracking":false,"_monsterinsights_sitenote_active":false,"_monsterinsights_sitenote_note":"","_monsterinsights_sitenote_category":0,"_uf_show_specific_survey":0,"_uf_disable_surveys":false},"product_cat":[134,539],"product_tag":[658,656,386,655,185,659,660,459,138,657,395],"aioseo_notices":[],"yoast_head":"<!-- This site is optimized with the Yoast SEO plugin v21.4 - https:\/\/yoast.com\/wordpress\/plugins\/seo\/ -->\n<title>Skruzd\u0117l\u0117 Metalo Skulpt\u016bra Meno K\u016briniai I\u0161 Metalo Ir Sendaik\u010di\u0173...<\/title>\n<meta name=\"description\" content=\"Tai giganti\u0161ka skruzd\u0117l\u0117, lyginant su nat\u016braliu jos dyd\u017eiu. Savo sukauptoje metalo lau\u017eo kr\u016bvoje radau kelet\u0105 aliumini\u0173 indeli\u0173, kuriuos...\" \/>\n<meta name=\"robots\" content=\"index, follow, max-snippet:-1, max-image-preview:large, max-video-preview:-1\" \/>\n<link rel=\"canonical\" href=\"https:\/\/artistartas.com\/lt\/produktas\/skruzdele\/\" \/>\n<meta property=\"og:locale\" content=\"lt_LT\" \/>\n<meta property=\"og:type\" content=\"article\" \/>\n<meta property=\"og:title\" content=\"Skruzd\u0117l\u0117 Metalo Skulpt\u016bra Meno K\u016briniai I\u0161 Metalo Ir Sendaik\u010di\u0173...\" \/>\n<meta property=\"og:description\" content=\"Tai giganti\u0161ka skruzd\u0117l\u0117, lyginant su nat\u016braliu jos dyd\u017eiu. Savo sukauptoje metalo lau\u017eo kr\u016bvoje radau kelet\u0105 aliumini\u0173 indeli\u0173, kuriuos...\" \/>\n<meta property=\"og:url\" content=\"https:\/\/artistartas.com\/lt\/produktas\/skruzdele\/\" \/>\n<meta property=\"og:site_name\" content=\"Art\u016bras Tama\u0161auskas\" \/>\n<meta property=\"article:modified_time\" content=\"2025-04-04T12:48:54+00:00\" \/>\n<meta property=\"og:image\" content=\"http:\/\/artistartas.com\/wp-content\/uploads\/2020\/12\/Skruzd\u0117-motin\u0117l\u0117-28x75x53cm-2019.jpg\" \/>\n\t<meta property=\"og:image:width\" content=\"532\" \/>\n\t<meta property=\"og:image:height\" content=\"532\" \/>\n\t<meta property=\"og:image:type\" content=\"image\/jpeg\" \/>\n<meta name=\"twitter:card\" content=\"summary_large_image\" \/>\n<meta name=\"twitter:label1\" content=\"Est. reading time\" \/>\n\t<meta name=\"twitter:data1\" content=\"2 minut\u0117s\" \/>\n<script type=\"application\/ld+json\" class=\"yoast-schema-graph\">{\"@context\":\"https:\/\/schema.org\",\"@graph\":[{\"@type\":\"WebPage\",\"@id\":\"https:\/\/artistartas.com\/lt\/produktas\/skruzdele\/\",\"url\":\"https:\/\/artistartas.com\/lt\/produktas\/skruzdele\/\",\"name\":\"Skruzd\u0117l\u0117 Metalo Skulpt\u016bra Meno K\u016briniai I\u0161 Metalo Ir Sendaik\u010di\u0173...\",\"isPartOf\":{\"@id\":\"https:\/\/artistartas.com\/#website\"},\"datePublished\":\"2020-12-14T10:32:04+00:00\",\"dateModified\":\"2025-04-04T12:48:54+00:00\",\"description\":\"Tai giganti\u0161ka skruzd\u0117l\u0117, lyginant su nat\u016braliu jos dyd\u017eiu. Savo sukauptoje metalo lau\u017eo kr\u016bvoje radau kelet\u0105 aliumini\u0173 indeli\u0173, kuriuos...\",\"breadcrumb\":{\"@id\":\"https:\/\/artistartas.com\/lt\/produktas\/skruzdele\/#breadcrumb\"},\"inLanguage\":\"lt-LT\",\"potentialAction\":[{\"@type\":\"ReadAction\",\"target\":[\"https:\/\/artistartas.com\/lt\/produktas\/skruzdele\/\"]}]},{\"@type\":\"BreadcrumbList\",\"@id\":\"https:\/\/artistartas.com\/lt\/produktas\/skruzdele\/#breadcrumb\",\"itemListElement\":[{\"@type\":\"ListItem\",\"position\":1,\"name\":\"Home\",\"item\":\"https:\/\/artistartas.com\/lt\/\"},{\"@type\":\"ListItem\",\"position\":2,\"name\":\"Steampunk stiliaus darbai\",\"item\":\"https:\/\/artistartas.com\/lt\/\"},{\"@type\":\"ListItem\",\"position\":3,\"name\":\"Skruzd\u0117l\u0117\"}]},{\"@type\":\"WebSite\",\"@id\":\"https:\/\/artistartas.com\/#website\",\"url\":\"https:\/\/artistartas.com\/\",\"name\":\"Art\u016bras Tama\u0161auskas\",\"description\":\"Kol kas tik dar vienas WordPress tinklalapis\",\"publisher\":{\"@id\":\"https:\/\/artistartas.com\/#\/schema\/person\/8c3fb50aefa8758c1dcb9858b0cb9ad8\"},\"potentialAction\":[{\"@type\":\"SearchAction\",\"target\":{\"@type\":\"EntryPoint\",\"urlTemplate\":\"https:\/\/artistartas.com\/?s={search_term_string}\"},\"query-input\":\"required name=search_term_string\"}],\"inLanguage\":\"lt-LT\"},{\"@type\":[\"Person\",\"Organization\"],\"@id\":\"https:\/\/artistartas.com\/#\/schema\/person\/8c3fb50aefa8758c1dcb9858b0cb9ad8\",\"name\":\"Art\u016bras Tama\u0161auskas\",\"image\":{\"@type\":\"ImageObject\",\"inLanguage\":\"lt-LT\",\"@id\":\"https:\/\/artistartas.com\/#\/schema\/person\/image\/\",\"url\":\"https:\/\/secure.gravatar.com\/avatar\/dd558d298c85a97bbea60bbd1872a1e4?s=96&d=mm&r=g\",\"contentUrl\":\"https:\/\/secure.gravatar.com\/avatar\/dd558d298c85a97bbea60bbd1872a1e4?s=96&d=mm&r=g\",\"caption\":\"Art\u016bras Tama\u0161auskas\"},\"logo\":{\"@id\":\"https:\/\/artistartas.com\/#\/schema\/person\/image\/\"}}]}<\/script>\n<!-- \/ Yoast SEO plugin. -->","yoast_head_json":{"title":"Skruzd\u0117l\u0117 Metalo Skulpt\u016bra Meno K\u016briniai I\u0161 Metalo Ir Sendaik\u010di\u0173...","description":"Tai giganti\u0161ka skruzd\u0117l\u0117, lyginant su nat\u016braliu jos dyd\u017eiu. Savo sukauptoje metalo lau\u017eo kr\u016bvoje radau kelet\u0105 aliumini\u0173 indeli\u0173, kuriuos...","robots":{"index":"index","follow":"follow","max-snippet":"max-snippet:-1","max-image-preview":"max-image-preview:large","max-video-preview":"max-video-preview:-1"},"canonical":"https:\/\/artistartas.com\/lt\/produktas\/skruzdele\/","og_locale":"lt_LT","og_type":"article","og_title":"Skruzd\u0117l\u0117 Metalo Skulpt\u016bra Meno K\u016briniai I\u0161 Metalo Ir Sendaik\u010di\u0173...","og_description":"Tai giganti\u0161ka skruzd\u0117l\u0117, lyginant su nat\u016braliu jos dyd\u017eiu. Savo sukauptoje metalo lau\u017eo kr\u016bvoje radau kelet\u0105 aliumini\u0173 indeli\u0173, kuriuos...","og_url":"https:\/\/artistartas.com\/lt\/produktas\/skruzdele\/","og_site_name":"Art\u016bras Tama\u0161auskas","article_modified_time":"2025-04-04T12:48:54+00:00","og_image":[{"width":532,"height":532,"url":"http:\/\/artistartas.com\/wp-content\/uploads\/2020\/12\/Skruzd\u0117-motin\u0117l\u0117-28x75x53cm-2019.jpg","type":"image\/jpeg"}],"twitter_card":"summary_large_image","twitter_misc":{"Est. reading time":"2 minut\u0117s"},"schema":{"@context":"https:\/\/schema.org","@graph":[{"@type":"WebPage","@id":"https:\/\/artistartas.com\/lt\/produktas\/skruzdele\/","url":"https:\/\/artistartas.com\/lt\/produktas\/skruzdele\/","name":"Skruzd\u0117l\u0117 Metalo Skulpt\u016bra Meno K\u016briniai I\u0161 Metalo Ir Sendaik\u010di\u0173...","isPartOf":{"@id":"https:\/\/artistartas.com\/#website"},"datePublished":"2020-12-14T10:32:04+00:00","dateModified":"2025-04-04T12:48:54+00:00","description":"Tai giganti\u0161ka skruzd\u0117l\u0117, lyginant su nat\u016braliu jos dyd\u017eiu. Savo sukauptoje metalo lau\u017eo kr\u016bvoje radau kelet\u0105 aliumini\u0173 indeli\u0173, kuriuos...","breadcrumb":{"@id":"https:\/\/artistartas.com\/lt\/produktas\/skruzdele\/#breadcrumb"},"inLanguage":"lt-LT","potentialAction":[{"@type":"ReadAction","target":["https:\/\/artistartas.com\/lt\/produktas\/skruzdele\/"]}]},{"@type":"BreadcrumbList","@id":"https:\/\/artistartas.com\/lt\/produktas\/skruzdele\/#breadcrumb","itemListElement":[{"@type":"ListItem","position":1,"name":"Home","item":"https:\/\/artistartas.com\/lt\/"},{"@type":"ListItem","position":2,"name":"Steampunk stiliaus darbai","item":"https:\/\/artistartas.com\/lt\/"},{"@type":"ListItem","position":3,"name":"Skruzd\u0117l\u0117"}]},{"@type":"WebSite","@id":"https:\/\/artistartas.com\/#website","url":"https:\/\/artistartas.com\/","name":"Art\u016bras Tama\u0161auskas","description":"Kol kas tik dar vienas WordPress tinklalapis","publisher":{"@id":"https:\/\/artistartas.com\/#\/schema\/person\/8c3fb50aefa8758c1dcb9858b0cb9ad8"},"potentialAction":[{"@type":"SearchAction","target":{"@type":"EntryPoint","urlTemplate":"https:\/\/artistartas.com\/?s={search_term_string}"},"query-input":"required name=search_term_string"}],"inLanguage":"lt-LT"},{"@type":["Person","Organization"],"@id":"https:\/\/artistartas.com\/#\/schema\/person\/8c3fb50aefa8758c1dcb9858b0cb9ad8","name":"Art\u016bras Tama\u0161auskas","image":{"@type":"ImageObject","inLanguage":"lt-LT","@id":"https:\/\/artistartas.com\/#\/schema\/person\/image\/","url":"https:\/\/secure.gravatar.com\/avatar\/dd558d298c85a97bbea60bbd1872a1e4?s=96&d=mm&r=g","contentUrl":"https:\/\/secure.gravatar.com\/avatar\/dd558d298c85a97bbea60bbd1872a1e4?s=96&d=mm&r=g","caption":"Art\u016bras Tama\u0161auskas"},"logo":{"@id":"https:\/\/artistartas.com\/#\/schema\/person\/image\/"}}]}},"_links":{"self":[{"href":"https:\/\/artistartas.com\/lt\/wp-json\/wp\/v2\/product\/4193"}],"collection":[{"href":"https:\/\/artistartas.com\/lt\/wp-json\/wp\/v2\/product"}],"about":[{"href":"https:\/\/artistartas.com\/lt\/wp-json\/wp\/v2\/types\/product"}],"wp:featuredmedia":[{"embeddable":true,"href":"https:\/\/artistartas.com\/lt\/wp-json\/wp\/v2\/media\/4191"}],"wp:attachment":[{"href":"https:\/\/artistartas.com\/lt\/wp-json\/wp\/v2\/media?parent=4193"}],"wp:term":[{"taxonomy":"product_cat","embeddable":true,"href":"https:\/\/artistartas.com\/lt\/wp-json\/wp\/v2\/product_cat?post=4193"},{"taxonomy":"product_tag","embeddable":true,"href":"https:\/\/artistartas.com\/lt\/wp-json\/wp\/v2\/product_tag?post=4193"}],"curies":[{"name":"wp","href":"https:\/\/api.w.org\/{rel}","templated":true}]}}