{"id":552,"date":"2015-08-08T13:18:18","date_gmt":"2015-08-08T13:18:18","guid":{"rendered":"http:\/\/wordpress.innoways.dev\/wp\/?page_id=552"},"modified":"2026-03-28T22:09:07","modified_gmt":"2026-03-28T20:09:07","slug":"contact","status":"publish","type":"page","link":"https:\/\/artistartas.com\/lt\/contact\/","title":{"rendered":"Kontaktai"},"content":{"rendered":"","protected":false},"excerpt":{"rendered":"","protected":false},"author":1,"featured_media":0,"parent":0,"menu_order":0,"comment_status":"closed","ping_status":"closed","template":"templates\/page-builder.php","meta":{"om_disable_all_campaigns":false,"_exactmetrics_skip_tracking":false,"_exactmetrics_sitenote_active":false,"_exactmetrics_sitenote_note":"","_exactmetrics_sitenote_category":0,"_mi_skip_tracking":false,"_monsterinsights_sitenote_active":false,"_monsterinsights_sitenote_note":"","_monsterinsights_sitenote_category":0,"_uf_show_specific_survey":0,"_uf_disable_surveys":false,"footnotes":""},"aioseo_notices":[],"yoast_head":"<!-- This site is optimized with the Yoast SEO plugin v21.4 - https:\/\/yoast.com\/wordpress\/plugins\/seo\/ -->\n<title>Kontaktai - Art\u016bras Tama\u0161auskas<\/title>\n<meta name=\"description\" content=\"Unikalios rank\u0173 darbo steampunk skulpt\u016bros. Susisiekite d\u0117l individuali\u0173 u\u017esakym\u0173 ir pristatymo visame pasaulyje.\" \/>\n<meta name=\"robots\" content=\"index, follow, max-snippet:-1, max-image-preview:large, max-video-preview:-1\" \/>\n<link rel=\"canonical\" href=\"https:\/\/artistartas.com\/lt\/contact\/\" \/>\n<meta property=\"og:locale\" content=\"lt_LT\" \/>\n<meta property=\"og:type\" content=\"article\" \/>\n<meta property=\"og:title\" content=\"Kontaktai - Art\u016bras Tama\u0161auskas\" \/>\n<meta property=\"og:description\" content=\"Unikalios rank\u0173 darbo steampunk skulpt\u016bros. Susisiekite d\u0117l individuali\u0173 u\u017esakym\u0173 ir pristatymo visame pasaulyje.\" \/>\n<meta property=\"og:url\" content=\"https:\/\/artistartas.com\/lt\/contact\/\" \/>\n<meta property=\"og:site_name\" content=\"Art\u016bras Tama\u0161auskas\" \/>\n<meta property=\"article:modified_time\" content=\"2026-03-28T20:09:07+00:00\" \/>\n<meta name=\"twitter:card\" content=\"summary_large_image\" \/>\n<script type=\"application\/ld+json\" class=\"yoast-schema-graph\">{\"@context\":\"https:\/\/schema.org\",\"@graph\":[{\"@type\":\"WebPage\",\"@id\":\"https:\/\/artistartas.com\/lt\/contact\/\",\"url\":\"https:\/\/artistartas.com\/lt\/contact\/\",\"name\":\"Kontaktai - Art\u016bras Tama\u0161auskas\",\"isPartOf\":{\"@id\":\"https:\/\/artistartas.com\/#website\"},\"datePublished\":\"2015-08-08T13:18:18+00:00\",\"dateModified\":\"2026-03-28T20:09:07+00:00\",\"description\":\"Unikalios rank\u0173 darbo steampunk skulpt\u016bros. Susisiekite d\u0117l individuali\u0173 u\u017esakym\u0173 ir pristatymo visame pasaulyje.\",\"breadcrumb\":{\"@id\":\"https:\/\/artistartas.com\/lt\/contact\/#breadcrumb\"},\"inLanguage\":\"lt-LT\",\"potentialAction\":[{\"@type\":\"ReadAction\",\"target\":[\"https:\/\/artistartas.com\/lt\/contact\/\"]}]},{\"@type\":\"BreadcrumbList\",\"@id\":\"https:\/\/artistartas.com\/lt\/contact\/#breadcrumb\",\"itemListElement\":[{\"@type\":\"ListItem\",\"position\":1,\"name\":\"Home\",\"item\":\"https:\/\/artistartas.com\/lt\/\"},{\"@type\":\"ListItem\",\"position\":2,\"name\":\"Kontaktai\"}]},{\"@type\":\"WebSite\",\"@id\":\"https:\/\/artistartas.com\/#website\",\"url\":\"https:\/\/artistartas.com\/\",\"name\":\"Art\u016bras Tama\u0161auskas\",\"description\":\"Kol kas tik dar vienas WordPress tinklalapis\",\"publisher\":{\"@id\":\"https:\/\/artistartas.com\/#\/schema\/person\/8c3fb50aefa8758c1dcb9858b0cb9ad8\"},\"potentialAction\":[{\"@type\":\"SearchAction\",\"target\":{\"@type\":\"EntryPoint\",\"urlTemplate\":\"https:\/\/artistartas.com\/?s={search_term_string}\"},\"query-input\":\"required name=search_term_string\"}],\"inLanguage\":\"lt-LT\"},{\"@type\":[\"Person\",\"Organization\"],\"@id\":\"https:\/\/artistartas.com\/#\/schema\/person\/8c3fb50aefa8758c1dcb9858b0cb9ad8\",\"name\":\"Art\u016bras Tama\u0161auskas\",\"image\":{\"@type\":\"ImageObject\",\"inLanguage\":\"lt-LT\",\"@id\":\"https:\/\/artistartas.com\/#\/schema\/person\/image\/\",\"url\":\"https:\/\/secure.gravatar.com\/avatar\/dd558d298c85a97bbea60bbd1872a1e4?s=96&d=mm&r=g\",\"contentUrl\":\"https:\/\/secure.gravatar.com\/avatar\/dd558d298c85a97bbea60bbd1872a1e4?s=96&d=mm&r=g\",\"caption\":\"Art\u016bras Tama\u0161auskas\"},\"logo\":{\"@id\":\"https:\/\/artistartas.com\/#\/schema\/person\/image\/\"}}]}<\/script>\n<!-- \/ Yoast SEO plugin. -->","yoast_head_json":{"title":"Kontaktai - Art\u016bras Tama\u0161auskas","description":"Unikalios rank\u0173 darbo steampunk skulpt\u016bros. Susisiekite d\u0117l individuali\u0173 u\u017esakym\u0173 ir pristatymo visame pasaulyje.","robots":{"index":"index","follow":"follow","max-snippet":"max-snippet:-1","max-image-preview":"max-image-preview:large","max-video-preview":"max-video-preview:-1"},"canonical":"https:\/\/artistartas.com\/lt\/contact\/","og_locale":"lt_LT","og_type":"article","og_title":"Kontaktai - Art\u016bras Tama\u0161auskas","og_description":"Unikalios rank\u0173 darbo steampunk skulpt\u016bros. Susisiekite d\u0117l individuali\u0173 u\u017esakym\u0173 ir pristatymo visame pasaulyje.","og_url":"https:\/\/artistartas.com\/lt\/contact\/","og_site_name":"Art\u016bras Tama\u0161auskas","article_modified_time":"2026-03-28T20:09:07+00:00","twitter_card":"summary_large_image","schema":{"@context":"https:\/\/schema.org","@graph":[{"@type":"WebPage","@id":"https:\/\/artistartas.com\/lt\/contact\/","url":"https:\/\/artistartas.com\/lt\/contact\/","name":"Kontaktai - Art\u016bras Tama\u0161auskas","isPartOf":{"@id":"https:\/\/artistartas.com\/#website"},"datePublished":"2015-08-08T13:18:18+00:00","dateModified":"2026-03-28T20:09:07+00:00","description":"Unikalios rank\u0173 darbo steampunk skulpt\u016bros. Susisiekite d\u0117l individuali\u0173 u\u017esakym\u0173 ir pristatymo visame pasaulyje.","breadcrumb":{"@id":"https:\/\/artistartas.com\/lt\/contact\/#breadcrumb"},"inLanguage":"lt-LT","potentialAction":[{"@type":"ReadAction","target":["https:\/\/artistartas.com\/lt\/contact\/"]}]},{"@type":"BreadcrumbList","@id":"https:\/\/artistartas.com\/lt\/contact\/#breadcrumb","itemListElement":[{"@type":"ListItem","position":1,"name":"Home","item":"https:\/\/artistartas.com\/lt\/"},{"@type":"ListItem","position":2,"name":"Kontaktai"}]},{"@type":"WebSite","@id":"https:\/\/artistartas.com\/#website","url":"https:\/\/artistartas.com\/","name":"Art\u016bras Tama\u0161auskas","description":"Kol kas tik dar vienas WordPress tinklalapis","publisher":{"@id":"https:\/\/artistartas.com\/#\/schema\/person\/8c3fb50aefa8758c1dcb9858b0cb9ad8"},"potentialAction":[{"@type":"SearchAction","target":{"@type":"EntryPoint","urlTemplate":"https:\/\/artistartas.com\/?s={search_term_string}"},"query-input":"required name=search_term_string"}],"inLanguage":"lt-LT"},{"@type":["Person","Organization"],"@id":"https:\/\/artistartas.com\/#\/schema\/person\/8c3fb50aefa8758c1dcb9858b0cb9ad8","name":"Art\u016bras Tama\u0161auskas","image":{"@type":"ImageObject","inLanguage":"lt-LT","@id":"https:\/\/artistartas.com\/#\/schema\/person\/image\/","url":"https:\/\/secure.gravatar.com\/avatar\/dd558d298c85a97bbea60bbd1872a1e4?s=96&d=mm&r=g","contentUrl":"https:\/\/secure.gravatar.com\/avatar\/dd558d298c85a97bbea60bbd1872a1e4?s=96&d=mm&r=g","caption":"Art\u016bras Tama\u0161auskas"},"logo":{"@id":"https:\/\/artistartas.com\/#\/schema\/person\/image\/"}}]}},"_links":{"self":[{"href":"https:\/\/artistartas.com\/lt\/wp-json\/wp\/v2\/pages\/552"}],"collection":[{"href":"https:\/\/artistartas.com\/lt\/wp-json\/wp\/v2\/pages"}],"about":[{"href":"https:\/\/artistartas.com\/lt\/wp-json\/wp\/v2\/types\/page"}],"author":[{"embeddable":true,"href":"https:\/\/artistartas.com\/lt\/wp-json\/wp\/v2\/users\/1"}],"replies":[{"embeddable":true,"href":"https:\/\/artistartas.com\/lt\/wp-json\/wp\/v2\/comments?post=552"}],"version-history":[{"count":2,"href":"https:\/\/artistartas.com\/lt\/wp-json\/wp\/v2\/pages\/552\/revisions"}],"predecessor-version":[{"id":3341,"href":"https:\/\/artistartas.com\/lt\/wp-json\/wp\/v2\/pages\/552\/revisions\/3341"}],"wp:attachment":[{"href":"https:\/\/artistartas.com\/lt\/wp-json\/wp\/v2\/media?parent=552"}],"curies":[{"name":"wp","href":"https:\/\/api.w.org\/{rel}","templated":true}]}}