{"id":5325,"date":"2024-12-25T12:59:16","date_gmt":"2024-12-25T10:59:16","guid":{"rendered":"https:\/\/artistartas.com\/?page_id=5325"},"modified":"2024-12-25T16:44:36","modified_gmt":"2024-12-25T14:44:36","slug":"5325-2","status":"publish","type":"page","link":"https:\/\/artistartas.com\/lt\/5325-2\/","title":{"rendered":"Gra\u017einimo garantija"},"content":{"rendered":"\n<p><\/p>\n\n\n\n<p>M\u016bs\u0173 tikslas ArtistArtas.com yra u\u017etikrinti, kad esate visi\u0161kai patenkinti \u012fsigytais meno k\u016briniais. Nesvarbu, ar tai skulpt\u016bra, ar asamblia\u017eas, jei d\u0117l koki\u0173 nors prie\u017eas\u010di\u0173 norite gr\u0105\u017einti prek\u0119, susipa\u017einkite su tokia gr\u0105\u017einimo politikos informacija:<\/p>\n\n\n\n<p><strong>Meno k\u016brini\u0173 gr\u0105\u017einimo laikotarpis<\/strong><\/p>\n\n\n\n<p>Klientai prekes gali gr\u0105\u017einti per 14 kalendorini\u0173 dien\u0173 nuo j\u0173 gavimo dienos.<\/p>\n\n\n\n<p><strong>Gr\u0105\u017einimo s\u0105lygos:<\/strong><\/p>\n\n\n\n<p>Meno k\u016brinys turi b\u016bti gr\u0105\u017einamas nepa\u017eeistas, nepa\u017eeistas ir originalioje pakuot\u0117je.<\/p>\n\n\n\n<p>Kartu su gr\u0105\u017einama preke turi b\u016bti pateikti visi lydintys dokumentai (pvz., s\u0105skaita fakt\u016bra, sertifikatai) ir priedai.<\/p>\n\n\n\n<p><strong>\u017dalos tvarkymas transportavimo metu<\/strong><\/p>\n\n\n\n<p>Jei j\u016bs\u0173 meno k\u016brinys atkeliauja sugadintas d\u0117l transportavimo problem\u0173, nedelsdami susisiekite su mumis. Pateikite prek\u0119 kartu su visais atitinkamais gabenimo dokumentais ir sugadinimo nuotraukas.<\/p>\n\n\n\n<p><strong>Kaip inicijuoti gr\u0105\u017einim\u0105<\/strong><\/p>\n\n\n\n<p>Nor\u0117dami prad\u0117ti gr\u0105\u017einimo proces\u0105, para\u0161ykite mums el. pa\u0161tu <mark style=\"background-color:rgba(0, 0, 0, 0)\" class=\"has-inline-color has-vivid-cyan-blue-color\">info@artistartas.com<\/mark>. \u012etraukite savo u\u017esakymo numer\u012f ir gr\u0105\u017einimo prie\u017east\u012f.<\/p>\n\n\n\n<p>Pateiksime ai\u0161kias instrukcijas, kaip gr\u0105\u017einti prek\u0119.<\/p>\n\n\n\n<p><strong>Gr\u0105\u017einimo siuntimo i\u0161laidos<\/strong><\/p>\n\n\n\n<p>Gr\u0105\u017einant d\u0117l \u200b\u200basmenini\u0173 sprendim\u0173, pirk\u0117jas yra atsakingas u\u017e gr\u0105\u017einimo siuntimo i\u0161laid\u0173 padengim\u0105.<\/p>\n\n\n\n<p>Jei prek\u0117 buvo pristatyta nekokybi\u0161ka ar netinkama, ArtistArtas.com padengs visas gr\u0105\u017einimo i\u0161laidas.<\/p>\n\n\n\n<p><strong>Gr\u0105\u017einimo politika<\/strong><\/p>\n\n\n\n<p>Kai gr\u0105\u017einamas meno k\u016brinys bus gautas ir patikrintas, pinigai bus gr\u0105\u017einti. L\u0117\u0161os bus pervestos \u012f j\u016bs\u0173 banko s\u0105skait\u0105 per 14 dien\u0173.<\/p>\n\n\n\n<p>Kod\u0117l verta pirkti su ArtistArtas.com? Esame \u012fsipareigoj\u0119 teikti auk\u0161tos kokyb\u0117s skulpt\u016bras ir asamblia\u017eus, kurie pagerins j\u016bs\u0173 erdv\u0119 meni\u0161ku gro\u017eiu. Jei turite klausim\u0173 ar r\u016bpes\u010di\u0173, m\u016bs\u0173 komanda visada pasiruo\u0161usi pad\u0117ti. Susisiekite su mumis el. pa\u0161tu <mark style=\"background-color:rgba(0, 0, 0, 0)\" class=\"has-inline-color has-vivid-cyan-blue-color\">info@artistartas.com<\/mark>.<\/p>\n\n\n\n<p>Pirkdami i\u0161 ArtistArtas.com sutinkate su \u0161iomis gr\u0105\u017einimo taisykl\u0117mis. D\u0117kojame, kad pasirinkote m\u016bs\u0173 unikalius ir \u012fkvepian\u010dius k\u016brinius!<\/p>\n","protected":false},"excerpt":{"rendered":"<p>M\u016bs\u0173 tikslas ArtistArtas.com yra u\u017etikrinti, kad esate visi\u0161kai patenkinti \u012fsigytais meno k\u016briniais. Nesvarbu, ar tai skulpt\u016bra, ar asamblia\u017eas, jei d\u0117l koki\u0173 nors prie\u017eas\u010di\u0173 norite gr\u0105\u017einti prek\u0119, susipa\u017einkite su tokia gr\u0105\u017einimo politikos informacija: Meno k\u016brini\u0173 gr\u0105\u017einimo laikotarpis Klientai prekes gali gr\u0105\u017einti per 14 kalendorini\u0173 dien\u0173 nuo j\u0173 gavimo dienos. Gr\u0105\u017einimo s\u0105lygos: Meno k\u016brinys turi b\u016bti gr\u0105\u017einamas [&hellip;]<\/p>\n","protected":false},"author":1,"featured_media":0,"parent":0,"menu_order":0,"comment_status":"closed","ping_status":"closed","template":"","meta":{"om_disable_all_campaigns":false,"_exactmetrics_skip_tracking":false,"_exactmetrics_sitenote_active":false,"_exactmetrics_sitenote_note":"","_exactmetrics_sitenote_category":0,"_mi_skip_tracking":false,"_monsterinsights_sitenote_active":false,"_monsterinsights_sitenote_note":"","_monsterinsights_sitenote_category":0,"_uf_show_specific_survey":0,"_uf_disable_surveys":false,"footnotes":""},"aioseo_notices":[],"yoast_head":"<!-- This site is optimized with the Yoast SEO plugin v21.4 - https:\/\/yoast.com\/wordpress\/plugins\/seo\/ -->\n<title>Gra\u017einimo garantija - Art\u016bras Tama\u0161auskas<\/title>\n<meta name=\"robots\" content=\"index, follow, max-snippet:-1, max-image-preview:large, max-video-preview:-1\" \/>\n<link rel=\"canonical\" href=\"https:\/\/artistartas.com\/lt\/5325-2\/\" \/>\n<meta property=\"og:locale\" content=\"lt_LT\" \/>\n<meta property=\"og:type\" content=\"article\" \/>\n<meta property=\"og:title\" content=\"Gra\u017einimo garantija - Art\u016bras Tama\u0161auskas\" \/>\n<meta property=\"og:description\" content=\"M\u016bs\u0173 tikslas ArtistArtas.com yra u\u017etikrinti, kad esate visi\u0161kai patenkinti \u012fsigytais meno k\u016briniais. Nesvarbu, ar tai skulpt\u016bra, ar asamblia\u017eas, jei d\u0117l koki\u0173 nors prie\u017eas\u010di\u0173 norite gr\u0105\u017einti prek\u0119, susipa\u017einkite su tokia gr\u0105\u017einimo politikos informacija: Meno k\u016brini\u0173 gr\u0105\u017einimo laikotarpis Klientai prekes gali gr\u0105\u017einti per 14 kalendorini\u0173 dien\u0173 nuo j\u0173 gavimo dienos. Gr\u0105\u017einimo s\u0105lygos: Meno k\u016brinys turi b\u016bti gr\u0105\u017einamas [&hellip;]\" \/>\n<meta property=\"og:url\" content=\"https:\/\/artistartas.com\/lt\/5325-2\/\" \/>\n<meta property=\"og:site_name\" content=\"Art\u016bras Tama\u0161auskas\" \/>\n<meta property=\"article:modified_time\" content=\"2024-12-25T14:44:36+00:00\" \/>\n<meta name=\"twitter:card\" content=\"summary_large_image\" \/>\n<meta name=\"twitter:label1\" content=\"Est. reading time\" \/>\n\t<meta name=\"twitter:data1\" content=\"2 minut\u0117s\" \/>\n<script type=\"application\/ld+json\" class=\"yoast-schema-graph\">{\"@context\":\"https:\/\/schema.org\",\"@graph\":[{\"@type\":\"WebPage\",\"@id\":\"https:\/\/artistartas.com\/lt\/5325-2\/\",\"url\":\"https:\/\/artistartas.com\/lt\/5325-2\/\",\"name\":\"Gra\u017einimo garantija - Art\u016bras Tama\u0161auskas\",\"isPartOf\":{\"@id\":\"https:\/\/artistartas.com\/#website\"},\"datePublished\":\"2024-12-25T10:59:16+00:00\",\"dateModified\":\"2024-12-25T14:44:36+00:00\",\"breadcrumb\":{\"@id\":\"https:\/\/artistartas.com\/lt\/5325-2\/#breadcrumb\"},\"inLanguage\":\"lt-LT\",\"potentialAction\":[{\"@type\":\"ReadAction\",\"target\":[\"https:\/\/artistartas.com\/lt\/5325-2\/\"]}]},{\"@type\":\"BreadcrumbList\",\"@id\":\"https:\/\/artistartas.com\/lt\/5325-2\/#breadcrumb\",\"itemListElement\":[{\"@type\":\"ListItem\",\"position\":1,\"name\":\"Home\",\"item\":\"https:\/\/artistartas.com\/lt\/\"},{\"@type\":\"ListItem\",\"position\":2,\"name\":\"Gra\u017einimo garantija\"}]},{\"@type\":\"WebSite\",\"@id\":\"https:\/\/artistartas.com\/#website\",\"url\":\"https:\/\/artistartas.com\/\",\"name\":\"Art\u016bras Tama\u0161auskas\",\"description\":\"Kol kas tik dar vienas WordPress tinklalapis\",\"publisher\":{\"@id\":\"https:\/\/artistartas.com\/#\/schema\/person\/8c3fb50aefa8758c1dcb9858b0cb9ad8\"},\"potentialAction\":[{\"@type\":\"SearchAction\",\"target\":{\"@type\":\"EntryPoint\",\"urlTemplate\":\"https:\/\/artistartas.com\/?s={search_term_string}\"},\"query-input\":\"required name=search_term_string\"}],\"inLanguage\":\"lt-LT\"},{\"@type\":[\"Person\",\"Organization\"],\"@id\":\"https:\/\/artistartas.com\/#\/schema\/person\/8c3fb50aefa8758c1dcb9858b0cb9ad8\",\"name\":\"Art\u016bras Tama\u0161auskas\",\"image\":{\"@type\":\"ImageObject\",\"inLanguage\":\"lt-LT\",\"@id\":\"https:\/\/artistartas.com\/#\/schema\/person\/image\/\",\"url\":\"https:\/\/secure.gravatar.com\/avatar\/dd558d298c85a97bbea60bbd1872a1e4?s=96&d=mm&r=g\",\"contentUrl\":\"https:\/\/secure.gravatar.com\/avatar\/dd558d298c85a97bbea60bbd1872a1e4?s=96&d=mm&r=g\",\"caption\":\"Art\u016bras Tama\u0161auskas\"},\"logo\":{\"@id\":\"https:\/\/artistartas.com\/#\/schema\/person\/image\/\"}}]}<\/script>\n<!-- \/ Yoast SEO plugin. -->","yoast_head_json":{"title":"Gra\u017einimo garantija - Art\u016bras Tama\u0161auskas","robots":{"index":"index","follow":"follow","max-snippet":"max-snippet:-1","max-image-preview":"max-image-preview:large","max-video-preview":"max-video-preview:-1"},"canonical":"https:\/\/artistartas.com\/lt\/5325-2\/","og_locale":"lt_LT","og_type":"article","og_title":"Gra\u017einimo garantija - Art\u016bras Tama\u0161auskas","og_description":"M\u016bs\u0173 tikslas ArtistArtas.com yra u\u017etikrinti, kad esate visi\u0161kai patenkinti \u012fsigytais meno k\u016briniais. Nesvarbu, ar tai skulpt\u016bra, ar asamblia\u017eas, jei d\u0117l koki\u0173 nors prie\u017eas\u010di\u0173 norite gr\u0105\u017einti prek\u0119, susipa\u017einkite su tokia gr\u0105\u017einimo politikos informacija: Meno k\u016brini\u0173 gr\u0105\u017einimo laikotarpis Klientai prekes gali gr\u0105\u017einti per 14 kalendorini\u0173 dien\u0173 nuo j\u0173 gavimo dienos. Gr\u0105\u017einimo s\u0105lygos: Meno k\u016brinys turi b\u016bti gr\u0105\u017einamas [&hellip;]","og_url":"https:\/\/artistartas.com\/lt\/5325-2\/","og_site_name":"Art\u016bras Tama\u0161auskas","article_modified_time":"2024-12-25T14:44:36+00:00","twitter_card":"summary_large_image","twitter_misc":{"Est. reading time":"2 minut\u0117s"},"schema":{"@context":"https:\/\/schema.org","@graph":[{"@type":"WebPage","@id":"https:\/\/artistartas.com\/lt\/5325-2\/","url":"https:\/\/artistartas.com\/lt\/5325-2\/","name":"Gra\u017einimo garantija - Art\u016bras Tama\u0161auskas","isPartOf":{"@id":"https:\/\/artistartas.com\/#website"},"datePublished":"2024-12-25T10:59:16+00:00","dateModified":"2024-12-25T14:44:36+00:00","breadcrumb":{"@id":"https:\/\/artistartas.com\/lt\/5325-2\/#breadcrumb"},"inLanguage":"lt-LT","potentialAction":[{"@type":"ReadAction","target":["https:\/\/artistartas.com\/lt\/5325-2\/"]}]},{"@type":"BreadcrumbList","@id":"https:\/\/artistartas.com\/lt\/5325-2\/#breadcrumb","itemListElement":[{"@type":"ListItem","position":1,"name":"Home","item":"https:\/\/artistartas.com\/lt\/"},{"@type":"ListItem","position":2,"name":"Gra\u017einimo garantija"}]},{"@type":"WebSite","@id":"https:\/\/artistartas.com\/#website","url":"https:\/\/artistartas.com\/","name":"Art\u016bras Tama\u0161auskas","description":"Kol kas tik dar vienas WordPress tinklalapis","publisher":{"@id":"https:\/\/artistartas.com\/#\/schema\/person\/8c3fb50aefa8758c1dcb9858b0cb9ad8"},"potentialAction":[{"@type":"SearchAction","target":{"@type":"EntryPoint","urlTemplate":"https:\/\/artistartas.com\/?s={search_term_string}"},"query-input":"required name=search_term_string"}],"inLanguage":"lt-LT"},{"@type":["Person","Organization"],"@id":"https:\/\/artistartas.com\/#\/schema\/person\/8c3fb50aefa8758c1dcb9858b0cb9ad8","name":"Art\u016bras Tama\u0161auskas","image":{"@type":"ImageObject","inLanguage":"lt-LT","@id":"https:\/\/artistartas.com\/#\/schema\/person\/image\/","url":"https:\/\/secure.gravatar.com\/avatar\/dd558d298c85a97bbea60bbd1872a1e4?s=96&d=mm&r=g","contentUrl":"https:\/\/secure.gravatar.com\/avatar\/dd558d298c85a97bbea60bbd1872a1e4?s=96&d=mm&r=g","caption":"Art\u016bras Tama\u0161auskas"},"logo":{"@id":"https:\/\/artistartas.com\/#\/schema\/person\/image\/"}}]}},"_links":{"self":[{"href":"https:\/\/artistartas.com\/lt\/wp-json\/wp\/v2\/pages\/5325"}],"collection":[{"href":"https:\/\/artistartas.com\/lt\/wp-json\/wp\/v2\/pages"}],"about":[{"href":"https:\/\/artistartas.com\/lt\/wp-json\/wp\/v2\/types\/page"}],"author":[{"embeddable":true,"href":"https:\/\/artistartas.com\/lt\/wp-json\/wp\/v2\/users\/1"}],"replies":[{"embeddable":true,"href":"https:\/\/artistartas.com\/lt\/wp-json\/wp\/v2\/comments?post=5325"}],"version-history":[{"count":8,"href":"https:\/\/artistartas.com\/lt\/wp-json\/wp\/v2\/pages\/5325\/revisions"}],"predecessor-version":[{"id":5346,"href":"https:\/\/artistartas.com\/lt\/wp-json\/wp\/v2\/pages\/5325\/revisions\/5346"}],"wp:attachment":[{"href":"https:\/\/artistartas.com\/lt\/wp-json\/wp\/v2\/media?parent=5325"}],"curies":[{"name":"wp","href":"https:\/\/api.w.org\/{rel}","templated":true}]}}