{"id":226,"date":"2015-08-06T13:57:13","date_gmt":"2015-08-06T13:57:13","guid":{"rendered":"http:\/\/wordpress.innoways.dev\/wp\/?page_id=226"},"modified":"2025-11-01T18:16:41","modified_gmt":"2025-11-01T16:16:41","slug":"about","status":"publish","type":"page","link":"https:\/\/artistartas.com\/lt\/about\/","title":{"rendered":"Apie mane"},"content":{"rendered":"<div style=\"text-align: left;\">\u00a0Art\u016bras gim\u0117 1963 m. Anyk\u0161\u010di\u0173 rajone, Vie\u0161intose, dail\u0117s ir muzikos aplinkoje (t\u0117vai). Tai, matyt, ir paskatino rinktis meno krypties profesij\u0105. 1984 metais \u012fstoja \u012f Tel\u0161i\u0173 taikomosios dail\u0117s technikum\u0105 (dabar VDA Tel\u0161i\u0173 fakultetas) ir s\u0117kmingai studijuoja, vertina pasirinkt\u0105 studij\u0173 krypt\u012f ir 1989 m. baigia studijas \u012fgydamas metalo dailininko kvalifikacij\u0105. Po studij\u0173 paskiriamas\u00a0ir dirba Klaip\u0117dos dail\u0117s kombinate juvelyru &#8211; graveriu. Dirbo iki kombinato u\u017edarymo. Po to prasideda savaranki\u0161ka k\u016brybin\u0117 veikla, kuri t\u0119siasi iki \u0161iolei.<\/div>\n<div style=\"text-align: left;\"><\/div>\n<div style=\"text-align: left;\">Art\u016bras s\u0117kmingai kuria ma\u017e\u0173j\u0173 form\u0173 skulpt\u016bras da\u017enai naudodamas\u00a0<b>ready made\u00a0<\/b>priemones. K\u016brybos stilistika artima\u00a0<b>steampunk\u00a0<\/b>kult\u016briniam jud\u0117jimui, ta\u010diau su savitu po\u017ei\u016briu \u012f tai. Naujai \u012ftaigi plastika ir priemon\u0117s i\u0161 daikt\u0173, ka\u017ekada tur\u0117jusi\u0173 visai kit\u0105 gyvenim\u0105 (paskirt\u012f), gr\u012f\u017eta \u012f nauj\u0105 n\u016bdienos laik\u0105, sukeliant dvejopus jausmus. Gaunamas k\u016brinys naujai emocinei patir\u010diai praple\u010dia jausmin\u012f ry\u0161\u012f tarp buvusio ir naujai gimstan\u010dio objekto. Gerai \u012fvaldytos specifin\u0117s med\u017eiagos ir profesionalus tradicini\u0173 ir nauj\u0173 technologij\u0173 taikymas (specialios studijos ir\u00a0ilgalaik\u0117 praktika) duoda k\u016brybin\u012f rezultat\u0105. Art\u016bro k\u016briniai esteti\u0161kai \u012ftaig\u016bs, jaudinantys ir skatinantys teigiam\u0105 emocij\u0105 su lengva humoro doze.<\/div>\n<div style=\"text-align: left;\">Menininkas, pajut\u0119s Viktorijos epochos mechanizm\u0173 romantik\u0105, meistri\u0161kai \u012fvald\u0119s perdirbini\u0173 technologijas teigia \u012fgaun\u0105s k\u016brybin\u0119 laisv\u0119, geb\u0117jim\u0105 matyti realyb\u0117je neegzistuojan\u010dius\u00a0dalykus. Keli\u0173 epoch\u0173 kult\u016br\u0173 jungimas duoda netik\u0117t\u0105 rezultat\u0105 ir pa\u010diam autoriui.<\/div>\n<div><\/div>\n<div style=\"text-align: left;\">Dar viena rai\u0161kos forma &#8211; interjero dekoravimas ilgainiui tap\u0119s\u00a0tapyba, kartu ri\u0161ant su interjero reljefine, tapybine metalo plastika.<\/div>\n<div style=\"text-align: left;\">Labai reik\u0161minga Art\u016bro k\u016bryboje jo pilietin\u0117 pozicija. Laikydamasis principo kurti ekologi\u0161kai tausojant aplinkos men\u0105, naudojant kitur nebepanaudojamas ir aplinkai nekenkian\u010dias med\u017eiagas, kurti k\u016brinius savo temomis ir siu\u017eetais bylojan\u010dius saugi\u0105 taiki\u0105 aplink\u0105.<\/div>\n<div style=\"text-align: left;\"><\/div>\n<div style=\"text-align: left;\">Autoriaus k\u016brybos vertintojas \u012fvairus &#8211; nuo neturin\u010dio gilesn\u0117s dail\u0117s patirties iki geban\u010dio profesionaliai vertinti naujus k\u016brybinius rei\u0161kinius suvokian\u010dio \u017ei\u016brovo.<\/div>\n<div style=\"text-align: left;\">Art\u016bro parodos nelieka be atgarsio. K\u016brinius \u012fsigyja ir vertina kolekcininkai. Darb\u0173 yra \u012fsigij\u0119 Lietuvos, Lenkijos, Olandijos, Vokietijos, Belgijos, Pranc\u016bzijos, Ispanijos, JAV, Australijos, Kinijos ir kit\u0173 \u0161ali\u0173 kolekcininkai ir muziejai.<\/div>\n<div><\/div>\n<div><\/div>\n<div>\u00a0 \u00a0 \u00a0 \u00a0 \u00a0 \u00a0 \u00a0 \u00a0 \u00a0 \u00a0 \u00a0 \u00a0 \u00a0 \u00a0 \u00a0 \u00a0 \u00a0 \u00a0 \u00a0 \u00a0 \u00a0 \u00a0 \u00a0 \u00a0 \u00a0 \u00a0 \u00a0 \u00a0 \u00a0 \u00a0 \u00a0 \u00a0 \u00a0 \u00a0Romualdas In\u010dirauskas VDA Tel\u0161i\u0173 fakulteto prof.<\/div>\n<div>\u00a0 \u00a0 \u00a0 \u00a0 \u00a0 \u00a0 \u00a0 \u00a0 \u00a0 \u00a0 \u00a0 \u00a0 \u00a0 \u00a0 \u00a0 \u00a0 \u00a0 \u00a0 \u00a0 \u00a0 \u00a0 \u00a0 \u00a0 \u00a0 \u00a0 \u00a0 \u00a0 \u00a0 \u00a0 \u00a0 \u00a0 \u00a0 \u00a0 \u00a0LDS narys nuo 1986m.<\/div>\n<div><\/div>\n<div><\/div>\n<div><strong>PERSONALIN\u0116S PARODOS :<\/strong><\/div>\n<div><\/div>\n<div>2022 ,, Stimpankomania,, galerija ,,Autoportretas ,, Vilnius, Lietuva<br \/>\n2022 ,, Reikia pamatyti,, Naujoji Klaip\u0117dos galerija, Klaip\u0117da, Lietuva<br \/>\n2021 ,,Lau\u017eyn\u0173 didvyriai&#8221; ,,R\u016bt\u0173&#8221; galerija Klaip\u0117da, Lietuva<br \/>\n2018 Naujoji Klaip\u0117dos galerija ,,Antras \u0161ansas. Transformacija &#8221; Klaip\u0117da, Lietuva<\/div>\n<div><\/div>\n<div><\/div>\n<div><strong>GRUPIN\u0116S PARODOS :<\/strong><\/div>\n<div><\/div>\n<div>2024 A.Tama\u0161auskas(Mutacija) G.Pankevi\u010dius(Apie vanden\u012f, v\u0117j\u0105, laivus ir \u017euv\u0117dras) Naujoji Klaip\u0117dos galerija,Lietuva<\/div>\n<div>2023 ,,Menas be stogo,, Vilnius, Lietuva<br \/>\n2023 Faktas-Forma \/ Fact-Form ,,Bronzos am\u017eius,, Klaip\u0117da, Lietuva<br \/>\n2023 Kolektyvin\u0117 ekspresyvios tapybos ir meno objekt\u0173 paroda ,, Kolekcija ,, Kaunas, Lietuva<br \/>\n2022 \u201eParallax Art Fair\u201c Londonas, Jungtin\u0117 Karalyst\u0117<br \/>\n2020 &#8222;Vakar\u0173 v\u0117jai 20&#8243; (Ne) Priklausomi &#8221; Klaip\u0117da, Lietuva<br \/>\n2019 LDS Klaip\u0117dos filialo meno festivalio Faktas-Forma\u00a0 Klaip\u0117da, Lietuva<br \/>\n2019 Projektas \u201eMenas be stogo\u201c Vilnius, Lietuva<br \/>\n2014 Meno Forumas Homo Ludens XVII\u00a0 Jonava, Lietuva<\/div>\n<div><\/div>\n<div><\/div>\n<div style=\"text-align: left;\"><\/div>\n<div><\/div>\n<div><\/div>\n<div style=\"text-align: left;\"><\/div>\n<div><\/div>\n<div><\/div>\n<div style=\"text-align: left;\"><\/div>\n<div style=\"text-align: left;\"><\/div>\n<div style=\"text-align: left;\"><\/div>\n","protected":false},"excerpt":{"rendered":"<p>\u00a0Art\u016bras gim\u0117 1963 m. Anyk\u0161\u010di\u0173 rajone, Vie\u0161intose, dail\u0117s ir muzikos aplinkoje (t\u0117vai). Tai, matyt, ir paskatino rinktis meno krypties profesij\u0105. 1984 metais \u012fstoja \u012f Tel\u0161i\u0173 taikomosios dail\u0117s technikum\u0105 (dabar VDA Tel\u0161i\u0173 fakultetas) ir s\u0117kmingai studijuoja, vertina pasirinkt\u0105 studij\u0173 krypt\u012f ir 1989 m. baigia studijas \u012fgydamas metalo dailininko kvalifikacij\u0105. Po studij\u0173 paskiriamas\u00a0ir dirba Klaip\u0117dos dail\u0117s kombinate [&hellip;]<\/p>\n","protected":false},"author":1,"featured_media":0,"parent":0,"menu_order":0,"comment_status":"closed","ping_status":"open","template":"","meta":{"om_disable_all_campaigns":false,"_exactmetrics_skip_tracking":false,"_exactmetrics_sitenote_active":false,"_exactmetrics_sitenote_note":"","_exactmetrics_sitenote_category":0,"_mi_skip_tracking":false,"_monsterinsights_sitenote_active":false,"_monsterinsights_sitenote_note":"","_monsterinsights_sitenote_category":0,"_uf_show_specific_survey":0,"_uf_disable_surveys":false,"footnotes":""},"aioseo_notices":[],"yoast_head":"<!-- This site is optimized with the Yoast SEO plugin v21.4 - https:\/\/yoast.com\/wordpress\/plugins\/seo\/ -->\n<title>Apie Mane. Art\u016bras Tama\u0161auskas, Menas I\u0161 Metalo Ir Sendaik\u010di\u0173...<\/title>\n<meta name=\"description\" content=\"Art\u016bras gim\u0117 1963 m. Anyk\u0161\u010di\u0173 rajone, Vie\u0161intose, dail\u0117s ir muzikos aplinkoje (t\u0117vai). Tai, matyt, ir paskatino rinktis meno krypties...\" \/>\n<meta name=\"robots\" content=\"index, follow, max-snippet:-1, max-image-preview:large, max-video-preview:-1\" \/>\n<link rel=\"canonical\" href=\"https:\/\/artistartas.com\/lt\/about\/\" \/>\n<meta property=\"og:locale\" content=\"lt_LT\" \/>\n<meta property=\"og:type\" content=\"article\" \/>\n<meta property=\"og:title\" content=\"Apie Mane. Art\u016bras Tama\u0161auskas, Menas I\u0161 Metalo Ir Sendaik\u010di\u0173...\" \/>\n<meta property=\"og:description\" content=\"Art\u016bras gim\u0117 1963 m. Anyk\u0161\u010di\u0173 rajone, Vie\u0161intose, dail\u0117s ir muzikos aplinkoje (t\u0117vai). Tai, matyt, ir paskatino rinktis meno krypties...\" \/>\n<meta property=\"og:url\" content=\"https:\/\/artistartas.com\/lt\/about\/\" \/>\n<meta property=\"og:site_name\" content=\"Art\u016bras Tama\u0161auskas\" \/>\n<meta property=\"article:modified_time\" content=\"2025-11-01T16:16:41+00:00\" \/>\n<meta name=\"twitter:card\" content=\"summary_large_image\" \/>\n<meta name=\"twitter:label1\" content=\"Est. reading time\" \/>\n\t<meta name=\"twitter:data1\" content=\"3 minut\u0117s\" \/>\n<script type=\"application\/ld+json\" class=\"yoast-schema-graph\">{\"@context\":\"https:\/\/schema.org\",\"@graph\":[{\"@type\":\"WebPage\",\"@id\":\"https:\/\/artistartas.com\/lt\/about\/\",\"url\":\"https:\/\/artistartas.com\/lt\/about\/\",\"name\":\"Apie Mane. Art\u016bras Tama\u0161auskas, Menas I\u0161 Metalo Ir Sendaik\u010di\u0173...\",\"isPartOf\":{\"@id\":\"https:\/\/artistartas.com\/#website\"},\"datePublished\":\"2015-08-06T13:57:13+00:00\",\"dateModified\":\"2025-11-01T16:16:41+00:00\",\"description\":\"Art\u016bras gim\u0117 1963 m. Anyk\u0161\u010di\u0173 rajone, Vie\u0161intose, dail\u0117s ir muzikos aplinkoje (t\u0117vai). Tai, matyt, ir paskatino rinktis meno krypties...\",\"breadcrumb\":{\"@id\":\"https:\/\/artistartas.com\/lt\/about\/#breadcrumb\"},\"inLanguage\":\"lt-LT\",\"potentialAction\":[{\"@type\":\"ReadAction\",\"target\":[\"https:\/\/artistartas.com\/lt\/about\/\"]}]},{\"@type\":\"BreadcrumbList\",\"@id\":\"https:\/\/artistartas.com\/lt\/about\/#breadcrumb\",\"itemListElement\":[{\"@type\":\"ListItem\",\"position\":1,\"name\":\"Home\",\"item\":\"https:\/\/artistartas.com\/lt\/\"},{\"@type\":\"ListItem\",\"position\":2,\"name\":\"Apie mane\"}]},{\"@type\":\"WebSite\",\"@id\":\"https:\/\/artistartas.com\/#website\",\"url\":\"https:\/\/artistartas.com\/\",\"name\":\"Art\u016bras Tama\u0161auskas\",\"description\":\"Kol kas tik dar vienas WordPress tinklalapis\",\"publisher\":{\"@id\":\"https:\/\/artistartas.com\/#\/schema\/person\/8c3fb50aefa8758c1dcb9858b0cb9ad8\"},\"potentialAction\":[{\"@type\":\"SearchAction\",\"target\":{\"@type\":\"EntryPoint\",\"urlTemplate\":\"https:\/\/artistartas.com\/?s={search_term_string}\"},\"query-input\":\"required name=search_term_string\"}],\"inLanguage\":\"lt-LT\"},{\"@type\":[\"Person\",\"Organization\"],\"@id\":\"https:\/\/artistartas.com\/#\/schema\/person\/8c3fb50aefa8758c1dcb9858b0cb9ad8\",\"name\":\"Art\u016bras Tama\u0161auskas\",\"image\":{\"@type\":\"ImageObject\",\"inLanguage\":\"lt-LT\",\"@id\":\"https:\/\/artistartas.com\/#\/schema\/person\/image\/\",\"url\":\"https:\/\/secure.gravatar.com\/avatar\/dd558d298c85a97bbea60bbd1872a1e4?s=96&d=mm&r=g\",\"contentUrl\":\"https:\/\/secure.gravatar.com\/avatar\/dd558d298c85a97bbea60bbd1872a1e4?s=96&d=mm&r=g\",\"caption\":\"Art\u016bras Tama\u0161auskas\"},\"logo\":{\"@id\":\"https:\/\/artistartas.com\/#\/schema\/person\/image\/\"}}]}<\/script>\n<!-- \/ Yoast SEO plugin. -->","yoast_head_json":{"title":"Apie Mane. Art\u016bras Tama\u0161auskas, Menas I\u0161 Metalo Ir Sendaik\u010di\u0173...","description":"Art\u016bras gim\u0117 1963 m. Anyk\u0161\u010di\u0173 rajone, Vie\u0161intose, dail\u0117s ir muzikos aplinkoje (t\u0117vai). Tai, matyt, ir paskatino rinktis meno krypties...","robots":{"index":"index","follow":"follow","max-snippet":"max-snippet:-1","max-image-preview":"max-image-preview:large","max-video-preview":"max-video-preview:-1"},"canonical":"https:\/\/artistartas.com\/lt\/about\/","og_locale":"lt_LT","og_type":"article","og_title":"Apie Mane. Art\u016bras Tama\u0161auskas, Menas I\u0161 Metalo Ir Sendaik\u010di\u0173...","og_description":"Art\u016bras gim\u0117 1963 m. Anyk\u0161\u010di\u0173 rajone, Vie\u0161intose, dail\u0117s ir muzikos aplinkoje (t\u0117vai). Tai, matyt, ir paskatino rinktis meno krypties...","og_url":"https:\/\/artistartas.com\/lt\/about\/","og_site_name":"Art\u016bras Tama\u0161auskas","article_modified_time":"2025-11-01T16:16:41+00:00","twitter_card":"summary_large_image","twitter_misc":{"Est. reading time":"3 minut\u0117s"},"schema":{"@context":"https:\/\/schema.org","@graph":[{"@type":"WebPage","@id":"https:\/\/artistartas.com\/lt\/about\/","url":"https:\/\/artistartas.com\/lt\/about\/","name":"Apie Mane. Art\u016bras Tama\u0161auskas, Menas I\u0161 Metalo Ir Sendaik\u010di\u0173...","isPartOf":{"@id":"https:\/\/artistartas.com\/#website"},"datePublished":"2015-08-06T13:57:13+00:00","dateModified":"2025-11-01T16:16:41+00:00","description":"Art\u016bras gim\u0117 1963 m. Anyk\u0161\u010di\u0173 rajone, Vie\u0161intose, dail\u0117s ir muzikos aplinkoje (t\u0117vai). Tai, matyt, ir paskatino rinktis meno krypties...","breadcrumb":{"@id":"https:\/\/artistartas.com\/lt\/about\/#breadcrumb"},"inLanguage":"lt-LT","potentialAction":[{"@type":"ReadAction","target":["https:\/\/artistartas.com\/lt\/about\/"]}]},{"@type":"BreadcrumbList","@id":"https:\/\/artistartas.com\/lt\/about\/#breadcrumb","itemListElement":[{"@type":"ListItem","position":1,"name":"Home","item":"https:\/\/artistartas.com\/lt\/"},{"@type":"ListItem","position":2,"name":"Apie mane"}]},{"@type":"WebSite","@id":"https:\/\/artistartas.com\/#website","url":"https:\/\/artistartas.com\/","name":"Art\u016bras Tama\u0161auskas","description":"Kol kas tik dar vienas WordPress tinklalapis","publisher":{"@id":"https:\/\/artistartas.com\/#\/schema\/person\/8c3fb50aefa8758c1dcb9858b0cb9ad8"},"potentialAction":[{"@type":"SearchAction","target":{"@type":"EntryPoint","urlTemplate":"https:\/\/artistartas.com\/?s={search_term_string}"},"query-input":"required name=search_term_string"}],"inLanguage":"lt-LT"},{"@type":["Person","Organization"],"@id":"https:\/\/artistartas.com\/#\/schema\/person\/8c3fb50aefa8758c1dcb9858b0cb9ad8","name":"Art\u016bras Tama\u0161auskas","image":{"@type":"ImageObject","inLanguage":"lt-LT","@id":"https:\/\/artistartas.com\/#\/schema\/person\/image\/","url":"https:\/\/secure.gravatar.com\/avatar\/dd558d298c85a97bbea60bbd1872a1e4?s=96&d=mm&r=g","contentUrl":"https:\/\/secure.gravatar.com\/avatar\/dd558d298c85a97bbea60bbd1872a1e4?s=96&d=mm&r=g","caption":"Art\u016bras Tama\u0161auskas"},"logo":{"@id":"https:\/\/artistartas.com\/#\/schema\/person\/image\/"}}]}},"_links":{"self":[{"href":"https:\/\/artistartas.com\/lt\/wp-json\/wp\/v2\/pages\/226"}],"collection":[{"href":"https:\/\/artistartas.com\/lt\/wp-json\/wp\/v2\/pages"}],"about":[{"href":"https:\/\/artistartas.com\/lt\/wp-json\/wp\/v2\/types\/page"}],"author":[{"embeddable":true,"href":"https:\/\/artistartas.com\/lt\/wp-json\/wp\/v2\/users\/1"}],"replies":[{"embeddable":true,"href":"https:\/\/artistartas.com\/lt\/wp-json\/wp\/v2\/comments?post=226"}],"version-history":[{"count":15,"href":"https:\/\/artistartas.com\/lt\/wp-json\/wp\/v2\/pages\/226\/revisions"}],"predecessor-version":[{"id":5421,"href":"https:\/\/artistartas.com\/lt\/wp-json\/wp\/v2\/pages\/226\/revisions\/5421"}],"wp:attachment":[{"href":"https:\/\/artistartas.com\/lt\/wp-json\/wp\/v2\/media?parent=226"}],"curies":[{"name":"wp","href":"https:\/\/api.w.org\/{rel}","templated":true}]}}